{"id":12696,"date":"2017-05-08T17:30:45","date_gmt":"2017-05-08T17:30:45","guid":{"rendered":"https:\/\/nex.vamtam.com\/?page_id=12696"},"modified":"2023-04-19T14:29:55","modified_gmt":"2023-04-19T13:29:55","slug":"densbak-mass-loaded-vinyl-mlv","status":"publish","type":"page","link":"https:\/\/www.nikocoatings.com\/cs\/products-solutions\/densbak-mass-loaded-vinyl-mlv\/","title":{"rendered":"DENSBAK Hmotnostn\u011b zat\u00ed\u017een\u00fd vinyl MLV"},"content":{"rendered":"<div class=\"vgblk-rw-wrapper limit-wrapper\">\r\n<h2>O str\u00e1nk\u00e1ch <br \/><b>DENSBAK VB <\/b><\/h2>\r\n<p>Vinyl s obsahem barya vyr\u00e1b\u00ed spole\u010dnost Niko ji\u017e v\u00edce ne\u017e 30 let a dod\u00e1v\u00e1 jej pod obchodn\u00edm n\u00e1zvem DENSBAK VB. V\u00fdrobky Niko Vinyl jsou exkluzivn\u011b navrhov\u00e1ny a vyr\u00e1b\u011bny spole\u010dnost\u00ed Niko Coatings Ltd. v na\u0161\u00ed tov\u00e1rn\u011b v Bradfordu ve Velk\u00e9 Brit\u00e1nii. V\u00fdrobky DENSBAK VB se v sou\u010dasn\u00e9 dob\u011b prod\u00e1vaj\u00ed a dod\u00e1vaj\u00ed pod r\u016fzn\u00fdmi obchodn\u00edmi n\u00e1zvy ve Velk\u00e9 Brit\u00e1nii a po cel\u00e9m sv\u011bt\u011b.<\/p>\r\n<h3>Co je DENSBAK VB MLV?<\/h3>\r\n<p>DENSBAK VB je vysoce hutn\u00fd vinyl s hromadn\u00fdm zat\u00ed\u017een\u00edm, \u010dast\u011bji ozna\u010dovan\u00fd jako MLV, a m\u00e1 mnohostrann\u00e9 vyu\u017eit\u00ed a aplikace.<\/p>\r\n<p>Existuj\u00ed i dal\u0161\u00ed term\u00edny a popisy pro DENSBAK VB - m\u016f\u017ee b\u00fdt tak\u00e9 pops\u00e1n jako pru\u017en\u00e1 protihlukov\u00e1 bari\u00e9ra (FNB), pru\u017en\u00e1 akustick\u00e1 bari\u00e9ra (FAB), bari\u00e9ra z v\u00e1penat\u00e9 hmoty (LMB) nebo bari\u00e9ra zat\u00ed\u017een\u00e1 s\u00edranem barnat\u00fdm (BSLB).<\/p>\r\n<p>DENSBAK VB m\u00e1 dv\u011b z\u00e1kladn\u00ed slo\u017eky V znamen\u00e1, \u017ee je vyroben z recyklovan\u00e9ho plastifikovan\u00e9ho vinylu (neboli polyvinylchloridu - homopolymeru obvykle ozna\u010dovan\u00e9ho jako PVC) 100%. B znamen\u00e1 s\u00edran barnat\u00fd, co\u017e je anorganick\u00e1 slou\u010denina z miner\u00e1lu barytu s vysokou specifickou hmotnost\u00ed. S\u00edran barnat\u00fd je inertn\u00ed, netoxick\u00fd a neobsahuje olovo.<\/p>\r\n<p><img loading=\"lazy\" decoding=\"async\" class=\"alignnone  wp-image-988190\" src=\"https:\/\/www.nikocoatings.com\/wp-content\/uploads\/2023\/04\/DEBSBAK-V5-10-GROUP-300x200.jpg\" alt=\"\" width=\"444\" height=\"296\" srcset=\"https:\/\/www.nikocoatings.com\/wp-content\/uploads\/2023\/04\/DEBSBAK-V5-10-GROUP-300x200.jpg 300w, https:\/\/www.nikocoatings.com\/wp-content\/uploads\/2023\/04\/DEBSBAK-V5-10-GROUP-18x12.jpg 18w, https:\/\/www.nikocoatings.com\/wp-content\/uploads\/2023\/04\/DEBSBAK-V5-10-GROUP-466x310.jpg 466w, https:\/\/www.nikocoatings.com\/wp-content\/uploads\/2023\/04\/DEBSBAK-V5-10-GROUP-350x233.jpg 350w, https:\/\/www.nikocoatings.com\/wp-content\/uploads\/2023\/04\/DEBSBAK-V5-10-GROUP.jpg 524w\" sizes=\"auto, (max-width: 444px) 100vw, 444px\" \/><\/p>\r\n<p>&nbsp;<\/p>\r\n<h2>Kl\u00ed\u010dov\u00e9 charakteristiky<\/h2>\r\n<p>Je DENSBAK VB ho\u0159lav\u00fd?<\/p>\r\n<p>DENSBAK VB m\u00e1 doporu\u010denou statickou provozn\u00ed teplotu -50 \u00b0C a\u017e 100 \u00b0C a \u0161\u00ed\u0159en\u00ed plamene po povrchu je testov\u00e1no podle norem ISO 3795 a FMVSS 302, co\u017e znamen\u00e1, \u017ee je samozh\u00e1\u0161iv\u00fd. Nen\u00ed v\u0161ak navr\u017een jako neho\u0159lav\u00fd a dlouhodob\u00e9 vystaven\u00ed dostate\u010dn\u011b vysok\u00fdm teplot\u00e1m by mohlo zp\u016fsobit samovzn\u00edcen\u00ed materi\u00e1lu.<\/p>\r\n<p>Jak se DENSBAK VB dod\u00e1v\u00e1?<\/p>\r\n<p>Materi\u00e1ly lze vyr\u00e1b\u011bt podle individu\u00e1ln\u00edch po\u017eadavk\u016f z\u00e1kazn\u00edka s ohledem na minim\u00e1ln\u00ed v\u00fdrobn\u00ed mno\u017estv\u00ed.<\/p>\r\n<ul>\r\n<li>ve form\u011b list\u016f a rol\u00ed<\/li>\r\n<li>v rozsahu hmotnost\u00ed od 2,5 kg\/m2 (\u00bd lb\/ft) do 15 kg\/m2 (3 lb\/ft).<\/li>\r\n<li>v \u0161\u00ed\u0159k\u00e1ch a\u017e do 2000 mm (78 palc\u016f)<\/li>\r\n<\/ul>\r\n<p>Dal\u0161\u00ed informace naleznete v technick\u00e9m listu (TDS).<\/p>\r\n<h2>Kl\u00ed\u010dov\u00e9 vlastnosti a v\u00fdhody<\/h2>\r\n<p>Neobsahuje SVHC<\/p>\r\n<p>V\u00fdrobky DENSBAK VB neobsahuj\u00ed l\u00e1tky vzbuzuj\u00edc\u00ed mimo\u0159\u00e1dn\u00e9 obavy (SVHC), jako je olovo, halogeny a nerafinovan\u00e9 aromatick\u00e9 oleje.<\/p>\r\n<p>Pevnost v tahu<\/p>\r\n<p><strong>DENSBAK\u00ae VB<\/strong> se vyr\u00e1b\u00ed extruzn\u00edm procesem, d\u00edky n\u011bmu\u017e m\u00e1 tento MLV vysokou mechanickou pevnost a snadno se s n\u00edm manipuluje a instaluje. N\u011bkter\u00e9 v\u00fdrobn\u00ed procesy, kter\u00e9 pou\u017e\u00edvaj\u00ed pouze kalend\u00e1\u0159n\u00ed nebo lic\u00ed procesy, mohou zp\u016fsobit, \u017ee se materi\u00e1ly MLV snadn\u011bji trhaj\u00ed.<\/p>\r\n<p>Flexibilita<\/p>\r\n<p>DENSBAK VB je tenk\u00fd a vysoce flexibiln\u00ed, co\u017e umo\u017e\u0148uje snadnou instalaci kolem roh\u016f, potrub\u00ed, \u010dtvercov\u00fdch potrub\u00ed a ocelov\u00fdch r\u00e1m\u016f bez prask\u00e1n\u00ed a trh\u00e1n\u00ed. Dob\u0159e le\u017e\u00ed na plo\u0161e (vysok\u00e1 pam\u011b\u0165ov\u00e1 forma) i p\u0159i n\u00edzk\u00fdch teplot\u00e1ch (nap\u0159\u00edklad po skladov\u00e1n\u00ed ve skladu).<\/p>\r\n<p>Konzistence a stabilita<\/p>\r\n<p>Vysokorychlostn\u00ed proces m\u00edch\u00e1n\u00ed spolu se superchlazen\u00edm znamen\u00e1, \u017ee v\u00fdrobky DENSBAK VB jsou fyzik\u00e1ln\u011b stabiln\u00ed a robustn\u00ed. DENSBAK VB lze skladovat v chlad\u00edrn\u00e1ch bez rizika vzniku trhlin a znehodnocen\u00ed v\u00fdrobku. Za b\u011b\u017en\u00fdch podm\u00ednek pou\u017e\u00edv\u00e1n\u00ed v prost\u0159ed\u00ed materi\u00e1l v pr\u016fb\u011bhu \u010dasu chemicky nedegraduje ani nem\u011bn\u00ed sv\u00e9 fyzik\u00e1ln\u00ed vlastnosti.<\/p>\r\n<p>Povrchov\u00e1 \u00faprava<\/p>\r\n<p><strong>DENSBAK\u00ae VB<\/strong> byl speci\u00e1ln\u011b navr\u017een tak, aby poskytoval lep\u0161\u00ed odolnost proti uklouznut\u00ed a pom\u00e1hal bezpe\u010dn\u011bj\u0161\u00ed instalaci na podlahu. Vyr\u00e1b\u00ed se bu\u010f s jednou stranou s reli\u00e9fem a jednou stranou hladkou, nebo se dv\u011bma stranami s reli\u00e9fem. Reli\u00e9fn\u00ed povrch zv\u011bt\u0161uje povrchovou plochu, co\u017e napom\u00e1h\u00e1 p\u0159ilnavosti k jin\u00fdm lamin\u00e1t\u016fm.<\/p>\r\n<p>\u010cist\u00fd povrch bez oleje<\/p>\r\n<p>D\u00edky procesu vytla\u010dov\u00e1n\u00ed Niko nem\u00e1 DENSBAK VB na povrchu \u017e\u00e1dn\u00e9 mastn\u00e9 nebo mastn\u00e9 zbytky (jako v\u00fdrobky na b\u00e1zi bitumenu nebo visk\u00f3zn\u00ed\/lepiv\u00e9 v\u00fdrobky), a proto nezanech\u00e1v\u00e1 skvrny a zabra\u0148uje slepov\u00e1n\u00ed v\u00fdrobku p\u0159i skladov\u00e1n\u00ed a pokl\u00e1dce za vy\u0161\u0161\u00edch teplot. To tak\u00e9 znamen\u00e1, \u017ee DENSBAK VB nevy\u017eaduje proklady, tak\u017ee sni\u017euje n\u00e1klady na likvidaci odpadu.<\/p>\r\n<h2>Obsluhovan\u00e1 odv\u011btv\u00ed<\/h2>\r\n<h4>Automobilov\u00fd pr\u016fmysl<\/h4>\r\n<p>DENSBAK MLV lze kombinovat s r\u016fzn\u00fdmi substr\u00e1ty, kter\u00e9 se pou\u017e\u00edvaj\u00ed k v\u00fdrob\u011b dodate\u010dn\u00fdch zvukov\u011b izola\u010dn\u00edch sad pou\u017e\u00edvan\u00fdch v bot\u00e1ch a podlah\u00e1ch kabin, kter\u00e9 mohou pomoci sn\u00ed\u017eit hluk ze silnice, v\u00fdfuku a pneumatik.<\/p>\r\n<h4>Zvukov\u00e1 izolace v dom\u00e1cnosti<\/h4>\r\n<p>DENSBAK MLV se pou\u017e\u00edv\u00e1 pro akustick\u00e9 podklady a zvukov\u011b izola\u010dn\u00ed st\u011bny a stropn\u00ed panely.<\/p>\r\n<h4>Ropa a plyn<\/h4>\r\n<p>DENSBAK Barium Loaded Vinyl MLV se pou\u017e\u00edv\u00e1 v modul\u00e1rn\u00edch tepeln\u00fdch a akustick\u00fdch izola\u010dn\u00edch syst\u00e9mech kolem potrub\u00ed a kompresor\u016f podle specifikac\u00ed Shell DEP t\u0159\u00eddy C a ISO 15665.<\/p>\r\n<h4>Stavebnictv\u00ed a konstrukce<\/h4>\r\n<p>Odhlu\u010dn\u011bn\u00ed nahr\u00e1vac\u00edch studi\u00ed pomoc\u00ed MLV. Akustick\u00e9 st\u0159e\u0161n\u00ed membr\u00e1ny MLV pro vestav\u011bn\u00e9 syst\u00e9my.<\/p>\r\n<h4>Pr\u016fmyslov\u00e1 zvukov\u00e1 izolace<\/h4>\r\n<p>DENSBAK MLV pro pou\u017eit\u00ed v akustick\u00fdch sk\u0159\u00edn\u00edch a syst\u00e9mech HVAC.<\/p>\r\n<\/div><!-- .vgblk-rw-wrapper -->","protected":false},"excerpt":{"rendered":"<p>O DENSBAK VB Vinyl s obsahem barya vyr\u00e1b\u00ed spole\u010dnost Niko ji\u017e v\u00edce ne\u017e 30 let a dod\u00e1v\u00e1 jej pod obchodn\u00edm n\u00e1zvem DENSBAK VB. V\u00fdrobky Niko Vinyl jsou exkluzivn\u011b navrhov\u00e1ny a vyr\u00e1b\u011bny spole\u010dnost\u00ed Niko Coatings Ltd. v na\u0161em z\u00e1vod\u011b v Bradfordu ve Velk\u00e9 Brit\u00e1nii. V\u00fdrobky DENSBAK VB se v sou\u010dasn\u00e9 dob\u011b prod\u00e1vaj\u00ed a dod\u00e1vaj\u00ed pod r\u016fzn\u00fdmi obchodn\u00edmi n\u00e1zvy v...<\/p>","protected":false},"author":1,"featured_media":0,"parent":13334,"menu_order":0,"comment_status":"closed","ping_status":"closed","template":"","meta":{"inline_featured_image":false,"_monsterinsights_skip_tracking":false,"_monsterinsights_sitenote_active":false,"_monsterinsights_sitenote_note":"","_monsterinsights_sitenote_category":0,"footnotes":""},"class_list":["post-12696","page","type-page","status-publish","hentry"],"yoast_head":"<!-- This site is optimized with the Yoast SEO plugin v27.4 - https:\/\/yoast.com\/product\/yoast-seo-wordpress\/ -->\n<title>DENSBAK Mass Loaded Vinyl MLV - Niko Coatings<\/title>\n<meta name=\"description\" content=\"Barium Loaded Vinyl has been manufactured by Niko for over 30 years and is supplied under our trade name DENSBAK VB. Niko Vinyl products are exclusively designed and manufactured by Niko Coatings Ltd at our factory in Bradford UK.\" \/>\n<meta name=\"robots\" content=\"index, follow, max-snippet:-1, max-image-preview:large, max-video-preview:-1\" \/>\n<link rel=\"canonical\" href=\"https:\/\/www.nikocoatings.com\/cs\/produkty-reseni\/densbak-mass-loaded-vinyl-mlv\/\" \/>\n<meta property=\"og:locale\" content=\"cs_CZ\" \/>\n<meta property=\"og:type\" content=\"article\" \/>\n<meta property=\"og:title\" content=\"DENSBAK Mass Loaded Vinyl MLV - Niko Coatings\" \/>\n<meta property=\"og:description\" content=\"Barium Loaded Vinyl has been manufactured by Niko for over 30 years and is supplied under our trade name DENSBAK VB. Niko Vinyl products are exclusively designed and manufactured by Niko Coatings Ltd at our factory in Bradford UK.\" \/>\n<meta property=\"og:url\" content=\"https:\/\/www.nikocoatings.com\/cs\/produkty-reseni\/densbak-mass-loaded-vinyl-mlv\/\" \/>\n<meta property=\"og:site_name\" content=\"Niko Coatings\" \/>\n<meta property=\"article:modified_time\" content=\"2023-04-19T13:29:55+00:00\" \/>\n<meta property=\"og:image\" content=\"https:\/\/www.nikocoatings.com\/wp-content\/uploads\/2023\/04\/DEBSBAK-V5-10-GROUP-300x200.jpg\" \/>\n<meta name=\"twitter:card\" content=\"summary_large_image\" \/>\n<meta name=\"twitter:label1\" content=\"Odhadovan\u00e1 doba \u010dten\u00ed\" \/>\n\t<meta name=\"twitter:data1\" content=\"4 minuty\" \/>\n<script type=\"application\/ld+json\" class=\"yoast-schema-graph\">{\"@context\":\"https:\\\/\\\/schema.org\",\"@graph\":[{\"@type\":\"WebPage\",\"@id\":\"https:\\\/\\\/www.nikocoatings.com\\\/products-solutions\\\/densbak-mass-loaded-vinyl-mlv\\\/\",\"url\":\"https:\\\/\\\/www.nikocoatings.com\\\/products-solutions\\\/densbak-mass-loaded-vinyl-mlv\\\/\",\"name\":\"DENSBAK Mass Loaded Vinyl MLV - Niko Coatings\",\"isPartOf\":{\"@id\":\"https:\\\/\\\/www.nikocoatings.com\\\/#website\"},\"primaryImageOfPage\":{\"@id\":\"https:\\\/\\\/www.nikocoatings.com\\\/products-solutions\\\/densbak-mass-loaded-vinyl-mlv\\\/#primaryimage\"},\"image\":{\"@id\":\"https:\\\/\\\/www.nikocoatings.com\\\/products-solutions\\\/densbak-mass-loaded-vinyl-mlv\\\/#primaryimage\"},\"thumbnailUrl\":\"https:\\\/\\\/www.nikocoatings.com\\\/wp-content\\\/uploads\\\/2023\\\/04\\\/DEBSBAK-V5-10-GROUP-300x200.jpg\",\"datePublished\":\"2017-05-08T17:30:45+00:00\",\"dateModified\":\"2023-04-19T13:29:55+00:00\",\"description\":\"Barium Loaded Vinyl has been manufactured by Niko for over 30 years and is supplied under our trade name DENSBAK VB. Niko Vinyl products are exclusively designed and manufactured by Niko Coatings Ltd at our factory in Bradford UK.\",\"breadcrumb\":{\"@id\":\"https:\\\/\\\/www.nikocoatings.com\\\/products-solutions\\\/densbak-mass-loaded-vinyl-mlv\\\/#breadcrumb\"},\"inLanguage\":\"cs\",\"potentialAction\":[{\"@type\":\"ReadAction\",\"target\":[\"https:\\\/\\\/www.nikocoatings.com\\\/products-solutions\\\/densbak-mass-loaded-vinyl-mlv\\\/\"]}]},{\"@type\":\"ImageObject\",\"inLanguage\":\"cs\",\"@id\":\"https:\\\/\\\/www.nikocoatings.com\\\/products-solutions\\\/densbak-mass-loaded-vinyl-mlv\\\/#primaryimage\",\"url\":\"https:\\\/\\\/www.nikocoatings.com\\\/wp-content\\\/uploads\\\/2023\\\/04\\\/DEBSBAK-V5-10-GROUP-300x200.jpg\",\"contentUrl\":\"https:\\\/\\\/www.nikocoatings.com\\\/wp-content\\\/uploads\\\/2023\\\/04\\\/DEBSBAK-V5-10-GROUP-300x200.jpg\"},{\"@type\":\"BreadcrumbList\",\"@id\":\"https:\\\/\\\/www.nikocoatings.com\\\/products-solutions\\\/densbak-mass-loaded-vinyl-mlv\\\/#breadcrumb\",\"itemListElement\":[{\"@type\":\"ListItem\",\"position\":1,\"name\":\"Home\",\"item\":\"https:\\\/\\\/www.nikocoatings.com\\\/\"},{\"@type\":\"ListItem\",\"position\":2,\"name\":\"Products &#038; Solutions\",\"item\":\"https:\\\/\\\/www.nikocoatings.com\\\/products-solutions\\\/\"},{\"@type\":\"ListItem\",\"position\":3,\"name\":\"DENSBAK Mass Loaded Vinyl MLV\"}]},{\"@type\":\"WebSite\",\"@id\":\"https:\\\/\\\/www.nikocoatings.com\\\/#website\",\"url\":\"https:\\\/\\\/www.nikocoatings.com\\\/\",\"name\":\"Niko Coatings\",\"description\":\"\",\"publisher\":{\"@id\":\"https:\\\/\\\/www.nikocoatings.com\\\/#organization\"},\"potentialAction\":[{\"@type\":\"SearchAction\",\"target\":{\"@type\":\"EntryPoint\",\"urlTemplate\":\"https:\\\/\\\/www.nikocoatings.com\\\/?s={search_term_string}\"},\"query-input\":{\"@type\":\"PropertyValueSpecification\",\"valueRequired\":true,\"valueName\":\"search_term_string\"}}],\"inLanguage\":\"cs\"},{\"@type\":\"Organization\",\"@id\":\"https:\\\/\\\/www.nikocoatings.com\\\/#organization\",\"name\":\"Niko Coatings\",\"url\":\"https:\\\/\\\/www.nikocoatings.com\\\/\",\"logo\":{\"@type\":\"ImageObject\",\"inLanguage\":\"cs\",\"@id\":\"https:\\\/\\\/www.nikocoatings.com\\\/#\\\/schema\\\/logo\\\/image\\\/\",\"url\":\"https:\\\/\\\/www.nikocoatings.com\\\/wp-content\\\/uploads\\\/2021\\\/08\\\/niko-coatings-logo-medium.png\",\"contentUrl\":\"https:\\\/\\\/www.nikocoatings.com\\\/wp-content\\\/uploads\\\/2021\\\/08\\\/niko-coatings-logo-medium.png\",\"width\":151,\"height\":92,\"caption\":\"Niko Coatings\"},\"image\":{\"@id\":\"https:\\\/\\\/www.nikocoatings.com\\\/#\\\/schema\\\/logo\\\/image\\\/\"},\"sameAs\":[\"https:\\\/\\\/www.linkedin.com\\\/company\\\/niko-coatings-limited\"]}]}<\/script>\n<!-- \/ Yoast SEO plugin. -->","yoast_head_json":{"title":"DENSBAK Vinyl s hromadn\u00fdm zat\u00ed\u017een\u00edm MLV - Niko Coatings","description":"Vinyl s obsahem barya vyr\u00e1b\u00ed spole\u010dnost Niko ji\u017e v\u00edce ne\u017e 30 let a dod\u00e1v\u00e1 jej pod obchodn\u00edm n\u00e1zvem DENSBAK VB. V\u00fdrobky Niko Vinyl jsou exkluzivn\u011b navrhov\u00e1ny a vyr\u00e1b\u011bny spole\u010dnost\u00ed Niko Coatings Ltd. v na\u0161\u00ed tov\u00e1rn\u011b v Bradfordu ve Velk\u00e9 Brit\u00e1nii.","robots":{"index":"index","follow":"follow","max-snippet":"max-snippet:-1","max-image-preview":"max-image-preview:large","max-video-preview":"max-video-preview:-1"},"canonical":"https:\/\/www.nikocoatings.com\/cs\/produkty-reseni\/densbak-mass-loaded-vinyl-mlv\/","og_locale":"cs_CZ","og_type":"article","og_title":"DENSBAK Mass Loaded Vinyl MLV - Niko Coatings","og_description":"Barium Loaded Vinyl has been manufactured by Niko for over 30 years and is supplied under our trade name DENSBAK VB. Niko Vinyl products are exclusively designed and manufactured by Niko Coatings Ltd at our factory in Bradford UK.","og_url":"https:\/\/www.nikocoatings.com\/cs\/produkty-reseni\/densbak-mass-loaded-vinyl-mlv\/","og_site_name":"Niko Coatings","article_modified_time":"2023-04-19T13:29:55+00:00","og_image":[{"url":"https:\/\/www.nikocoatings.com\/wp-content\/uploads\/2023\/04\/DEBSBAK-V5-10-GROUP-300x200.jpg","type":"","width":"","height":""}],"twitter_card":"summary_large_image","twitter_misc":{"Odhadovan\u00e1 doba \u010dten\u00ed":"4 minuty"},"schema":{"@context":"https:\/\/schema.org","@graph":[{"@type":"WebPage","@id":"https:\/\/www.nikocoatings.com\/products-solutions\/densbak-mass-loaded-vinyl-mlv\/","url":"https:\/\/www.nikocoatings.com\/products-solutions\/densbak-mass-loaded-vinyl-mlv\/","name":"DENSBAK Vinyl s hromadn\u00fdm zat\u00ed\u017een\u00edm MLV - Niko Coatings","isPartOf":{"@id":"https:\/\/www.nikocoatings.com\/#website"},"primaryImageOfPage":{"@id":"https:\/\/www.nikocoatings.com\/products-solutions\/densbak-mass-loaded-vinyl-mlv\/#primaryimage"},"image":{"@id":"https:\/\/www.nikocoatings.com\/products-solutions\/densbak-mass-loaded-vinyl-mlv\/#primaryimage"},"thumbnailUrl":"https:\/\/www.nikocoatings.com\/wp-content\/uploads\/2023\/04\/DEBSBAK-V5-10-GROUP-300x200.jpg","datePublished":"2017-05-08T17:30:45+00:00","dateModified":"2023-04-19T13:29:55+00:00","description":"Vinyl s obsahem barya vyr\u00e1b\u00ed spole\u010dnost Niko ji\u017e v\u00edce ne\u017e 30 let a dod\u00e1v\u00e1 jej pod obchodn\u00edm n\u00e1zvem DENSBAK VB. V\u00fdrobky Niko Vinyl jsou exkluzivn\u011b navrhov\u00e1ny a vyr\u00e1b\u011bny spole\u010dnost\u00ed Niko Coatings Ltd. v na\u0161\u00ed tov\u00e1rn\u011b v Bradfordu ve Velk\u00e9 Brit\u00e1nii.","breadcrumb":{"@id":"https:\/\/www.nikocoatings.com\/products-solutions\/densbak-mass-loaded-vinyl-mlv\/#breadcrumb"},"inLanguage":"cs","potentialAction":[{"@type":"ReadAction","target":["https:\/\/www.nikocoatings.com\/products-solutions\/densbak-mass-loaded-vinyl-mlv\/"]}]},{"@type":"ImageObject","inLanguage":"cs","@id":"https:\/\/www.nikocoatings.com\/products-solutions\/densbak-mass-loaded-vinyl-mlv\/#primaryimage","url":"https:\/\/www.nikocoatings.com\/wp-content\/uploads\/2023\/04\/DEBSBAK-V5-10-GROUP-300x200.jpg","contentUrl":"https:\/\/www.nikocoatings.com\/wp-content\/uploads\/2023\/04\/DEBSBAK-V5-10-GROUP-300x200.jpg"},{"@type":"BreadcrumbList","@id":"https:\/\/www.nikocoatings.com\/products-solutions\/densbak-mass-loaded-vinyl-mlv\/#breadcrumb","itemListElement":[{"@type":"ListItem","position":1,"name":"Home","item":"https:\/\/www.nikocoatings.com\/"},{"@type":"ListItem","position":2,"name":"Products &#038; Solutions","item":"https:\/\/www.nikocoatings.com\/products-solutions\/"},{"@type":"ListItem","position":3,"name":"DENSBAK Mass Loaded Vinyl MLV"}]},{"@type":"WebSite","@id":"https:\/\/www.nikocoatings.com\/#website","url":"https:\/\/www.nikocoatings.com\/","name":"Niko Coatings","description":"","publisher":{"@id":"https:\/\/www.nikocoatings.com\/#organization"},"potentialAction":[{"@type":"SearchAction","target":{"@type":"EntryPoint","urlTemplate":"https:\/\/www.nikocoatings.com\/?s={search_term_string}"},"query-input":{"@type":"PropertyValueSpecification","valueRequired":true,"valueName":"search_term_string"}}],"inLanguage":"cs"},{"@type":"Organization","@id":"https:\/\/www.nikocoatings.com\/#organization","name":"Niko Coatings","url":"https:\/\/www.nikocoatings.com\/","logo":{"@type":"ImageObject","inLanguage":"cs","@id":"https:\/\/www.nikocoatings.com\/#\/schema\/logo\/image\/","url":"https:\/\/www.nikocoatings.com\/wp-content\/uploads\/2021\/08\/niko-coatings-logo-medium.png","contentUrl":"https:\/\/www.nikocoatings.com\/wp-content\/uploads\/2021\/08\/niko-coatings-logo-medium.png","width":151,"height":92,"caption":"Niko Coatings"},"image":{"@id":"https:\/\/www.nikocoatings.com\/#\/schema\/logo\/image\/"},"sameAs":["https:\/\/www.linkedin.com\/company\/niko-coatings-limited"]}]}},"_links":{"self":[{"href":"https:\/\/www.nikocoatings.com\/cs\/wp-json\/wp\/v2\/pages\/12696","targetHints":{"allow":["GET"]}}],"collection":[{"href":"https:\/\/www.nikocoatings.com\/cs\/wp-json\/wp\/v2\/pages"}],"about":[{"href":"https:\/\/www.nikocoatings.com\/cs\/wp-json\/wp\/v2\/types\/page"}],"author":[{"embeddable":true,"href":"https:\/\/www.nikocoatings.com\/cs\/wp-json\/wp\/v2\/users\/1"}],"replies":[{"embeddable":true,"href":"https:\/\/www.nikocoatings.com\/cs\/wp-json\/wp\/v2\/comments?post=12696"}],"version-history":[{"count":0,"href":"https:\/\/www.nikocoatings.com\/cs\/wp-json\/wp\/v2\/pages\/12696\/revisions"}],"up":[{"embeddable":true,"href":"https:\/\/www.nikocoatings.com\/cs\/wp-json\/wp\/v2\/pages\/13334"}],"wp:attachment":[{"href":"https:\/\/www.nikocoatings.com\/cs\/wp-json\/wp\/v2\/media?parent=12696"}],"curies":[{"name":"wp","href":"https:\/\/api.w.org\/{rel}","templated":true}]}}