{"id":987737,"date":"2021-11-09T15:11:07","date_gmt":"2021-11-09T15:11:07","guid":{"rendered":"https:\/\/www.nikocoatings.com\/new\/?page_id=987737"},"modified":"2022-01-14T15:50:07","modified_gmt":"2022-01-14T15:50:07","slug":"our-services-capabilities","status":"publish","type":"page","link":"https:\/\/www.nikocoatings.com\/cs\/our-services-capabilities\/","title":{"rendered":"Na\u0161e slu\u017eby a schopnosti"},"content":{"rendered":"<div class=\"vgblk-rw-wrapper limit-wrapper\">\r\n\r\n\t<h2>V\u00fdvoj<\/h2>\r\n<p>Na\u0161e intern\u00ed laborato\u0159 Niko prov\u00e1d\u00ed testov\u00e1n\u00ed kvality a shody na\u0161ich v\u00fdrobk\u016f. Krom\u011b vlastn\u00edho intern\u00edho testov\u00e1n\u00ed m\u016f\u017ee spole\u010dnost Niko zajistit extern\u00ed akreditovan\u00e9 testov\u00e1n\u00ed prost\u0159ednictv\u00edm spolupr\u00e1ce s \u0159adou laborato\u0159\u00ed t\u0159et\u00edch stran.<\/p>\r\n<h2>Laminov\u00e1n\u00ed<\/h2>\r\n<p>Na\u0161e t\u011b\u017ek\u00e9 vrstvy laminujeme na r\u016fzn\u00e9 materi\u00e1ly, v\u010detn\u011b f\u00f3li\u00ed, f\u00f3li\u00ed, netkan\u00fdch textili\u00ed, juty, koberc\u016f, TPO a samolepic\u00edch materi\u00e1l\u016f. Jsme hrd\u00ed na to, \u017ee dok\u00e1\u017eeme laminovat v\u00fdrobky \u010dasto bez pou\u017eit\u00ed adheziv. V\u017edy m\u00e1me z\u00e1jem vyv\u00edjet nov\u00e9 v\u00fdrobky s r\u016fzn\u00fdmi druhy lamin\u00e1t\u016f, proto n\u00e1s pros\u00edm kontaktujte, pokud m\u00e1te n\u011bjak\u00e9 specifick\u00e9 po\u017eadavky.<\/p>\r\n<h2>Mo\u017enosti balen\u00ed<\/h2>\r\n<p>Spole\u010dnost Niko se zav\u00e1zala pom\u00e1hat minimalizovat mno\u017estv\u00ed odpadu. DENSBAK je ze sv\u00e9 podstaty m\u00e1lo lepiv\u00fd materi\u00e1l, tak\u017ee nepot\u0159ebuje dal\u0161\u00ed vrstvy proklad\u016f nebo plastov\u00fdch s\u00e1\u010dk\u016f, aby se zabr\u00e1nilo slepen\u00ed a zablokov\u00e1n\u00ed materi\u00e1l\u016f. To znamen\u00e1, \u017ee m\u016f\u017eeme sn\u00ed\u017eit zbyte\u010dn\u00e9 n\u00e1klady na balen\u00ed a omezit mno\u017estv\u00ed odpadu - a t\u00edm pomoci \u017eivotn\u00edmu prost\u0159ed\u00ed.<\/p>\r\n<h3>Balen\u00ed list\u016f a rol\u00ed<\/h3>\r\n<p><a href=\"https:\/\/www.nikocoatings.com\/wp-content\/uploads\/2021\/11\/Large-Rolls-Heat-Shrinking-Packaging.jpg\"><img loading=\"lazy\" decoding=\"async\" src=\"https:\/\/www.nikocoatings.com\/wp-content\/uploads\/2021\/11\/Large-Rolls-Heat-Shrinking-Packaging-257x300.jpg\" alt=\"\" width=\"257\" height=\"300\" \/><\/a>Vyr\u00e1b\u00edme v\u00fdrobky v listech nebo rol\u00edch. Role mohou b\u00fdt bu\u010f mal\u00e9 (do 45 kg na kus), nebo velk\u00e9 (a\u017e 850 g na roli). Proberte pros\u00edm sv\u00e9 konkr\u00e9tn\u00ed po\u017eadavky s na\u0161\u00edm t\u00fdmem.<\/p>\r\n<p>&nbsp;<\/p>\r\n<h2>Vysek\u00e1v\u00e1n\u00ed<\/h2>\r\n<p>Vysek\u00e1v\u00e1n\u00ed nab\u00edz\u00ed z\u00e1kazn\u00edkovi mo\u017enost p\u0159esn\u011bj\u0161\u00edch toleranc\u00ed \u0159ezu a sn\u00ed\u017een\u00ed mno\u017estv\u00ed odpadu z o\u0159ezu p\u0159\u00edmo u zdroje - \u00faspora obal\u016f a sn\u00ed\u017een\u00ed n\u00e1klad\u016f na distribuci i \u017eivotn\u00edho prost\u0159ed\u00ed.<\/p>\r\n<p>V z\u00e1vislosti na velikosti lze v\u011bt\u0161inu d\u0159ev\u011bn\u00fdch palet dodat jako dvoucestn\u00e9 nebo \u010dty\u0159cestn\u00e9, p\u0159i\u010dem\u017e na vy\u017e\u00e1d\u00e1n\u00ed je k dispozici mo\u017enost pln\u00e9ho oblo\u017een\u00ed a\/nebo tepeln\u00e9 \u00fapravy. Z\u00e1kazn\u00edci se mohou rozhodnout pro op\u011btovn\u00e9 pou\u017eit\u00ed a\/nebo vr\u00e1cen\u00ed palet spole\u010dnosti Niko.<\/p>\r\n<p>Palety jsou obvykle standardn\u011b opat\u0159eny p\u00e1skami a zabaleny do tepeln\u011b ut\u011bsn\u011bn\u00fdch f\u00f3li\u00ed, kter\u00e9 pom\u00e1haj\u00ed minimalizovat p\u0159\u00edpadn\u00e9 po\u0161kozen\u00ed p\u0159i p\u0159eprav\u011b.<\/p>\r\n\r\n<\/div><!-- .vgblk-rw-wrapper -->","protected":false},"excerpt":{"rendered":"<p>V\u00fdvoj Na\u0161e intern\u00ed laborato\u0159 Niko prov\u00e1d\u00ed testov\u00e1n\u00ed kvality a shody na\u0161ich v\u00fdrobk\u016f. Krom\u011b vlastn\u00edho intern\u00edho testov\u00e1n\u00ed m\u016f\u017ee spole\u010dnost Niko zajistit extern\u00ed akreditovan\u00e9 testov\u00e1n\u00ed prost\u0159ednictv\u00edm spolupr\u00e1ce s \u0159adou laborato\u0159\u00ed t\u0159et\u00edch stran. Laminace Na\u0161e t\u011b\u017ek\u00e9 vrstvy laminujeme na celou \u0159adu r\u016fzn\u00fdch materi\u00e1l\u016f, v\u010detn\u011b f\u00f3li\u00ed, f\u00f3li\u00ed, netkan\u00fdch textili\u00ed, jut, koberc\u016f, TPO a samolepic\u00edch materi\u00e1l\u016f.....<\/p>","protected":false},"author":1,"featured_media":0,"parent":0,"menu_order":0,"comment_status":"closed","ping_status":"closed","template":"","meta":{"inline_featured_image":false,"_monsterinsights_skip_tracking":false,"_monsterinsights_sitenote_active":false,"_monsterinsights_sitenote_note":"","_monsterinsights_sitenote_category":0,"footnotes":""},"class_list":["post-987737","page","type-page","status-publish","hentry"],"yoast_head":"<!-- This site is optimized with the Yoast SEO plugin v27.4 - https:\/\/yoast.com\/product\/yoast-seo-wordpress\/ -->\n<title>Our Services &amp; Capabilities - Niko Coatings<\/title>\n<meta name=\"description\" content=\"Development, Lamination, Packaging Options, Die cutting. Niko is committed to helping to minimise waste.\" \/>\n<meta name=\"robots\" content=\"index, follow, max-snippet:-1, max-image-preview:large, max-video-preview:-1\" \/>\n<link rel=\"canonical\" href=\"https:\/\/www.nikocoatings.com\/cs\/our-services-capabilities\/\" \/>\n<meta property=\"og:locale\" content=\"cs_CZ\" \/>\n<meta property=\"og:type\" content=\"article\" \/>\n<meta property=\"og:title\" content=\"Our Services &amp; Capabilities - Niko Coatings\" \/>\n<meta property=\"og:description\" content=\"Development, Lamination, Packaging Options, Die cutting. Niko is committed to helping to minimise waste.\" \/>\n<meta property=\"og:url\" content=\"https:\/\/www.nikocoatings.com\/cs\/our-services-capabilities\/\" \/>\n<meta property=\"og:site_name\" content=\"Niko Coatings\" \/>\n<meta property=\"article:modified_time\" content=\"2022-01-14T15:50:07+00:00\" \/>\n<meta property=\"og:image\" content=\"https:\/\/www.nikocoatings.com\/wp-content\/uploads\/2021\/11\/Large-Rolls-Heat-Shrinking-Packaging-257x300.jpg\" \/>\n<meta name=\"twitter:card\" content=\"summary_large_image\" \/>\n<meta name=\"twitter:label1\" content=\"Odhadovan\u00e1 doba \u010dten\u00ed\" \/>\n\t<meta name=\"twitter:data1\" content=\"1 minuta\" \/>\n<script type=\"application\/ld+json\" class=\"yoast-schema-graph\">{\"@context\":\"https:\\\/\\\/schema.org\",\"@graph\":[{\"@type\":\"WebPage\",\"@id\":\"https:\\\/\\\/www.nikocoatings.com\\\/our-services-capabilities\\\/\",\"url\":\"https:\\\/\\\/www.nikocoatings.com\\\/our-services-capabilities\\\/\",\"name\":\"Our Services & Capabilities - Niko Coatings\",\"isPartOf\":{\"@id\":\"https:\\\/\\\/www.nikocoatings.com\\\/#website\"},\"primaryImageOfPage\":{\"@id\":\"https:\\\/\\\/www.nikocoatings.com\\\/our-services-capabilities\\\/#primaryimage\"},\"image\":{\"@id\":\"https:\\\/\\\/www.nikocoatings.com\\\/our-services-capabilities\\\/#primaryimage\"},\"thumbnailUrl\":\"https:\\\/\\\/www.nikocoatings.com\\\/wp-content\\\/uploads\\\/2021\\\/11\\\/Large-Rolls-Heat-Shrinking-Packaging-257x300.jpg\",\"datePublished\":\"2021-11-09T15:11:07+00:00\",\"dateModified\":\"2022-01-14T15:50:07+00:00\",\"description\":\"Development, Lamination, Packaging Options, Die cutting. Niko is committed to helping to minimise waste.\",\"breadcrumb\":{\"@id\":\"https:\\\/\\\/www.nikocoatings.com\\\/our-services-capabilities\\\/#breadcrumb\"},\"inLanguage\":\"cs\",\"potentialAction\":[{\"@type\":\"ReadAction\",\"target\":[\"https:\\\/\\\/www.nikocoatings.com\\\/our-services-capabilities\\\/\"]}]},{\"@type\":\"ImageObject\",\"inLanguage\":\"cs\",\"@id\":\"https:\\\/\\\/www.nikocoatings.com\\\/our-services-capabilities\\\/#primaryimage\",\"url\":\"https:\\\/\\\/www.nikocoatings.com\\\/wp-content\\\/uploads\\\/2021\\\/11\\\/Large-Rolls-Heat-Shrinking-Packaging-257x300.jpg\",\"contentUrl\":\"https:\\\/\\\/www.nikocoatings.com\\\/wp-content\\\/uploads\\\/2021\\\/11\\\/Large-Rolls-Heat-Shrinking-Packaging-257x300.jpg\"},{\"@type\":\"BreadcrumbList\",\"@id\":\"https:\\\/\\\/www.nikocoatings.com\\\/our-services-capabilities\\\/#breadcrumb\",\"itemListElement\":[{\"@type\":\"ListItem\",\"position\":1,\"name\":\"Home\",\"item\":\"https:\\\/\\\/www.nikocoatings.com\\\/\"},{\"@type\":\"ListItem\",\"position\":2,\"name\":\"Our Services &#038; Capabilities\"}]},{\"@type\":\"WebSite\",\"@id\":\"https:\\\/\\\/www.nikocoatings.com\\\/#website\",\"url\":\"https:\\\/\\\/www.nikocoatings.com\\\/\",\"name\":\"Niko Coatings\",\"description\":\"\",\"publisher\":{\"@id\":\"https:\\\/\\\/www.nikocoatings.com\\\/#organization\"},\"potentialAction\":[{\"@type\":\"SearchAction\",\"target\":{\"@type\":\"EntryPoint\",\"urlTemplate\":\"https:\\\/\\\/www.nikocoatings.com\\\/?s={search_term_string}\"},\"query-input\":{\"@type\":\"PropertyValueSpecification\",\"valueRequired\":true,\"valueName\":\"search_term_string\"}}],\"inLanguage\":\"cs\"},{\"@type\":\"Organization\",\"@id\":\"https:\\\/\\\/www.nikocoatings.com\\\/#organization\",\"name\":\"Niko Coatings\",\"url\":\"https:\\\/\\\/www.nikocoatings.com\\\/\",\"logo\":{\"@type\":\"ImageObject\",\"inLanguage\":\"cs\",\"@id\":\"https:\\\/\\\/www.nikocoatings.com\\\/#\\\/schema\\\/logo\\\/image\\\/\",\"url\":\"https:\\\/\\\/www.nikocoatings.com\\\/wp-content\\\/uploads\\\/2021\\\/08\\\/niko-coatings-logo-medium.png\",\"contentUrl\":\"https:\\\/\\\/www.nikocoatings.com\\\/wp-content\\\/uploads\\\/2021\\\/08\\\/niko-coatings-logo-medium.png\",\"width\":151,\"height\":92,\"caption\":\"Niko Coatings\"},\"image\":{\"@id\":\"https:\\\/\\\/www.nikocoatings.com\\\/#\\\/schema\\\/logo\\\/image\\\/\"},\"sameAs\":[\"https:\\\/\\\/www.linkedin.com\\\/company\\\/niko-coatings-limited\"]}]}<\/script>\n<!-- \/ Yoast SEO plugin. -->","yoast_head_json":{"title":"Na\u0161e slu\u017eby a mo\u017enosti - Niko Coatings","description":"V\u00fdvoj, laminace, mo\u017enosti balen\u00ed, v\u00fdsek. Spole\u010dnost Niko se zav\u00e1zala pom\u00e1hat minimalizovat mno\u017estv\u00ed odpadu.","robots":{"index":"index","follow":"follow","max-snippet":"max-snippet:-1","max-image-preview":"max-image-preview:large","max-video-preview":"max-video-preview:-1"},"canonical":"https:\/\/www.nikocoatings.com\/cs\/our-services-capabilities\/","og_locale":"cs_CZ","og_type":"article","og_title":"Our Services & Capabilities - Niko Coatings","og_description":"Development, Lamination, Packaging Options, Die cutting. Niko is committed to helping to minimise waste.","og_url":"https:\/\/www.nikocoatings.com\/cs\/our-services-capabilities\/","og_site_name":"Niko Coatings","article_modified_time":"2022-01-14T15:50:07+00:00","og_image":[{"url":"https:\/\/www.nikocoatings.com\/wp-content\/uploads\/2021\/11\/Large-Rolls-Heat-Shrinking-Packaging-257x300.jpg","type":"","width":"","height":""}],"twitter_card":"summary_large_image","twitter_misc":{"Odhadovan\u00e1 doba \u010dten\u00ed":"1 minuta"},"schema":{"@context":"https:\/\/schema.org","@graph":[{"@type":"WebPage","@id":"https:\/\/www.nikocoatings.com\/our-services-capabilities\/","url":"https:\/\/www.nikocoatings.com\/our-services-capabilities\/","name":"Na\u0161e slu\u017eby a mo\u017enosti - Niko Coatings","isPartOf":{"@id":"https:\/\/www.nikocoatings.com\/#website"},"primaryImageOfPage":{"@id":"https:\/\/www.nikocoatings.com\/our-services-capabilities\/#primaryimage"},"image":{"@id":"https:\/\/www.nikocoatings.com\/our-services-capabilities\/#primaryimage"},"thumbnailUrl":"https:\/\/www.nikocoatings.com\/wp-content\/uploads\/2021\/11\/Large-Rolls-Heat-Shrinking-Packaging-257x300.jpg","datePublished":"2021-11-09T15:11:07+00:00","dateModified":"2022-01-14T15:50:07+00:00","description":"V\u00fdvoj, laminace, mo\u017enosti balen\u00ed, v\u00fdsek. Spole\u010dnost Niko se zav\u00e1zala pom\u00e1hat minimalizovat mno\u017estv\u00ed odpadu.","breadcrumb":{"@id":"https:\/\/www.nikocoatings.com\/our-services-capabilities\/#breadcrumb"},"inLanguage":"cs","potentialAction":[{"@type":"ReadAction","target":["https:\/\/www.nikocoatings.com\/our-services-capabilities\/"]}]},{"@type":"ImageObject","inLanguage":"cs","@id":"https:\/\/www.nikocoatings.com\/our-services-capabilities\/#primaryimage","url":"https:\/\/www.nikocoatings.com\/wp-content\/uploads\/2021\/11\/Large-Rolls-Heat-Shrinking-Packaging-257x300.jpg","contentUrl":"https:\/\/www.nikocoatings.com\/wp-content\/uploads\/2021\/11\/Large-Rolls-Heat-Shrinking-Packaging-257x300.jpg"},{"@type":"BreadcrumbList","@id":"https:\/\/www.nikocoatings.com\/our-services-capabilities\/#breadcrumb","itemListElement":[{"@type":"ListItem","position":1,"name":"Home","item":"https:\/\/www.nikocoatings.com\/"},{"@type":"ListItem","position":2,"name":"Our Services &#038; Capabilities"}]},{"@type":"WebSite","@id":"https:\/\/www.nikocoatings.com\/#website","url":"https:\/\/www.nikocoatings.com\/","name":"Niko Coatings","description":"","publisher":{"@id":"https:\/\/www.nikocoatings.com\/#organization"},"potentialAction":[{"@type":"SearchAction","target":{"@type":"EntryPoint","urlTemplate":"https:\/\/www.nikocoatings.com\/?s={search_term_string}"},"query-input":{"@type":"PropertyValueSpecification","valueRequired":true,"valueName":"search_term_string"}}],"inLanguage":"cs"},{"@type":"Organization","@id":"https:\/\/www.nikocoatings.com\/#organization","name":"Niko Coatings","url":"https:\/\/www.nikocoatings.com\/","logo":{"@type":"ImageObject","inLanguage":"cs","@id":"https:\/\/www.nikocoatings.com\/#\/schema\/logo\/image\/","url":"https:\/\/www.nikocoatings.com\/wp-content\/uploads\/2021\/08\/niko-coatings-logo-medium.png","contentUrl":"https:\/\/www.nikocoatings.com\/wp-content\/uploads\/2021\/08\/niko-coatings-logo-medium.png","width":151,"height":92,"caption":"Niko Coatings"},"image":{"@id":"https:\/\/www.nikocoatings.com\/#\/schema\/logo\/image\/"},"sameAs":["https:\/\/www.linkedin.com\/company\/niko-coatings-limited"]}]}},"_links":{"self":[{"href":"https:\/\/www.nikocoatings.com\/cs\/wp-json\/wp\/v2\/pages\/987737","targetHints":{"allow":["GET"]}}],"collection":[{"href":"https:\/\/www.nikocoatings.com\/cs\/wp-json\/wp\/v2\/pages"}],"about":[{"href":"https:\/\/www.nikocoatings.com\/cs\/wp-json\/wp\/v2\/types\/page"}],"author":[{"embeddable":true,"href":"https:\/\/www.nikocoatings.com\/cs\/wp-json\/wp\/v2\/users\/1"}],"replies":[{"embeddable":true,"href":"https:\/\/www.nikocoatings.com\/cs\/wp-json\/wp\/v2\/comments?post=987737"}],"version-history":[{"count":0,"href":"https:\/\/www.nikocoatings.com\/cs\/wp-json\/wp\/v2\/pages\/987737\/revisions"}],"wp:attachment":[{"href":"https:\/\/www.nikocoatings.com\/cs\/wp-json\/wp\/v2\/media?parent=987737"}],"curies":[{"name":"wp","href":"https:\/\/api.w.org\/{rel}","templated":true}]}}