{"id":988307,"date":"2024-10-04T11:04:35","date_gmt":"2024-10-04T10:04:35","guid":{"rendered":"https:\/\/www.nikocoatings.com\/?page_id=988307"},"modified":"2025-08-19T12:16:36","modified_gmt":"2025-08-19T11:16:36","slug":"udrzitelnost-a-zivotni-prostredi-3","status":"publish","type":"page","link":"https:\/\/www.nikocoatings.com\/cs\/downloads\/","title":{"rendered":"Ke sta\u017een\u00ed na"},"content":{"rendered":"<div class=\"vgblk-rw-wrapper limit-wrapper\">\n<h1>\n\t\t\tDownload Files\t<\/h1>\n<h2>\n\t\t\tTechnick\u00e9 listy\t<\/h2>\n\t<p>Chcete-li z\u00edskat dal\u0161\u00ed technick\u00e9 informace o na\u0161ich produktech, klikn\u011bte na n\u00ed\u017ee uveden\u00e9 tla\u010d\u00edtko.<\/p>\n\t\t\t<a href=\"https:\/\/www.nikocoatings.com\/cs\/ke-stazeni\/\" target=\"_self\">\n\t\t\t\t\t\t\tTechnick\u00e9 listy\n\t\t\t<\/a>\n\n<\/div><!-- .vgblk-rw-wrapper -->","protected":false},"excerpt":{"rendered":"<p>Download Files Technical Data Sheets To access more technical information regarding our products, please click the below button. Technical Data Sheets<\/p>","protected":false},"author":1,"featured_media":0,"parent":0,"menu_order":0,"comment_status":"closed","ping_status":"closed","template":"","meta":{"inline_featured_image":false,"_monsterinsights_skip_tracking":false,"_monsterinsights_sitenote_active":false,"_monsterinsights_sitenote_note":"","_monsterinsights_sitenote_category":0,"footnotes":""},"class_list":["post-988307","page","type-page","status-publish","hentry"],"yoast_head":"<!-- This site is optimized with the Yoast SEO plugin v27.4 - https:\/\/yoast.com\/product\/yoast-seo-wordpress\/ -->\n<title>Downloads - Niko Coatings<\/title>\n<meta name=\"description\" content=\"At Niko Coatings Limited, we are deeply committed to protecting our environment and minimizing the impact of our operations. Our business practices prioritise sustainability by reducing the use of raw materials, enhancing recycling efforts, and safeguarding our workforce.\" \/>\n<meta name=\"robots\" content=\"index, follow, max-snippet:-1, max-image-preview:large, max-video-preview:-1\" \/>\n<link rel=\"canonical\" href=\"https:\/\/www.nikocoatings.com\/cs\/udrzitelnost-a-zivotni-prostredi-3\/\" \/>\n<meta property=\"og:locale\" content=\"cs_CZ\" \/>\n<meta property=\"og:type\" content=\"article\" \/>\n<meta property=\"og:title\" content=\"Downloads - Niko Coatings\" \/>\n<meta property=\"og:description\" content=\"At Niko Coatings Limited, we are deeply committed to protecting our environment and minimizing the impact of our operations. Our business practices prioritise sustainability by reducing the use of raw materials, enhancing recycling efforts, and safeguarding our workforce.\" \/>\n<meta property=\"og:url\" content=\"https:\/\/www.nikocoatings.com\/cs\/udrzitelnost-a-zivotni-prostredi-3\/\" \/>\n<meta property=\"og:site_name\" content=\"Niko Coatings\" \/>\n<meta property=\"article:modified_time\" content=\"2025-08-19T11:16:36+00:00\" \/>\n<meta name=\"twitter:card\" content=\"summary_large_image\" \/>\n<meta name=\"twitter:label1\" content=\"Odhadovan\u00e1 doba \u010dten\u00ed\" \/>\n\t<meta name=\"twitter:data1\" content=\"1 minuta\" \/>\n<script type=\"application\/ld+json\" class=\"yoast-schema-graph\">{\"@context\":\"https:\\\/\\\/schema.org\",\"@graph\":[{\"@type\":\"WebPage\",\"@id\":\"https:\\\/\\\/www.nikocoatings.com\\\/downloads\\\/\",\"url\":\"https:\\\/\\\/www.nikocoatings.com\\\/downloads\\\/\",\"name\":\"Downloads - Niko Coatings\",\"isPartOf\":{\"@id\":\"https:\\\/\\\/www.nikocoatings.com\\\/#website\"},\"datePublished\":\"2024-10-04T10:04:35+00:00\",\"dateModified\":\"2025-08-19T11:16:36+00:00\",\"description\":\"At Niko Coatings Limited, we are deeply committed to protecting our environment and minimizing the impact of our operations. Our business practices prioritise sustainability by reducing the use of raw materials, enhancing recycling efforts, and safeguarding our workforce.\",\"breadcrumb\":{\"@id\":\"https:\\\/\\\/www.nikocoatings.com\\\/downloads\\\/#breadcrumb\"},\"inLanguage\":\"cs\",\"potentialAction\":[{\"@type\":\"ReadAction\",\"target\":[\"https:\\\/\\\/www.nikocoatings.com\\\/downloads\\\/\"]}]},{\"@type\":\"BreadcrumbList\",\"@id\":\"https:\\\/\\\/www.nikocoatings.com\\\/downloads\\\/#breadcrumb\",\"itemListElement\":[{\"@type\":\"ListItem\",\"position\":1,\"name\":\"Home\",\"item\":\"https:\\\/\\\/www.nikocoatings.com\\\/\"},{\"@type\":\"ListItem\",\"position\":2,\"name\":\"Downloads\"}]},{\"@type\":\"WebSite\",\"@id\":\"https:\\\/\\\/www.nikocoatings.com\\\/#website\",\"url\":\"https:\\\/\\\/www.nikocoatings.com\\\/\",\"name\":\"Niko Coatings\",\"description\":\"\",\"publisher\":{\"@id\":\"https:\\\/\\\/www.nikocoatings.com\\\/#organization\"},\"potentialAction\":[{\"@type\":\"SearchAction\",\"target\":{\"@type\":\"EntryPoint\",\"urlTemplate\":\"https:\\\/\\\/www.nikocoatings.com\\\/?s={search_term_string}\"},\"query-input\":{\"@type\":\"PropertyValueSpecification\",\"valueRequired\":true,\"valueName\":\"search_term_string\"}}],\"inLanguage\":\"cs\"},{\"@type\":\"Organization\",\"@id\":\"https:\\\/\\\/www.nikocoatings.com\\\/#organization\",\"name\":\"Niko Coatings\",\"url\":\"https:\\\/\\\/www.nikocoatings.com\\\/\",\"logo\":{\"@type\":\"ImageObject\",\"inLanguage\":\"cs\",\"@id\":\"https:\\\/\\\/www.nikocoatings.com\\\/#\\\/schema\\\/logo\\\/image\\\/\",\"url\":\"https:\\\/\\\/www.nikocoatings.com\\\/wp-content\\\/uploads\\\/2021\\\/08\\\/niko-coatings-logo-medium.png\",\"contentUrl\":\"https:\\\/\\\/www.nikocoatings.com\\\/wp-content\\\/uploads\\\/2021\\\/08\\\/niko-coatings-logo-medium.png\",\"width\":151,\"height\":92,\"caption\":\"Niko Coatings\"},\"image\":{\"@id\":\"https:\\\/\\\/www.nikocoatings.com\\\/#\\\/schema\\\/logo\\\/image\\\/\"},\"sameAs\":[\"https:\\\/\\\/www.linkedin.com\\\/company\\\/niko-coatings-limited\"]}]}<\/script>\n<!-- \/ Yoast SEO plugin. -->","yoast_head_json":{"title":"Downloads - Niko Coatings","description":"At Niko Coatings Limited, we are deeply committed to protecting our environment and minimizing the impact of our operations. Our business practices prioritise sustainability by reducing the use of raw materials, enhancing recycling efforts, and safeguarding our workforce.","robots":{"index":"index","follow":"follow","max-snippet":"max-snippet:-1","max-image-preview":"max-image-preview:large","max-video-preview":"max-video-preview:-1"},"canonical":"https:\/\/www.nikocoatings.com\/cs\/udrzitelnost-a-zivotni-prostredi-3\/","og_locale":"cs_CZ","og_type":"article","og_title":"Downloads - Niko Coatings","og_description":"At Niko Coatings Limited, we are deeply committed to protecting our environment and minimizing the impact of our operations. Our business practices prioritise sustainability by reducing the use of raw materials, enhancing recycling efforts, and safeguarding our workforce.","og_url":"https:\/\/www.nikocoatings.com\/cs\/udrzitelnost-a-zivotni-prostredi-3\/","og_site_name":"Niko Coatings","article_modified_time":"2025-08-19T11:16:36+00:00","twitter_card":"summary_large_image","twitter_misc":{"Odhadovan\u00e1 doba \u010dten\u00ed":"1 minuta"},"schema":{"@context":"https:\/\/schema.org","@graph":[{"@type":"WebPage","@id":"https:\/\/www.nikocoatings.com\/downloads\/","url":"https:\/\/www.nikocoatings.com\/downloads\/","name":"Downloads - Niko Coatings","isPartOf":{"@id":"https:\/\/www.nikocoatings.com\/#website"},"datePublished":"2024-10-04T10:04:35+00:00","dateModified":"2025-08-19T11:16:36+00:00","description":"At Niko Coatings Limited, we are deeply committed to protecting our environment and minimizing the impact of our operations. Our business practices prioritise sustainability by reducing the use of raw materials, enhancing recycling efforts, and safeguarding our workforce.","breadcrumb":{"@id":"https:\/\/www.nikocoatings.com\/downloads\/#breadcrumb"},"inLanguage":"cs","potentialAction":[{"@type":"ReadAction","target":["https:\/\/www.nikocoatings.com\/downloads\/"]}]},{"@type":"BreadcrumbList","@id":"https:\/\/www.nikocoatings.com\/downloads\/#breadcrumb","itemListElement":[{"@type":"ListItem","position":1,"name":"Home","item":"https:\/\/www.nikocoatings.com\/"},{"@type":"ListItem","position":2,"name":"Downloads"}]},{"@type":"WebSite","@id":"https:\/\/www.nikocoatings.com\/#website","url":"https:\/\/www.nikocoatings.com\/","name":"Niko Coatings","description":"","publisher":{"@id":"https:\/\/www.nikocoatings.com\/#organization"},"potentialAction":[{"@type":"SearchAction","target":{"@type":"EntryPoint","urlTemplate":"https:\/\/www.nikocoatings.com\/?s={search_term_string}"},"query-input":{"@type":"PropertyValueSpecification","valueRequired":true,"valueName":"search_term_string"}}],"inLanguage":"cs"},{"@type":"Organization","@id":"https:\/\/www.nikocoatings.com\/#organization","name":"Niko Coatings","url":"https:\/\/www.nikocoatings.com\/","logo":{"@type":"ImageObject","inLanguage":"cs","@id":"https:\/\/www.nikocoatings.com\/#\/schema\/logo\/image\/","url":"https:\/\/www.nikocoatings.com\/wp-content\/uploads\/2021\/08\/niko-coatings-logo-medium.png","contentUrl":"https:\/\/www.nikocoatings.com\/wp-content\/uploads\/2021\/08\/niko-coatings-logo-medium.png","width":151,"height":92,"caption":"Niko Coatings"},"image":{"@id":"https:\/\/www.nikocoatings.com\/#\/schema\/logo\/image\/"},"sameAs":["https:\/\/www.linkedin.com\/company\/niko-coatings-limited"]}]}},"_links":{"self":[{"href":"https:\/\/www.nikocoatings.com\/cs\/wp-json\/wp\/v2\/pages\/988307","targetHints":{"allow":["GET"]}}],"collection":[{"href":"https:\/\/www.nikocoatings.com\/cs\/wp-json\/wp\/v2\/pages"}],"about":[{"href":"https:\/\/www.nikocoatings.com\/cs\/wp-json\/wp\/v2\/types\/page"}],"author":[{"embeddable":true,"href":"https:\/\/www.nikocoatings.com\/cs\/wp-json\/wp\/v2\/users\/1"}],"replies":[{"embeddable":true,"href":"https:\/\/www.nikocoatings.com\/cs\/wp-json\/wp\/v2\/comments?post=988307"}],"version-history":[{"count":3,"href":"https:\/\/www.nikocoatings.com\/cs\/wp-json\/wp\/v2\/pages\/988307\/revisions"}],"predecessor-version":[{"id":988388,"href":"https:\/\/www.nikocoatings.com\/cs\/wp-json\/wp\/v2\/pages\/988307\/revisions\/988388"}],"wp:attachment":[{"href":"https:\/\/www.nikocoatings.com\/cs\/wp-json\/wp\/v2\/media?parent=988307"}],"curies":[{"name":"wp","href":"https:\/\/api.w.org\/{rel}","templated":true}]}}