{"id":14798,"date":"2016-12-06T19:30:46","date_gmt":"2016-12-06T19:30:46","guid":{"rendered":"https:\/\/consulting.vamtam.com\/product\/piercing-copy-copy-copy\/"},"modified":"2024-03-18T11:47:31","modified_gmt":"2024-03-18T11:47:31","slug":"baleni-s-hackem","status":"publish","type":"product","link":"https:\/\/www.nikocoatings.com\/cs\/product\/hooked-pack\/","title":{"rendered":"Balen\u00ed Hooked"},"content":{"rendered":"<div class=\"vgblk-rw-wrapper limit-wrapper\">Aliquam interdum dolor aliquet dolor sollicitudin fermentum. Donec congue lorem a molestie bibendum. Etiam nisi ante, consectetur eget placerat a, tempus a neque. Donec ut elit urna.<\/p>\n<p>Etiam venenatis eleifend urna eget scelerisque. Aliquam in nunc quis dui sollicitudin ornare ac vitae lectus.<br \/>\nAliquam interdum dolor aliquet dolor sollicitudin fermentum. Donec congue lorem a molestie bibendum. Etiam nisi ante, consectetur eget placerat a, tempus a neque. Donec ut elit urna.<\/p>\n<p>Etiam venenatis eleifend urna eget scelerisque. Aliquam in nunc quis dui sollicitudin ornare ac vitae lectus.<\/p><\/div>\n<p><!-- .vgblk-rw-wrapper --><\/p>","protected":false},"excerpt":{"rendered":"<h4>Popis N\u00e1zev<\/h4>\n<p>Sed nec felis pellentesque, lacinia dui sed, ultricies sapien. Pellentesque orci lectus, consectetur vel posuere posuere, rutrum eu ipsum. Aliquam eget odio sed ligula iaculis consequat at eget orci.<\/p>\n<p>Ka\u017ed\u00fd se prod\u00e1v\u00e1 samostatn\u011b.<\/p>\n<p>Tento produkt si m\u016f\u017eete zakoupit zde: <a href=\"https:\/\/eshop.wurth.co.uk\" rel=\"noopener\" target=\"_blank\">Wurth<\/a><\/p>","protected":false},"featured_media":987654,"comment_status":"open","ping_status":"closed","template":"","meta":{"inline_featured_image":false,"_monsterinsights_skip_tracking":false,"_monsterinsights_sitenote_active":false,"_monsterinsights_sitenote_note":"","_monsterinsights_sitenote_category":0},"product_brand":[],"product_cat":[58],"product_tag":[],"class_list":{"0":"post-14798","1":"product","2":"type-product","3":"status-publish","4":"has-post-thumbnail","6":"product_cat-mechanical","8":"first","9":"instock","10":"shipping-taxable","11":"purchasable","12":"product-type-simple"},"yoast_head":"<!-- This site is optimized with the Yoast SEO plugin v27.4 - https:\/\/yoast.com\/product\/yoast-seo-wordpress\/ -->\n<title>Hooked pack - Niko Coatings<\/title>\n<meta name=\"robots\" content=\"index, follow, max-snippet:-1, max-image-preview:large, max-video-preview:-1\" \/>\n<link rel=\"canonical\" href=\"https:\/\/www.nikocoatings.com\/cs\/produkt-2\/baleni-s-hackem\/\" \/>\n<meta property=\"og:locale\" content=\"cs_CZ\" \/>\n<meta property=\"og:type\" content=\"article\" \/>\n<meta property=\"og:title\" content=\"Hooked pack - Niko Coatings\" \/>\n<meta property=\"og:description\" content=\"Description Title Sed nec felis pellentesque, lacinia dui sed, ultricies sapien. Pellentesque orci lectus, consectetur vel posuere posuere, rutrum eu ipsum. Aliquam eget odio sed ligula iaculis consequat at eget orci. Each sold separately. You can buy this product here: Wurth\" \/>\n<meta property=\"og:url\" content=\"https:\/\/www.nikocoatings.com\/cs\/produkt-2\/baleni-s-hackem\/\" \/>\n<meta property=\"og:site_name\" content=\"Niko Coatings\" \/>\n<meta property=\"article:modified_time\" content=\"2024-03-18T11:47:31+00:00\" \/>\n<meta property=\"og:image\" content=\"https:\/\/www.nikocoatings.com\/wp-content\/uploads\/2013\/04\/large.jpg\" \/>\n\t<meta property=\"og:image:width\" content=\"1100\" \/>\n\t<meta property=\"og:image:height\" content=\"700\" \/>\n\t<meta property=\"og:image:type\" content=\"image\/jpeg\" \/>\n<meta name=\"twitter:card\" content=\"summary_large_image\" \/>\n<script type=\"application\/ld+json\" class=\"yoast-schema-graph\">{\"@context\":\"https:\\\/\\\/schema.org\",\"@graph\":[{\"@type\":\"WebPage\",\"@id\":\"https:\\\/\\\/www.nikocoatings.com\\\/product\\\/hooked-pack\\\/\",\"url\":\"https:\\\/\\\/www.nikocoatings.com\\\/product\\\/hooked-pack\\\/\",\"name\":\"Hooked pack - Niko Coatings\",\"isPartOf\":{\"@id\":\"https:\\\/\\\/www.nikocoatings.com\\\/#website\"},\"primaryImageOfPage\":{\"@id\":\"https:\\\/\\\/www.nikocoatings.com\\\/product\\\/hooked-pack\\\/#primaryimage\"},\"image\":{\"@id\":\"https:\\\/\\\/www.nikocoatings.com\\\/product\\\/hooked-pack\\\/#primaryimage\"},\"thumbnailUrl\":\"https:\\\/\\\/www.nikocoatings.com\\\/wp-content\\\/uploads\\\/2013\\\/04\\\/large.jpg\",\"datePublished\":\"2016-12-06T19:30:46+00:00\",\"dateModified\":\"2024-03-18T11:47:31+00:00\",\"breadcrumb\":{\"@id\":\"https:\\\/\\\/www.nikocoatings.com\\\/product\\\/hooked-pack\\\/#breadcrumb\"},\"inLanguage\":\"cs\",\"potentialAction\":[{\"@type\":\"ReadAction\",\"target\":[\"https:\\\/\\\/www.nikocoatings.com\\\/product\\\/hooked-pack\\\/\"]}]},{\"@type\":\"ImageObject\",\"inLanguage\":\"cs\",\"@id\":\"https:\\\/\\\/www.nikocoatings.com\\\/product\\\/hooked-pack\\\/#primaryimage\",\"url\":\"https:\\\/\\\/www.nikocoatings.com\\\/wp-content\\\/uploads\\\/2013\\\/04\\\/large.jpg\",\"contentUrl\":\"https:\\\/\\\/www.nikocoatings.com\\\/wp-content\\\/uploads\\\/2013\\\/04\\\/large.jpg\",\"width\":1100,\"height\":700},{\"@type\":\"BreadcrumbList\",\"@id\":\"https:\\\/\\\/www.nikocoatings.com\\\/product\\\/hooked-pack\\\/#breadcrumb\",\"itemListElement\":[{\"@type\":\"ListItem\",\"position\":1,\"name\":\"Home\",\"item\":\"https:\\\/\\\/www.nikocoatings.com\\\/\"},{\"@type\":\"ListItem\",\"position\":2,\"name\":\"Products\",\"item\":\"https:\\\/\\\/www.nikocoatings.com\\\/shop\\\/\"},{\"@type\":\"ListItem\",\"position\":3,\"name\":\"Hooked pack\"}]},{\"@type\":\"WebSite\",\"@id\":\"https:\\\/\\\/www.nikocoatings.com\\\/#website\",\"url\":\"https:\\\/\\\/www.nikocoatings.com\\\/\",\"name\":\"Niko Coatings\",\"description\":\"\",\"publisher\":{\"@id\":\"https:\\\/\\\/www.nikocoatings.com\\\/#organization\"},\"potentialAction\":[{\"@type\":\"SearchAction\",\"target\":{\"@type\":\"EntryPoint\",\"urlTemplate\":\"https:\\\/\\\/www.nikocoatings.com\\\/?s={search_term_string}\"},\"query-input\":{\"@type\":\"PropertyValueSpecification\",\"valueRequired\":true,\"valueName\":\"search_term_string\"}}],\"inLanguage\":\"cs\"},{\"@type\":\"Organization\",\"@id\":\"https:\\\/\\\/www.nikocoatings.com\\\/#organization\",\"name\":\"Niko Coatings\",\"url\":\"https:\\\/\\\/www.nikocoatings.com\\\/\",\"logo\":{\"@type\":\"ImageObject\",\"inLanguage\":\"cs\",\"@id\":\"https:\\\/\\\/www.nikocoatings.com\\\/#\\\/schema\\\/logo\\\/image\\\/\",\"url\":\"https:\\\/\\\/www.nikocoatings.com\\\/wp-content\\\/uploads\\\/2021\\\/08\\\/niko-coatings-logo-medium.png\",\"contentUrl\":\"https:\\\/\\\/www.nikocoatings.com\\\/wp-content\\\/uploads\\\/2021\\\/08\\\/niko-coatings-logo-medium.png\",\"width\":151,\"height\":92,\"caption\":\"Niko Coatings\"},\"image\":{\"@id\":\"https:\\\/\\\/www.nikocoatings.com\\\/#\\\/schema\\\/logo\\\/image\\\/\"},\"sameAs\":[\"https:\\\/\\\/www.linkedin.com\\\/company\\\/niko-coatings-limited\"]}]}<\/script>\n<!-- \/ Yoast SEO plugin. -->","yoast_head_json":{"title":"Balen\u00ed Hooked - Niko Coatings","robots":{"index":"index","follow":"follow","max-snippet":"max-snippet:-1","max-image-preview":"max-image-preview:large","max-video-preview":"max-video-preview:-1"},"canonical":"https:\/\/www.nikocoatings.com\/cs\/produkt-2\/baleni-s-hackem\/","og_locale":"cs_CZ","og_type":"article","og_title":"Hooked pack - Niko Coatings","og_description":"Description Title Sed nec felis pellentesque, lacinia dui sed, ultricies sapien. Pellentesque orci lectus, consectetur vel posuere posuere, rutrum eu ipsum. Aliquam eget odio sed ligula iaculis consequat at eget orci. Each sold separately. You can buy this product here: Wurth","og_url":"https:\/\/www.nikocoatings.com\/cs\/produkt-2\/baleni-s-hackem\/","og_site_name":"Niko Coatings","article_modified_time":"2024-03-18T11:47:31+00:00","og_image":[{"width":1100,"height":700,"url":"https:\/\/www.nikocoatings.com\/wp-content\/uploads\/2013\/04\/large.jpg","type":"image\/jpeg"}],"twitter_card":"summary_large_image","schema":{"@context":"https:\/\/schema.org","@graph":[{"@type":"WebPage","@id":"https:\/\/www.nikocoatings.com\/product\/hooked-pack\/","url":"https:\/\/www.nikocoatings.com\/product\/hooked-pack\/","name":"Balen\u00ed Hooked - Niko Coatings","isPartOf":{"@id":"https:\/\/www.nikocoatings.com\/#website"},"primaryImageOfPage":{"@id":"https:\/\/www.nikocoatings.com\/product\/hooked-pack\/#primaryimage"},"image":{"@id":"https:\/\/www.nikocoatings.com\/product\/hooked-pack\/#primaryimage"},"thumbnailUrl":"https:\/\/www.nikocoatings.com\/wp-content\/uploads\/2013\/04\/large.jpg","datePublished":"2016-12-06T19:30:46+00:00","dateModified":"2024-03-18T11:47:31+00:00","breadcrumb":{"@id":"https:\/\/www.nikocoatings.com\/product\/hooked-pack\/#breadcrumb"},"inLanguage":"cs","potentialAction":[{"@type":"ReadAction","target":["https:\/\/www.nikocoatings.com\/product\/hooked-pack\/"]}]},{"@type":"ImageObject","inLanguage":"cs","@id":"https:\/\/www.nikocoatings.com\/product\/hooked-pack\/#primaryimage","url":"https:\/\/www.nikocoatings.com\/wp-content\/uploads\/2013\/04\/large.jpg","contentUrl":"https:\/\/www.nikocoatings.com\/wp-content\/uploads\/2013\/04\/large.jpg","width":1100,"height":700},{"@type":"BreadcrumbList","@id":"https:\/\/www.nikocoatings.com\/product\/hooked-pack\/#breadcrumb","itemListElement":[{"@type":"ListItem","position":1,"name":"Home","item":"https:\/\/www.nikocoatings.com\/"},{"@type":"ListItem","position":2,"name":"Products","item":"https:\/\/www.nikocoatings.com\/shop\/"},{"@type":"ListItem","position":3,"name":"Hooked pack"}]},{"@type":"WebSite","@id":"https:\/\/www.nikocoatings.com\/#website","url":"https:\/\/www.nikocoatings.com\/","name":"Niko Coatings","description":"","publisher":{"@id":"https:\/\/www.nikocoatings.com\/#organization"},"potentialAction":[{"@type":"SearchAction","target":{"@type":"EntryPoint","urlTemplate":"https:\/\/www.nikocoatings.com\/?s={search_term_string}"},"query-input":{"@type":"PropertyValueSpecification","valueRequired":true,"valueName":"search_term_string"}}],"inLanguage":"cs"},{"@type":"Organization","@id":"https:\/\/www.nikocoatings.com\/#organization","name":"Niko Coatings","url":"https:\/\/www.nikocoatings.com\/","logo":{"@type":"ImageObject","inLanguage":"cs","@id":"https:\/\/www.nikocoatings.com\/#\/schema\/logo\/image\/","url":"https:\/\/www.nikocoatings.com\/wp-content\/uploads\/2021\/08\/niko-coatings-logo-medium.png","contentUrl":"https:\/\/www.nikocoatings.com\/wp-content\/uploads\/2021\/08\/niko-coatings-logo-medium.png","width":151,"height":92,"caption":"Niko Coatings"},"image":{"@id":"https:\/\/www.nikocoatings.com\/#\/schema\/logo\/image\/"},"sameAs":["https:\/\/www.linkedin.com\/company\/niko-coatings-limited"]}]}},"_links":{"self":[{"href":"https:\/\/www.nikocoatings.com\/cs\/wp-json\/wp\/v2\/product\/14798","targetHints":{"allow":["GET"]}}],"collection":[{"href":"https:\/\/www.nikocoatings.com\/cs\/wp-json\/wp\/v2\/product"}],"about":[{"href":"https:\/\/www.nikocoatings.com\/cs\/wp-json\/wp\/v2\/types\/product"}],"replies":[{"embeddable":true,"href":"https:\/\/www.nikocoatings.com\/cs\/wp-json\/wp\/v2\/comments?post=14798"}],"wp:featuredmedia":[{"embeddable":true,"href":"https:\/\/www.nikocoatings.com\/cs\/wp-json\/wp\/v2\/media\/987654"}],"wp:attachment":[{"href":"https:\/\/www.nikocoatings.com\/cs\/wp-json\/wp\/v2\/media?parent=14798"}],"wp:term":[{"taxonomy":"product_brand","embeddable":true,"href":"https:\/\/www.nikocoatings.com\/cs\/wp-json\/wp\/v2\/product_brand?post=14798"},{"taxonomy":"product_cat","embeddable":true,"href":"https:\/\/www.nikocoatings.com\/cs\/wp-json\/wp\/v2\/product_cat?post=14798"},{"taxonomy":"product_tag","embeddable":true,"href":"https:\/\/www.nikocoatings.com\/cs\/wp-json\/wp\/v2\/product_tag?post=14798"}],"curies":[{"name":"wp","href":"https:\/\/api.w.org\/{rel}","templated":true}]}}