{"id":3,"date":"2021-08-12T17:34:44","date_gmt":"2021-08-12T16:34:44","guid":{"rendered":"https:\/\/www.nikocoatings.com\/new\/?page_id=3"},"modified":"2021-11-17T11:14:28","modified_gmt":"2021-11-17T11:14:28","slug":"politik-for-beskyttelse-af-personlige-oplysninger","status":"publish","type":"page","link":"https:\/\/www.nikocoatings.com\/da\/privacy-policy\/","title":{"rendered":"Politik om beskyttelse af personlige oplysninger"},"content":{"rendered":"<div class=\"vgblk-rw-wrapper limit-wrapper\">\n<h2>Hvad indsamler vi?<\/h2>\n<p>Hvis du udfylder vores kontaktformular, vil vi midlertidigt indsamle f\u00f8lgende oplysninger:<\/p>\n<ul>\n<li>navn<\/li>\n<li>kontaktoplysninger, herunder e-mail-adresse<\/li>\n<li>andre oplysninger, der er relevante for din kundeforesp\u00f8rgsel<\/li>\n<\/ul>\n<p>Alle meddelelser, som du sender til os, og som vi ikke reagerer p\u00e5 eller som f\u00f8rer til et forretningsforhold med os, slettes efter 30 dage.<\/p>\n<h2>Hvad vi g\u00f8r med de oplysninger, vi indsamler<\/h2>\n<p>Vi har brug for disse oplysninger for at forst\u00e5 dine behov og give dig en bedre service, is\u00e6r af f\u00f8lgende \u00e5rsager:<\/p>\n<ul>\n<li>Kontakt med dig i forbindelse med din henvendelse<\/li>\n<li>\n<div>Vi kan bruge oplysningerne til at forbedre vores produkter og tjenester og vores forhold til dig som kunde.<\/div>\n<\/li>\n<li>Vi kan kontakte dig via e-mail, telefon, fax eller post i fremtiden, hvis en passende tjeneste er relevant for dig. <br \/>Hvilke rettigheder har du til dine data?<\/li>\n<\/ul>\n<p>Dine juridiske rettigheder er fastsat i kapitel III i den generelle forordning om databeskyttelse (GDRP). Du har ret til at f\u00e5 adgang til alle dine data, ret til at f\u00e5 dem rettet eller slettet (retten til at blive glemt), ret til at stoppe de fleste behandlinger eller blokere dem helt under de fleste omst\u00e6ndigheder og endelig ret til at tage en kopi eller downloade en kopi.<\/p>\n<h2>Sikkerhed<\/h2>\n<p>Vi er forpligtet til at sikre, at dine oplysninger er sikre. For at forhindre uautoriseret adgang eller videregivelse har vi indf\u00f8rt passende fysiske, elektroniske og ledelsesm\u00e6ssige procedurer for at beskytte og sikre de oplysninger, vi indsamler online.<\/p>\n<h2>Hvordan vi bruger cookies<\/h2>\n<p>En cookie er en lille fil, som placeres p\u00e5 din computers harddisk i forbindelse med din browser. Filen tilf\u00f8jes, og cookien hj\u00e6lper med at analysere webtrafikken eller giver dig mulighed for at vide, hvorn\u00e5r du bes\u00f8ger et bestemt websted. Cookies g\u00f8r det muligt for webapplikationer at reagere p\u00e5 dig som person. Webapplikationen kan skr\u00e6ddersy sine aktiviteter til dine behov, smag og ubehag ved at indsamle og huske oplysninger om dine pr\u00e6ferencer.<\/p>\n<p>Vi bruger trafiklog-cookies til at identificere, hvilke sider der bliver brugt. Dette hj\u00e6lper os med at analysere data om websidetrafikken og forbedre vores websted for at tilpasse det til kundernes behov. Vi bruger kun disse oplysninger til statistiske analyseform\u00e5l, hvorefter dataene fjernes fra systemet.<\/p>\n<p>Overordnet set hj\u00e6lper cookies os med at give dig et bedre websted ved at g\u00f8re det muligt for os at overv\u00e5ge, hvilke sider du finder nyttige, og hvilke du ikke finder nyttige. En cookie giver os p\u00e5 ingen m\u00e5de adgang til din computer eller andre oplysninger om dig end de data, du v\u00e6lger at dele med os.<\/p>\n<p>Du kan v\u00e6lge at acceptere eller afvise cookies. De fleste webbrowsere accepterer automatisk cookies, men du kan normalt \u00e6ndre din browserindstilling til at afvise cookies, hvis du foretr\u00e6kker det. Dette kan forhindre dig i at f\u00e5 fuldt udbytte af webstedet. Hvis du v\u00e6lger at acceptere cookies i din browser, accepterer du, at du er villig til at acceptere cookies p\u00e5 vores websted til sporing.<\/p>\n<p>&nbsp;<\/p>\n<h2>Links til andre websteder<\/h2>\n<p>Vores websted indeholder links til andre websteder, som vi har oprettet eller har forbindelser til. N\u00e5r du har brugt disse links til at forlade vores websted, skal du dog v\u00e6re opm\u00e6rksom p\u00e5, at vi ikke har nogen kontrol over det p\u00e5g\u00e6ldende andet websted og dets indhold. Derfor kan vi ikke v\u00e6re ansvarlige for beskyttelsen og fortroligheden af de oplysninger, som du giver, mens du bes\u00f8ger s\u00e5danne websteder, og s\u00e5danne websteder er ikke omfattet af denne erkl\u00e6ring om beskyttelse af personlige oplysninger. Du b\u00f8r udvise forsigtighed og se p\u00e5 den erkl\u00e6ring om beskyttelse af personlige oplysninger, der g\u00e6lder for det p\u00e5g\u00e6ldende websted.<\/p>\n<h2>Kontrol med dine oplysninger<\/h2>\n<p>Vi vil ikke s\u00e6lge, distribuere eller udleje dine personlige oplysninger til tredjeparter.<\/p>\n<p>Du kan anmode om oplysninger om de personlige oplysninger, som vi m\u00e5tte have om dig i henhold til den generelle forordning om databeskyttelse (GDPR). Hvis du \u00f8nsker en kopi af de oplysninger, som vi har om dig, bedes du kontakte os.<\/p>\n<p>Hvis du mener, at de oplysninger, vi har om dig, er ukorrekte eller ufuldst\u00e6ndige, bedes du kontakte os hurtigst muligt. Vi vil straks rette alle oplysninger, der viser sig at v\u00e6re ukorrekte.<\/p>\n<h2>Hvad hvis jeg \u00f8nsker at klage?<\/h2>\n<p>Hvis du har sp\u00f8rgsm\u00e5l, kan du kontakte os. Du kan ogs\u00e5 henvende dig til UK Information Commissioner's Office.<\/p>\n<\/div>\n<p><!-- .vgblk-rw-wrapper --><\/p>","protected":false},"excerpt":{"rendered":"<p>Hvad indsamler vi? Hvis du udfylder vores kontaktformular, indsamler vi midlertidigt f\u00f8lgende oplysninger: navn kontaktoplysninger, herunder e-mailadresse andre oplysninger, der er relevante for din kundeforesp\u00f8rgsel Enhver besked, du sender til os, og som vi ikke handler p\u00e5 eller f\u00f8rer til et forretningsforhold med os, vil blive slettet efter...<\/p>","protected":false},"author":1,"featured_media":0,"parent":0,"menu_order":0,"comment_status":"closed","ping_status":"open","template":"","meta":{"inline_featured_image":false,"_monsterinsights_skip_tracking":false,"_monsterinsights_sitenote_active":false,"_monsterinsights_sitenote_note":"","_monsterinsights_sitenote_category":0,"footnotes":""},"class_list":["post-3","page","type-page","status-publish","hentry"],"yoast_head":"<!-- This site is optimized with the Yoast SEO plugin v27.5 - https:\/\/yoast.com\/product\/yoast-seo-wordpress\/ -->\n<title>Privacy Policy - Niko Coatings<\/title>\n<meta name=\"robots\" content=\"index, follow, max-snippet:-1, max-image-preview:large, max-video-preview:-1\" \/>\n<link rel=\"canonical\" href=\"https:\/\/www.nikocoatings.com\/da\/politik-for-beskyttelse-af-personlige-oplysninger\/\" \/>\n<meta property=\"og:locale\" content=\"da_DK\" \/>\n<meta property=\"og:type\" content=\"article\" \/>\n<meta property=\"og:title\" content=\"Privacy Policy - Niko Coatings\" \/>\n<meta property=\"og:description\" content=\"What do we collect? If you fill in our contact form we will temporarily collect the following information: name contact information including email address other information relevant to your customer enquiry Any message you send to us and we do not act upon or leads to a business relationship with us will be deleted after...\" \/>\n<meta property=\"og:url\" content=\"https:\/\/www.nikocoatings.com\/da\/politik-for-beskyttelse-af-personlige-oplysninger\/\" \/>\n<meta property=\"og:site_name\" content=\"Niko Coatings\" \/>\n<meta property=\"article:modified_time\" content=\"2021-11-17T11:14:28+00:00\" \/>\n<meta name=\"twitter:card\" content=\"summary_large_image\" \/>\n<meta name=\"twitter:label1\" content=\"Estimeret l\u00e6setid\" \/>\n\t<meta name=\"twitter:data1\" content=\"3 minutter\" \/>\n<script type=\"application\/ld+json\" class=\"yoast-schema-graph\">{\"@context\":\"https:\\\/\\\/schema.org\",\"@graph\":[{\"@type\":\"WebPage\",\"@id\":\"https:\\\/\\\/www.nikocoatings.com\\\/privacy-policy\\\/\",\"url\":\"https:\\\/\\\/www.nikocoatings.com\\\/privacy-policy\\\/\",\"name\":\"Privacy Policy - Niko Coatings\",\"isPartOf\":{\"@id\":\"https:\\\/\\\/www.nikocoatings.com\\\/#website\"},\"datePublished\":\"2021-08-12T16:34:44+00:00\",\"dateModified\":\"2021-11-17T11:14:28+00:00\",\"breadcrumb\":{\"@id\":\"https:\\\/\\\/www.nikocoatings.com\\\/privacy-policy\\\/#breadcrumb\"},\"inLanguage\":\"da-DK\",\"potentialAction\":[{\"@type\":\"ReadAction\",\"target\":[\"https:\\\/\\\/www.nikocoatings.com\\\/privacy-policy\\\/\"]}]},{\"@type\":\"BreadcrumbList\",\"@id\":\"https:\\\/\\\/www.nikocoatings.com\\\/privacy-policy\\\/#breadcrumb\",\"itemListElement\":[{\"@type\":\"ListItem\",\"position\":1,\"name\":\"Home\",\"item\":\"https:\\\/\\\/www.nikocoatings.com\\\/\"},{\"@type\":\"ListItem\",\"position\":2,\"name\":\"Privacy Policy\"}]},{\"@type\":\"WebSite\",\"@id\":\"https:\\\/\\\/www.nikocoatings.com\\\/#website\",\"url\":\"https:\\\/\\\/www.nikocoatings.com\\\/\",\"name\":\"Niko Coatings\",\"description\":\"\",\"publisher\":{\"@id\":\"https:\\\/\\\/www.nikocoatings.com\\\/#organization\"},\"potentialAction\":[{\"@type\":\"SearchAction\",\"target\":{\"@type\":\"EntryPoint\",\"urlTemplate\":\"https:\\\/\\\/www.nikocoatings.com\\\/?s={search_term_string}\"},\"query-input\":{\"@type\":\"PropertyValueSpecification\",\"valueRequired\":true,\"valueName\":\"search_term_string\"}}],\"inLanguage\":\"da-DK\"},{\"@type\":\"Organization\",\"@id\":\"https:\\\/\\\/www.nikocoatings.com\\\/#organization\",\"name\":\"Niko Coatings\",\"url\":\"https:\\\/\\\/www.nikocoatings.com\\\/\",\"logo\":{\"@type\":\"ImageObject\",\"inLanguage\":\"da-DK\",\"@id\":\"https:\\\/\\\/www.nikocoatings.com\\\/#\\\/schema\\\/logo\\\/image\\\/\",\"url\":\"https:\\\/\\\/www.nikocoatings.com\\\/wp-content\\\/uploads\\\/2021\\\/08\\\/niko-coatings-logo-medium.png\",\"contentUrl\":\"https:\\\/\\\/www.nikocoatings.com\\\/wp-content\\\/uploads\\\/2021\\\/08\\\/niko-coatings-logo-medium.png\",\"width\":151,\"height\":92,\"caption\":\"Niko Coatings\"},\"image\":{\"@id\":\"https:\\\/\\\/www.nikocoatings.com\\\/#\\\/schema\\\/logo\\\/image\\\/\"},\"sameAs\":[\"https:\\\/\\\/www.linkedin.com\\\/company\\\/niko-coatings-limited\"]}]}<\/script>\n<!-- \/ Yoast SEO plugin. -->","yoast_head_json":{"title":"Politik om beskyttelse af personlige oplysninger - Niko Coatings","robots":{"index":"index","follow":"follow","max-snippet":"max-snippet:-1","max-image-preview":"max-image-preview:large","max-video-preview":"max-video-preview:-1"},"canonical":"https:\/\/www.nikocoatings.com\/da\/politik-for-beskyttelse-af-personlige-oplysninger\/","og_locale":"da_DK","og_type":"article","og_title":"Privacy Policy - Niko Coatings","og_description":"What do we collect? If you fill in our contact form we will temporarily collect the following information: name contact information including email address other information relevant to your customer enquiry Any message you send to us and we do not act upon or leads to a business relationship with us will be deleted after...","og_url":"https:\/\/www.nikocoatings.com\/da\/politik-for-beskyttelse-af-personlige-oplysninger\/","og_site_name":"Niko Coatings","article_modified_time":"2021-11-17T11:14:28+00:00","twitter_card":"summary_large_image","twitter_misc":{"Estimeret l\u00e6setid":"3 minutter"},"schema":{"@context":"https:\/\/schema.org","@graph":[{"@type":"WebPage","@id":"https:\/\/www.nikocoatings.com\/privacy-policy\/","url":"https:\/\/www.nikocoatings.com\/privacy-policy\/","name":"Politik om beskyttelse af personlige oplysninger - Niko Coatings","isPartOf":{"@id":"https:\/\/www.nikocoatings.com\/#website"},"datePublished":"2021-08-12T16:34:44+00:00","dateModified":"2021-11-17T11:14:28+00:00","breadcrumb":{"@id":"https:\/\/www.nikocoatings.com\/privacy-policy\/#breadcrumb"},"inLanguage":"da-DK","potentialAction":[{"@type":"ReadAction","target":["https:\/\/www.nikocoatings.com\/privacy-policy\/"]}]},{"@type":"BreadcrumbList","@id":"https:\/\/www.nikocoatings.com\/privacy-policy\/#breadcrumb","itemListElement":[{"@type":"ListItem","position":1,"name":"Home","item":"https:\/\/www.nikocoatings.com\/"},{"@type":"ListItem","position":2,"name":"Privacy Policy"}]},{"@type":"WebSite","@id":"https:\/\/www.nikocoatings.com\/#website","url":"https:\/\/www.nikocoatings.com\/","name":"Niko Coatings","description":"","publisher":{"@id":"https:\/\/www.nikocoatings.com\/#organization"},"potentialAction":[{"@type":"SearchAction","target":{"@type":"EntryPoint","urlTemplate":"https:\/\/www.nikocoatings.com\/?s={search_term_string}"},"query-input":{"@type":"PropertyValueSpecification","valueRequired":true,"valueName":"search_term_string"}}],"inLanguage":"da-DK"},{"@type":"Organization","@id":"https:\/\/www.nikocoatings.com\/#organization","name":"Niko Coatings","url":"https:\/\/www.nikocoatings.com\/","logo":{"@type":"ImageObject","inLanguage":"da-DK","@id":"https:\/\/www.nikocoatings.com\/#\/schema\/logo\/image\/","url":"https:\/\/www.nikocoatings.com\/wp-content\/uploads\/2021\/08\/niko-coatings-logo-medium.png","contentUrl":"https:\/\/www.nikocoatings.com\/wp-content\/uploads\/2021\/08\/niko-coatings-logo-medium.png","width":151,"height":92,"caption":"Niko Coatings"},"image":{"@id":"https:\/\/www.nikocoatings.com\/#\/schema\/logo\/image\/"},"sameAs":["https:\/\/www.linkedin.com\/company\/niko-coatings-limited"]}]}},"_links":{"self":[{"href":"https:\/\/www.nikocoatings.com\/da\/wp-json\/wp\/v2\/pages\/3","targetHints":{"allow":["GET"]}}],"collection":[{"href":"https:\/\/www.nikocoatings.com\/da\/wp-json\/wp\/v2\/pages"}],"about":[{"href":"https:\/\/www.nikocoatings.com\/da\/wp-json\/wp\/v2\/types\/page"}],"author":[{"embeddable":true,"href":"https:\/\/www.nikocoatings.com\/da\/wp-json\/wp\/v2\/users\/1"}],"replies":[{"embeddable":true,"href":"https:\/\/www.nikocoatings.com\/da\/wp-json\/wp\/v2\/comments?post=3"}],"version-history":[{"count":0,"href":"https:\/\/www.nikocoatings.com\/da\/wp-json\/wp\/v2\/pages\/3\/revisions"}],"wp:attachment":[{"href":"https:\/\/www.nikocoatings.com\/da\/wp-json\/wp\/v2\/media?parent=3"}],"curies":[{"name":"wp","href":"https:\/\/api.w.org\/{rel}","templated":true}]}}