{"id":988183,"date":"2023-05-15T14:11:42","date_gmt":"2023-05-15T13:11:42","guid":{"rendered":"https:\/\/www.nikocoatings.com\/?page_id=988183"},"modified":"2023-05-16T14:31:59","modified_gmt":"2023-05-16T13:31:59","slug":"sonoshield","status":"publish","type":"page","link":"https:\/\/www.nikocoatings.com\/da\/products-solutions\/sonoshield\/","title":{"rendered":"SONOSHIELD"},"content":{"rendered":"<div class=\"vgblk-rw-wrapper limit-wrapper\">\n\n\t\t\t\t\t\t\t<img loading=\"lazy\" decoding=\"async\" src=\"https:\/\/www.nikocoatings.com\/wp-content\/uploads\/2023\/05\/SONO-SHIELD-logo-RGB.png\" alt=\"SONO SHIELD\" itemprop=\"image\" height=\"400\" width=\"1828\" title=\"SONO SHIELD\" onerror=\"this.style.display='none'\"  sizes=\"auto, (max-width: 768px) 100vw, 100vw\" srcset=\"https:\/\/www.nikocoatings.com\/wp-content\/uploads\/2023\/05\/SONO-SHIELD-logo-RGB.png 1828w, https:\/\/www.nikocoatings.com\/wp-content\/uploads\/2023\/05\/SONO-SHIELD-logo-RGB-300x66.png 300w, https:\/\/www.nikocoatings.com\/wp-content\/uploads\/2023\/05\/SONO-SHIELD-logo-RGB-1024x224.png 1024w, https:\/\/www.nikocoatings.com\/wp-content\/uploads\/2023\/05\/SONO-SHIELD-logo-RGB-768x168.png 768w, https:\/\/www.nikocoatings.com\/wp-content\/uploads\/2023\/05\/SONO-SHIELD-logo-RGB-1536x336.png 1536w, https:\/\/www.nikocoatings.com\/wp-content\/uploads\/2023\/05\/SONO-SHIELD-logo-RGB-18x4.png 18w, https:\/\/www.nikocoatings.com\/wp-content\/uploads\/2023\/05\/SONO-SHIELD-logo-RGB-1400x306.png 1400w, https:\/\/www.nikocoatings.com\/wp-content\/uploads\/2023\/05\/SONO-SHIELD-logo-RGB-700x153.png 700w, https:\/\/www.nikocoatings.com\/wp-content\/uploads\/2023\/05\/SONO-SHIELD-logo-RGB-466x102.png 466w, https:\/\/www.nikocoatings.com\/wp-content\/uploads\/2023\/05\/SONO-SHIELD-logo-RGB-933x204.png 933w, https:\/\/www.nikocoatings.com\/wp-content\/uploads\/2023\/05\/SONO-SHIELD-logo-RGB-350x77.png 350w\" \/>\t\t\t\t\t\t\t\n<h2>\n\tForbedr din brandsikkerhed med <strong>SONOSHIELD<\/strong>\n\t<\/h2>\n\t<h3>Minimerer brandrisikoen med lavt bidrag til brand, lav r\u00f8g og lave toksiske gasser:<\/h3>\n<p>SONOSHIELD\u00ae er den banebrydende akustiske masselagsl\u00f8sning, der er udviklet af Niko til at prioritere brandsikkerhed og milj\u00f8m\u00e6ssig ydeevne.<\/p>\n\t<h4>SONOSHIELD\u00ae Uovertruffen brandsikkerhed for toksicitet:<\/h4>\n<p>Kulilte og hydrogenklorid er de st\u00f8rste giftstoffer i brande.<\/p>\n<p>Hydrogenchlorid (HCL) er en giftig gas, der udvikles ved forbr\u00e6nding af PVC og andre klorholdige plasttyper. Visse polymerbaserede produkter genererer mere kulilte i brande.<\/p>\n<p>SONOSHIELD\u00ae indeholder ikke PVC eller klor og har lavere kulilteudbytte og betydeligt reduceret r\u00f8gproduktion, n\u00e5r det ant\u00e6ndes og sammenlignet med traditionelle tunge masselag \/ MLV-produkter, der typisk indeholder klor og PVC (Mass Loaded Vinyl - MLV) eller bitumen.<\/p>\n\t<h4>V\u00e6lg SONOSHIELD\u00ae: Det ultimative lag af tung masse med lav toksicitet.<\/h4>\n<p>Brandtoksicitet er bredt anerkendt som en v\u00e6sentlig \u00e5rsag til d\u00f8dsfald og skader i forbindelse med brande. Overraskende nok er brandtoksicitet ikke en del af hverken Euroclass eller ASTM's brandtestsystemer.<\/p>\n<p>SONOSHIELD\u00ae - er den ultimative l\u00f8sning til tunge masselag med ren forbr\u00e6nding og lav toksicitet. Produktet omdannes fuldst\u00e6ndigt til kuldioxid og vanddamp under optimale forhold. Ligesom ved afbr\u00e6nding af et vokslys sikrer dets kemi minimal toksicitet i en brand.<\/p>\n<p>SONOSHIELD\u00ae s\u00e6tter nye standarder for akustiske masselag, hvilket g\u00f8r det ideelt til brug inden for bygningens klimask\u00e6rm, s\u00e5som tagsystemer, omkring kanaler, r\u00f8r og som en akustisk membran i v\u00e6gge, gulve og lofter.<\/p>\n\t\t\t\t\t\t\t<img loading=\"lazy\" decoding=\"async\" src=\"https:\/\/www.nikocoatings.com\/wp-content\/uploads\/2023\/04\/SONOSHIELD-02.jpg\" alt=\"SONOSHIELD-02\" itemprop=\"image\" height=\"600\" width=\"800\" title=\"SONOSHIELD-02\" onerror=\"this.style.display='none'\"  sizes=\"auto, (max-width: 768px) 100vw, 100vw\" srcset=\"https:\/\/www.nikocoatings.com\/wp-content\/uploads\/2023\/04\/SONOSHIELD-02.jpg 800w, https:\/\/www.nikocoatings.com\/wp-content\/uploads\/2023\/04\/SONOSHIELD-02-300x225.jpg 300w, https:\/\/www.nikocoatings.com\/wp-content\/uploads\/2023\/04\/SONOSHIELD-02-768x576.jpg 768w, https:\/\/www.nikocoatings.com\/wp-content\/uploads\/2023\/04\/SONOSHIELD-02-16x12.jpg 16w, https:\/\/www.nikocoatings.com\/wp-content\/uploads\/2023\/04\/SONOSHIELD-02-700x525.jpg 700w, https:\/\/www.nikocoatings.com\/wp-content\/uploads\/2023\/04\/SONOSHIELD-02-466x350.jpg 466w, https:\/\/www.nikocoatings.com\/wp-content\/uploads\/2023\/04\/SONOSHIELD-02-350x263.jpg 350w\" \/>\t\t\t\t\t\t\t\n\t\t\t\t\t\t\t<img loading=\"lazy\" decoding=\"async\" src=\"https:\/\/www.nikocoatings.com\/wp-content\/uploads\/2023\/04\/SONOSHIELD-04.jpg\" alt=\"SONOSHIELD-04\" itemprop=\"image\" height=\"600\" width=\"800\" title=\"SONOSHIELD-04\" onerror=\"this.style.display='none'\"  sizes=\"auto, (max-width: 768px) 100vw, 100vw\" srcset=\"https:\/\/www.nikocoatings.com\/wp-content\/uploads\/2023\/04\/SONOSHIELD-04.jpg 800w, https:\/\/www.nikocoatings.com\/wp-content\/uploads\/2023\/04\/SONOSHIELD-04-300x225.jpg 300w, https:\/\/www.nikocoatings.com\/wp-content\/uploads\/2023\/04\/SONOSHIELD-04-768x576.jpg 768w, https:\/\/www.nikocoatings.com\/wp-content\/uploads\/2023\/04\/SONOSHIELD-04-16x12.jpg 16w, https:\/\/www.nikocoatings.com\/wp-content\/uploads\/2023\/04\/SONOSHIELD-04-700x525.jpg 700w, https:\/\/www.nikocoatings.com\/wp-content\/uploads\/2023\/04\/SONOSHIELD-04-466x350.jpg 466w, https:\/\/www.nikocoatings.com\/wp-content\/uploads\/2023\/04\/SONOSHIELD-04-350x263.jpg 350w\" \/>\t\t\t\t\t\t\t\n<h2>\n\t<b>SONOSHIELD:<\/b> Omdefinering af brandsikkerheden i massebelastede fleksible st\u00f8jbarrierer.\n\t<\/h2>\n\t<h3><strong>Oplev den brandsikre fordel ved akustiske produkter med tunge masselag.<\/strong><\/h3>\n\t<h4>SONOSHIELD\u00ae = Lavt bidrag til brand.<\/h4>\n\t<p>SONOSHIELD\u00ae har en lav br\u00e6ndv\u00e6rdi, som sikrer et minimalt brandbidrag og opn\u00e5r en gennemsnitlig QPCS p\u00e5 6,7 (MJ\/kg) i overensstemmelse med EN ISO 1716.<\/p>\n<p>Beskyt dine projekter, og s\u00f8rg for ro i sindet med de uovertrufne brandsikkerhedsfordele ved SONOSHIELD\u00ae.<\/p>\n<h2>\n\t<b>SONOSHIELD:<\/b> EUROCLASS BS EN 13501:2018 Klassificering.\n\t<\/h2>\n\t<p>SONOSHIELD\u00ae er udviklet og grundigt testet og klassificeret til brug som byggeprodukt og bygningselement med undtagelse af gulvbel\u00e6gning i henhold til BS EN 13501:2018.<\/p>\n<p>SONOSHIELD\u00ae reaktion p\u00e5 brand, n\u00e5r dens overflade uds\u00e6ttes for det termiske angreb fra en enkelt br\u00e6ndende genstand (SBI).<\/p>\n\t\n<table id=\"tablepress-3\" class=\"tablepress tablepress-id-3\">\n<thead>\n<tr class=\"row-1\">\n\t<th class=\"column-1\"><b>SONOSHIELD\u00ae<\/b><\/th><th class=\"column-2\"><b>Test af enkelt br\u00e6ndende emne<br \/>\nBS EN ISO 13823:2020 Klassificering<br \/>\n<\/b><\/th><th class=\"column-3\"><b>Anvendelsesmetode<\/b><\/th>\n<\/tr>\n<\/thead>\n<tbody class=\"row-striping\">\n<tr class=\"row-2\">\n\t<td class=\"column-1\">5 kg\/m2<\/td><td class=\"column-2\">B-S2-D0<\/td><td class=\"column-3\">Kl\u00e6bet p\u00e5 den ene side p\u00e5 en 12 mm kalciumsilikatplade med en akrylkl\u00e6ber<\/td>\n<\/tr>\n<tr class=\"row-3\">\n\t<td class=\"column-1\">10 kg\/m2<\/td><td class=\"column-2\">B-S1-D0<\/td><td class=\"column-3\">Kl\u00e6bet p\u00e5 den ene side p\u00e5 en 12 mm kalciumsilikatplade med en akrylkl\u00e6ber<\/td>\n<\/tr>\n<\/tbody>\n<\/table>\n<!-- #tablepress-3 from cache -->\n<h2>\n\tOplev lav lugt og lavt VOC-indhold for exceptionel luftkomfort og milj\u00f8m\u00e6ssig ansvarlighed med <b>SONOSHIELD<\/b>\n\t<\/h2>\n\t<p>Tr\u00e6d ind i en verden af b\u00e6redygtigt byggeri med SONOSHIELD\u00ae.<\/p>\n<p>SONOSHIELD\u00ae er guldstandarden for VOC-overholdelse.<\/p>\n\t\n<table id=\"tablepress-1\" class=\"tablepress tablepress-id-1\">\n<thead>\n<tr class=\"row-1\">\n\t<th class=\"column-1\"><b>Forordning eller protokol<\/b><\/th><th class=\"column-2\"><b>Konklusion<\/b><\/th><th class=\"column-3\"><b>Version af forordning eller protokol<\/b><\/th>\n<\/tr>\n<\/thead>\n<tbody class=\"row-striping\">\n<tr class=\"row-2\">\n\t<td class=\"column-1\">Fransk VOC-forordning<\/td><td class=\"column-2\">A+<\/td><td class=\"column-3\">Dekret fra marts 2011 (DEVL 1101903D) og Arr\u00eat\u00e9 fra april 2011 (DEVL1104875A) \u00e6ndret i februar 2012 (DEVL1133129A).<\/td>\n<\/tr>\n<tr class=\"row-3\">\n\t<td class=\"column-1\">Franske CMR-komponenter<\/td><td class=\"column-2\">Pass<\/td><td class=\"column-3\">Forordning af april og maj 2009 (DEVP0908633A og DEVP0910046A)<\/td>\n<\/tr>\n<tr class=\"row-4\">\n\t<td class=\"column-1\">Italiensk CAM Edilizia<\/td><td class=\"column-2\">Pass<\/td><td class=\"column-3\">Dekret af 11. oktober 2017 (GU n.259 del 6-11-2017)<\/td>\n<\/tr>\n<tr class=\"row-5\">\n\t<td class=\"column-1\">ABG\/AgBB<\/td><td class=\"column-2\">Pass<\/td><td class=\"column-3\">Ausschuss zur gesundheitlichen Bewertung von Bauproduckten (juni 2021)<\/td>\n<\/tr>\n<tr class=\"row-6\">\n\t<td class=\"column-1\">Belgisk forordning<\/td><td class=\"column-2\">Pass<\/td><td class=\"column-3\">Kongelig resolution af maj 2014 (C-2014\/24239)<\/td>\n<\/tr>\n<tr class=\"row-7\">\n\t<td class=\"column-1\">Indend\u00f8rs luftkomfort \u00ae<\/td><td class=\"column-2\">Pass<\/td><td class=\"column-3\">Indend\u00f8rs luftkomfort 7.0 fra maj 2020<\/td>\n<\/tr>\n<tr class=\"row-8\">\n\t<td class=\"column-1\">Indend\u00f8rs luftkomfort GOLD \u00ae<\/td><td class=\"column-2\">Pass<\/td><td class=\"column-3\">Indend\u00f8rs luftkomfort GOLD 7.0 fra maj 2020<\/td>\n<\/tr>\n<tr class=\"row-9\">\n\t<td class=\"column-1\">BREEAM\u00ae International<\/td><td class=\"column-2\">Eksemplarisk niveau<\/td><td class=\"column-3\">BREEAM International Nybyggeri v6.0 (2021)<\/td>\n<\/tr>\n<tr class=\"row-10\">\n\t<td class=\"column-1\">BREEAM\u00ae NOR<\/td><td class=\"column-2\">Eksemplarisk niveau<\/td><td class=\"column-3\">BREEAM-NOR Nybyggeri v6.0 (2021)<\/td>\n<\/tr>\n<tr class=\"row-11\">\n\t<td class=\"column-1\">LEED v4.1 BETA (uden for USA)<\/td><td class=\"column-2\">Pass<\/td><td class=\"column-3\">LEED v4.1 BETA til design og konstruktion af bygninger (februar 2021)<\/td>\n<\/tr>\n<\/tbody>\n<\/table>\n<!-- #tablepress-1 from cache -->\n<h2>\n\t<b>SONOSHIELD<\/b> er en banebrydende akustisk barriere, der s\u00e6tter barren h\u00f8jt, n\u00e5r det kommer til milj\u00f8p\u00e5virkning. \n\t<\/h2>\n\t<h4>SONOSHIELD\u00ae: F\u00f8rende inden for b\u00e6redygtighed<\/h4>\n\t<ul>\n<li>100% Genanvendelig<\/li>\n<li>Over 50% genanvendt plast.<\/li>\n<\/ul>\n\t<h4>SONOSHIELD\u00ae produceres med stolthed af Niko, som er blevet tildelt guld Ecovadis Sustainability Rating. <\/h4>\n\t<p>Det placerer Niko i top 5% blandt de virksomheder, der rapporterer til Ecovadis.<\/p>\n\t<h4>SONOSHIELD\u00ae: Din skr\u00e6ddersyede l\u00f8sning venter. Skr\u00e6ddersyet til dine specifikationer, ud over standardprodukter. <\/h4>\n\t<p><strong>SONOSHIELD\u00ae: Skr\u00e6ddersyet til dine specifikke krav*.<\/strong><\/p>\n<p>Niko er den prim\u00e6re producent af SONOSHIELD\u00ae, s\u00e5 vi kan g\u00e5 ud over standardproduktudbuddet.<\/p>\n<p>Oplev alsidighed med plader og ruller. V\u00e6gtomr\u00e5de fra 1,6 kg\/m2 0,3277 lb\/ft2 til 15 kg\/m2 (3lb\/ft2). Brede bredder op til 2000 mm (78 tommer).<\/p>\n<p>Store ruller kan leveres op til 700 kg (1534 lbs)<\/p>\n<p>*Med forbehold for minimumsproduktionsm\u00e6ngde<\/p>\n<h2>\n\t\t\t<a href=\"https:\/\/www.nikocoatings.com\/da\/kontakt\/\" title=\"Er du klar til at komme i gang? Kontakt os nu for &lt;b&gt;SONOSHIELD&lt;\/b&gt; priss&aelig;tning!\" target=\"_self\" rel=\"noopener\">\n\tEr du klar til at komme i gang? Kontakt os nu for <b>SONOSHIELD<\/b> priss\u00e6tning!\n\t\t\t<\/a>\n\t<\/h2>\n\n<\/div><!-- .vgblk-rw-wrapper -->","protected":false},"excerpt":{"rendered":"<p>Forbedr din brandsikkerhed med SONOSHIELD Minim\u00e9r brandrisikoen med lavt brandbidrag, lav r\u00f8gudvikling og lavt indhold af giftige gasser: SONOSHIELD\u00ae er den banebrydende l\u00f8sning med akustiske masselag, som er udviklet af Niko til at prioritere brandsikkerhed og milj\u00f8m\u00e6ssig ydeevne. SONOSHIELD\u00ae har uovertruffen brandsikkerhed i forhold til toksicitet: Kulmonoxid og brintklorid er vigtige...<\/p>","protected":false},"author":1,"featured_media":0,"parent":13334,"menu_order":0,"comment_status":"closed","ping_status":"closed","template":"","meta":{"inline_featured_image":false,"_monsterinsights_skip_tracking":false,"_monsterinsights_sitenote_active":false,"_monsterinsights_sitenote_note":"","_monsterinsights_sitenote_category":0,"footnotes":""},"class_list":["post-988183","page","type-page","status-publish","hentry"],"yoast_head":"<!-- This site is optimized with the Yoast SEO plugin v27.4 - https:\/\/yoast.com\/product\/yoast-seo-wordpress\/ -->\n<title>SONOSHIELD - Niko Coatings<\/title>\n<meta name=\"description\" content=\"Niko\u2019s standard DENSBAK F40 automotive heavy layer is the preferred choice for Tier 1 automotive companies in the UK. Our automotive heavy layers are designed to accommodate a wide range of processing conditions.\" \/>\n<meta name=\"robots\" content=\"index, follow, max-snippet:-1, max-image-preview:large, max-video-preview:-1\" \/>\n<link rel=\"canonical\" href=\"https:\/\/www.nikocoatings.com\/da\/produkter-losninger\/sonoshield\/\" \/>\n<meta property=\"og:locale\" content=\"da_DK\" \/>\n<meta property=\"og:type\" content=\"article\" \/>\n<meta property=\"og:title\" content=\"SONOSHIELD - Niko Coatings\" \/>\n<meta property=\"og:description\" content=\"Niko\u2019s standard DENSBAK F40 automotive heavy layer is the preferred choice for Tier 1 automotive companies in the UK. Our automotive heavy layers are designed to accommodate a wide range of processing conditions.\" \/>\n<meta property=\"og:url\" content=\"https:\/\/www.nikocoatings.com\/da\/produkter-losninger\/sonoshield\/\" \/>\n<meta property=\"og:site_name\" content=\"Niko Coatings\" \/>\n<meta property=\"article:modified_time\" content=\"2023-05-16T13:31:59+00:00\" \/>\n<meta property=\"og:image\" content=\"https:\/\/www.nikocoatings.com\/wp-content\/uploads\/2023\/05\/SONO-SHIELD-logo-RGB.png\" \/>\n<meta name=\"twitter:card\" content=\"summary_large_image\" \/>\n<meta name=\"twitter:label1\" content=\"Estimeret l\u00e6setid\" \/>\n\t<meta name=\"twitter:data1\" content=\"3 minutter\" \/>\n<script type=\"application\/ld+json\" class=\"yoast-schema-graph\">{\"@context\":\"https:\\\/\\\/schema.org\",\"@graph\":[{\"@type\":\"WebPage\",\"@id\":\"https:\\\/\\\/www.nikocoatings.com\\\/products-solutions\\\/sonoshield\\\/\",\"url\":\"https:\\\/\\\/www.nikocoatings.com\\\/products-solutions\\\/sonoshield\\\/\",\"name\":\"SONOSHIELD - Niko Coatings\",\"isPartOf\":{\"@id\":\"https:\\\/\\\/www.nikocoatings.com\\\/#website\"},\"primaryImageOfPage\":{\"@id\":\"https:\\\/\\\/www.nikocoatings.com\\\/products-solutions\\\/sonoshield\\\/#primaryimage\"},\"image\":{\"@id\":\"https:\\\/\\\/www.nikocoatings.com\\\/products-solutions\\\/sonoshield\\\/#primaryimage\"},\"thumbnailUrl\":\"https:\\\/\\\/www.nikocoatings.com\\\/wp-content\\\/uploads\\\/2023\\\/05\\\/SONO-SHIELD-logo-RGB.png\",\"datePublished\":\"2023-05-15T13:11:42+00:00\",\"dateModified\":\"2023-05-16T13:31:59+00:00\",\"description\":\"Niko\u2019s standard DENSBAK F40 automotive heavy layer is the preferred choice for Tier 1 automotive companies in the UK. Our automotive heavy layers are designed to accommodate a wide range of processing conditions.\",\"breadcrumb\":{\"@id\":\"https:\\\/\\\/www.nikocoatings.com\\\/products-solutions\\\/sonoshield\\\/#breadcrumb\"},\"inLanguage\":\"da-DK\",\"potentialAction\":[{\"@type\":\"ReadAction\",\"target\":[\"https:\\\/\\\/www.nikocoatings.com\\\/products-solutions\\\/sonoshield\\\/\"]}]},{\"@type\":\"ImageObject\",\"inLanguage\":\"da-DK\",\"@id\":\"https:\\\/\\\/www.nikocoatings.com\\\/products-solutions\\\/sonoshield\\\/#primaryimage\",\"url\":\"https:\\\/\\\/www.nikocoatings.com\\\/wp-content\\\/uploads\\\/2023\\\/05\\\/SONO-SHIELD-logo-RGB.png\",\"contentUrl\":\"https:\\\/\\\/www.nikocoatings.com\\\/wp-content\\\/uploads\\\/2023\\\/05\\\/SONO-SHIELD-logo-RGB.png\"},{\"@type\":\"BreadcrumbList\",\"@id\":\"https:\\\/\\\/www.nikocoatings.com\\\/products-solutions\\\/sonoshield\\\/#breadcrumb\",\"itemListElement\":[{\"@type\":\"ListItem\",\"position\":1,\"name\":\"Home\",\"item\":\"https:\\\/\\\/www.nikocoatings.com\\\/\"},{\"@type\":\"ListItem\",\"position\":2,\"name\":\"Products &#038; Solutions\",\"item\":\"https:\\\/\\\/www.nikocoatings.com\\\/products-solutions\\\/\"},{\"@type\":\"ListItem\",\"position\":3,\"name\":\"SONOSHIELD\"}]},{\"@type\":\"WebSite\",\"@id\":\"https:\\\/\\\/www.nikocoatings.com\\\/#website\",\"url\":\"https:\\\/\\\/www.nikocoatings.com\\\/\",\"name\":\"Niko Coatings\",\"description\":\"\",\"publisher\":{\"@id\":\"https:\\\/\\\/www.nikocoatings.com\\\/#organization\"},\"potentialAction\":[{\"@type\":\"SearchAction\",\"target\":{\"@type\":\"EntryPoint\",\"urlTemplate\":\"https:\\\/\\\/www.nikocoatings.com\\\/?s={search_term_string}\"},\"query-input\":{\"@type\":\"PropertyValueSpecification\",\"valueRequired\":true,\"valueName\":\"search_term_string\"}}],\"inLanguage\":\"da-DK\"},{\"@type\":\"Organization\",\"@id\":\"https:\\\/\\\/www.nikocoatings.com\\\/#organization\",\"name\":\"Niko Coatings\",\"url\":\"https:\\\/\\\/www.nikocoatings.com\\\/\",\"logo\":{\"@type\":\"ImageObject\",\"inLanguage\":\"da-DK\",\"@id\":\"https:\\\/\\\/www.nikocoatings.com\\\/#\\\/schema\\\/logo\\\/image\\\/\",\"url\":\"https:\\\/\\\/www.nikocoatings.com\\\/wp-content\\\/uploads\\\/2021\\\/08\\\/niko-coatings-logo-medium.png\",\"contentUrl\":\"https:\\\/\\\/www.nikocoatings.com\\\/wp-content\\\/uploads\\\/2021\\\/08\\\/niko-coatings-logo-medium.png\",\"width\":151,\"height\":92,\"caption\":\"Niko Coatings\"},\"image\":{\"@id\":\"https:\\\/\\\/www.nikocoatings.com\\\/#\\\/schema\\\/logo\\\/image\\\/\"},\"sameAs\":[\"https:\\\/\\\/www.linkedin.com\\\/company\\\/niko-coatings-limited\"]}]}<\/script>\n<!-- \/ Yoast SEO plugin. -->","yoast_head_json":{"title":"SONOSHIELD - Niko Coatings","description":"Nikos standard DENSBAK F40 tungt lag til biler er det foretrukne valg for Tier 1 bilvirksomheder i Storbritannien. Vores tunge lag til bilindustrien er designet til at kunne klare en lang r\u00e6kke forarbejdningsbetingelser.","robots":{"index":"index","follow":"follow","max-snippet":"max-snippet:-1","max-image-preview":"max-image-preview:large","max-video-preview":"max-video-preview:-1"},"canonical":"https:\/\/www.nikocoatings.com\/da\/produkter-losninger\/sonoshield\/","og_locale":"da_DK","og_type":"article","og_title":"SONOSHIELD - Niko Coatings","og_description":"Niko\u2019s standard DENSBAK F40 automotive heavy layer is the preferred choice for Tier 1 automotive companies in the UK. Our automotive heavy layers are designed to accommodate a wide range of processing conditions.","og_url":"https:\/\/www.nikocoatings.com\/da\/produkter-losninger\/sonoshield\/","og_site_name":"Niko Coatings","article_modified_time":"2023-05-16T13:31:59+00:00","og_image":[{"url":"https:\/\/www.nikocoatings.com\/wp-content\/uploads\/2023\/05\/SONO-SHIELD-logo-RGB.png","type":"","width":"","height":""}],"twitter_card":"summary_large_image","twitter_misc":{"Estimeret l\u00e6setid":"3 minutter"},"schema":{"@context":"https:\/\/schema.org","@graph":[{"@type":"WebPage","@id":"https:\/\/www.nikocoatings.com\/products-solutions\/sonoshield\/","url":"https:\/\/www.nikocoatings.com\/products-solutions\/sonoshield\/","name":"SONOSHIELD - Niko Coatings","isPartOf":{"@id":"https:\/\/www.nikocoatings.com\/#website"},"primaryImageOfPage":{"@id":"https:\/\/www.nikocoatings.com\/products-solutions\/sonoshield\/#primaryimage"},"image":{"@id":"https:\/\/www.nikocoatings.com\/products-solutions\/sonoshield\/#primaryimage"},"thumbnailUrl":"https:\/\/www.nikocoatings.com\/wp-content\/uploads\/2023\/05\/SONO-SHIELD-logo-RGB.png","datePublished":"2023-05-15T13:11:42+00:00","dateModified":"2023-05-16T13:31:59+00:00","description":"Nikos standard DENSBAK F40 tungt lag til biler er det foretrukne valg for Tier 1 bilvirksomheder i Storbritannien. Vores tunge lag til bilindustrien er designet til at kunne klare en lang r\u00e6kke forarbejdningsbetingelser.","breadcrumb":{"@id":"https:\/\/www.nikocoatings.com\/products-solutions\/sonoshield\/#breadcrumb"},"inLanguage":"da-DK","potentialAction":[{"@type":"ReadAction","target":["https:\/\/www.nikocoatings.com\/products-solutions\/sonoshield\/"]}]},{"@type":"ImageObject","inLanguage":"da-DK","@id":"https:\/\/www.nikocoatings.com\/products-solutions\/sonoshield\/#primaryimage","url":"https:\/\/www.nikocoatings.com\/wp-content\/uploads\/2023\/05\/SONO-SHIELD-logo-RGB.png","contentUrl":"https:\/\/www.nikocoatings.com\/wp-content\/uploads\/2023\/05\/SONO-SHIELD-logo-RGB.png"},{"@type":"BreadcrumbList","@id":"https:\/\/www.nikocoatings.com\/products-solutions\/sonoshield\/#breadcrumb","itemListElement":[{"@type":"ListItem","position":1,"name":"Home","item":"https:\/\/www.nikocoatings.com\/"},{"@type":"ListItem","position":2,"name":"Products &#038; Solutions","item":"https:\/\/www.nikocoatings.com\/products-solutions\/"},{"@type":"ListItem","position":3,"name":"SONOSHIELD"}]},{"@type":"WebSite","@id":"https:\/\/www.nikocoatings.com\/#website","url":"https:\/\/www.nikocoatings.com\/","name":"Niko Coatings","description":"","publisher":{"@id":"https:\/\/www.nikocoatings.com\/#organization"},"potentialAction":[{"@type":"SearchAction","target":{"@type":"EntryPoint","urlTemplate":"https:\/\/www.nikocoatings.com\/?s={search_term_string}"},"query-input":{"@type":"PropertyValueSpecification","valueRequired":true,"valueName":"search_term_string"}}],"inLanguage":"da-DK"},{"@type":"Organization","@id":"https:\/\/www.nikocoatings.com\/#organization","name":"Niko Coatings","url":"https:\/\/www.nikocoatings.com\/","logo":{"@type":"ImageObject","inLanguage":"da-DK","@id":"https:\/\/www.nikocoatings.com\/#\/schema\/logo\/image\/","url":"https:\/\/www.nikocoatings.com\/wp-content\/uploads\/2021\/08\/niko-coatings-logo-medium.png","contentUrl":"https:\/\/www.nikocoatings.com\/wp-content\/uploads\/2021\/08\/niko-coatings-logo-medium.png","width":151,"height":92,"caption":"Niko Coatings"},"image":{"@id":"https:\/\/www.nikocoatings.com\/#\/schema\/logo\/image\/"},"sameAs":["https:\/\/www.linkedin.com\/company\/niko-coatings-limited"]}]}},"_links":{"self":[{"href":"https:\/\/www.nikocoatings.com\/da\/wp-json\/wp\/v2\/pages\/988183","targetHints":{"allow":["GET"]}}],"collection":[{"href":"https:\/\/www.nikocoatings.com\/da\/wp-json\/wp\/v2\/pages"}],"about":[{"href":"https:\/\/www.nikocoatings.com\/da\/wp-json\/wp\/v2\/types\/page"}],"author":[{"embeddable":true,"href":"https:\/\/www.nikocoatings.com\/da\/wp-json\/wp\/v2\/users\/1"}],"replies":[{"embeddable":true,"href":"https:\/\/www.nikocoatings.com\/da\/wp-json\/wp\/v2\/comments?post=988183"}],"version-history":[{"count":0,"href":"https:\/\/www.nikocoatings.com\/da\/wp-json\/wp\/v2\/pages\/988183\/revisions"}],"up":[{"embeddable":true,"href":"https:\/\/www.nikocoatings.com\/da\/wp-json\/wp\/v2\/pages\/13334"}],"wp:attachment":[{"href":"https:\/\/www.nikocoatings.com\/da\/wp-json\/wp\/v2\/media?parent=988183"}],"curies":[{"name":"wp","href":"https:\/\/api.w.org\/{rel}","templated":true}]}}