{"id":11419,"date":"2016-12-05T16:29:56","date_gmt":"2016-12-05T16:29:56","guid":{"rendered":"https:\/\/nex.vamtam.com\/?page_id=11419"},"modified":"2025-08-18T15:02:02","modified_gmt":"2025-08-18T14:02:02","slug":"zuhause","status":"publish","type":"page","link":"https:\/\/www.nikocoatings.com\/de\/","title":{"rendered":"Zuhause"},"content":{"rendered":"<div class=\"vgblk-rw-wrapper limit-wrapper\">\n<h3>\n\t\t\t<a href=\"https:\/\/www.nikocoatings.com\/de\/produkte-losungen\/densbak-automotive\/\" title=\"Automobilindustrie&lt;br&gt;Industrie\" target=\"_self\">\n\tAutomobilindustrie<br \/>Industrie\n\t\t\t<\/a>\n\t<\/h3>\n\t<p>Unsere Schwerschichten f\u00fcr Kraftfahrzeuge sind NVH-Materialien (Noise, Vibration and Harshness). Unsere Schwerbeschichtungen werden als Schallbarrieren eingesetzt, oft in Verbindung mit anderen NVH-Produkten, um K\u00f6rperschall, L\u00e4rm, Vibrationen und Rauheit im Innen- oder Au\u00dfenbereich von Fahrzeugen zu reduzieren oder zu kontrollieren.<\/p>\n<h3>\n\t\t\t<a href=\"https:\/\/www.nikocoatings.com\/de\/produkte-losungen\/densbak-pvc-free-non-vinyl-acoustic-barrier-mats\/\" title=\"Geb&auml;ude &amp;amp;&lt;br&gt; Bausektor\" target=\"_self\">\n\tGeb\u00e4ude &amp;<br \/> Bausektor\n\t\t\t<\/a>\n\t<\/h3>\n\t<p>Die schalld\u00e4mmende Wirkung der DENSBAK-Akustikd\u00e4mmung wird im Baugewerbe eingesetzt, um den Komfort zu erh\u00f6hen und die \u00f6rtlichen Bauvorschriften zu erf\u00fcllen. DENSBAK-Akustikmassenschichten k\u00f6nnen die Schalld\u00e4mmung von Geb\u00e4udeh\u00fcllen verbessern und finden sich in Dachaufbauten, Au\u00dfenwandverkleidungen sowie Innenw\u00e4nden und Bodensystemen. DENSBAK-Produkte werden mit gro\u00dfem Erfolg in der HLK-Branche f\u00fcr die Schalld\u00e4mmung von Kan\u00e4len und Rohren eingesetzt.<\/p>\n<h3>\n\t\t\t<a href=\"https:\/\/www.nikocoatings.com\/de\/produkte-losungen\/densbak-mass-loaded-vinyl-mlv\/\" title=\"&Ouml;l&lt;br&gt; &amp;amp; Gas\" target=\"_self\">\n\t\u00d6l<br \/> &amp; Gas\n\t\t\t<\/a>\n\t<\/h3>\n\t<p>DENSBAK Barium Loaded Vinyl MLV wird in modularen W\u00e4rme- und Schalld\u00e4mmsystemen um Rohrleitungen und Kompressoren gem\u00e4\u00df Shell DEP Klasse C und ISO 15665 verwendet.<\/p>\n\t<h2>Nachhaltigkeit &amp;<br \/>\n<strong>Umwelt<\/strong><\/h2>\n\t<p>Niko hat sich verpflichtet, die Auswirkungen auf die Umwelt durch sein Umweltmanagementsystem (UMS) zu reduzieren, das uns dabei hilft, Abf\u00e4lle zu reduzieren, die Ressourceneffizienz zu verbessern und unsere Kosten f\u00fcr das Abfallmanagement deutlich zu senken.<\/p>\n\t\t\t<a href=\"https:\/\/www.nikocoatings.com\/de\/nachhaltigkeit-umwelt\/\" target=\"_self\">\n\t\t\t\t\t\t\tMehr erfahren\n\t\t\t\t\t<\/a>\n<h1>\n\tISO14001\n\t<\/h1>\n<h1>\n\tNachhaltigkeitszertifizierung mit EcoVadis\n\t<\/h1>\n<h1>\n\tConflict Materials Responsible Minerals Initiative\n\t<\/h1>\n<h1>\n\tISO9001\n\t<\/h1>\n<h1>\n\tISO45001\n\t<\/h1>\n<h1>\n\tRecycling\n\t<\/h1>\n\t\t\t\t<a href=\"https:\/\/www.nikocoatings.com\/wp-content\/uploads\/2025\/08\/Niko-ISO-LOGO.png\" target=\"_self\" itemprop=\"url\" title=\"Niko ISO LOGO\">\n\t\t\t\t\t\t\t<img loading=\"lazy\" decoding=\"async\" src=\"https:\/\/www.nikocoatings.com\/wp-content\/uploads\/2025\/08\/Niko-ISO-LOGO.png\" alt=\"Niko ISO LOGO\" itemprop=\"image\" height=\"516\" width=\"1813\" data-link-type=\"lightbox\" title=\"Niko ISO LOGO\" onerror=\"this.style.display='none'\"  sizes=\"auto, (max-width: 768px) 100vw, 100vw\" srcset=\"https:\/\/www.nikocoatings.com\/wp-content\/uploads\/2025\/08\/Niko-ISO-LOGO.png 1813w, https:\/\/www.nikocoatings.com\/wp-content\/uploads\/2025\/08\/Niko-ISO-LOGO-300x85.png 300w, https:\/\/www.nikocoatings.com\/wp-content\/uploads\/2025\/08\/Niko-ISO-LOGO-1024x291.png 1024w, https:\/\/www.nikocoatings.com\/wp-content\/uploads\/2025\/08\/Niko-ISO-LOGO-768x219.png 768w, https:\/\/www.nikocoatings.com\/wp-content\/uploads\/2025\/08\/Niko-ISO-LOGO-1536x437.png 1536w, https:\/\/www.nikocoatings.com\/wp-content\/uploads\/2025\/08\/Niko-ISO-LOGO-18x5.png 18w, https:\/\/www.nikocoatings.com\/wp-content\/uploads\/2025\/08\/Niko-ISO-LOGO-1400x398.png 1400w, https:\/\/www.nikocoatings.com\/wp-content\/uploads\/2025\/08\/Niko-ISO-LOGO-700x199.png 700w, https:\/\/www.nikocoatings.com\/wp-content\/uploads\/2025\/08\/Niko-ISO-LOGO-466x133.png 466w, https:\/\/www.nikocoatings.com\/wp-content\/uploads\/2025\/08\/Niko-ISO-LOGO-933x266.png 933w, https:\/\/www.nikocoatings.com\/wp-content\/uploads\/2025\/08\/Niko-ISO-LOGO-350x100.png 350w\" \/>\t\t\t\t\t\t<\/a>\n\t\t\t\t\t\t\t<img decoding=\"async\" src=\"https:\/\/www.nikocoatings.com\/wp-content\/plugins\/beaver-builder-lite-version\/img\/pixel.png\" alt=\"\" itemprop=\"image\" data-link-type=\"lightbox\" onerror=\"this.style.display='none'\"  \/>\n\t\t\t\t\t\t\t<img decoding=\"async\" src=\"https:\/\/www.nikocoatings.com\/wp-content\/plugins\/beaver-builder-lite-version\/img\/pixel.png\" alt=\"\" itemprop=\"image\" data-link-type=\"lightbox\" onerror=\"this.style.display='none'\"  \/>\n\t\t\t\t\t\t\t<img loading=\"lazy\" decoding=\"async\" src=\"https:\/\/www.nikocoatings.com\/wp-content\/uploads\/2025\/07\/Ecovadis-Jul2025-700x700.webp\" alt=\"Ecovadis Jul2025\" itemprop=\"image\" height=\"700\" width=\"700\" title=\"Ecovadis Jul2025\" onerror=\"this.style.display='none'\"  sizes=\"auto, (max-width: 768px) 100vw, 100vw\" srcset=\"https:\/\/www.nikocoatings.com\/wp-content\/uploads\/2025\/07\/Ecovadis-Jul2025-700x700.webp 700w, https:\/\/www.nikocoatings.com\/wp-content\/uploads\/2025\/07\/Ecovadis-Jul2025-300x300.webp 300w, https:\/\/www.nikocoatings.com\/wp-content\/uploads\/2025\/07\/Ecovadis-Jul2025-150x150.webp 150w, https:\/\/www.nikocoatings.com\/wp-content\/uploads\/2025\/07\/Ecovadis-Jul2025-768x768.webp 768w, https:\/\/www.nikocoatings.com\/wp-content\/uploads\/2025\/07\/Ecovadis-Jul2025-12x12.webp 12w, https:\/\/www.nikocoatings.com\/wp-content\/uploads\/2025\/07\/Ecovadis-Jul2025-466x466.webp 466w, https:\/\/www.nikocoatings.com\/wp-content\/uploads\/2025\/07\/Ecovadis-Jul2025-350x350.webp 350w, https:\/\/www.nikocoatings.com\/wp-content\/uploads\/2025\/07\/Ecovadis-Jul2025-100x100.webp 100w, https:\/\/www.nikocoatings.com\/wp-content\/uploads\/2025\/07\/Ecovadis-Jul2025.webp 900w\" \/>\t\t\t\t\t\t\t\n\t\t\t\t<a href=\"https:\/\/www.nikocoatings.com\/wp-content\/uploads\/2021\/12\/prs.png\" target=\"_self\" itemprop=\"url\" title=\"prs\">\n\t\t\t\t\t\t\t<img loading=\"lazy\" decoding=\"async\" src=\"https:\/\/www.nikocoatings.com\/wp-content\/uploads\/2021\/12\/prs.png\" alt=\"prs\" itemprop=\"image\" height=\"313\" width=\"472\" data-link-type=\"lightbox\" title=\"prs\" onerror=\"this.style.display='none'\"  sizes=\"auto, (max-width: 768px) 100vw, 100vw\" srcset=\"https:\/\/www.nikocoatings.com\/wp-content\/uploads\/2021\/12\/prs.png 472w, https:\/\/www.nikocoatings.com\/wp-content\/uploads\/2021\/12\/prs-300x199.png 300w, https:\/\/www.nikocoatings.com\/wp-content\/uploads\/2021\/12\/prs-420x279.png 420w, https:\/\/www.nikocoatings.com\/wp-content\/uploads\/2021\/12\/prs-315x209.png 315w\" \/>\t\t\t\t\t\t<\/a>\n\n<\/div><!-- .vgblk-rw-wrapper -->","protected":false},"excerpt":{"rendered":"<p>AutomotiveIndustry Our automotive heavy layers are NVH (noise, vibration, and harshness) materials. Our heavy layers are used as sound transmission barriers, often with other NVH products, to reduce or control structure-borne and noise-borne noises, vibrations , and harshness in the interior or exterior of vehicles. Building &amp; Construction Sector The soundproofing effects provided by DENSBAK&#8230;<\/p>","protected":false},"author":1,"featured_media":0,"parent":0,"menu_order":0,"comment_status":"closed","ping_status":"closed","template":"","meta":{"inline_featured_image":false,"_monsterinsights_skip_tracking":false,"_monsterinsights_sitenote_active":false,"_monsterinsights_sitenote_note":"","_monsterinsights_sitenote_category":0,"footnotes":""},"class_list":["post-11419","page","type-page","status-publish","hentry"],"yoast_head":"<!-- This site is optimized with the Yoast SEO plugin v27.4 - https:\/\/yoast.com\/product\/yoast-seo-wordpress\/ -->\n<title>Niko Coatings - Manufacturer of Automotive Heavy Layers &amp; mass loaded vinyl<\/title>\n<meta name=\"description\" content=\"The UK\u2019s leading primary manufacturer of Automotive Heavy Layers, mass loaded vinyl MLV &amp; mass loaded PVC-free industrial acoustic heavy layer insulation.\" \/>\n<meta name=\"robots\" content=\"index, follow, max-snippet:-1, max-image-preview:large, max-video-preview:-1\" \/>\n<link rel=\"canonical\" href=\"https:\/\/www.nikocoatings.com\/de\/\" \/>\n<meta property=\"og:locale\" content=\"de_DE\" \/>\n<meta property=\"og:type\" content=\"article\" \/>\n<meta property=\"og:title\" content=\"Niko Coatings - Manufacturer of Automotive Heavy Layers &amp; mass loaded vinyl\" \/>\n<meta property=\"og:description\" content=\"The UK\u2019s leading primary manufacturer of Automotive Heavy Layers, mass loaded vinyl MLV &amp; mass loaded PVC-free industrial acoustic heavy layer insulation.\" \/>\n<meta property=\"og:url\" content=\"https:\/\/www.nikocoatings.com\/de\/\" \/>\n<meta property=\"og:site_name\" content=\"Niko Coatings\" \/>\n<meta property=\"article:modified_time\" content=\"2025-08-18T14:02:02+00:00\" \/>\n<meta property=\"og:image\" content=\"https:\/\/www.nikocoatings.com\/wp-content\/uploads\/2025\/08\/Niko-ISO-LOGO.png\" \/>\n<meta name=\"twitter:card\" content=\"summary_large_image\" \/>\n<meta name=\"twitter:label1\" content=\"Gesch\u00e4tzte Lesezeit\" \/>\n\t<meta name=\"twitter:data1\" content=\"2\u00a0Minuten\" \/>\n<script type=\"application\/ld+json\" class=\"yoast-schema-graph\">{\"@context\":\"https:\\\/\\\/schema.org\",\"@graph\":[{\"@type\":\"WebPage\",\"@id\":\"https:\\\/\\\/www.nikocoatings.com\\\/\",\"url\":\"https:\\\/\\\/www.nikocoatings.com\\\/\",\"name\":\"Niko Coatings - Manufacturer of Automotive Heavy Layers & mass loaded vinyl\",\"isPartOf\":{\"@id\":\"https:\\\/\\\/www.nikocoatings.com\\\/#website\"},\"primaryImageOfPage\":{\"@id\":\"https:\\\/\\\/www.nikocoatings.com\\\/#primaryimage\"},\"image\":{\"@id\":\"https:\\\/\\\/www.nikocoatings.com\\\/#primaryimage\"},\"thumbnailUrl\":\"https:\\\/\\\/www.nikocoatings.com\\\/wp-content\\\/uploads\\\/2025\\\/08\\\/Niko-ISO-LOGO.png\",\"datePublished\":\"2016-12-05T16:29:56+00:00\",\"dateModified\":\"2025-08-18T14:02:02+00:00\",\"description\":\"The UK\u2019s leading primary manufacturer of Automotive Heavy Layers, mass loaded vinyl MLV & mass loaded PVC-free industrial acoustic heavy layer insulation.\",\"breadcrumb\":{\"@id\":\"https:\\\/\\\/www.nikocoatings.com\\\/#breadcrumb\"},\"inLanguage\":\"de\",\"potentialAction\":[{\"@type\":\"ReadAction\",\"target\":[\"https:\\\/\\\/www.nikocoatings.com\\\/\"]}]},{\"@type\":\"ImageObject\",\"inLanguage\":\"de\",\"@id\":\"https:\\\/\\\/www.nikocoatings.com\\\/#primaryimage\",\"url\":\"https:\\\/\\\/www.nikocoatings.com\\\/wp-content\\\/uploads\\\/2025\\\/08\\\/Niko-ISO-LOGO.png\",\"contentUrl\":\"https:\\\/\\\/www.nikocoatings.com\\\/wp-content\\\/uploads\\\/2025\\\/08\\\/Niko-ISO-LOGO.png\"},{\"@type\":\"BreadcrumbList\",\"@id\":\"https:\\\/\\\/www.nikocoatings.com\\\/#breadcrumb\",\"itemListElement\":[{\"@type\":\"ListItem\",\"position\":1,\"name\":\"Home\",\"item\":\"https:\\\/\\\/www.nikocoatings.com\\\/\"},{\"@type\":\"ListItem\",\"position\":2,\"name\":\"Home\"}]},{\"@type\":\"WebSite\",\"@id\":\"https:\\\/\\\/www.nikocoatings.com\\\/#website\",\"url\":\"https:\\\/\\\/www.nikocoatings.com\\\/\",\"name\":\"Niko Coatings\",\"description\":\"\",\"publisher\":{\"@id\":\"https:\\\/\\\/www.nikocoatings.com\\\/#organization\"},\"potentialAction\":[{\"@type\":\"SearchAction\",\"target\":{\"@type\":\"EntryPoint\",\"urlTemplate\":\"https:\\\/\\\/www.nikocoatings.com\\\/?s={search_term_string}\"},\"query-input\":{\"@type\":\"PropertyValueSpecification\",\"valueRequired\":true,\"valueName\":\"search_term_string\"}}],\"inLanguage\":\"de\"},{\"@type\":\"Organization\",\"@id\":\"https:\\\/\\\/www.nikocoatings.com\\\/#organization\",\"name\":\"Niko Coatings\",\"url\":\"https:\\\/\\\/www.nikocoatings.com\\\/\",\"logo\":{\"@type\":\"ImageObject\",\"inLanguage\":\"de\",\"@id\":\"https:\\\/\\\/www.nikocoatings.com\\\/#\\\/schema\\\/logo\\\/image\\\/\",\"url\":\"https:\\\/\\\/www.nikocoatings.com\\\/wp-content\\\/uploads\\\/2021\\\/08\\\/niko-coatings-logo-medium.png\",\"contentUrl\":\"https:\\\/\\\/www.nikocoatings.com\\\/wp-content\\\/uploads\\\/2021\\\/08\\\/niko-coatings-logo-medium.png\",\"width\":151,\"height\":92,\"caption\":\"Niko Coatings\"},\"image\":{\"@id\":\"https:\\\/\\\/www.nikocoatings.com\\\/#\\\/schema\\\/logo\\\/image\\\/\"},\"sameAs\":[\"https:\\\/\\\/www.linkedin.com\\\/company\\\/niko-coatings-limited\"]}]}<\/script>\n<!-- \/ Yoast SEO plugin. -->","yoast_head_json":{"title":"Niko Coatings - Hersteller von Automotive Heavy Layers &amp; mass loaded vinyl","description":"Der f\u00fchrende britische Hersteller von Schwerlastd\u00e4mmstoffen f\u00fcr die Automobilindustrie, massebeladenen Vinyl-D\u00e4mmstoffen und massebeladenen PVC-freien Schwerlastd\u00e4mmstoffen f\u00fcr die Industrie.","robots":{"index":"index","follow":"follow","max-snippet":"max-snippet:-1","max-image-preview":"max-image-preview:large","max-video-preview":"max-video-preview:-1"},"canonical":"https:\/\/www.nikocoatings.com\/de\/","og_locale":"de_DE","og_type":"article","og_title":"Niko Coatings - Manufacturer of Automotive Heavy Layers & mass loaded vinyl","og_description":"The UK\u2019s leading primary manufacturer of Automotive Heavy Layers, mass loaded vinyl MLV & mass loaded PVC-free industrial acoustic heavy layer insulation.","og_url":"https:\/\/www.nikocoatings.com\/de\/","og_site_name":"Niko Coatings","article_modified_time":"2025-08-18T14:02:02+00:00","og_image":[{"url":"https:\/\/www.nikocoatings.com\/wp-content\/uploads\/2025\/08\/Niko-ISO-LOGO.png","type":"","width":"","height":""}],"twitter_card":"summary_large_image","twitter_misc":{"Gesch\u00e4tzte Lesezeit":"2\u00a0Minuten"},"schema":{"@context":"https:\/\/schema.org","@graph":[{"@type":"WebPage","@id":"https:\/\/www.nikocoatings.com\/","url":"https:\/\/www.nikocoatings.com\/","name":"Niko Coatings - Hersteller von Automotive Heavy Layers &amp; mass loaded vinyl","isPartOf":{"@id":"https:\/\/www.nikocoatings.com\/#website"},"primaryImageOfPage":{"@id":"https:\/\/www.nikocoatings.com\/#primaryimage"},"image":{"@id":"https:\/\/www.nikocoatings.com\/#primaryimage"},"thumbnailUrl":"https:\/\/www.nikocoatings.com\/wp-content\/uploads\/2025\/08\/Niko-ISO-LOGO.png","datePublished":"2016-12-05T16:29:56+00:00","dateModified":"2025-08-18T14:02:02+00:00","description":"Der f\u00fchrende britische Hersteller von Schwerlastd\u00e4mmstoffen f\u00fcr die Automobilindustrie, massebeladenen Vinyl-D\u00e4mmstoffen und massebeladenen PVC-freien Schwerlastd\u00e4mmstoffen f\u00fcr die Industrie.","breadcrumb":{"@id":"https:\/\/www.nikocoatings.com\/#breadcrumb"},"inLanguage":"de","potentialAction":[{"@type":"ReadAction","target":["https:\/\/www.nikocoatings.com\/"]}]},{"@type":"ImageObject","inLanguage":"de","@id":"https:\/\/www.nikocoatings.com\/#primaryimage","url":"https:\/\/www.nikocoatings.com\/wp-content\/uploads\/2025\/08\/Niko-ISO-LOGO.png","contentUrl":"https:\/\/www.nikocoatings.com\/wp-content\/uploads\/2025\/08\/Niko-ISO-LOGO.png"},{"@type":"BreadcrumbList","@id":"https:\/\/www.nikocoatings.com\/#breadcrumb","itemListElement":[{"@type":"ListItem","position":1,"name":"Home","item":"https:\/\/www.nikocoatings.com\/"},{"@type":"ListItem","position":2,"name":"Home"}]},{"@type":"WebSite","@id":"https:\/\/www.nikocoatings.com\/#website","url":"https:\/\/www.nikocoatings.com\/","name":"Niko Beschichtungen","description":"","publisher":{"@id":"https:\/\/www.nikocoatings.com\/#organization"},"potentialAction":[{"@type":"SearchAction","target":{"@type":"EntryPoint","urlTemplate":"https:\/\/www.nikocoatings.com\/?s={search_term_string}"},"query-input":{"@type":"PropertyValueSpecification","valueRequired":true,"valueName":"search_term_string"}}],"inLanguage":"de"},{"@type":"Organization","@id":"https:\/\/www.nikocoatings.com\/#organization","name":"Niko Beschichtungen","url":"https:\/\/www.nikocoatings.com\/","logo":{"@type":"ImageObject","inLanguage":"de","@id":"https:\/\/www.nikocoatings.com\/#\/schema\/logo\/image\/","url":"https:\/\/www.nikocoatings.com\/wp-content\/uploads\/2021\/08\/niko-coatings-logo-medium.png","contentUrl":"https:\/\/www.nikocoatings.com\/wp-content\/uploads\/2021\/08\/niko-coatings-logo-medium.png","width":151,"height":92,"caption":"Niko Coatings"},"image":{"@id":"https:\/\/www.nikocoatings.com\/#\/schema\/logo\/image\/"},"sameAs":["https:\/\/www.linkedin.com\/company\/niko-coatings-limited"]}]}},"_links":{"self":[{"href":"https:\/\/www.nikocoatings.com\/de\/wp-json\/wp\/v2\/pages\/11419","targetHints":{"allow":["GET"]}}],"collection":[{"href":"https:\/\/www.nikocoatings.com\/de\/wp-json\/wp\/v2\/pages"}],"about":[{"href":"https:\/\/www.nikocoatings.com\/de\/wp-json\/wp\/v2\/types\/page"}],"author":[{"embeddable":true,"href":"https:\/\/www.nikocoatings.com\/de\/wp-json\/wp\/v2\/users\/1"}],"replies":[{"embeddable":true,"href":"https:\/\/www.nikocoatings.com\/de\/wp-json\/wp\/v2\/comments?post=11419"}],"version-history":[{"count":3,"href":"https:\/\/www.nikocoatings.com\/de\/wp-json\/wp\/v2\/pages\/11419\/revisions"}],"predecessor-version":[{"id":988381,"href":"https:\/\/www.nikocoatings.com\/de\/wp-json\/wp\/v2\/pages\/11419\/revisions\/988381"}],"wp:attachment":[{"href":"https:\/\/www.nikocoatings.com\/de\/wp-json\/wp\/v2\/media?parent=11419"}],"curies":[{"name":"wp","href":"https:\/\/api.w.org\/{rel}","templated":true}]}}