{"id":987708,"date":"2021-11-09T11:33:15","date_gmt":"2021-11-09T11:33:15","guid":{"rendered":"https:\/\/www.nikocoatings.com\/new\/?page_id=987708"},"modified":"2025-06-03T13:00:05","modified_gmt":"2025-06-03T12:00:05","slug":"unternehmen","status":"publish","type":"page","link":"https:\/\/www.nikocoatings.com\/de\/company\/","title":{"rendered":"Unternehmen"},"content":{"rendered":"<div class=\"vgblk-rw-wrapper limit-wrapper\">\n\n\t<h2>Wer sind wir?<\/h2>\n<p>Niko Coatings Ltd. wurde 1979 in Bradford (Gro\u00dfbritannien) gegr\u00fcndet und ist ein Familienunternehmen, das sich zu Gro\u00dfbritanniens gr\u00f6\u00dftem Hersteller von Schwerschicht-Schalld\u00e4mmstoffen entwickelt hat. In den letzten vier Jahrzehnten haben wir in unsere hochmodernen Produktionsanlagen investiert und sie st\u00e4ndig weiterentwickelt, um den sich \u00e4ndernden Marktanforderungen gerecht zu werden.<\/p>\n<h2>Warum Niko?<\/h2>\n<p>DENSBAK-Schwerlastprodukte haben sich als zuverl\u00e4ssig erwiesen und bieten all unseren nationalen und internationalen Kunden einen au\u00dfergew\u00f6hnlichen Wert. Unser umfangreiches Angebot an flexiblen Schallschutzw\u00e4nden kann entweder als einfache, einlagige oder als mehrlagige Verbundprodukte geliefert werden.<\/p>\n<p>DENSBAK-Materialien werden mit gro\u00dfem Erfolg in verschiedenen Bereichen eingesetzt, z. B. im allgemeinen Bauwesen, in der Automobilindustrie, im h\u00e4uslichen und industriellen Schallschutz, im Massentransport und in Verarbeitungsbetrieben.<\/p>\n\n<h3>Management Team \/ Kontaktinformationen<\/h3>\n<h3>Unser freundliches Team!<\/h3>\n\t<h3>Gesch\u00e4ftsf\u00fchrerin<\/h3>\n<p><a href=\"https:\/\/www.nikocoatings.com\/wp-content\/uploads\/2021\/11\/Chris-photo.jpg\"><img loading=\"lazy\" decoding=\"async\" src=\"https:\/\/www.nikocoatings.com\/wp-content\/uploads\/2021\/11\/Chris-photo-150x150.jpg\" alt=\"\" width=\"124\" height=\"124\" \/><\/a><\/p>\n<p>Chris Davison\u00a0<br \/><a href=\"mailto:chris@nikocoatings.com\">chris@nikocoatings.com<\/a><\/p>\n\n\t<h3>Finanzdirektor<a href=\"https:\/\/www.nikocoatings.com\/wp-content\/uploads\/2021\/11\/Chris-photo.jpg\"><img loading=\"lazy\" decoding=\"async\" src=\"https:\/\/www.nikocoatings.com\/wp-content\/uploads\/2022\/02\/IMG_4719-226x300.jpg\" alt=\"\" width=\"115\" height=\"153\" \/><\/a><\/h3>\n<p>Clare Turner<br \/><a href=\"mailto:clare@nikocoatings.com\">clare@nikocoatings.com<\/a><\/p>\n\t<p><img loading=\"lazy\" decoding=\"async\" src=\"https:\/\/www.nikocoatings.com\/wp-content\/uploads\/2022\/02\/IMG_FE0626FDAF21-1-300x300.jpeg\" alt=\"\" width=\"145\" height=\"145\" \/><\/p>\n<strong>Barry Roebuck<br \/>\n<\/strong>\nTechnischer Leiter<br \/>\n<a href=\"mailto:barry@nikocoatings.com\">barry@nikocoatings.com<\/a>\n\t<p><a href=\"https:\/\/www.nikocoatings.com\/wp-content\/uploads\/2021\/12\/IMG-20211210-WA0001.jpg\"><img loading=\"lazy\" decoding=\"async\" src=\"https:\/\/www.nikocoatings.com\/wp-content\/uploads\/2021\/12\/IMG-20211210-WA0001-150x150.jpg\" alt=\"\" width=\"150\" height=\"150\" \/><\/a><\/p>\n<p><strong>Paul Kelly<\/strong><\/p>\nDirektor Vertrieb &amp; Marketing<br \/>\n<a href=\"mailto:paul@nikocoatings.com\">paul@nikocoatings.com<\/a>\n\t<p><a href=\"https:\/\/www.nikocoatings.com\/wp-content\/uploads\/2025\/06\/ChrisSenior.jpg\"><img loading=\"lazy\" decoding=\"async\" src=\"https:\/\/www.nikocoatings.com\/wp-content\/uploads\/2025\/06\/ChrisSenior-150x150.jpg\" alt=\"\" width=\"150\" height=\"150\" \/><\/a><\/p>\n<p><strong>Chris Senior<\/strong><\/p>\nQHSE Manager<br \/>\n<a href=\"mailto:chris.senior@nikocoatings.com\">chris.senior@nikocoatings.com<\/a>\n\t<p><a href=\"https:\/\/www.nikocoatings.com\/wp-content\/uploads\/2025\/06\/MilenaMonka.jpg\"><img loading=\"lazy\" decoding=\"async\" src=\"https:\/\/www.nikocoatings.com\/wp-content\/uploads\/2025\/06\/MilenaMonka-150x150.jpg\" alt=\"\" width=\"150\" height=\"150\" \/><\/a><\/p>\n<p><strong>Milena Monka<\/strong><\/p>\nPurchase\/Office Admin<br \/>\n<a href=\"mailto:milena@nikocoatings.com\">milena@nikocoatings.com <\/a>\n\t<p><img loading=\"lazy\" decoding=\"async\" src=\"https:\/\/www.nikocoatings.com\/wp-content\/uploads\/2021\/11\/Sheron-150x150.png\" alt=\"\" width=\"142\" height=\"142\" \/><\/p>\n<p><strong>Sheron Rushton<\/strong><\/p>\nProduktion Admin Controller<br \/>\n<a href=\"mailto:sheron@nikocoatings.com\">sheron@nikocoatings.com <\/a>\n\t<p><img loading=\"lazy\" decoding=\"async\" src=\"https:\/\/www.nikocoatings.com\/wp-content\/uploads\/2021\/11\/Mark-150x150.png\" alt=\"\" width=\"163\" height=\"163\" \/><strong>Mark Gr\u00fcn<\/strong><\/p>\nProduktionsleiter\/QC<br \/>\n<a href=\"mailto:mark@nikocoatings.com\">mark@nikocoatings.com<\/a>\n\t<p><img loading=\"lazy\" decoding=\"async\" src=\"https:\/\/www.nikocoatings.com\/wp-content\/uploads\/2021\/11\/cathy-150x150.png\" alt=\"\" width=\"164\" height=\"164\" \/><strong>Cathy Ball<\/strong><\/p>\nFinanzen Verwaltung &amp; HR<br \/>\n<a href=\"mailto:cathy@nikocoatings.com\">cathy@nikocoatings.com<\/a>\n\n<\/div><!-- .vgblk-rw-wrapper -->","protected":false},"excerpt":{"rendered":"<p>Wer sind wir? Niko Coatings Ltd. wurde 1979 in Bradford (Gro\u00dfbritannien) gegr\u00fcndet und ist ein Familienunternehmen, das sich zu Gro\u00dfbritanniens gr\u00f6\u00dftem Hersteller von Schwerschicht-Schalld\u00e4mmstoffen entwickelt hat. In den letzten vier Jahrzehnten haben wir in unsere hochmodernen Produktionsanlagen investiert und sie st\u00e4ndig weiterentwickelt, um den sich \u00e4ndernden Marktbedingungen...<\/p>","protected":false},"author":1,"featured_media":0,"parent":0,"menu_order":0,"comment_status":"closed","ping_status":"closed","template":"","meta":{"inline_featured_image":false,"_monsterinsights_skip_tracking":false,"_monsterinsights_sitenote_active":false,"_monsterinsights_sitenote_note":"","_monsterinsights_sitenote_category":0,"footnotes":""},"class_list":["post-987708","page","type-page","status-publish","hentry"],"yoast_head":"<!-- This site is optimized with the Yoast SEO plugin v27.4 - https:\/\/yoast.com\/product\/yoast-seo-wordpress\/ -->\n<title>Company - Niko Coatings<\/title>\n<meta name=\"description\" content=\"Established in Bradford, UK in 1979, Niko Coatings Ltd is a family owned business that has grown to become the UK\u2019s largest primary manufacture of heavy layer sound insulation materials. Over the past four decades, our state-of-the-art production facilities have benefited from significant investment and have constantly evolved to meet changing market needs.\" \/>\n<meta name=\"robots\" content=\"index, follow, max-snippet:-1, max-image-preview:large, max-video-preview:-1\" \/>\n<link rel=\"canonical\" href=\"https:\/\/www.nikocoatings.com\/de\/unternehmen\/\" \/>\n<meta property=\"og:locale\" content=\"de_DE\" \/>\n<meta property=\"og:type\" content=\"article\" \/>\n<meta property=\"og:title\" content=\"Company - Niko Coatings\" \/>\n<meta property=\"og:description\" content=\"Established in Bradford, UK in 1979, Niko Coatings Ltd is a family owned business that has grown to become the UK\u2019s largest primary manufacture of heavy layer sound insulation materials. Over the past four decades, our state-of-the-art production facilities have benefited from significant investment and have constantly evolved to meet changing market needs.\" \/>\n<meta property=\"og:url\" content=\"https:\/\/www.nikocoatings.com\/de\/unternehmen\/\" \/>\n<meta property=\"og:site_name\" content=\"Niko Coatings\" \/>\n<meta property=\"article:modified_time\" content=\"2025-06-03T12:00:05+00:00\" \/>\n<meta property=\"og:image\" content=\"https:\/\/www.nikocoatings.com\/wp-content\/uploads\/2021\/11\/Chris-photo-150x150.jpg\" \/>\n<meta name=\"twitter:card\" content=\"summary_large_image\" \/>\n<meta name=\"twitter:label1\" content=\"Gesch\u00e4tzte Lesezeit\" \/>\n\t<meta name=\"twitter:data1\" content=\"3\u00a0Minuten\" \/>\n<script type=\"application\/ld+json\" class=\"yoast-schema-graph\">{\"@context\":\"https:\\\/\\\/schema.org\",\"@graph\":[{\"@type\":\"WebPage\",\"@id\":\"https:\\\/\\\/www.nikocoatings.com\\\/company\\\/\",\"url\":\"https:\\\/\\\/www.nikocoatings.com\\\/company\\\/\",\"name\":\"Company - Niko Coatings\",\"isPartOf\":{\"@id\":\"https:\\\/\\\/www.nikocoatings.com\\\/#website\"},\"primaryImageOfPage\":{\"@id\":\"https:\\\/\\\/www.nikocoatings.com\\\/company\\\/#primaryimage\"},\"image\":{\"@id\":\"https:\\\/\\\/www.nikocoatings.com\\\/company\\\/#primaryimage\"},\"thumbnailUrl\":\"https:\\\/\\\/www.nikocoatings.com\\\/wp-content\\\/uploads\\\/2021\\\/11\\\/Chris-photo-150x150.jpg\",\"datePublished\":\"2021-11-09T11:33:15+00:00\",\"dateModified\":\"2025-06-03T12:00:05+00:00\",\"description\":\"Established in Bradford, UK in 1979, Niko Coatings Ltd is a family owned business that has grown to become the UK\u2019s largest primary manufacture of heavy layer sound insulation materials. Over the past four decades, our state-of-the-art production facilities have benefited from significant investment and have constantly evolved to meet changing market needs.\",\"breadcrumb\":{\"@id\":\"https:\\\/\\\/www.nikocoatings.com\\\/company\\\/#breadcrumb\"},\"inLanguage\":\"de\",\"potentialAction\":[{\"@type\":\"ReadAction\",\"target\":[\"https:\\\/\\\/www.nikocoatings.com\\\/company\\\/\"]}]},{\"@type\":\"ImageObject\",\"inLanguage\":\"de\",\"@id\":\"https:\\\/\\\/www.nikocoatings.com\\\/company\\\/#primaryimage\",\"url\":\"https:\\\/\\\/www.nikocoatings.com\\\/wp-content\\\/uploads\\\/2021\\\/11\\\/Chris-photo-150x150.jpg\",\"contentUrl\":\"https:\\\/\\\/www.nikocoatings.com\\\/wp-content\\\/uploads\\\/2021\\\/11\\\/Chris-photo-150x150.jpg\"},{\"@type\":\"BreadcrumbList\",\"@id\":\"https:\\\/\\\/www.nikocoatings.com\\\/company\\\/#breadcrumb\",\"itemListElement\":[{\"@type\":\"ListItem\",\"position\":1,\"name\":\"Home\",\"item\":\"https:\\\/\\\/www.nikocoatings.com\\\/\"},{\"@type\":\"ListItem\",\"position\":2,\"name\":\"Company\"}]},{\"@type\":\"WebSite\",\"@id\":\"https:\\\/\\\/www.nikocoatings.com\\\/#website\",\"url\":\"https:\\\/\\\/www.nikocoatings.com\\\/\",\"name\":\"Niko Coatings\",\"description\":\"\",\"publisher\":{\"@id\":\"https:\\\/\\\/www.nikocoatings.com\\\/#organization\"},\"potentialAction\":[{\"@type\":\"SearchAction\",\"target\":{\"@type\":\"EntryPoint\",\"urlTemplate\":\"https:\\\/\\\/www.nikocoatings.com\\\/?s={search_term_string}\"},\"query-input\":{\"@type\":\"PropertyValueSpecification\",\"valueRequired\":true,\"valueName\":\"search_term_string\"}}],\"inLanguage\":\"de\"},{\"@type\":\"Organization\",\"@id\":\"https:\\\/\\\/www.nikocoatings.com\\\/#organization\",\"name\":\"Niko Coatings\",\"url\":\"https:\\\/\\\/www.nikocoatings.com\\\/\",\"logo\":{\"@type\":\"ImageObject\",\"inLanguage\":\"de\",\"@id\":\"https:\\\/\\\/www.nikocoatings.com\\\/#\\\/schema\\\/logo\\\/image\\\/\",\"url\":\"https:\\\/\\\/www.nikocoatings.com\\\/wp-content\\\/uploads\\\/2021\\\/08\\\/niko-coatings-logo-medium.png\",\"contentUrl\":\"https:\\\/\\\/www.nikocoatings.com\\\/wp-content\\\/uploads\\\/2021\\\/08\\\/niko-coatings-logo-medium.png\",\"width\":151,\"height\":92,\"caption\":\"Niko Coatings\"},\"image\":{\"@id\":\"https:\\\/\\\/www.nikocoatings.com\\\/#\\\/schema\\\/logo\\\/image\\\/\"},\"sameAs\":[\"https:\\\/\\\/www.linkedin.com\\\/company\\\/niko-coatings-limited\"]}]}<\/script>\n<!-- \/ Yoast SEO plugin. -->","yoast_head_json":{"title":"Unternehmen - Niko Coatings","description":"Niko Coatings Ltd. wurde 1979 in Bradford (Gro\u00dfbritannien) gegr\u00fcndet und ist ein Familienunternehmen, das sich zu Gro\u00dfbritanniens gr\u00f6\u00dftem Hersteller von Schwerschicht-Schalld\u00e4mmstoffen entwickelt hat. In den letzten vier Jahrzehnten haben wir in unsere hochmodernen Produktionsanlagen investiert und sie st\u00e4ndig weiterentwickelt, um den sich \u00e4ndernden Marktanforderungen gerecht zu werden.","robots":{"index":"index","follow":"follow","max-snippet":"max-snippet:-1","max-image-preview":"max-image-preview:large","max-video-preview":"max-video-preview:-1"},"canonical":"https:\/\/www.nikocoatings.com\/de\/unternehmen\/","og_locale":"de_DE","og_type":"article","og_title":"Company - Niko Coatings","og_description":"Established in Bradford, UK in 1979, Niko Coatings Ltd is a family owned business that has grown to become the UK\u2019s largest primary manufacture of heavy layer sound insulation materials. Over the past four decades, our state-of-the-art production facilities have benefited from significant investment and have constantly evolved to meet changing market needs.","og_url":"https:\/\/www.nikocoatings.com\/de\/unternehmen\/","og_site_name":"Niko Coatings","article_modified_time":"2025-06-03T12:00:05+00:00","og_image":[{"url":"https:\/\/www.nikocoatings.com\/wp-content\/uploads\/2021\/11\/Chris-photo-150x150.jpg","type":"","width":"","height":""}],"twitter_card":"summary_large_image","twitter_misc":{"Gesch\u00e4tzte Lesezeit":"3\u00a0Minuten"},"schema":{"@context":"https:\/\/schema.org","@graph":[{"@type":"WebPage","@id":"https:\/\/www.nikocoatings.com\/company\/","url":"https:\/\/www.nikocoatings.com\/company\/","name":"Unternehmen - Niko Coatings","isPartOf":{"@id":"https:\/\/www.nikocoatings.com\/#website"},"primaryImageOfPage":{"@id":"https:\/\/www.nikocoatings.com\/company\/#primaryimage"},"image":{"@id":"https:\/\/www.nikocoatings.com\/company\/#primaryimage"},"thumbnailUrl":"https:\/\/www.nikocoatings.com\/wp-content\/uploads\/2021\/11\/Chris-photo-150x150.jpg","datePublished":"2021-11-09T11:33:15+00:00","dateModified":"2025-06-03T12:00:05+00:00","description":"Niko Coatings Ltd. wurde 1979 in Bradford (Gro\u00dfbritannien) gegr\u00fcndet und ist ein Familienunternehmen, das sich zu Gro\u00dfbritanniens gr\u00f6\u00dftem Hersteller von Schwerschicht-Schalld\u00e4mmstoffen entwickelt hat. In den letzten vier Jahrzehnten haben wir in unsere hochmodernen Produktionsanlagen investiert und sie st\u00e4ndig weiterentwickelt, um den sich \u00e4ndernden Marktanforderungen gerecht zu werden.","breadcrumb":{"@id":"https:\/\/www.nikocoatings.com\/company\/#breadcrumb"},"inLanguage":"de","potentialAction":[{"@type":"ReadAction","target":["https:\/\/www.nikocoatings.com\/company\/"]}]},{"@type":"ImageObject","inLanguage":"de","@id":"https:\/\/www.nikocoatings.com\/company\/#primaryimage","url":"https:\/\/www.nikocoatings.com\/wp-content\/uploads\/2021\/11\/Chris-photo-150x150.jpg","contentUrl":"https:\/\/www.nikocoatings.com\/wp-content\/uploads\/2021\/11\/Chris-photo-150x150.jpg"},{"@type":"BreadcrumbList","@id":"https:\/\/www.nikocoatings.com\/company\/#breadcrumb","itemListElement":[{"@type":"ListItem","position":1,"name":"Home","item":"https:\/\/www.nikocoatings.com\/"},{"@type":"ListItem","position":2,"name":"Company"}]},{"@type":"WebSite","@id":"https:\/\/www.nikocoatings.com\/#website","url":"https:\/\/www.nikocoatings.com\/","name":"Niko Beschichtungen","description":"","publisher":{"@id":"https:\/\/www.nikocoatings.com\/#organization"},"potentialAction":[{"@type":"SearchAction","target":{"@type":"EntryPoint","urlTemplate":"https:\/\/www.nikocoatings.com\/?s={search_term_string}"},"query-input":{"@type":"PropertyValueSpecification","valueRequired":true,"valueName":"search_term_string"}}],"inLanguage":"de"},{"@type":"Organization","@id":"https:\/\/www.nikocoatings.com\/#organization","name":"Niko Beschichtungen","url":"https:\/\/www.nikocoatings.com\/","logo":{"@type":"ImageObject","inLanguage":"de","@id":"https:\/\/www.nikocoatings.com\/#\/schema\/logo\/image\/","url":"https:\/\/www.nikocoatings.com\/wp-content\/uploads\/2021\/08\/niko-coatings-logo-medium.png","contentUrl":"https:\/\/www.nikocoatings.com\/wp-content\/uploads\/2021\/08\/niko-coatings-logo-medium.png","width":151,"height":92,"caption":"Niko Coatings"},"image":{"@id":"https:\/\/www.nikocoatings.com\/#\/schema\/logo\/image\/"},"sameAs":["https:\/\/www.linkedin.com\/company\/niko-coatings-limited"]}]}},"_links":{"self":[{"href":"https:\/\/www.nikocoatings.com\/de\/wp-json\/wp\/v2\/pages\/987708","targetHints":{"allow":["GET"]}}],"collection":[{"href":"https:\/\/www.nikocoatings.com\/de\/wp-json\/wp\/v2\/pages"}],"about":[{"href":"https:\/\/www.nikocoatings.com\/de\/wp-json\/wp\/v2\/types\/page"}],"author":[{"embeddable":true,"href":"https:\/\/www.nikocoatings.com\/de\/wp-json\/wp\/v2\/users\/1"}],"replies":[{"embeddable":true,"href":"https:\/\/www.nikocoatings.com\/de\/wp-json\/wp\/v2\/comments?post=987708"}],"version-history":[{"count":0,"href":"https:\/\/www.nikocoatings.com\/de\/wp-json\/wp\/v2\/pages\/987708\/revisions"}],"wp:attachment":[{"href":"https:\/\/www.nikocoatings.com\/de\/wp-json\/wp\/v2\/media?parent=987708"}],"curies":[{"name":"wp","href":"https:\/\/api.w.org\/{rel}","templated":true}]}}