{"id":987737,"date":"2021-11-09T15:11:07","date_gmt":"2021-11-09T15:11:07","guid":{"rendered":"https:\/\/www.nikocoatings.com\/new\/?page_id=987737"},"modified":"2022-01-14T15:50:07","modified_gmt":"2022-01-14T15:50:07","slug":"unsere-dienstleistungen-kapazitaten","status":"publish","type":"page","link":"https:\/\/www.nikocoatings.com\/de\/our-services-capabilities\/","title":{"rendered":"Unsere Dienstleistungen &amp; F\u00e4higkeiten"},"content":{"rendered":"<div class=\"vgblk-rw-wrapper limit-wrapper\">\r\n\r\n\t<h2>Entwicklung<\/h2>\r\n<p>Unser internes Niko-Labor f\u00fchrt Qualit\u00e4ts- und Konformit\u00e4tspr\u00fcfungen f\u00fcr unsere Produkte durch. Zus\u00e4tzlich zu unseren eigenen internen Pr\u00fcfungen kann Niko durch die Zusammenarbeit mit einer Reihe von Drittlaboren externe akkreditierte Pr\u00fcfungen anbieten.<\/p>\r\n<h2>Lamination<\/h2>\r\n<p>Wir laminieren unsere schweren Schichten auf eine Vielzahl verschiedener Materialien, darunter Filme, Folien, Vliese, Jute, Teppiche, TPOs und Selbstklebstoffe. Wir sind stolz auf unsere F\u00e4higkeit, Produkte zu laminieren, oft auch ohne Klebstoffe. Wir sind immer daran interessiert, neue Produkte mit verschiedenen Laminaten zu entwickeln, also kontaktiere uns bitte, wenn du spezielle Anforderungen hast.<\/p>\r\n<h2>Verpackungsoptionen<\/h2>\r\n<p>Niko setzt sich daf\u00fcr ein, den Abfall zu minimieren. DENSBAK ist von Natur aus ein Material mit geringer Klebrigkeit und ben\u00f6tigt daher keine zus\u00e4tzlichen Lagen von Zwischenlagen oder Plastikbeuteln, um zu verhindern, dass die Materialien zusammenkleben und blockieren. Das bedeutet, dass wir unn\u00f6tige Verpackungskosten einsparen und den Abfall reduzieren k\u00f6nnen - und damit die Umwelt schonen.<\/p>\r\n<h3>Verpacken von Platten und Rollen<\/h3>\r\n<p><a href=\"https:\/\/www.nikocoatings.com\/wp-content\/uploads\/2021\/11\/Large-Rolls-Heat-Shrinking-Packaging.jpg\"><img loading=\"lazy\" decoding=\"async\" src=\"https:\/\/www.nikocoatings.com\/wp-content\/uploads\/2021\/11\/Large-Rolls-Heat-Shrinking-Packaging-257x300.jpg\" alt=\"\" width=\"257\" height=\"300\" \/><\/a>Wir stellen Produkte in Form von Platten oder Rollen her. Rollen k\u00f6nnen entweder klein (bis zu 45 kg pro Rolle) oder Jumbo-Rollen (bis zu 850 g pro Rolle) sein. Bitte besprich deine speziellen Anforderungen mit unserem Team.<\/p>\r\n<p>&nbsp;<\/p>\r\n<h2>Stanzen<\/h2>\r\n<p>Das Stanzen bietet dem Kunden die M\u00f6glichkeit, genauere Schnitttoleranzen zu haben und den Verschnitt an der Quelle zu reduzieren - das spart sowohl Verpackung als auch Vertriebs- und Umweltkosten.<\/p>\r\n<p>Je nach Gr\u00f6\u00dfe k\u00f6nnen die meisten Holzpaletten als 2- oder 4-Wege-Einstieg geliefert werden, wobei auf Wunsch auch eine Vollverschalung und\/oder W\u00e4rmebehandlung m\u00f6glich ist. Die Kunden k\u00f6nnen die Paletten wiederverwenden und\/oder an Niko zur\u00fcckschicken.<\/p>\r\n<p>Paletten werden in der Regel umreift und mit Hei\u00dfsiegelfolie umwickelt, um m\u00f6gliche Transportsch\u00e4den zu minimieren.<\/p>\r\n\r\n<\/div><!-- .vgblk-rw-wrapper -->","protected":false},"excerpt":{"rendered":"<p>Entwicklung Unser internes Niko-Labor f\u00fchrt Qualit\u00e4ts- und Konformit\u00e4tstests f\u00fcr unsere Produkte durch. Zus\u00e4tzlich zu unseren eigenen internen Tests kann Niko durch die Zusammenarbeit mit einer Reihe von Drittlaboren externe akkreditierte Tests anbieten. Kaschierung Wir kaschieren unsere schweren Schichten auf eine Vielzahl unterschiedlicher Materialien, darunter Filme, Folien, Vliese, Jute, Teppiche, TPOs und Selbstklebemittel....<\/p>","protected":false},"author":1,"featured_media":0,"parent":0,"menu_order":0,"comment_status":"closed","ping_status":"closed","template":"","meta":{"inline_featured_image":false,"_monsterinsights_skip_tracking":false,"_monsterinsights_sitenote_active":false,"_monsterinsights_sitenote_note":"","_monsterinsights_sitenote_category":0,"footnotes":""},"class_list":["post-987737","page","type-page","status-publish","hentry"],"yoast_head":"<!-- This site is optimized with the Yoast SEO plugin v27.4 - https:\/\/yoast.com\/product\/yoast-seo-wordpress\/ -->\n<title>Our Services &amp; Capabilities - Niko Coatings<\/title>\n<meta name=\"description\" content=\"Development, Lamination, Packaging Options, Die cutting. Niko is committed to helping to minimise waste.\" \/>\n<meta name=\"robots\" content=\"index, follow, max-snippet:-1, max-image-preview:large, max-video-preview:-1\" \/>\n<link rel=\"canonical\" href=\"https:\/\/www.nikocoatings.com\/de\/unsere-dienstleistungen-kapazitaten\/\" \/>\n<meta property=\"og:locale\" content=\"de_DE\" \/>\n<meta property=\"og:type\" content=\"article\" \/>\n<meta property=\"og:title\" content=\"Our Services &amp; Capabilities - Niko Coatings\" \/>\n<meta property=\"og:description\" content=\"Development, Lamination, Packaging Options, Die cutting. Niko is committed to helping to minimise waste.\" \/>\n<meta property=\"og:url\" content=\"https:\/\/www.nikocoatings.com\/de\/unsere-dienstleistungen-kapazitaten\/\" \/>\n<meta property=\"og:site_name\" content=\"Niko Coatings\" \/>\n<meta property=\"article:modified_time\" content=\"2022-01-14T15:50:07+00:00\" \/>\n<meta property=\"og:image\" content=\"https:\/\/www.nikocoatings.com\/wp-content\/uploads\/2021\/11\/Large-Rolls-Heat-Shrinking-Packaging-257x300.jpg\" \/>\n<meta name=\"twitter:card\" content=\"summary_large_image\" \/>\n<meta name=\"twitter:label1\" content=\"Gesch\u00e4tzte Lesezeit\" \/>\n\t<meta name=\"twitter:data1\" content=\"1\u00a0Minute\" \/>\n<script type=\"application\/ld+json\" class=\"yoast-schema-graph\">{\"@context\":\"https:\\\/\\\/schema.org\",\"@graph\":[{\"@type\":\"WebPage\",\"@id\":\"https:\\\/\\\/www.nikocoatings.com\\\/our-services-capabilities\\\/\",\"url\":\"https:\\\/\\\/www.nikocoatings.com\\\/our-services-capabilities\\\/\",\"name\":\"Our Services & Capabilities - Niko Coatings\",\"isPartOf\":{\"@id\":\"https:\\\/\\\/www.nikocoatings.com\\\/#website\"},\"primaryImageOfPage\":{\"@id\":\"https:\\\/\\\/www.nikocoatings.com\\\/our-services-capabilities\\\/#primaryimage\"},\"image\":{\"@id\":\"https:\\\/\\\/www.nikocoatings.com\\\/our-services-capabilities\\\/#primaryimage\"},\"thumbnailUrl\":\"https:\\\/\\\/www.nikocoatings.com\\\/wp-content\\\/uploads\\\/2021\\\/11\\\/Large-Rolls-Heat-Shrinking-Packaging-257x300.jpg\",\"datePublished\":\"2021-11-09T15:11:07+00:00\",\"dateModified\":\"2022-01-14T15:50:07+00:00\",\"description\":\"Development, Lamination, Packaging Options, Die cutting. Niko is committed to helping to minimise waste.\",\"breadcrumb\":{\"@id\":\"https:\\\/\\\/www.nikocoatings.com\\\/our-services-capabilities\\\/#breadcrumb\"},\"inLanguage\":\"de\",\"potentialAction\":[{\"@type\":\"ReadAction\",\"target\":[\"https:\\\/\\\/www.nikocoatings.com\\\/our-services-capabilities\\\/\"]}]},{\"@type\":\"ImageObject\",\"inLanguage\":\"de\",\"@id\":\"https:\\\/\\\/www.nikocoatings.com\\\/our-services-capabilities\\\/#primaryimage\",\"url\":\"https:\\\/\\\/www.nikocoatings.com\\\/wp-content\\\/uploads\\\/2021\\\/11\\\/Large-Rolls-Heat-Shrinking-Packaging-257x300.jpg\",\"contentUrl\":\"https:\\\/\\\/www.nikocoatings.com\\\/wp-content\\\/uploads\\\/2021\\\/11\\\/Large-Rolls-Heat-Shrinking-Packaging-257x300.jpg\"},{\"@type\":\"BreadcrumbList\",\"@id\":\"https:\\\/\\\/www.nikocoatings.com\\\/our-services-capabilities\\\/#breadcrumb\",\"itemListElement\":[{\"@type\":\"ListItem\",\"position\":1,\"name\":\"Home\",\"item\":\"https:\\\/\\\/www.nikocoatings.com\\\/\"},{\"@type\":\"ListItem\",\"position\":2,\"name\":\"Our Services &#038; Capabilities\"}]},{\"@type\":\"WebSite\",\"@id\":\"https:\\\/\\\/www.nikocoatings.com\\\/#website\",\"url\":\"https:\\\/\\\/www.nikocoatings.com\\\/\",\"name\":\"Niko Coatings\",\"description\":\"\",\"publisher\":{\"@id\":\"https:\\\/\\\/www.nikocoatings.com\\\/#organization\"},\"potentialAction\":[{\"@type\":\"SearchAction\",\"target\":{\"@type\":\"EntryPoint\",\"urlTemplate\":\"https:\\\/\\\/www.nikocoatings.com\\\/?s={search_term_string}\"},\"query-input\":{\"@type\":\"PropertyValueSpecification\",\"valueRequired\":true,\"valueName\":\"search_term_string\"}}],\"inLanguage\":\"de\"},{\"@type\":\"Organization\",\"@id\":\"https:\\\/\\\/www.nikocoatings.com\\\/#organization\",\"name\":\"Niko Coatings\",\"url\":\"https:\\\/\\\/www.nikocoatings.com\\\/\",\"logo\":{\"@type\":\"ImageObject\",\"inLanguage\":\"de\",\"@id\":\"https:\\\/\\\/www.nikocoatings.com\\\/#\\\/schema\\\/logo\\\/image\\\/\",\"url\":\"https:\\\/\\\/www.nikocoatings.com\\\/wp-content\\\/uploads\\\/2021\\\/08\\\/niko-coatings-logo-medium.png\",\"contentUrl\":\"https:\\\/\\\/www.nikocoatings.com\\\/wp-content\\\/uploads\\\/2021\\\/08\\\/niko-coatings-logo-medium.png\",\"width\":151,\"height\":92,\"caption\":\"Niko Coatings\"},\"image\":{\"@id\":\"https:\\\/\\\/www.nikocoatings.com\\\/#\\\/schema\\\/logo\\\/image\\\/\"},\"sameAs\":[\"https:\\\/\\\/www.linkedin.com\\\/company\\\/niko-coatings-limited\"]}]}<\/script>\n<!-- \/ Yoast SEO plugin. -->","yoast_head_json":{"title":"Unsere Dienstleistungen &amp; F\u00e4higkeiten - Niko Coatings","description":"Entwicklung, Laminierung, Verpackungsoptionen, Stanzen. Niko setzt sich daf\u00fcr ein, den Abfall zu minimieren.","robots":{"index":"index","follow":"follow","max-snippet":"max-snippet:-1","max-image-preview":"max-image-preview:large","max-video-preview":"max-video-preview:-1"},"canonical":"https:\/\/www.nikocoatings.com\/de\/unsere-dienstleistungen-kapazitaten\/","og_locale":"de_DE","og_type":"article","og_title":"Our Services & Capabilities - Niko Coatings","og_description":"Development, Lamination, Packaging Options, Die cutting. Niko is committed to helping to minimise waste.","og_url":"https:\/\/www.nikocoatings.com\/de\/unsere-dienstleistungen-kapazitaten\/","og_site_name":"Niko Coatings","article_modified_time":"2022-01-14T15:50:07+00:00","og_image":[{"url":"https:\/\/www.nikocoatings.com\/wp-content\/uploads\/2021\/11\/Large-Rolls-Heat-Shrinking-Packaging-257x300.jpg","type":"","width":"","height":""}],"twitter_card":"summary_large_image","twitter_misc":{"Gesch\u00e4tzte Lesezeit":"1\u00a0Minute"},"schema":{"@context":"https:\/\/schema.org","@graph":[{"@type":"WebPage","@id":"https:\/\/www.nikocoatings.com\/our-services-capabilities\/","url":"https:\/\/www.nikocoatings.com\/our-services-capabilities\/","name":"Unsere Dienstleistungen &amp; F\u00e4higkeiten - Niko Coatings","isPartOf":{"@id":"https:\/\/www.nikocoatings.com\/#website"},"primaryImageOfPage":{"@id":"https:\/\/www.nikocoatings.com\/our-services-capabilities\/#primaryimage"},"image":{"@id":"https:\/\/www.nikocoatings.com\/our-services-capabilities\/#primaryimage"},"thumbnailUrl":"https:\/\/www.nikocoatings.com\/wp-content\/uploads\/2021\/11\/Large-Rolls-Heat-Shrinking-Packaging-257x300.jpg","datePublished":"2021-11-09T15:11:07+00:00","dateModified":"2022-01-14T15:50:07+00:00","description":"Entwicklung, Laminierung, Verpackungsoptionen, Stanzen. Niko setzt sich daf\u00fcr ein, den Abfall zu minimieren.","breadcrumb":{"@id":"https:\/\/www.nikocoatings.com\/our-services-capabilities\/#breadcrumb"},"inLanguage":"de","potentialAction":[{"@type":"ReadAction","target":["https:\/\/www.nikocoatings.com\/our-services-capabilities\/"]}]},{"@type":"ImageObject","inLanguage":"de","@id":"https:\/\/www.nikocoatings.com\/our-services-capabilities\/#primaryimage","url":"https:\/\/www.nikocoatings.com\/wp-content\/uploads\/2021\/11\/Large-Rolls-Heat-Shrinking-Packaging-257x300.jpg","contentUrl":"https:\/\/www.nikocoatings.com\/wp-content\/uploads\/2021\/11\/Large-Rolls-Heat-Shrinking-Packaging-257x300.jpg"},{"@type":"BreadcrumbList","@id":"https:\/\/www.nikocoatings.com\/our-services-capabilities\/#breadcrumb","itemListElement":[{"@type":"ListItem","position":1,"name":"Home","item":"https:\/\/www.nikocoatings.com\/"},{"@type":"ListItem","position":2,"name":"Our Services &#038; Capabilities"}]},{"@type":"WebSite","@id":"https:\/\/www.nikocoatings.com\/#website","url":"https:\/\/www.nikocoatings.com\/","name":"Niko Beschichtungen","description":"","publisher":{"@id":"https:\/\/www.nikocoatings.com\/#organization"},"potentialAction":[{"@type":"SearchAction","target":{"@type":"EntryPoint","urlTemplate":"https:\/\/www.nikocoatings.com\/?s={search_term_string}"},"query-input":{"@type":"PropertyValueSpecification","valueRequired":true,"valueName":"search_term_string"}}],"inLanguage":"de"},{"@type":"Organization","@id":"https:\/\/www.nikocoatings.com\/#organization","name":"Niko Beschichtungen","url":"https:\/\/www.nikocoatings.com\/","logo":{"@type":"ImageObject","inLanguage":"de","@id":"https:\/\/www.nikocoatings.com\/#\/schema\/logo\/image\/","url":"https:\/\/www.nikocoatings.com\/wp-content\/uploads\/2021\/08\/niko-coatings-logo-medium.png","contentUrl":"https:\/\/www.nikocoatings.com\/wp-content\/uploads\/2021\/08\/niko-coatings-logo-medium.png","width":151,"height":92,"caption":"Niko Coatings"},"image":{"@id":"https:\/\/www.nikocoatings.com\/#\/schema\/logo\/image\/"},"sameAs":["https:\/\/www.linkedin.com\/company\/niko-coatings-limited"]}]}},"_links":{"self":[{"href":"https:\/\/www.nikocoatings.com\/de\/wp-json\/wp\/v2\/pages\/987737","targetHints":{"allow":["GET"]}}],"collection":[{"href":"https:\/\/www.nikocoatings.com\/de\/wp-json\/wp\/v2\/pages"}],"about":[{"href":"https:\/\/www.nikocoatings.com\/de\/wp-json\/wp\/v2\/types\/page"}],"author":[{"embeddable":true,"href":"https:\/\/www.nikocoatings.com\/de\/wp-json\/wp\/v2\/users\/1"}],"replies":[{"embeddable":true,"href":"https:\/\/www.nikocoatings.com\/de\/wp-json\/wp\/v2\/comments?post=987737"}],"version-history":[{"count":0,"href":"https:\/\/www.nikocoatings.com\/de\/wp-json\/wp\/v2\/pages\/987737\/revisions"}],"wp:attachment":[{"href":"https:\/\/www.nikocoatings.com\/de\/wp-json\/wp\/v2\/media?parent=987737"}],"curies":[{"name":"wp","href":"https:\/\/api.w.org\/{rel}","templated":true}]}}