{"id":988183,"date":"2023-05-15T14:11:42","date_gmt":"2023-05-15T13:11:42","guid":{"rendered":"https:\/\/www.nikocoatings.com\/?page_id=988183"},"modified":"2023-05-16T14:31:59","modified_gmt":"2023-05-16T13:31:59","slug":"sonoshield","status":"publish","type":"page","link":"https:\/\/www.nikocoatings.com\/de\/products-solutions\/sonoshield\/","title":{"rendered":"SONOSHIELD"},"content":{"rendered":"<div class=\"vgblk-rw-wrapper limit-wrapper\">\n\n\t\t\t\t\t\t\t<img loading=\"lazy\" decoding=\"async\" src=\"https:\/\/www.nikocoatings.com\/wp-content\/uploads\/2023\/05\/SONO-SHIELD-logo-RGB.png\" alt=\"SONO SHIELD\" itemprop=\"image\" height=\"400\" width=\"1828\" title=\"SONO SHIELD\" onerror=\"this.style.display='none'\"  sizes=\"auto, (max-width: 768px) 100vw, 100vw\" srcset=\"https:\/\/www.nikocoatings.com\/wp-content\/uploads\/2023\/05\/SONO-SHIELD-logo-RGB.png 1828w, https:\/\/www.nikocoatings.com\/wp-content\/uploads\/2023\/05\/SONO-SHIELD-logo-RGB-300x66.png 300w, https:\/\/www.nikocoatings.com\/wp-content\/uploads\/2023\/05\/SONO-SHIELD-logo-RGB-1024x224.png 1024w, https:\/\/www.nikocoatings.com\/wp-content\/uploads\/2023\/05\/SONO-SHIELD-logo-RGB-768x168.png 768w, https:\/\/www.nikocoatings.com\/wp-content\/uploads\/2023\/05\/SONO-SHIELD-logo-RGB-1536x336.png 1536w, https:\/\/www.nikocoatings.com\/wp-content\/uploads\/2023\/05\/SONO-SHIELD-logo-RGB-18x4.png 18w, https:\/\/www.nikocoatings.com\/wp-content\/uploads\/2023\/05\/SONO-SHIELD-logo-RGB-1400x306.png 1400w, https:\/\/www.nikocoatings.com\/wp-content\/uploads\/2023\/05\/SONO-SHIELD-logo-RGB-700x153.png 700w, https:\/\/www.nikocoatings.com\/wp-content\/uploads\/2023\/05\/SONO-SHIELD-logo-RGB-466x102.png 466w, https:\/\/www.nikocoatings.com\/wp-content\/uploads\/2023\/05\/SONO-SHIELD-logo-RGB-933x204.png 933w, https:\/\/www.nikocoatings.com\/wp-content\/uploads\/2023\/05\/SONO-SHIELD-logo-RGB-350x77.png 350w\" \/>\t\t\t\t\t\t\t\n<h2>\n\tErh\u00f6hen Sie Ihre Brandsicherheit mit <strong>SONOSHIELD<\/strong>\n\t<\/h2>\n\t<h3>Minimierung des Brandrisikos durch geringen Beitrag zum Feuer, geringen Rauch und geringe toxische Gase:<\/h3>\n<p>SONOSHIELD\u00ae ist die hochmoderne L\u00f6sung f\u00fcr akustische Masseschichten, die von Niko entwickelt wurde, um Brandschutz und Umweltvertr\u00e4glichkeit in den Vordergrund zu stellen.<\/p>\n\t<h4>SONOSHIELD\u00ae Unerreichte Brandschutzleistung f\u00fcr Toxizit\u00e4t:<\/h4>\n<p>Kohlenmonoxid und Chlorwasserstoff sind die Hauptgiftstoffe bei Br\u00e4nden.<\/p>\n<p>Chlorwasserstoff (HCL) ist ein giftiges Gas, das bei der Verbrennung von PVC und anderen chlorhaltigen Kunststoffen entsteht. Bestimmte Produkte auf Polymerbasis erzeugen bei Br\u00e4nden mehr Kohlenmonoxid.<\/p>\n<p>SONOSHIELD\u00ae doesn&#8217;t contain PVC or chlorine and has lower Carbon Monoxide yields and significantly reduced smoke production when ignited and compared to traditional heavy mass layers \/ MLV products typically containing chlorine and PVC (Mass Loaded Vinyl &#8211; MLV) or bitumen.<\/p>\n\t<h4>Entscheide dich f\u00fcr SONOSHIELD\u00ae: Die ultimative, schadstoffarme Schwerlastschicht.<\/h4>\n<p>Die Toxizit\u00e4t von Brandgasen ist weithin als eine der Hauptursachen f\u00fcr Todesf\u00e4lle und Verletzungen bei Br\u00e4nden anerkannt. \u00dcberraschenderweise ist die Brandtoxizit\u00e4t weder in den Euroclass- noch in den ASTM-Brandpr\u00fcfungssystemen enthalten.<\/p>\n<p>SONOSHIELD\u00ae &#8211; is the ultimate heavy mass layer solution for clean burning and low toxicity. The product completely transforms into Carbon Dioxide and water vapor under optimal conditions. Just like burning a wax candle, its chemistry ensures minimal toxicity in a fire.<\/p>\n<p>SONOSHIELD\u00ae setzt neue Ma\u00dfst\u00e4be f\u00fcr akustische Masseschichten und ist daher ideal f\u00fcr den Einsatz innerhalb der Geb\u00e4udeh\u00fclle, z. B. bei Dachsystemen, um Kan\u00e4le und Rohre herum und als Akustikmembran in W\u00e4nden, B\u00f6den und Decken.<\/p>\n\t\t\t\t\t\t\t<img loading=\"lazy\" decoding=\"async\" src=\"https:\/\/www.nikocoatings.com\/wp-content\/uploads\/2023\/04\/SONOSHIELD-02.jpg\" alt=\"SONOSHIELD-02\" itemprop=\"image\" height=\"600\" width=\"800\" title=\"SONOSHIELD-02\" onerror=\"this.style.display='none'\"  sizes=\"auto, (max-width: 768px) 100vw, 100vw\" srcset=\"https:\/\/www.nikocoatings.com\/wp-content\/uploads\/2023\/04\/SONOSHIELD-02.jpg 800w, https:\/\/www.nikocoatings.com\/wp-content\/uploads\/2023\/04\/SONOSHIELD-02-300x225.jpg 300w, https:\/\/www.nikocoatings.com\/wp-content\/uploads\/2023\/04\/SONOSHIELD-02-768x576.jpg 768w, https:\/\/www.nikocoatings.com\/wp-content\/uploads\/2023\/04\/SONOSHIELD-02-16x12.jpg 16w, https:\/\/www.nikocoatings.com\/wp-content\/uploads\/2023\/04\/SONOSHIELD-02-700x525.jpg 700w, https:\/\/www.nikocoatings.com\/wp-content\/uploads\/2023\/04\/SONOSHIELD-02-466x350.jpg 466w, https:\/\/www.nikocoatings.com\/wp-content\/uploads\/2023\/04\/SONOSHIELD-02-350x263.jpg 350w\" \/>\t\t\t\t\t\t\t\n\t\t\t\t\t\t\t<img loading=\"lazy\" decoding=\"async\" src=\"https:\/\/www.nikocoatings.com\/wp-content\/uploads\/2023\/04\/SONOSHIELD-04.jpg\" alt=\"SONOSHIELD-04\" itemprop=\"image\" height=\"600\" width=\"800\" title=\"SONOSHIELD-04\" onerror=\"this.style.display='none'\"  sizes=\"auto, (max-width: 768px) 100vw, 100vw\" srcset=\"https:\/\/www.nikocoatings.com\/wp-content\/uploads\/2023\/04\/SONOSHIELD-04.jpg 800w, https:\/\/www.nikocoatings.com\/wp-content\/uploads\/2023\/04\/SONOSHIELD-04-300x225.jpg 300w, https:\/\/www.nikocoatings.com\/wp-content\/uploads\/2023\/04\/SONOSHIELD-04-768x576.jpg 768w, https:\/\/www.nikocoatings.com\/wp-content\/uploads\/2023\/04\/SONOSHIELD-04-16x12.jpg 16w, https:\/\/www.nikocoatings.com\/wp-content\/uploads\/2023\/04\/SONOSHIELD-04-700x525.jpg 700w, https:\/\/www.nikocoatings.com\/wp-content\/uploads\/2023\/04\/SONOSHIELD-04-466x350.jpg 466w, https:\/\/www.nikocoatings.com\/wp-content\/uploads\/2023\/04\/SONOSHIELD-04-350x263.jpg 350w\" \/>\t\t\t\t\t\t\t\n<h2>\n\t<b>SONOSHIELD:<\/b> Neudefinition der Brandsicherheitsleistung von flexiblen L\u00e4rmschutzw\u00e4nden mit Massenbelastung.\n\t<\/h2>\n\t<h3><strong>Entdecke den feuersicheren Vorteil von Akustikprodukten mit schwerer Masse.<\/strong><\/h3>\n\t<h4>SONOSHIELD\u00ae = Geringer Beitrag zum Feuer.<\/h4>\n\t<p>SONOSHIELD\u00ae hat einen niedrigen Heizwert, der f\u00fcr einen minimalen Brandbeitrag sorgt und einen mittleren QPCS-Wert von 6,7 (MJ\/kg) gem\u00e4\u00df EN ISO 1716 erreicht.<\/p>\n<p>Sichern Sie Ihre Projekte und sorgen Sie f\u00fcr Ruhe mit den un\u00fcbertroffenen Brandschutzvorteilen von SONOSHIELD\u00ae.<\/p>\n<h2>\n\t<b>SONOSHIELD:<\/b> EUROCLASS BS EN 13501:2018 Klassifizierung.\n\t<\/h2>\n\t<p>SONOSHIELD\u00ae wurde f\u00fcr die Verwendung als Bauprodukt und Bauelement mit Ausnahme von Bodenbel\u00e4gen gem\u00e4\u00df BS EN 13501:2018 entwickelt und streng gepr\u00fcft und klassifiziert.<\/p>\n<p>SONOSHIELD\u00ae reagiert auf Feuer, wenn seine Oberfl\u00e4che dem thermischen Angriff eines einzelnen brennenden Gegenstandes (SBI) ausgesetzt ist.<\/p>\n\t\n<table id=\"tablepress-3\" class=\"tablepress tablepress-id-3\">\n<thead>\n<tr class=\"row-1\">\n\t<th class=\"column-1\"><b>SONOSHIELD\u00ae<\/b><\/th><th class=\"column-2\"><b>Test f\u00fcr einzelne brennende Gegenst\u00e4nde<br \/>\nBS EN ISO 13823:2020 Klassifizierung<br \/>\n<\/b><\/th><th class=\"column-3\"><b>Anwendung Methode<\/b><\/th>\n<\/tr>\n<\/thead>\n<tbody class=\"row-striping\">\n<tr class=\"row-2\">\n\t<td class=\"column-1\">5kg\/m2<\/td><td class=\"column-2\">B-S2-D0<\/td><td class=\"column-3\">Einseitig mit einem Acrylkleber auf eine 12 mm dicke Kalziumsilikatplatte geklebt<\/td>\n<\/tr>\n<tr class=\"row-3\">\n\t<td class=\"column-1\">10kg\/m2<\/td><td class=\"column-2\">B-S1-D0<\/td><td class=\"column-3\">Einseitig mit einem Acrylkleber auf eine 12 mm dicke Kalziumsilikatplatte geklebt<\/td>\n<\/tr>\n<\/tbody>\n<\/table>\n<!-- #tablepress-3 from cache -->\n<h2>\n\tErlebe Geruchsarmut und einen niedrigen VOC-Gehalt f\u00fcr au\u00dfergew\u00f6hnlichen Luftkomfort und Umweltverantwortung mit <b>SONOSHIELD<\/b>\n\t<\/h2>\n\t<p>Tritt ein in eine Welt des nachhaltigen Bauens mit SONOSHIELD\u00ae.<\/p>\n<p>SONOSHIELD\u00ae ist der Goldstandard f\u00fcr VOC-Konformit\u00e4t.<\/p>\n\t\n<table id=\"tablepress-1\" class=\"tablepress tablepress-id-1\">\n<thead>\n<tr class=\"row-1\">\n\t<th class=\"column-1\"><b>Verordnung oder Protokoll<\/b><\/th><th class=\"column-2\"><b>Fazit<\/b><\/th><th class=\"column-3\"><b>Version der Verordnung oder des Protokolls<\/b><\/th>\n<\/tr>\n<\/thead>\n<tbody class=\"row-striping\">\n<tr class=\"row-2\">\n\t<td class=\"column-1\">Franz\u00f6sische VOC-Verordnung<\/td><td class=\"column-2\">A+<\/td><td class=\"column-3\">Erlass vom M\u00e4rz 2011 (DEVL 1101903D) und Arr\u00eat\u00e9 vom April 2011 (DEVL1104875A), ge\u00e4ndert im Februar 2012 (DEVL1133129A)<\/td>\n<\/tr>\n<tr class=\"row-3\">\n\t<td class=\"column-1\">Franz\u00f6sische CMR-Komponenten<\/td><td class=\"column-2\">Pass<\/td><td class=\"column-3\">Verordnung vom April und Mai 2009 (DEVP0908633A und DEVP0910046A)<\/td>\n<\/tr>\n<tr class=\"row-4\">\n\t<td class=\"column-1\">Italienisch CAM Edilizia<\/td><td class=\"column-2\">Pass<\/td><td class=\"column-3\">Erlass vom 11. Oktober 2017 (GU n.259 del 6-11-2017)<\/td>\n<\/tr>\n<tr class=\"row-5\">\n\t<td class=\"column-1\">ABG\/AgBB<\/td><td class=\"column-2\">Pass<\/td><td class=\"column-3\">Ausschuss zur gesundheitlichen Bewertung von Bauprodukten (Juni 2021)<\/td>\n<\/tr>\n<tr class=\"row-6\">\n\t<td class=\"column-1\">Belgische Verordnung<\/td><td class=\"column-2\">Pass<\/td><td class=\"column-3\">K\u00f6niglicher Erlass vom Mai 2014 (C-2014\/24239)<\/td>\n<\/tr>\n<tr class=\"row-7\">\n\t<td class=\"column-1\">Raumluftkomfort \u00ae<\/td><td class=\"column-2\">Pass<\/td><td class=\"column-3\">Raumluftkomfort 7.0 von Mai 2020<\/td>\n<\/tr>\n<tr class=\"row-8\">\n\t<td class=\"column-1\">Indoor Air Comfort GOLD \u00ae<\/td><td class=\"column-2\">Pass<\/td><td class=\"column-3\">Raumluftkomfort GOLD 7.0 vom Mai 2020<\/td>\n<\/tr>\n<tr class=\"row-9\">\n\t<td class=\"column-1\">BREEAM\u00ae International<\/td><td class=\"column-2\">Beispielhaftes Niveau<\/td><td class=\"column-3\">BREEAM International New Construction v6.0 (2021)<\/td>\n<\/tr>\n<tr class=\"row-10\">\n\t<td class=\"column-1\">BREEAM\u00ae NOR<\/td><td class=\"column-2\">Beispielhaftes Niveau<\/td><td class=\"column-3\">BREEAM-NOR New Construction v6.0 (2021)<\/td>\n<\/tr>\n<tr class=\"row-11\">\n\t<td class=\"column-1\">LEED v4.1 BETA (au\u00dferhalb der U.S.A.)<\/td><td class=\"column-2\">Pass<\/td><td class=\"column-3\">LEED v4.1 BETA f\u00fcr Geb\u00e4udeplanung und -bau (Februar 2021)<\/td>\n<\/tr>\n<\/tbody>\n<\/table>\n<!-- #tablepress-1 from cache -->\n<h2>\n\t<b>SONOSHIELD<\/b> ist eine bahnbrechende L\u00e4rmschutzwand, die die Messlatte in Sachen Umweltvertr\u00e4glichkeit hoch ansetzt. \n\t<\/h2>\n\t<h4>SONOSHIELD\u00ae: Wegweisend in Sachen Nachhaltigkeit<\/h4>\n\t<ul>\n<li>100% Wiederverwertbar<\/li>\n<li>\u00dcber 50% Recycelte Kunststoffe.<\/li>\n<\/ul>\n\t<h4>SONOSHIELD\u00ae wird von Niko hergestellt, das mit dem Ecovadis-Nachhaltigkeitsrating in Gold ausgezeichnet wurde. <\/h4>\n\t<p>Damit geh\u00f6rt Niko zu den Top 5% der Unternehmen, die an Ecovadis berichten.<\/p>\n\t<h4>SONOSHIELD\u00ae: Deine ma\u00dfgeschneiderte L\u00f6sung erwartet dich. Ma\u00dfgeschneidert nach deinen Spezifikationen, jenseits von Standardprodukten. <\/h4>\n\t<p><strong>SONOSHIELD\u00ae: Ma\u00dfgeschneidert f\u00fcr deine spezifischen Anforderungen*.<\/strong><\/p>\n<p>Niko ist der Haupthersteller von SONOSHIELD\u00ae, so dass wir \u00fcber das Standardproduktangebot hinausgehen k\u00f6nnen.<\/p>\n<p>Erlebe die Vielseitigkeit von Bahnen und Rollen. Gewichtsbereich von 1,6 kg\/m2 (0,3277 lb\/ft2) bis 15 kg\/m2 (3 lb\/ft2). Gro\u00dfe Breiten bis zu 2000 mm (78 Zoll).<\/p>\n<p>Gro\u00dfe Rollen k\u00f6nnen bis zu 700kg (1534lbs) geliefert werden.<\/p>\n<p>*Unterliegt der Mindestproduktionsmenge<\/p>\n<h2>\n\t\t\t<a href=\"https:\/\/www.nikocoatings.com\/de\/kontakt\/\" title=\"Bist du bereit loszulegen? Kontaktiere uns jetzt f&uuml;r &lt;b&gt;SONOSHIELD&lt;\/b&gt; Preise!\" target=\"_self\" rel=\"noopener\">\n\tBist du bereit loszulegen? Kontaktiere uns jetzt f\u00fcr <b>SONOSHIELD<\/b> Preise!\n\t\t\t<\/a>\n\t<\/h2>\n\n<\/div><!-- .vgblk-rw-wrapper -->","protected":false},"excerpt":{"rendered":"<p>Enhance your fire safety with SONOSHIELD Minimising fire risk with Low contribution to fire, Low smoke and Low Toxic Gases: SONOSHIELD\u00ae is the cutting-edge acoustic mass layer solution that has been developed by Niko to prioritise fire safety and environmental performance. SONOSHIELD\u00ae Unmatched Fire Safety Performance for toxicity: Carbon monoxide and Hydrogen chloride are major&#8230;<\/p>","protected":false},"author":1,"featured_media":0,"parent":13334,"menu_order":0,"comment_status":"closed","ping_status":"closed","template":"","meta":{"inline_featured_image":false,"_monsterinsights_skip_tracking":false,"_monsterinsights_sitenote_active":false,"_monsterinsights_sitenote_note":"","_monsterinsights_sitenote_category":0,"footnotes":""},"class_list":["post-988183","page","type-page","status-publish","hentry"],"yoast_head":"<!-- This site is optimized with the Yoast SEO plugin v27.4 - https:\/\/yoast.com\/product\/yoast-seo-wordpress\/ -->\n<title>SONOSHIELD - Niko Coatings<\/title>\n<meta name=\"description\" content=\"Niko\u2019s standard DENSBAK F40 automotive heavy layer is the preferred choice for Tier 1 automotive companies in the UK. Our automotive heavy layers are designed to accommodate a wide range of processing conditions.\" \/>\n<meta name=\"robots\" content=\"index, follow, max-snippet:-1, max-image-preview:large, max-video-preview:-1\" \/>\n<link rel=\"canonical\" href=\"https:\/\/www.nikocoatings.com\/de\/produkte-losungen\/sonoshield\/\" \/>\n<meta property=\"og:locale\" content=\"de_DE\" \/>\n<meta property=\"og:type\" content=\"article\" \/>\n<meta property=\"og:title\" content=\"SONOSHIELD - Niko Coatings\" \/>\n<meta property=\"og:description\" content=\"Niko\u2019s standard DENSBAK F40 automotive heavy layer is the preferred choice for Tier 1 automotive companies in the UK. Our automotive heavy layers are designed to accommodate a wide range of processing conditions.\" \/>\n<meta property=\"og:url\" content=\"https:\/\/www.nikocoatings.com\/de\/produkte-losungen\/sonoshield\/\" \/>\n<meta property=\"og:site_name\" content=\"Niko Coatings\" \/>\n<meta property=\"article:modified_time\" content=\"2023-05-16T13:31:59+00:00\" \/>\n<meta property=\"og:image\" content=\"https:\/\/www.nikocoatings.com\/wp-content\/uploads\/2023\/05\/SONO-SHIELD-logo-RGB.png\" \/>\n<meta name=\"twitter:card\" content=\"summary_large_image\" \/>\n<meta name=\"twitter:label1\" content=\"Gesch\u00e4tzte Lesezeit\" \/>\n\t<meta name=\"twitter:data1\" content=\"3\u00a0Minuten\" \/>\n<script type=\"application\/ld+json\" class=\"yoast-schema-graph\">{\"@context\":\"https:\\\/\\\/schema.org\",\"@graph\":[{\"@type\":\"WebPage\",\"@id\":\"https:\\\/\\\/www.nikocoatings.com\\\/products-solutions\\\/sonoshield\\\/\",\"url\":\"https:\\\/\\\/www.nikocoatings.com\\\/products-solutions\\\/sonoshield\\\/\",\"name\":\"SONOSHIELD - Niko Coatings\",\"isPartOf\":{\"@id\":\"https:\\\/\\\/www.nikocoatings.com\\\/#website\"},\"primaryImageOfPage\":{\"@id\":\"https:\\\/\\\/www.nikocoatings.com\\\/products-solutions\\\/sonoshield\\\/#primaryimage\"},\"image\":{\"@id\":\"https:\\\/\\\/www.nikocoatings.com\\\/products-solutions\\\/sonoshield\\\/#primaryimage\"},\"thumbnailUrl\":\"https:\\\/\\\/www.nikocoatings.com\\\/wp-content\\\/uploads\\\/2023\\\/05\\\/SONO-SHIELD-logo-RGB.png\",\"datePublished\":\"2023-05-15T13:11:42+00:00\",\"dateModified\":\"2023-05-16T13:31:59+00:00\",\"description\":\"Niko\u2019s standard DENSBAK F40 automotive heavy layer is the preferred choice for Tier 1 automotive companies in the UK. Our automotive heavy layers are designed to accommodate a wide range of processing conditions.\",\"breadcrumb\":{\"@id\":\"https:\\\/\\\/www.nikocoatings.com\\\/products-solutions\\\/sonoshield\\\/#breadcrumb\"},\"inLanguage\":\"de\",\"potentialAction\":[{\"@type\":\"ReadAction\",\"target\":[\"https:\\\/\\\/www.nikocoatings.com\\\/products-solutions\\\/sonoshield\\\/\"]}]},{\"@type\":\"ImageObject\",\"inLanguage\":\"de\",\"@id\":\"https:\\\/\\\/www.nikocoatings.com\\\/products-solutions\\\/sonoshield\\\/#primaryimage\",\"url\":\"https:\\\/\\\/www.nikocoatings.com\\\/wp-content\\\/uploads\\\/2023\\\/05\\\/SONO-SHIELD-logo-RGB.png\",\"contentUrl\":\"https:\\\/\\\/www.nikocoatings.com\\\/wp-content\\\/uploads\\\/2023\\\/05\\\/SONO-SHIELD-logo-RGB.png\"},{\"@type\":\"BreadcrumbList\",\"@id\":\"https:\\\/\\\/www.nikocoatings.com\\\/products-solutions\\\/sonoshield\\\/#breadcrumb\",\"itemListElement\":[{\"@type\":\"ListItem\",\"position\":1,\"name\":\"Home\",\"item\":\"https:\\\/\\\/www.nikocoatings.com\\\/\"},{\"@type\":\"ListItem\",\"position\":2,\"name\":\"Products &#038; Solutions\",\"item\":\"https:\\\/\\\/www.nikocoatings.com\\\/products-solutions\\\/\"},{\"@type\":\"ListItem\",\"position\":3,\"name\":\"SONOSHIELD\"}]},{\"@type\":\"WebSite\",\"@id\":\"https:\\\/\\\/www.nikocoatings.com\\\/#website\",\"url\":\"https:\\\/\\\/www.nikocoatings.com\\\/\",\"name\":\"Niko Coatings\",\"description\":\"\",\"publisher\":{\"@id\":\"https:\\\/\\\/www.nikocoatings.com\\\/#organization\"},\"potentialAction\":[{\"@type\":\"SearchAction\",\"target\":{\"@type\":\"EntryPoint\",\"urlTemplate\":\"https:\\\/\\\/www.nikocoatings.com\\\/?s={search_term_string}\"},\"query-input\":{\"@type\":\"PropertyValueSpecification\",\"valueRequired\":true,\"valueName\":\"search_term_string\"}}],\"inLanguage\":\"de\"},{\"@type\":\"Organization\",\"@id\":\"https:\\\/\\\/www.nikocoatings.com\\\/#organization\",\"name\":\"Niko Coatings\",\"url\":\"https:\\\/\\\/www.nikocoatings.com\\\/\",\"logo\":{\"@type\":\"ImageObject\",\"inLanguage\":\"de\",\"@id\":\"https:\\\/\\\/www.nikocoatings.com\\\/#\\\/schema\\\/logo\\\/image\\\/\",\"url\":\"https:\\\/\\\/www.nikocoatings.com\\\/wp-content\\\/uploads\\\/2021\\\/08\\\/niko-coatings-logo-medium.png\",\"contentUrl\":\"https:\\\/\\\/www.nikocoatings.com\\\/wp-content\\\/uploads\\\/2021\\\/08\\\/niko-coatings-logo-medium.png\",\"width\":151,\"height\":92,\"caption\":\"Niko Coatings\"},\"image\":{\"@id\":\"https:\\\/\\\/www.nikocoatings.com\\\/#\\\/schema\\\/logo\\\/image\\\/\"},\"sameAs\":[\"https:\\\/\\\/www.linkedin.com\\\/company\\\/niko-coatings-limited\"]}]}<\/script>\n<!-- \/ Yoast SEO plugin. -->","yoast_head_json":{"title":"SONOSHIELD - Niko Beschichtungen","description":"Nikos Standard-DENSBAK F40-Schwerschicht f\u00fcr die Automobilindustrie ist die bevorzugte Wahl f\u00fcr Tier-1-Automobilunternehmen in Gro\u00dfbritannien. Unsere Schwerschichten f\u00fcr die Automobilindustrie sind f\u00fcr eine Vielzahl von Verarbeitungsbedingungen ausgelegt.","robots":{"index":"index","follow":"follow","max-snippet":"max-snippet:-1","max-image-preview":"max-image-preview:large","max-video-preview":"max-video-preview:-1"},"canonical":"https:\/\/www.nikocoatings.com\/de\/produkte-losungen\/sonoshield\/","og_locale":"de_DE","og_type":"article","og_title":"SONOSHIELD - Niko Coatings","og_description":"Niko\u2019s standard DENSBAK F40 automotive heavy layer is the preferred choice for Tier 1 automotive companies in the UK. Our automotive heavy layers are designed to accommodate a wide range of processing conditions.","og_url":"https:\/\/www.nikocoatings.com\/de\/produkte-losungen\/sonoshield\/","og_site_name":"Niko Coatings","article_modified_time":"2023-05-16T13:31:59+00:00","og_image":[{"url":"https:\/\/www.nikocoatings.com\/wp-content\/uploads\/2023\/05\/SONO-SHIELD-logo-RGB.png","type":"","width":"","height":""}],"twitter_card":"summary_large_image","twitter_misc":{"Gesch\u00e4tzte Lesezeit":"3\u00a0Minuten"},"schema":{"@context":"https:\/\/schema.org","@graph":[{"@type":"WebPage","@id":"https:\/\/www.nikocoatings.com\/products-solutions\/sonoshield\/","url":"https:\/\/www.nikocoatings.com\/products-solutions\/sonoshield\/","name":"SONOSHIELD - Niko Beschichtungen","isPartOf":{"@id":"https:\/\/www.nikocoatings.com\/#website"},"primaryImageOfPage":{"@id":"https:\/\/www.nikocoatings.com\/products-solutions\/sonoshield\/#primaryimage"},"image":{"@id":"https:\/\/www.nikocoatings.com\/products-solutions\/sonoshield\/#primaryimage"},"thumbnailUrl":"https:\/\/www.nikocoatings.com\/wp-content\/uploads\/2023\/05\/SONO-SHIELD-logo-RGB.png","datePublished":"2023-05-15T13:11:42+00:00","dateModified":"2023-05-16T13:31:59+00:00","description":"Nikos Standard-DENSBAK F40-Schwerschicht f\u00fcr die Automobilindustrie ist die bevorzugte Wahl f\u00fcr Tier-1-Automobilunternehmen in Gro\u00dfbritannien. Unsere Schwerschichten f\u00fcr die Automobilindustrie sind f\u00fcr eine Vielzahl von Verarbeitungsbedingungen ausgelegt.","breadcrumb":{"@id":"https:\/\/www.nikocoatings.com\/products-solutions\/sonoshield\/#breadcrumb"},"inLanguage":"de","potentialAction":[{"@type":"ReadAction","target":["https:\/\/www.nikocoatings.com\/products-solutions\/sonoshield\/"]}]},{"@type":"ImageObject","inLanguage":"de","@id":"https:\/\/www.nikocoatings.com\/products-solutions\/sonoshield\/#primaryimage","url":"https:\/\/www.nikocoatings.com\/wp-content\/uploads\/2023\/05\/SONO-SHIELD-logo-RGB.png","contentUrl":"https:\/\/www.nikocoatings.com\/wp-content\/uploads\/2023\/05\/SONO-SHIELD-logo-RGB.png"},{"@type":"BreadcrumbList","@id":"https:\/\/www.nikocoatings.com\/products-solutions\/sonoshield\/#breadcrumb","itemListElement":[{"@type":"ListItem","position":1,"name":"Home","item":"https:\/\/www.nikocoatings.com\/"},{"@type":"ListItem","position":2,"name":"Products &#038; Solutions","item":"https:\/\/www.nikocoatings.com\/products-solutions\/"},{"@type":"ListItem","position":3,"name":"SONOSHIELD"}]},{"@type":"WebSite","@id":"https:\/\/www.nikocoatings.com\/#website","url":"https:\/\/www.nikocoatings.com\/","name":"Niko Beschichtungen","description":"","publisher":{"@id":"https:\/\/www.nikocoatings.com\/#organization"},"potentialAction":[{"@type":"SearchAction","target":{"@type":"EntryPoint","urlTemplate":"https:\/\/www.nikocoatings.com\/?s={search_term_string}"},"query-input":{"@type":"PropertyValueSpecification","valueRequired":true,"valueName":"search_term_string"}}],"inLanguage":"de"},{"@type":"Organization","@id":"https:\/\/www.nikocoatings.com\/#organization","name":"Niko Beschichtungen","url":"https:\/\/www.nikocoatings.com\/","logo":{"@type":"ImageObject","inLanguage":"de","@id":"https:\/\/www.nikocoatings.com\/#\/schema\/logo\/image\/","url":"https:\/\/www.nikocoatings.com\/wp-content\/uploads\/2021\/08\/niko-coatings-logo-medium.png","contentUrl":"https:\/\/www.nikocoatings.com\/wp-content\/uploads\/2021\/08\/niko-coatings-logo-medium.png","width":151,"height":92,"caption":"Niko Coatings"},"image":{"@id":"https:\/\/www.nikocoatings.com\/#\/schema\/logo\/image\/"},"sameAs":["https:\/\/www.linkedin.com\/company\/niko-coatings-limited"]}]}},"_links":{"self":[{"href":"https:\/\/www.nikocoatings.com\/de\/wp-json\/wp\/v2\/pages\/988183","targetHints":{"allow":["GET"]}}],"collection":[{"href":"https:\/\/www.nikocoatings.com\/de\/wp-json\/wp\/v2\/pages"}],"about":[{"href":"https:\/\/www.nikocoatings.com\/de\/wp-json\/wp\/v2\/types\/page"}],"author":[{"embeddable":true,"href":"https:\/\/www.nikocoatings.com\/de\/wp-json\/wp\/v2\/users\/1"}],"replies":[{"embeddable":true,"href":"https:\/\/www.nikocoatings.com\/de\/wp-json\/wp\/v2\/comments?post=988183"}],"version-history":[{"count":0,"href":"https:\/\/www.nikocoatings.com\/de\/wp-json\/wp\/v2\/pages\/988183\/revisions"}],"up":[{"embeddable":true,"href":"https:\/\/www.nikocoatings.com\/de\/wp-json\/wp\/v2\/pages\/13334"}],"wp:attachment":[{"href":"https:\/\/www.nikocoatings.com\/de\/wp-json\/wp\/v2\/media?parent=988183"}],"curies":[{"name":"wp","href":"https:\/\/api.w.org\/{rel}","templated":true}]}}