{"id":12696,"date":"2017-05-08T17:30:45","date_gmt":"2017-05-08T17:30:45","guid":{"rendered":"https:\/\/nex.vamtam.com\/?page_id=12696"},"modified":"2023-04-19T14:29:55","modified_gmt":"2023-04-19T13:29:55","slug":"densbak-masa-cargada-vinilo-mlv","status":"publish","type":"page","link":"https:\/\/www.nikocoatings.com\/es_es\/products-solutions\/densbak-mass-loaded-vinyl-mlv\/","title":{"rendered":"Vinilo de carga masiva DENSBAK MLV"},"content":{"rendered":"<div class=\"vgblk-rw-wrapper limit-wrapper\">\r\n<h2>Acerca de <br \/><b>DENSBAK VB <\/b><\/h2>\r\n<p>Niko fabrica vinilo con carga de bario desde hace m\u00e1s de 30 a\u00f1os y se suministra bajo nuestro nombre comercial DENSBAK VB. Los productos de vinilo de Niko est\u00e1n dise\u00f1ados y fabricados exclusivamente por Niko Coatings Ltd en nuestra f\u00e1brica de Bradford, Reino Unido. Los productos DENSBAK VB se venden y suministran actualmente bajo diversos nombres comerciales en el Reino Unido y en todo el mundo.<\/p>\r\n<h3>\u00bfQu\u00e9 es DENSBAK VB MLV?<\/h3>\r\n<p>El DENSBAK VB es un Vinilo Cargado en Masa altamente denso, m\u00e1s com\u00fanmente denominado MLV, y tiene m\u00faltiples usos y aplicaciones.<\/p>\r\n<p>Existen otros t\u00e9rminos y descripciones para DENSBAK VB: tambi\u00e9n puede describirse como barrera ac\u00fastica flexible (FNB), barrera ac\u00fastica flexible (FAB), barrera de masa coja (LMB) o barrera cargada de sulfato de bario (BSLB).<\/p>\r\n<p>DENSBAK VB tiene dos componentes principales V significa que est\u00e1 fabricado con vinilo plastificado 100% reciclado (o cloruro de polivinilo, un homopol\u00edmero que suele denominarse PVC). B significa sulfato de bario, que es un compuesto inorg\u00e1nico procedente del mineral barita con un elevado peso espec\u00edfico. El sulfato de bario es inerte, no t\u00f3xico y no contiene plomo.<\/p>\r\n<p><img loading=\"lazy\" decoding=\"async\" class=\"alignnone  wp-image-988190\" src=\"https:\/\/www.nikocoatings.com\/wp-content\/uploads\/2023\/04\/DEBSBAK-V5-10-GROUP-300x200.jpg\" alt=\"\" width=\"444\" height=\"296\" srcset=\"https:\/\/www.nikocoatings.com\/wp-content\/uploads\/2023\/04\/DEBSBAK-V5-10-GROUP-300x200.jpg 300w, https:\/\/www.nikocoatings.com\/wp-content\/uploads\/2023\/04\/DEBSBAK-V5-10-GROUP-18x12.jpg 18w, https:\/\/www.nikocoatings.com\/wp-content\/uploads\/2023\/04\/DEBSBAK-V5-10-GROUP-466x310.jpg 466w, https:\/\/www.nikocoatings.com\/wp-content\/uploads\/2023\/04\/DEBSBAK-V5-10-GROUP-350x233.jpg 350w, https:\/\/www.nikocoatings.com\/wp-content\/uploads\/2023\/04\/DEBSBAK-V5-10-GROUP.jpg 524w\" sizes=\"auto, (max-width: 444px) 100vw, 444px\" \/><\/p>\r\n<p>&nbsp;<\/p>\r\n<h2>Caracter\u00edsticas principales<\/h2>\r\n<p>\u00bfEs inflamable el DENSBAK VB?<\/p>\r\n<p>DENSBAK VB tiene una Temperatura de Servicio est\u00e1tica recomendada de -50\u00b0C a 100\u00b0C y la propagaci\u00f3n superficial de la llama est\u00e1 probada seg\u00fan ISO 3795 y FMVSS 302, lo que significa que es Autoextinguible. Sin embargo, no est\u00e1 dise\u00f1ado para ser ign\u00edfugo y una exposici\u00f3n prolongada a temperaturas suficientemente altas podr\u00eda provocar la autoinflamaci\u00f3n del material.<\/p>\r\n<p>\u00bfC\u00f3mo se suministra el DENSBAK VB?<\/p>\r\n<p>Los materiales pueden fabricarse seg\u00fan los requisitos de cada cliente, siempre que se cumplan unas cantidades m\u00ednimas de fabricaci\u00f3n.<\/p>\r\n<ul>\r\n<li>en hojas y en rollos<\/li>\r\n<li>en una gama de pesos de 2,5 kg\/m2 (\u00bd lb\/pie) hasta 15 kg\/m2 (3 lb\/pie)<\/li>\r\n<li>en anchuras de hasta 2000 mm (78 pulgadas)<\/li>\r\n<\/ul>\r\n<p>Consulta la Hoja de Datos T\u00e9cnicos (TDS) para obtener m\u00e1s informaci\u00f3n.<\/p>\r\n<h2>Caracter\u00edsticas y ventajas principales<\/h2>\r\n<p>Libre de SVHC<\/p>\r\n<p>Los productos DENSBAK VB no contienen sustancias extremadamente preocupantes (SVHC), como plomo, hal\u00f3genos y aceites arom\u00e1ticos no refinados.<\/p>\r\n<p>Resistencia al desgarro<\/p>\r\n<p><strong>DENSBAK\u00ae VB<\/strong> se fabrica mediante un proceso de extrusi\u00f3n que confiere a este MLV una gran resistencia mec\u00e1nica que facilita su manipulaci\u00f3n e instalaci\u00f3n. Algunos procesos de fabricaci\u00f3n que s\u00f3lo utilizan procesos de calandrado o fundici\u00f3n pueden hacer que los materiales MLV se rompan m\u00e1s f\u00e1cilmente.<\/p>\r\n<p>Flexibilidad<\/p>\r\n<p>El DENSBAK VB es fino y muy flexible, lo que permite instalarlo f\u00e1cilmente en esquinas, tuber\u00edas, conductos cuadrados y estructuras de acero sin que se agriete ni se rompa. Buena planicidad (forma de alta memoria) incluso a bajas temperaturas (por ejemplo, tras el almacenamiento en almac\u00e9n).<\/p>\r\n<p>Coherencia y estabilidad<\/p>\r\n<p>El proceso de mezcla a alta velocidad junto con el superenfriamiento hacen que los productos DENSBAK VB sean f\u00edsicamente estables y robustos. DENSBAK VB puede almacenarse en c\u00e1maras frigor\u00edficas sin riesgo de agrietamiento ni deterioro del producto. En condiciones ambientales normales de uso, el material no se degrada qu\u00edmicamente ni cambia sus propiedades f\u00edsicas con el tiempo.<\/p>\r\n<p>Acabado superficial<\/p>\r\n<p><strong>DENSBAK\u00ae VB<\/strong> se ha dise\u00f1ado espec\u00edficamente para ofrecer una mayor resistencia al deslizamiento y contribuir a una instalaci\u00f3n m\u00e1s segura en los suelos. Se fabrica con una cara en relieve y otra lisa o con dos caras en relieve. La superficie gofrada aumenta la superficie para facilitar la adhesi\u00f3n a otros laminados.<\/p>\r\n<p>Superficie limpia y sin aceite<\/p>\r\n<p>El proceso de extrusi\u00f3n de Niko significa que DENSBAK VB no tiene residuos aceitosos o grasientos (como los productos a base de bet\u00fan o viscosos\/adherentes) en las superficies y, por tanto, no mancha y evita que el producto se pegue durante el almacenamiento y la instalaci\u00f3n a temperaturas m\u00e1s c\u00e1lidas. Tambi\u00e9n significa que el DENSBAK VB no requiere intercalaciones, por lo que reduce los costes de eliminaci\u00f3n de residuos.<\/p>\r\n<h2>Industrias atendidas<\/h2>\r\n<h4>Autom\u00f3vil<\/h4>\r\n<p>El DENSBAK MLV puede combinarse con diversos sustratos para fabricar kits de insonorizaci\u00f3n de reequipamiento utilizados en maleteros y suelos de cabina que pueden ayudar a reducir el ruido de la carretera, del tubo de escape y de los neum\u00e1ticos.<\/p>\r\n<h4>Insonorizaci\u00f3n dom\u00e9stica<\/h4>\r\n<p>DENSBAK MLV se utiliza para la subcapa ac\u00fastica y la insonorizaci\u00f3n de paredes y paneles de techo.<\/p>\r\n<h4>Petr\u00f3leo y gas<\/h4>\r\n<p>MLV vin\u00edlico cargado de bario DENSBAK utilizado en sistemas modulares de aislamiento t\u00e9rmico y ac\u00fastico alrededor de tuber\u00edas y compresores seg\u00fan las especificaciones Shell DEP Clase C e ISO 15665.<\/p>\r\n<h4>Edificaci\u00f3n y construcci\u00f3n<\/h4>\r\n<p>Insonorizaci\u00f3n de estudios de grabaci\u00f3n con MLV. Membranas ac\u00fasticas MLV para cubiertas de sistemas construidos.<\/p>\r\n<h4>Insonorizaci\u00f3n industrial<\/h4>\r\n<p>DENSBAK MLV para uso en recintos ac\u00fasticos y sistemas de climatizaci\u00f3n.<\/p>\r\n<\/div><!-- .vgblk-rw-wrapper -->","protected":false},"excerpt":{"rendered":"<p>Acerca de DENSBAK VB El vinilo cargado de bario ha sido fabricado por Niko durante m\u00e1s de 30 a\u00f1os y se suministra bajo nuestro nombre comercial DENSBAK VB. Los productos de vinilo de Niko est\u00e1n dise\u00f1ados y fabricados exclusivamente por Niko Coatings Ltd en nuestra f\u00e1brica de Bradford, Reino Unido. Los productos DENSBAK VB se venden y suministran actualmente bajo varios nombres comerciales en...<\/p>","protected":false},"author":1,"featured_media":0,"parent":13334,"menu_order":0,"comment_status":"closed","ping_status":"closed","template":"","meta":{"inline_featured_image":false,"_monsterinsights_skip_tracking":false,"_monsterinsights_sitenote_active":false,"_monsterinsights_sitenote_note":"","_monsterinsights_sitenote_category":0,"footnotes":""},"class_list":["post-12696","page","type-page","status-publish","hentry"],"yoast_head":"<!-- This site is optimized with the Yoast SEO plugin v27.4 - https:\/\/yoast.com\/product\/yoast-seo-wordpress\/ -->\n<title>DENSBAK Mass Loaded Vinyl MLV - Niko Coatings<\/title>\n<meta name=\"description\" content=\"Barium Loaded Vinyl has been manufactured by Niko for over 30 years and is supplied under our trade name DENSBAK VB. Niko Vinyl products are exclusively designed and manufactured by Niko Coatings Ltd at our factory in Bradford UK.\" \/>\n<meta name=\"robots\" content=\"index, follow, max-snippet:-1, max-image-preview:large, max-video-preview:-1\" \/>\n<link rel=\"canonical\" href=\"https:\/\/www.nikocoatings.com\/es_es\/productos-soluciones\/densbak-masa-cargada-vinilo-mlv\/\" \/>\n<meta property=\"og:locale\" content=\"es_ES\" \/>\n<meta property=\"og:type\" content=\"article\" \/>\n<meta property=\"og:title\" content=\"DENSBAK Mass Loaded Vinyl MLV - Niko Coatings\" \/>\n<meta property=\"og:description\" content=\"Barium Loaded Vinyl has been manufactured by Niko for over 30 years and is supplied under our trade name DENSBAK VB. Niko Vinyl products are exclusively designed and manufactured by Niko Coatings Ltd at our factory in Bradford UK.\" \/>\n<meta property=\"og:url\" content=\"https:\/\/www.nikocoatings.com\/es_es\/productos-soluciones\/densbak-masa-cargada-vinilo-mlv\/\" \/>\n<meta property=\"og:site_name\" content=\"Niko Coatings\" \/>\n<meta property=\"article:modified_time\" content=\"2023-04-19T13:29:55+00:00\" \/>\n<meta property=\"og:image\" content=\"https:\/\/www.nikocoatings.com\/wp-content\/uploads\/2023\/04\/DEBSBAK-V5-10-GROUP-300x200.jpg\" \/>\n<meta name=\"twitter:card\" content=\"summary_large_image\" \/>\n<meta name=\"twitter:label1\" content=\"Tiempo de lectura\" \/>\n\t<meta name=\"twitter:data1\" content=\"4 minutos\" \/>\n<script type=\"application\/ld+json\" class=\"yoast-schema-graph\">{\"@context\":\"https:\\\/\\\/schema.org\",\"@graph\":[{\"@type\":\"WebPage\",\"@id\":\"https:\\\/\\\/www.nikocoatings.com\\\/products-solutions\\\/densbak-mass-loaded-vinyl-mlv\\\/\",\"url\":\"https:\\\/\\\/www.nikocoatings.com\\\/products-solutions\\\/densbak-mass-loaded-vinyl-mlv\\\/\",\"name\":\"DENSBAK Mass Loaded Vinyl MLV - Niko Coatings\",\"isPartOf\":{\"@id\":\"https:\\\/\\\/www.nikocoatings.com\\\/#website\"},\"primaryImageOfPage\":{\"@id\":\"https:\\\/\\\/www.nikocoatings.com\\\/products-solutions\\\/densbak-mass-loaded-vinyl-mlv\\\/#primaryimage\"},\"image\":{\"@id\":\"https:\\\/\\\/www.nikocoatings.com\\\/products-solutions\\\/densbak-mass-loaded-vinyl-mlv\\\/#primaryimage\"},\"thumbnailUrl\":\"https:\\\/\\\/www.nikocoatings.com\\\/wp-content\\\/uploads\\\/2023\\\/04\\\/DEBSBAK-V5-10-GROUP-300x200.jpg\",\"datePublished\":\"2017-05-08T17:30:45+00:00\",\"dateModified\":\"2023-04-19T13:29:55+00:00\",\"description\":\"Barium Loaded Vinyl has been manufactured by Niko for over 30 years and is supplied under our trade name DENSBAK VB. Niko Vinyl products are exclusively designed and manufactured by Niko Coatings Ltd at our factory in Bradford UK.\",\"breadcrumb\":{\"@id\":\"https:\\\/\\\/www.nikocoatings.com\\\/products-solutions\\\/densbak-mass-loaded-vinyl-mlv\\\/#breadcrumb\"},\"inLanguage\":\"es\",\"potentialAction\":[{\"@type\":\"ReadAction\",\"target\":[\"https:\\\/\\\/www.nikocoatings.com\\\/products-solutions\\\/densbak-mass-loaded-vinyl-mlv\\\/\"]}]},{\"@type\":\"ImageObject\",\"inLanguage\":\"es\",\"@id\":\"https:\\\/\\\/www.nikocoatings.com\\\/products-solutions\\\/densbak-mass-loaded-vinyl-mlv\\\/#primaryimage\",\"url\":\"https:\\\/\\\/www.nikocoatings.com\\\/wp-content\\\/uploads\\\/2023\\\/04\\\/DEBSBAK-V5-10-GROUP-300x200.jpg\",\"contentUrl\":\"https:\\\/\\\/www.nikocoatings.com\\\/wp-content\\\/uploads\\\/2023\\\/04\\\/DEBSBAK-V5-10-GROUP-300x200.jpg\"},{\"@type\":\"BreadcrumbList\",\"@id\":\"https:\\\/\\\/www.nikocoatings.com\\\/products-solutions\\\/densbak-mass-loaded-vinyl-mlv\\\/#breadcrumb\",\"itemListElement\":[{\"@type\":\"ListItem\",\"position\":1,\"name\":\"Home\",\"item\":\"https:\\\/\\\/www.nikocoatings.com\\\/\"},{\"@type\":\"ListItem\",\"position\":2,\"name\":\"Products &#038; Solutions\",\"item\":\"https:\\\/\\\/www.nikocoatings.com\\\/products-solutions\\\/\"},{\"@type\":\"ListItem\",\"position\":3,\"name\":\"DENSBAK Mass Loaded Vinyl MLV\"}]},{\"@type\":\"WebSite\",\"@id\":\"https:\\\/\\\/www.nikocoatings.com\\\/#website\",\"url\":\"https:\\\/\\\/www.nikocoatings.com\\\/\",\"name\":\"Niko Coatings\",\"description\":\"\",\"publisher\":{\"@id\":\"https:\\\/\\\/www.nikocoatings.com\\\/#organization\"},\"potentialAction\":[{\"@type\":\"SearchAction\",\"target\":{\"@type\":\"EntryPoint\",\"urlTemplate\":\"https:\\\/\\\/www.nikocoatings.com\\\/?s={search_term_string}\"},\"query-input\":{\"@type\":\"PropertyValueSpecification\",\"valueRequired\":true,\"valueName\":\"search_term_string\"}}],\"inLanguage\":\"es\"},{\"@type\":\"Organization\",\"@id\":\"https:\\\/\\\/www.nikocoatings.com\\\/#organization\",\"name\":\"Niko Coatings\",\"url\":\"https:\\\/\\\/www.nikocoatings.com\\\/\",\"logo\":{\"@type\":\"ImageObject\",\"inLanguage\":\"es\",\"@id\":\"https:\\\/\\\/www.nikocoatings.com\\\/#\\\/schema\\\/logo\\\/image\\\/\",\"url\":\"https:\\\/\\\/www.nikocoatings.com\\\/wp-content\\\/uploads\\\/2021\\\/08\\\/niko-coatings-logo-medium.png\",\"contentUrl\":\"https:\\\/\\\/www.nikocoatings.com\\\/wp-content\\\/uploads\\\/2021\\\/08\\\/niko-coatings-logo-medium.png\",\"width\":151,\"height\":92,\"caption\":\"Niko Coatings\"},\"image\":{\"@id\":\"https:\\\/\\\/www.nikocoatings.com\\\/#\\\/schema\\\/logo\\\/image\\\/\"},\"sameAs\":[\"https:\\\/\\\/www.linkedin.com\\\/company\\\/niko-coatings-limited\"]}]}<\/script>\n<!-- \/ Yoast SEO plugin. -->","yoast_head_json":{"title":"DENSBAK Vinilo Cargado en Masa MLV - Niko Revestimientos","description":"Niko fabrica vinilo con carga de bario desde hace m\u00e1s de 30 a\u00f1os y se suministra bajo nuestro nombre comercial DENSBAK VB. Los productos de vinilo Niko est\u00e1n dise\u00f1ados y fabricados exclusivamente por Niko Coatings Ltd en nuestra f\u00e1brica de Bradford, Reino Unido.","robots":{"index":"index","follow":"follow","max-snippet":"max-snippet:-1","max-image-preview":"max-image-preview:large","max-video-preview":"max-video-preview:-1"},"canonical":"https:\/\/www.nikocoatings.com\/es_es\/productos-soluciones\/densbak-masa-cargada-vinilo-mlv\/","og_locale":"es_ES","og_type":"article","og_title":"DENSBAK Mass Loaded Vinyl MLV - Niko Coatings","og_description":"Barium Loaded Vinyl has been manufactured by Niko for over 30 years and is supplied under our trade name DENSBAK VB. Niko Vinyl products are exclusively designed and manufactured by Niko Coatings Ltd at our factory in Bradford UK.","og_url":"https:\/\/www.nikocoatings.com\/es_es\/productos-soluciones\/densbak-masa-cargada-vinilo-mlv\/","og_site_name":"Niko Coatings","article_modified_time":"2023-04-19T13:29:55+00:00","og_image":[{"url":"https:\/\/www.nikocoatings.com\/wp-content\/uploads\/2023\/04\/DEBSBAK-V5-10-GROUP-300x200.jpg","type":"","width":"","height":""}],"twitter_card":"summary_large_image","twitter_misc":{"Tiempo de lectura":"4 minutos"},"schema":{"@context":"https:\/\/schema.org","@graph":[{"@type":"WebPage","@id":"https:\/\/www.nikocoatings.com\/products-solutions\/densbak-mass-loaded-vinyl-mlv\/","url":"https:\/\/www.nikocoatings.com\/products-solutions\/densbak-mass-loaded-vinyl-mlv\/","name":"DENSBAK Vinilo Cargado en Masa MLV - Niko Revestimientos","isPartOf":{"@id":"https:\/\/www.nikocoatings.com\/#website"},"primaryImageOfPage":{"@id":"https:\/\/www.nikocoatings.com\/products-solutions\/densbak-mass-loaded-vinyl-mlv\/#primaryimage"},"image":{"@id":"https:\/\/www.nikocoatings.com\/products-solutions\/densbak-mass-loaded-vinyl-mlv\/#primaryimage"},"thumbnailUrl":"https:\/\/www.nikocoatings.com\/wp-content\/uploads\/2023\/04\/DEBSBAK-V5-10-GROUP-300x200.jpg","datePublished":"2017-05-08T17:30:45+00:00","dateModified":"2023-04-19T13:29:55+00:00","description":"Niko fabrica vinilo con carga de bario desde hace m\u00e1s de 30 a\u00f1os y se suministra bajo nuestro nombre comercial DENSBAK VB. Los productos de vinilo Niko est\u00e1n dise\u00f1ados y fabricados exclusivamente por Niko Coatings Ltd en nuestra f\u00e1brica de Bradford, Reino Unido.","breadcrumb":{"@id":"https:\/\/www.nikocoatings.com\/products-solutions\/densbak-mass-loaded-vinyl-mlv\/#breadcrumb"},"inLanguage":"es","potentialAction":[{"@type":"ReadAction","target":["https:\/\/www.nikocoatings.com\/products-solutions\/densbak-mass-loaded-vinyl-mlv\/"]}]},{"@type":"ImageObject","inLanguage":"es","@id":"https:\/\/www.nikocoatings.com\/products-solutions\/densbak-mass-loaded-vinyl-mlv\/#primaryimage","url":"https:\/\/www.nikocoatings.com\/wp-content\/uploads\/2023\/04\/DEBSBAK-V5-10-GROUP-300x200.jpg","contentUrl":"https:\/\/www.nikocoatings.com\/wp-content\/uploads\/2023\/04\/DEBSBAK-V5-10-GROUP-300x200.jpg"},{"@type":"BreadcrumbList","@id":"https:\/\/www.nikocoatings.com\/products-solutions\/densbak-mass-loaded-vinyl-mlv\/#breadcrumb","itemListElement":[{"@type":"ListItem","position":1,"name":"Home","item":"https:\/\/www.nikocoatings.com\/"},{"@type":"ListItem","position":2,"name":"Products &#038; Solutions","item":"https:\/\/www.nikocoatings.com\/products-solutions\/"},{"@type":"ListItem","position":3,"name":"DENSBAK Mass Loaded Vinyl MLV"}]},{"@type":"WebSite","@id":"https:\/\/www.nikocoatings.com\/#website","url":"https:\/\/www.nikocoatings.com\/","name":"Recubrimientos Niko","description":"","publisher":{"@id":"https:\/\/www.nikocoatings.com\/#organization"},"potentialAction":[{"@type":"SearchAction","target":{"@type":"EntryPoint","urlTemplate":"https:\/\/www.nikocoatings.com\/?s={search_term_string}"},"query-input":{"@type":"PropertyValueSpecification","valueRequired":true,"valueName":"search_term_string"}}],"inLanguage":"es"},{"@type":"Organization","@id":"https:\/\/www.nikocoatings.com\/#organization","name":"Recubrimientos Niko","url":"https:\/\/www.nikocoatings.com\/","logo":{"@type":"ImageObject","inLanguage":"es","@id":"https:\/\/www.nikocoatings.com\/#\/schema\/logo\/image\/","url":"https:\/\/www.nikocoatings.com\/wp-content\/uploads\/2021\/08\/niko-coatings-logo-medium.png","contentUrl":"https:\/\/www.nikocoatings.com\/wp-content\/uploads\/2021\/08\/niko-coatings-logo-medium.png","width":151,"height":92,"caption":"Niko Coatings"},"image":{"@id":"https:\/\/www.nikocoatings.com\/#\/schema\/logo\/image\/"},"sameAs":["https:\/\/www.linkedin.com\/company\/niko-coatings-limited"]}]}},"_links":{"self":[{"href":"https:\/\/www.nikocoatings.com\/es_es\/wp-json\/wp\/v2\/pages\/12696","targetHints":{"allow":["GET"]}}],"collection":[{"href":"https:\/\/www.nikocoatings.com\/es_es\/wp-json\/wp\/v2\/pages"}],"about":[{"href":"https:\/\/www.nikocoatings.com\/es_es\/wp-json\/wp\/v2\/types\/page"}],"author":[{"embeddable":true,"href":"https:\/\/www.nikocoatings.com\/es_es\/wp-json\/wp\/v2\/users\/1"}],"replies":[{"embeddable":true,"href":"https:\/\/www.nikocoatings.com\/es_es\/wp-json\/wp\/v2\/comments?post=12696"}],"version-history":[{"count":0,"href":"https:\/\/www.nikocoatings.com\/es_es\/wp-json\/wp\/v2\/pages\/12696\/revisions"}],"up":[{"embeddable":true,"href":"https:\/\/www.nikocoatings.com\/es_es\/wp-json\/wp\/v2\/pages\/13334"}],"wp:attachment":[{"href":"https:\/\/www.nikocoatings.com\/es_es\/wp-json\/wp\/v2\/media?parent=12696"}],"curies":[{"name":"wp","href":"https:\/\/api.w.org\/{rel}","templated":true}]}}