{"id":13334,"date":"2017-07-31T12:46:27","date_gmt":"2017-07-31T12:46:27","guid":{"rendered":"https:\/\/nex.vamtam.com\/?page_id=13334"},"modified":"2023-05-15T14:23:25","modified_gmt":"2023-05-15T13:23:25","slug":"productos-soluciones","status":"publish","type":"page","link":"https:\/\/www.nikocoatings.com\/es_es\/products-solutions\/","title":{"rendered":"Productos y soluciones"},"content":{"rendered":"<div class=\"vgblk-rw-wrapper limit-wrapper\">\r\n<h3>\r\n\t\t\t<a href=\"https:\/\/www.nikocoatings.com\/es_es\/productos-soluciones\/densbak-masa-cargada-vinilo-mlv\/\" title=\"Vinilo de carga masiva DENSBAK MLV\" target=\"_self\" rel=\"noopener\">\r\n\tVinilo de carga masiva DENSBAK MLV\r\n\t\t\t<\/a>\r\n\t<\/h3>\r\n\t\t\t\t<a href=\"https:\/\/www.nikocoatings.com\/es_es\/productos-soluciones\/densbak-masa-cargada-vinilo-mlv\/\" target=\"_self\" itemprop=\"url\" title=\"GRUPO DEBSBAK V5 Y 10,\" rel=\"noopener\">\r\n\t\t\t\t\t\t\t<img loading=\"lazy\" decoding=\"async\" src=\"https:\/\/www.nikocoatings.com\/wp-content\/uploads\/2021\/08\/DEBSBAK-V5-10-GROUP-300x200.jpg\" alt=\"GRUPO DEBSBAK V5 Y 10,\" itemprop=\"image\" height=\"200\" width=\"300\" data-link-type=\"url\" title=\"GRUPO DEBSBAK V5 Y 10,\" onerror=\"this.style.display='none'\"  sizes=\"auto, (max-width: 768px) 100vw, 100vw\" srcset=\"https:\/\/www.nikocoatings.com\/wp-content\/uploads\/2021\/08\/DEBSBAK-V5-10-GROUP-300x200.jpg 300w, https:\/\/www.nikocoatings.com\/wp-content\/uploads\/2021\/08\/DEBSBAK-V5-10-GROUP-420x280.jpg 420w, https:\/\/www.nikocoatings.com\/wp-content\/uploads\/2021\/08\/DEBSBAK-V5-10-GROUP-315x210.jpg 315w, https:\/\/www.nikocoatings.com\/wp-content\/uploads\/2021\/08\/DEBSBAK-V5-10-GROUP.jpg 524w\" \/>\t\t\t\t\t\t<\/a>\r\n\t<p>Niko lleva m\u00e1s de 30 a\u00f1os fabricando vinilo con carga de bario, que se suministra bajo nuestro nombre comercial DENSBAK VB. Los productos de vinilo de Niko est\u00e1n dise\u00f1ados y fabricados exclusivamente por Niko Coatings Ltd en nuestra f\u00e1brica de Bradford, Reino Unido. Los productos DENSBAK VB se venden y suministran actualmente con diversos nombres comerciales en el Reino Unido y en todo el mundo.<\/p>\r\n<h3>\r\n\t\t\t<a href=\"https:\/\/www.nikocoatings.com\/es_es\/productos-soluciones\/alfombrillas-barrera-acustica-sin-vinilo-densbak-pvc\/\" title=\" Alfombras ac\u00fasticas sin PVC DENSBAK\" target=\"_self\" rel=\"noopener\">\r\n\t Alfombras ac\u00fasticas sin PVC DENSBAK\r\n\t\t\t<\/a>\r\n\t<\/h3>\r\n\t\t\t\t<a href=\"https:\/\/www.nikocoatings.com\/es_es\/productos-soluciones\/alfombrillas-barrera-acustica-sin-vinilo-densbak-pvc\/\" target=\"_self\" itemprop=\"url\" title=\"DENSBAK F5AF10MM PUNF.\" rel=\"noopener\">\r\n\t\t\t\t\t\t\t<img loading=\"lazy\" decoding=\"async\" src=\"https:\/\/www.nikocoatings.com\/wp-content\/uploads\/2021\/11\/DENSBAK-F5AF10MM-PUNF.-300x200.jpg\" alt=\"DENSBAK F5AF10MM PUNF.\" itemprop=\"image\" height=\"200\" width=\"300\" data-link-type=\"url\" title=\"DENSBAK F5AF10MM PUNF.\" onerror=\"this.style.display='none'\"  sizes=\"auto, (max-width: 768px) 100vw, 100vw\" srcset=\"https:\/\/www.nikocoatings.com\/wp-content\/uploads\/2021\/11\/DENSBAK-F5AF10MM-PUNF.-300x200.jpg 300w, https:\/\/www.nikocoatings.com\/wp-content\/uploads\/2021\/11\/DENSBAK-F5AF10MM-PUNF.-420x280.jpg 420w, https:\/\/www.nikocoatings.com\/wp-content\/uploads\/2021\/11\/DENSBAK-F5AF10MM-PUNF.-315x210.jpg 315w, https:\/\/www.nikocoatings.com\/wp-content\/uploads\/2021\/11\/DENSBAK-F5AF10MM-PUNF..jpg 524w\" \/>\t\t\t\t\t\t<\/a>\r\n\t<p>Nuestra gama DENSBAK F de calidad industrial se utiliza para diversas aplicaciones de insonorizaci\u00f3n. El DENSBAK F utiliza rellenos de base c\u00e1lcica de menor densidad con las mismas caracter\u00edsticas de bajo contenido en COV y niebla y bajo olor que el DENSBAK F40. El material se puede revestir por una o dos caras con una variedad de sustratos para aumentar la resistencia mec\u00e1nica y favorecer la adherencia a diversos sustratos.<\/p>\r\n<h3>\r\n\t\t\t<a href=\"https:\/\/www.nikocoatings.com\/es_es\/productos-soluciones\/densbak-automotive\/\" title=\"DENSBAK AUTOMOCI\u00d3N\" target=\"_self\" rel=\"noopener\">\r\n\tDENSBAK AUTOMOCI\u00d3N\r\n\t\t\t<\/a>\r\n\t<\/h3>\r\n\t\t\t\t<a href=\"https:\/\/www.nikocoatings.com\/es_es\/productos-soluciones\/densbak-automotive\/\" target=\"_self\" itemprop=\"url\" title=\"ALFOMBRA 1\" rel=\"noopener\">\r\n\t\t\t\t\t\t\t<img loading=\"lazy\" decoding=\"async\" src=\"https:\/\/www.nikocoatings.com\/wp-content\/uploads\/2021\/11\/CARPET-1.jpg\" alt=\"ALFOMBRA 1\" itemprop=\"image\" height=\"349\" width=\"524\" data-link-type=\"url\" title=\"ALFOMBRA 1\" onerror=\"this.style.display='none'\"  sizes=\"auto, (max-width: 768px) 100vw, 100vw\" srcset=\"https:\/\/www.nikocoatings.com\/wp-content\/uploads\/2021\/11\/CARPET-1.jpg 524w, https:\/\/www.nikocoatings.com\/wp-content\/uploads\/2021\/11\/CARPET-1-300x200.jpg 300w, https:\/\/www.nikocoatings.com\/wp-content\/uploads\/2021\/11\/CARPET-1-420x280.jpg 420w, https:\/\/www.nikocoatings.com\/wp-content\/uploads\/2021\/11\/CARPET-1-315x210.jpg 315w\" \/>\t\t\t\t\t\t<\/a>\r\n\t<p>La capa pesada est\u00e1ndar para automoci\u00f3n DENSBAK F40 de Niko es la opci\u00f3n preferida por los fabricantes de revestimientos interiores de automoci\u00f3n de nivel 1 en el Reino Unido.<\/p>\r\n<p>Nuestras capas pesadas para automoci\u00f3n est\u00e1n dise\u00f1adas para adaptarse a una amplia gama de condiciones de procesamiento. Las capas pesadas Niko para automoci\u00f3n pueden combinarse y suministrarse con una amplia gama de sustratos (por ejemplo, pel\u00edculas, capas barrera, telas no tejidas, TPO, adhesivos sensibles a la presi\u00f3n y hotmelts) para formar compuestos multicapa en procesos de moldeo en caliente o en fr\u00edo.<\/p>\r\n<h3>\r\n\t\t\t<a href=\"https:\/\/www.nikocoatings.com\/es_es\/productos-soluciones\/sonoshield\/\" title=\"SONOSHIELD\" target=\"_self\" rel=\"noopener\">\r\n\tSONOSHIELD\r\n\t\t\t<\/a>\r\n\t<\/h3>\r\n\t\t\t\t<a href=\"https:\/\/www.nikocoatings.com\/es_es\/productos-soluciones\/densbak-masa-cargada-vinilo-mlv\/\" target=\"_self\" itemprop=\"url\" title=\"SONOSHIELD\" rel=\"noopener\">\r\n\t\t\t\t\t\t\t<img loading=\"lazy\" decoding=\"async\" src=\"https:\/\/www.nikocoatings.com\/wp-content\/uploads\/2023\/05\/SONOSHIELD-small.jpg\" alt=\"SONOSHIELD\" itemprop=\"image\" height=\"200\" width=\"300\" data-link-type=\"url\" title=\"SONOSHIELD\" onerror=\"this.style.display='none'\"  sizes=\"auto, (max-width: 768px) 100vw, 100vw\" srcset=\"https:\/\/www.nikocoatings.com\/wp-content\/uploads\/2023\/05\/SONOSHIELD-small.jpg 300w, https:\/\/www.nikocoatings.com\/wp-content\/uploads\/2023\/05\/SONOSHIELD-small-18x12.jpg 18w\" \/>\t\t\t\t\t\t<\/a>\r\n\t<p>Minimizaci\u00f3n del riesgo de incendio con Baja contribuci\u00f3n al fuego, Baja emisi\u00f3n de humos y Bajos gases t\u00f3xicos: SONOSHIELD\u00ae es la soluci\u00f3n vanguardista de capa de masa ac\u00fastica desarrollada por Niko para dar prioridad a la seguridad contra incendios y al rendimiento medioambiental.<\/p>\r\n\r\n<\/div><!-- .vgblk-rw-wrapper -->","protected":false},"excerpt":{"rendered":"<p>El vinilo cargado con bario DENSBAK MLV ha sido fabricado por Niko durante m\u00e1s de 30 a\u00f1os y se suministra bajo nuestro nombre comercial DENSBAK VB. Los productos de vinilo de Niko son dise\u00f1ados y fabricados exclusivamente por Niko Coatings Ltd en nuestra f\u00e1brica de Bradford, Reino Unido. Los productos DENSBAK VB se venden y suministran actualmente bajo varias marcas...<\/p>","protected":false},"author":1,"featured_media":0,"parent":0,"menu_order":0,"comment_status":"closed","ping_status":"closed","template":"","meta":{"inline_featured_image":false,"_monsterinsights_skip_tracking":false,"_monsterinsights_sitenote_active":false,"_monsterinsights_sitenote_note":"","_monsterinsights_sitenote_category":0,"footnotes":""},"class_list":["post-13334","page","type-page","status-publish","hentry"],"yoast_head":"<!-- This site is optimized with the Yoast SEO plugin v27.4 - https:\/\/yoast.com\/product\/yoast-seo-wordpress\/ -->\n<title>Products &amp; Solutions - Niko Coatings<\/title>\n<meta name=\"description\" content=\"Our products are exclusively designed and manufactured by Niko Coatings Ltd at our factory in Bradford, UK.\" \/>\n<meta name=\"robots\" content=\"index, follow, max-snippet:-1, max-image-preview:large, max-video-preview:-1\" \/>\n<link rel=\"canonical\" href=\"https:\/\/www.nikocoatings.com\/es_es\/productos-soluciones\/\" \/>\n<meta property=\"og:locale\" content=\"es_ES\" \/>\n<meta property=\"og:type\" content=\"article\" \/>\n<meta property=\"og:title\" content=\"Products &amp; Solutions - Niko Coatings\" \/>\n<meta property=\"og:description\" content=\"Our products are exclusively designed and manufactured by Niko Coatings Ltd at our factory in Bradford, UK.\" \/>\n<meta property=\"og:url\" content=\"https:\/\/www.nikocoatings.com\/es_es\/productos-soluciones\/\" \/>\n<meta property=\"og:site_name\" content=\"Niko Coatings\" \/>\n<meta property=\"article:modified_time\" content=\"2023-05-15T13:23:25+00:00\" \/>\n<meta property=\"og:image\" content=\"https:\/\/www.nikocoatings.com\/wp-content\/uploads\/2021\/08\/DEBSBAK-V5-10-GROUP-300x200.jpg\" \/>\n<meta name=\"twitter:card\" content=\"summary_large_image\" \/>\n<meta name=\"twitter:label1\" content=\"Tiempo de lectura\" \/>\n\t<meta name=\"twitter:data1\" content=\"2 minutos\" \/>\n<script type=\"application\/ld+json\" class=\"yoast-schema-graph\">{\"@context\":\"https:\\\/\\\/schema.org\",\"@graph\":[{\"@type\":\"WebPage\",\"@id\":\"https:\\\/\\\/www.nikocoatings.com\\\/products-solutions\\\/\",\"url\":\"https:\\\/\\\/www.nikocoatings.com\\\/products-solutions\\\/\",\"name\":\"Products & Solutions - Niko Coatings\",\"isPartOf\":{\"@id\":\"https:\\\/\\\/www.nikocoatings.com\\\/#website\"},\"primaryImageOfPage\":{\"@id\":\"https:\\\/\\\/www.nikocoatings.com\\\/products-solutions\\\/#primaryimage\"},\"image\":{\"@id\":\"https:\\\/\\\/www.nikocoatings.com\\\/products-solutions\\\/#primaryimage\"},\"thumbnailUrl\":\"https:\\\/\\\/www.nikocoatings.com\\\/wp-content\\\/uploads\\\/2021\\\/08\\\/DEBSBAK-V5-10-GROUP-300x200.jpg\",\"datePublished\":\"2017-07-31T12:46:27+00:00\",\"dateModified\":\"2023-05-15T13:23:25+00:00\",\"description\":\"Our products are exclusively designed and manufactured by Niko Coatings Ltd at our factory in Bradford, UK.\",\"breadcrumb\":{\"@id\":\"https:\\\/\\\/www.nikocoatings.com\\\/products-solutions\\\/#breadcrumb\"},\"inLanguage\":\"es\",\"potentialAction\":[{\"@type\":\"ReadAction\",\"target\":[\"https:\\\/\\\/www.nikocoatings.com\\\/products-solutions\\\/\"]}]},{\"@type\":\"ImageObject\",\"inLanguage\":\"es\",\"@id\":\"https:\\\/\\\/www.nikocoatings.com\\\/products-solutions\\\/#primaryimage\",\"url\":\"https:\\\/\\\/www.nikocoatings.com\\\/wp-content\\\/uploads\\\/2021\\\/08\\\/DEBSBAK-V5-10-GROUP-300x200.jpg\",\"contentUrl\":\"https:\\\/\\\/www.nikocoatings.com\\\/wp-content\\\/uploads\\\/2021\\\/08\\\/DEBSBAK-V5-10-GROUP-300x200.jpg\"},{\"@type\":\"BreadcrumbList\",\"@id\":\"https:\\\/\\\/www.nikocoatings.com\\\/products-solutions\\\/#breadcrumb\",\"itemListElement\":[{\"@type\":\"ListItem\",\"position\":1,\"name\":\"Home\",\"item\":\"https:\\\/\\\/www.nikocoatings.com\\\/\"},{\"@type\":\"ListItem\",\"position\":2,\"name\":\"Products &#038; Solutions\"}]},{\"@type\":\"WebSite\",\"@id\":\"https:\\\/\\\/www.nikocoatings.com\\\/#website\",\"url\":\"https:\\\/\\\/www.nikocoatings.com\\\/\",\"name\":\"Niko Coatings\",\"description\":\"\",\"publisher\":{\"@id\":\"https:\\\/\\\/www.nikocoatings.com\\\/#organization\"},\"potentialAction\":[{\"@type\":\"SearchAction\",\"target\":{\"@type\":\"EntryPoint\",\"urlTemplate\":\"https:\\\/\\\/www.nikocoatings.com\\\/?s={search_term_string}\"},\"query-input\":{\"@type\":\"PropertyValueSpecification\",\"valueRequired\":true,\"valueName\":\"search_term_string\"}}],\"inLanguage\":\"es\"},{\"@type\":\"Organization\",\"@id\":\"https:\\\/\\\/www.nikocoatings.com\\\/#organization\",\"name\":\"Niko Coatings\",\"url\":\"https:\\\/\\\/www.nikocoatings.com\\\/\",\"logo\":{\"@type\":\"ImageObject\",\"inLanguage\":\"es\",\"@id\":\"https:\\\/\\\/www.nikocoatings.com\\\/#\\\/schema\\\/logo\\\/image\\\/\",\"url\":\"https:\\\/\\\/www.nikocoatings.com\\\/wp-content\\\/uploads\\\/2021\\\/08\\\/niko-coatings-logo-medium.png\",\"contentUrl\":\"https:\\\/\\\/www.nikocoatings.com\\\/wp-content\\\/uploads\\\/2021\\\/08\\\/niko-coatings-logo-medium.png\",\"width\":151,\"height\":92,\"caption\":\"Niko Coatings\"},\"image\":{\"@id\":\"https:\\\/\\\/www.nikocoatings.com\\\/#\\\/schema\\\/logo\\\/image\\\/\"},\"sameAs\":[\"https:\\\/\\\/www.linkedin.com\\\/company\\\/niko-coatings-limited\"]}]}<\/script>\n<!-- \/ Yoast SEO plugin. -->","yoast_head_json":{"title":"Productos y soluciones - Niko Coatings","description":"Nuestros productos est\u00e1n dise\u00f1ados y fabricados exclusivamente por Niko Coatings Ltd en nuestra f\u00e1brica de Bradford, Reino Unido.","robots":{"index":"index","follow":"follow","max-snippet":"max-snippet:-1","max-image-preview":"max-image-preview:large","max-video-preview":"max-video-preview:-1"},"canonical":"https:\/\/www.nikocoatings.com\/es_es\/productos-soluciones\/","og_locale":"es_ES","og_type":"article","og_title":"Products & Solutions - Niko Coatings","og_description":"Our products are exclusively designed and manufactured by Niko Coatings Ltd at our factory in Bradford, UK.","og_url":"https:\/\/www.nikocoatings.com\/es_es\/productos-soluciones\/","og_site_name":"Niko Coatings","article_modified_time":"2023-05-15T13:23:25+00:00","og_image":[{"url":"https:\/\/www.nikocoatings.com\/wp-content\/uploads\/2021\/08\/DEBSBAK-V5-10-GROUP-300x200.jpg","type":"","width":"","height":""}],"twitter_card":"summary_large_image","twitter_misc":{"Tiempo de lectura":"2 minutos"},"schema":{"@context":"https:\/\/schema.org","@graph":[{"@type":"WebPage","@id":"https:\/\/www.nikocoatings.com\/products-solutions\/","url":"https:\/\/www.nikocoatings.com\/products-solutions\/","name":"Productos y soluciones - Niko Coatings","isPartOf":{"@id":"https:\/\/www.nikocoatings.com\/#website"},"primaryImageOfPage":{"@id":"https:\/\/www.nikocoatings.com\/products-solutions\/#primaryimage"},"image":{"@id":"https:\/\/www.nikocoatings.com\/products-solutions\/#primaryimage"},"thumbnailUrl":"https:\/\/www.nikocoatings.com\/wp-content\/uploads\/2021\/08\/DEBSBAK-V5-10-GROUP-300x200.jpg","datePublished":"2017-07-31T12:46:27+00:00","dateModified":"2023-05-15T13:23:25+00:00","description":"Nuestros productos est\u00e1n dise\u00f1ados y fabricados exclusivamente por Niko Coatings Ltd en nuestra f\u00e1brica de Bradford, Reino Unido.","breadcrumb":{"@id":"https:\/\/www.nikocoatings.com\/products-solutions\/#breadcrumb"},"inLanguage":"es","potentialAction":[{"@type":"ReadAction","target":["https:\/\/www.nikocoatings.com\/products-solutions\/"]}]},{"@type":"ImageObject","inLanguage":"es","@id":"https:\/\/www.nikocoatings.com\/products-solutions\/#primaryimage","url":"https:\/\/www.nikocoatings.com\/wp-content\/uploads\/2021\/08\/DEBSBAK-V5-10-GROUP-300x200.jpg","contentUrl":"https:\/\/www.nikocoatings.com\/wp-content\/uploads\/2021\/08\/DEBSBAK-V5-10-GROUP-300x200.jpg"},{"@type":"BreadcrumbList","@id":"https:\/\/www.nikocoatings.com\/products-solutions\/#breadcrumb","itemListElement":[{"@type":"ListItem","position":1,"name":"Home","item":"https:\/\/www.nikocoatings.com\/"},{"@type":"ListItem","position":2,"name":"Products &#038; Solutions"}]},{"@type":"WebSite","@id":"https:\/\/www.nikocoatings.com\/#website","url":"https:\/\/www.nikocoatings.com\/","name":"Recubrimientos Niko","description":"","publisher":{"@id":"https:\/\/www.nikocoatings.com\/#organization"},"potentialAction":[{"@type":"SearchAction","target":{"@type":"EntryPoint","urlTemplate":"https:\/\/www.nikocoatings.com\/?s={search_term_string}"},"query-input":{"@type":"PropertyValueSpecification","valueRequired":true,"valueName":"search_term_string"}}],"inLanguage":"es"},{"@type":"Organization","@id":"https:\/\/www.nikocoatings.com\/#organization","name":"Recubrimientos Niko","url":"https:\/\/www.nikocoatings.com\/","logo":{"@type":"ImageObject","inLanguage":"es","@id":"https:\/\/www.nikocoatings.com\/#\/schema\/logo\/image\/","url":"https:\/\/www.nikocoatings.com\/wp-content\/uploads\/2021\/08\/niko-coatings-logo-medium.png","contentUrl":"https:\/\/www.nikocoatings.com\/wp-content\/uploads\/2021\/08\/niko-coatings-logo-medium.png","width":151,"height":92,"caption":"Niko Coatings"},"image":{"@id":"https:\/\/www.nikocoatings.com\/#\/schema\/logo\/image\/"},"sameAs":["https:\/\/www.linkedin.com\/company\/niko-coatings-limited"]}]}},"_links":{"self":[{"href":"https:\/\/www.nikocoatings.com\/es_es\/wp-json\/wp\/v2\/pages\/13334","targetHints":{"allow":["GET"]}}],"collection":[{"href":"https:\/\/www.nikocoatings.com\/es_es\/wp-json\/wp\/v2\/pages"}],"about":[{"href":"https:\/\/www.nikocoatings.com\/es_es\/wp-json\/wp\/v2\/types\/page"}],"author":[{"embeddable":true,"href":"https:\/\/www.nikocoatings.com\/es_es\/wp-json\/wp\/v2\/users\/1"}],"replies":[{"embeddable":true,"href":"https:\/\/www.nikocoatings.com\/es_es\/wp-json\/wp\/v2\/comments?post=13334"}],"version-history":[{"count":0,"href":"https:\/\/www.nikocoatings.com\/es_es\/wp-json\/wp\/v2\/pages\/13334\/revisions"}],"wp:attachment":[{"href":"https:\/\/www.nikocoatings.com\/es_es\/wp-json\/wp\/v2\/media?parent=13334"}],"curies":[{"name":"wp","href":"https:\/\/api.w.org\/{rel}","templated":true}]}}