{"id":987694,"date":"2021-09-03T15:29:14","date_gmt":"2021-09-03T14:29:14","guid":{"rendered":"https:\/\/www.nikocoatings.com\/new\/?page_id=987694"},"modified":"2023-04-19T15:42:53","modified_gmt":"2023-04-19T14:42:53","slug":"densbak-automotive","status":"publish","type":"page","link":"https:\/\/www.nikocoatings.com\/es_es\/products-solutions\/densbak-automotive\/","title":{"rendered":"DENSBAK AUTOMOCI\u00d3N"},"content":{"rendered":"<div class=\"vgblk-rw-wrapper limit-wrapper\">\r\n<h2>\r\n\tAcerca de <br \/><strong>DENSBAK Capas pesadas de automoci\u00f3n<\/strong>\r\n\t<\/h2>\r\n\t<p>La capa pesada est\u00e1ndar para automoci\u00f3n DENSBAK F40 de Niko es la preferida por las empresas de automoci\u00f3n de primer nivel del Reino Unido.<\/p>\r\n<p>Nuestras capas pesadas para automoci\u00f3n est\u00e1n dise\u00f1adas para adaptarse a una amplia gama de condiciones de procesamiento. Las capas pesadas Niko para automoci\u00f3n pueden combinarse y suministrarse con una amplia gama de sustratos (por ejemplo, pel\u00edculas, capas barrera, telas no tejidas, TPO, adhesivos sensibles a la presi\u00f3n y hotmelts) para formar compuestos multicapa en procesos de moldeo en caliente o en fr\u00edo.<\/p>\r\n<p>Las crecientes exigencias medioambientales han dado lugar a una tendencia hacia capas de masa m\u00e1s ligeras. Las soluciones de capas pesadas de Niko han estado en el centro de este cambio, con productos DENSBAK adecuados para el termoformado a partir de s\u00f3lo 1000 g\/m2. Pero incluso con estos pesos tan bajos, las capas pesadas DENSBAK Automotive siguen ofreciendo las mismas prestaciones clave de estabilidad t\u00e9rmica, junto con ventajas de bajo olor, bajo COV y bajo empa\u00f1amiento.<\/p>\r\n<p>Gracias a la tecnolog\u00eda de producci\u00f3n y procesos de Niko, que utiliza sus f\u00f3rmulas patentadas DENSBAK, Niko puede ofrecer a nuestros clientes oportunidades para reducir el tama\u00f1o de las piezas en bruto y mejorar significativamente el curado de la espuma de proceso y los tiempos de ciclo de moldeo.<\/p>\r\n<p>Tambi\u00e9n hemos desarrollado nuevas f\u00f3rmulas para capas pesadas de automoci\u00f3n con mayores niveles de aceptaci\u00f3n del relleno, manteniendo las mismas caracter\u00edsticas clave de rendimiento.<\/p>\r\n<h3>\r\n\t\u00bfQu\u00e9 es la gama DENSBAK F40?\r\n\t<\/h3>\r\n\t<p>Nuestra capa pesada para automoci\u00f3n es un material elastom\u00e9rico termopl\u00e1stico, compuesto por una mezcla de pol\u00edmeros compuestos con cargas minerales. Est\u00e1 dise\u00f1ada para poseer un elevado alargamiento a temperaturas elevadas y es especialmente adecuada para el termoformado. La gama DENSBAK F40 est\u00e1 disponible en varios gramajes y tiene tratamientos superficiales como promotor de adherencia.<\/p>\r\n<p>La DENSBAK F40 puede suministrarse con una amplia gama de sustratos para formar compuestos multicapa en procesos de moldeo de herramientas en fr\u00edo o en caliente.<\/p>\r\n\t\t\t\t<a href=\"https:\/\/www.nikocoatings.com\/wp-content\/uploads\/2021\/11\/F40-Moulding-Test.jpg\" target=\"_self\" itemprop=\"url\" title=\"Prueba de moldeado F40\" rel=\"noopener\">\r\n\t\t\t\t\t\t\t<img decoding=\"async\" loading=\"lazy\" src=\"https:\/\/www.nikocoatings.com\/wp-content\/uploads\/2021\/11\/F40-Moulding-Test.jpg\" alt=\"Prueba de moldeado F40\" itemprop=\"image\" height=\"1142\" width=\"1000\" data-link-type=\"lightbox\" title=\"Prueba de moldeado F40\" onerror=\"this.style.display='none'\"  sizes=\"auto, (max-width: 768px) 100vw, 100vw\" srcset=\"https:\/\/www.nikocoatings.com\/wp-content\/uploads\/2021\/11\/F40-Moulding-Test.jpg 1000w, https:\/\/www.nikocoatings.com\/wp-content\/uploads\/2021\/11\/F40-Moulding-Test-263x300.jpg 263w, https:\/\/www.nikocoatings.com\/wp-content\/uploads\/2021\/11\/F40-Moulding-Test-897x1024.jpg 897w, https:\/\/www.nikocoatings.com\/wp-content\/uploads\/2021\/11\/F40-Moulding-Test-768x877.jpg 768w, https:\/\/www.nikocoatings.com\/wp-content\/uploads\/2021\/11\/F40-Moulding-Test-630x719.jpg 630w, https:\/\/www.nikocoatings.com\/wp-content\/uploads\/2021\/11\/F40-Moulding-Test-420x480.jpg 420w, https:\/\/www.nikocoatings.com\/wp-content\/uploads\/2021\/11\/F40-Moulding-Test-840x959.jpg 840w, https:\/\/www.nikocoatings.com\/wp-content\/uploads\/2021\/11\/F40-Moulding-Test-315x360.jpg 315w\" \/>\t\t\t\t\t\t<\/a>\r\n<h2>\r\n\tCaracter\u00edsticas y ventajas principales\r\n\t<\/h2>\r\n\t\t\t\u00bfQu\u00e9 pesos hay disponibles? \r\n\t\t<p>Las soluciones de capas de masa \"ligeras\" de Niko van desde s\u00f3lo 1.000 g\/m2 hasta 15.000 g\/m2. Como las materias primas (sobre todo los rellenos) tienen densidades diferentes, vendemos nuestras capas de masa pesada por peso (kg\/m2) en lugar de por grosor. Esto significa que producimos y controlamos nuestro proceso de fabricaci\u00f3n seg\u00fan la masa unitaria, medida en kg\/m2 o libras\/pie2.<\/p>\r\n\t\t\t\u00bfCu\u00e1l es la estabilidad t\u00e9rmica del DENSBAK F40? \u00bfSe encoge? \r\n\t\t<p>Una de las caracter\u00edsticas clave m\u00e1s significativas de las capas pesadas para automoci\u00f3n DENSBAK es su capacidad para ofrecer un alto alargamiento a temperaturas elevadas, lo que significa que son t\u00e9rmicamente estables. A diferencia de algunas capas pesadas alternativas, DENSBAK garantiza una baja contracci\u00f3n. Efectivamente, esto significa que los productos Niko pueden crear oportunidades para que nuestros clientes del sector de la automoci\u00f3n consigan ahorrar costes mediante la reducci\u00f3n del tama\u00f1o de las chapas (reducciones de 5% a 25% en los tama\u00f1os de las chapas en bruto).<\/p>\r\n\t\t\t\u00bfQu\u00e9 anchuras de fabricaci\u00f3n y opciones de corte hay disponibles?\r\n\t\t<p>Las tres l\u00edneas de producci\u00f3n de Niko permiten una anchura de rollo o l\u00e1mina acabada de 2000 mm. Tambi\u00e9n hay disponibles opciones de troquelado, lo que puede suponer un ahorro en el proceso y una reducci\u00f3n de los costes de transporte para nuestros clientes. Esto tambi\u00e9n significa que Niko puede ofrecer oportunidades de reciclaje preconsumo de residuos de esquel\u00e9ticos y reduce su huella medioambiental.<\/p>\r\n\t\t\t\u00bfHay problemas de delaminaci\u00f3n al utilizar DENSBAK? \r\n\t\t<p>Algunos productos alternativos de capa gruesa pueden tener problemas con los aceites de proceso que migran a la superficie (lo que se conoce como \"bloom\"), lo que puede dar lugar a problemas de laminaci\u00f3n. Sin embargo, el DENSBAK est\u00e1 dise\u00f1ado para estar libre de aceites superficiales, con lo que se evitan estos problemas. De serie, la superficie de todas nuestras capas pesadas para automoci\u00f3n se trata para aumentar la energ\u00eda superficial del producto, lo que favorece su adherencia a otros materiales.<\/p>\r\n\t\t\t\u00bfQu\u00e9 tipo de acabado superficial hay disponible? \r\n\t\t<p>Los productos lisos DENSBAK se suministran con un acabado gofrado de lino en una o ambas caras. Esta superficie de DENSBAK es ideal para aplicaciones de espumado posterior debido al aumento de la superficie. Esto significa que DENSBAK puede mejorar los tiempos de ciclo del proceso durante el curado de la espuma y las aplicaciones de moldeo. El acabado de la superficie tambi\u00e9n ayuda a evitar las acumulaciones est\u00e1ticas y a prevenir el bloqueo de la l\u00e1mina.<\/p>\r\n\t\t\t\u00bfCu\u00e1les son las credenciales COV de DENSBAK? \r\n\t\t<p>DENSBAK est\u00e1 dise\u00f1ado para ser una capa pesada de bajo COV. El material Niko cuenta con la acreditaci\u00f3n externa de Nissan y JLR seg\u00fan NES M0402, STJLR.51.5229, VDA277 y VDA278.<\/p>\r\n\t\t\t\u00bfSe puede reciclar el DENSBAK? \r\n\t\t<p>S\u00ed, las capas pesadas DENSBAK pueden contener hasta 80% de peso en material reciclado pre o postconsumo y seguir funcionando como si estuvieran fabricadas con materiales de primera calidad.<\/p>\r\n\t\t\t\u00bfD\u00f3nde est\u00e1 homologado el DENSBAK?\r\n\t\t<p>Las capas pesadas de automoci\u00f3n DENSBAK ya han sido aprobadas por muchos fabricantes OEM, entre ellos: -JLR, Toyota, Ford, BMW, Nissan, Volkswagen, Aston Martin, Mclaren<\/p>\r\n\t\t\t\u00bfCu\u00e1les son las principales aplicaciones del DENSBAK?\r\n\t\t<ul><li>Guiones interiores\u00a0\u00a0<\/li><li>Alfombras interiores de la planta principal\u00a0<\/li><li>Aisladores de suelo\u00a0<\/li><li>Aisladores de pasos de rueda\u00a0<\/li><li>Aisladores interiores del suelo del maletero.\u00a0<\/li><\/ul>\r\n\t<p><a href=\"https:\/\/www.nikocoatings.com\/wp-content\/uploads\/2021\/11\/DENSBAK-MPEPA..jpg\"><img loading=\"lazy\" decoding=\"async\" src=\"https:\/\/www.nikocoatings.com\/wp-content\/uploads\/2021\/11\/DENSBAK-MPEPA.-150x150.jpg\" alt=\"\" width=\"150\" height=\"150\" \/><\/a> <a href=\"https:\/\/www.nikocoatings.com\/wp-content\/uploads\/2021\/11\/DENSBAK-F40.jpg\"><img loading=\"lazy\" decoding=\"async\" src=\"https:\/\/www.nikocoatings.com\/wp-content\/uploads\/2021\/11\/DENSBAK-F40-150x150.jpg\" alt=\"\" width=\"150\" height=\"150\" \/>\u00a0<\/a><a href=\"https:\/\/www.nikocoatings.com\/wp-content\/uploads\/2021\/11\/DENSBAK-F5-SCRIM-1.jpg\"><img loading=\"lazy\" decoding=\"async\" src=\"https:\/\/www.nikocoatings.com\/wp-content\/uploads\/2021\/11\/DENSBAK-F5-SCRIM-1-150x150.jpg\" alt=\"\" width=\"150\" height=\"150\" \/><\/a> <a href=\"https:\/\/www.nikocoatings.com\/wp-content\/uploads\/2021\/11\/CARPET-1.jpg\"><img loading=\"lazy\" decoding=\"async\" src=\"https:\/\/www.nikocoatings.com\/wp-content\/uploads\/2021\/11\/CARPET-1-150x150.jpg\" alt=\"\" width=\"150\" height=\"150\" \/><\/a><\/p>\r\n<p>&nbsp;<\/p>\r\n<p>&nbsp;<\/p>\r\n\r\n<\/div><!-- .vgblk-rw-wrapper -->","protected":false},"excerpt":{"rendered":"<p>Acerca de las capas pesadas para automoci\u00f3n DENSBAK La capa pesada para automoci\u00f3n DENSBAK F40 est\u00e1ndar de Niko es la opci\u00f3n preferida de las empresas de automoci\u00f3n de primer nivel del Reino Unido. Nuestras capas pesadas para automoci\u00f3n est\u00e1n dise\u00f1adas para adaptarse a una amplia gama de condiciones de procesamiento. Las capas pesadas para automoci\u00f3n de Niko pueden combinarse y suministrarse con una amplia gama de sustratos (para...<\/p>","protected":false},"author":1,"featured_media":0,"parent":13334,"menu_order":0,"comment_status":"closed","ping_status":"closed","template":"","meta":{"inline_featured_image":false,"_monsterinsights_skip_tracking":false,"_monsterinsights_sitenote_active":false,"_monsterinsights_sitenote_note":"","_monsterinsights_sitenote_category":0,"footnotes":""},"class_list":["post-987694","page","type-page","status-publish","hentry"],"yoast_head":"<!-- This site is optimized with the Yoast SEO plugin v27.4 - https:\/\/yoast.com\/product\/yoast-seo-wordpress\/ -->\n<title>DENSBAK AUTOMOTIVE - Niko Coatings<\/title>\n<meta name=\"description\" content=\"Niko\u2019s standard DENSBAK F40 automotive heavy layer is the preferred choice for Tier 1 automotive companies in the UK. Our automotive heavy layers are designed to accommodate a wide range of processing conditions.\" \/>\n<meta name=\"robots\" content=\"index, follow, max-snippet:-1, max-image-preview:large, max-video-preview:-1\" \/>\n<link rel=\"canonical\" href=\"https:\/\/www.nikocoatings.com\/es_es\/productos-soluciones\/densbak-automotive\/\" \/>\n<meta property=\"og:locale\" content=\"es_ES\" \/>\n<meta property=\"og:type\" content=\"article\" \/>\n<meta property=\"og:title\" content=\"DENSBAK AUTOMOTIVE - Niko Coatings\" \/>\n<meta property=\"og:description\" content=\"Niko\u2019s standard DENSBAK F40 automotive heavy layer is the preferred choice for Tier 1 automotive companies in the UK. Our automotive heavy layers are designed to accommodate a wide range of processing conditions.\" \/>\n<meta property=\"og:url\" content=\"https:\/\/www.nikocoatings.com\/es_es\/productos-soluciones\/densbak-automotive\/\" \/>\n<meta property=\"og:site_name\" content=\"Niko Coatings\" \/>\n<meta property=\"article:modified_time\" content=\"2023-04-19T14:42:53+00:00\" \/>\n<meta property=\"og:image\" content=\"https:\/\/www.nikocoatings.com\/wp-content\/uploads\/2021\/11\/F40-Moulding-Test.jpg\" \/>\n<meta name=\"twitter:card\" content=\"summary_large_image\" \/>\n<meta name=\"twitter:label1\" content=\"Tiempo de lectura\" \/>\n\t<meta name=\"twitter:data1\" content=\"4 minutos\" \/>\n<script type=\"application\/ld+json\" class=\"yoast-schema-graph\">{\"@context\":\"https:\\\/\\\/schema.org\",\"@graph\":[{\"@type\":\"WebPage\",\"@id\":\"https:\\\/\\\/www.nikocoatings.com\\\/products-solutions\\\/densbak-automotive\\\/\",\"url\":\"https:\\\/\\\/www.nikocoatings.com\\\/products-solutions\\\/densbak-automotive\\\/\",\"name\":\"DENSBAK AUTOMOTIVE - Niko Coatings\",\"isPartOf\":{\"@id\":\"https:\\\/\\\/www.nikocoatings.com\\\/#website\"},\"primaryImageOfPage\":{\"@id\":\"https:\\\/\\\/www.nikocoatings.com\\\/products-solutions\\\/densbak-automotive\\\/#primaryimage\"},\"image\":{\"@id\":\"https:\\\/\\\/www.nikocoatings.com\\\/products-solutions\\\/densbak-automotive\\\/#primaryimage\"},\"thumbnailUrl\":\"https:\\\/\\\/www.nikocoatings.com\\\/wp-content\\\/uploads\\\/2021\\\/11\\\/F40-Moulding-Test.jpg\",\"datePublished\":\"2021-09-03T14:29:14+00:00\",\"dateModified\":\"2023-04-19T14:42:53+00:00\",\"description\":\"Niko\u2019s standard DENSBAK F40 automotive heavy layer is the preferred choice for Tier 1 automotive companies in the UK. Our automotive heavy layers are designed to accommodate a wide range of processing conditions.\",\"breadcrumb\":{\"@id\":\"https:\\\/\\\/www.nikocoatings.com\\\/products-solutions\\\/densbak-automotive\\\/#breadcrumb\"},\"inLanguage\":\"es\",\"potentialAction\":[{\"@type\":\"ReadAction\",\"target\":[\"https:\\\/\\\/www.nikocoatings.com\\\/products-solutions\\\/densbak-automotive\\\/\"]}]},{\"@type\":\"ImageObject\",\"inLanguage\":\"es\",\"@id\":\"https:\\\/\\\/www.nikocoatings.com\\\/products-solutions\\\/densbak-automotive\\\/#primaryimage\",\"url\":\"https:\\\/\\\/www.nikocoatings.com\\\/wp-content\\\/uploads\\\/2021\\\/11\\\/F40-Moulding-Test.jpg\",\"contentUrl\":\"https:\\\/\\\/www.nikocoatings.com\\\/wp-content\\\/uploads\\\/2021\\\/11\\\/F40-Moulding-Test.jpg\"},{\"@type\":\"BreadcrumbList\",\"@id\":\"https:\\\/\\\/www.nikocoatings.com\\\/products-solutions\\\/densbak-automotive\\\/#breadcrumb\",\"itemListElement\":[{\"@type\":\"ListItem\",\"position\":1,\"name\":\"Home\",\"item\":\"https:\\\/\\\/www.nikocoatings.com\\\/\"},{\"@type\":\"ListItem\",\"position\":2,\"name\":\"Products &#038; Solutions\",\"item\":\"https:\\\/\\\/www.nikocoatings.com\\\/products-solutions\\\/\"},{\"@type\":\"ListItem\",\"position\":3,\"name\":\"DENSBAK AUTOMOTIVE\"}]},{\"@type\":\"WebSite\",\"@id\":\"https:\\\/\\\/www.nikocoatings.com\\\/#website\",\"url\":\"https:\\\/\\\/www.nikocoatings.com\\\/\",\"name\":\"Niko Coatings\",\"description\":\"\",\"publisher\":{\"@id\":\"https:\\\/\\\/www.nikocoatings.com\\\/#organization\"},\"potentialAction\":[{\"@type\":\"SearchAction\",\"target\":{\"@type\":\"EntryPoint\",\"urlTemplate\":\"https:\\\/\\\/www.nikocoatings.com\\\/?s={search_term_string}\"},\"query-input\":{\"@type\":\"PropertyValueSpecification\",\"valueRequired\":true,\"valueName\":\"search_term_string\"}}],\"inLanguage\":\"es\"},{\"@type\":\"Organization\",\"@id\":\"https:\\\/\\\/www.nikocoatings.com\\\/#organization\",\"name\":\"Niko Coatings\",\"url\":\"https:\\\/\\\/www.nikocoatings.com\\\/\",\"logo\":{\"@type\":\"ImageObject\",\"inLanguage\":\"es\",\"@id\":\"https:\\\/\\\/www.nikocoatings.com\\\/#\\\/schema\\\/logo\\\/image\\\/\",\"url\":\"https:\\\/\\\/www.nikocoatings.com\\\/wp-content\\\/uploads\\\/2021\\\/08\\\/niko-coatings-logo-medium.png\",\"contentUrl\":\"https:\\\/\\\/www.nikocoatings.com\\\/wp-content\\\/uploads\\\/2021\\\/08\\\/niko-coatings-logo-medium.png\",\"width\":151,\"height\":92,\"caption\":\"Niko Coatings\"},\"image\":{\"@id\":\"https:\\\/\\\/www.nikocoatings.com\\\/#\\\/schema\\\/logo\\\/image\\\/\"},\"sameAs\":[\"https:\\\/\\\/www.linkedin.com\\\/company\\\/niko-coatings-limited\"]}]}<\/script>\n<!-- \/ Yoast SEO plugin. -->","yoast_head_json":{"title":"DENSBAK AUTOMOCI\u00d3N - Recubrimientos Niko","description":"La capa pesada de automoci\u00f3n DENSBAK F40 est\u00e1ndar de Niko es la opci\u00f3n preferida por las empresas de automoci\u00f3n de primer nivel del Reino Unido. Nuestras capas pesadas para automoci\u00f3n est\u00e1n dise\u00f1adas para adaptarse a una amplia gama de condiciones de procesamiento.","robots":{"index":"index","follow":"follow","max-snippet":"max-snippet:-1","max-image-preview":"max-image-preview:large","max-video-preview":"max-video-preview:-1"},"canonical":"https:\/\/www.nikocoatings.com\/es_es\/productos-soluciones\/densbak-automotive\/","og_locale":"es_ES","og_type":"article","og_title":"DENSBAK AUTOMOTIVE - Niko Coatings","og_description":"Niko\u2019s standard DENSBAK F40 automotive heavy layer is the preferred choice for Tier 1 automotive companies in the UK. Our automotive heavy layers are designed to accommodate a wide range of processing conditions.","og_url":"https:\/\/www.nikocoatings.com\/es_es\/productos-soluciones\/densbak-automotive\/","og_site_name":"Niko Coatings","article_modified_time":"2023-04-19T14:42:53+00:00","og_image":[{"url":"https:\/\/www.nikocoatings.com\/wp-content\/uploads\/2021\/11\/F40-Moulding-Test.jpg","type":"","width":"","height":""}],"twitter_card":"summary_large_image","twitter_misc":{"Tiempo de lectura":"4 minutos"},"schema":{"@context":"https:\/\/schema.org","@graph":[{"@type":"WebPage","@id":"https:\/\/www.nikocoatings.com\/products-solutions\/densbak-automotive\/","url":"https:\/\/www.nikocoatings.com\/products-solutions\/densbak-automotive\/","name":"DENSBAK AUTOMOCI\u00d3N - Recubrimientos Niko","isPartOf":{"@id":"https:\/\/www.nikocoatings.com\/#website"},"primaryImageOfPage":{"@id":"https:\/\/www.nikocoatings.com\/products-solutions\/densbak-automotive\/#primaryimage"},"image":{"@id":"https:\/\/www.nikocoatings.com\/products-solutions\/densbak-automotive\/#primaryimage"},"thumbnailUrl":"https:\/\/www.nikocoatings.com\/wp-content\/uploads\/2021\/11\/F40-Moulding-Test.jpg","datePublished":"2021-09-03T14:29:14+00:00","dateModified":"2023-04-19T14:42:53+00:00","description":"La capa pesada de automoci\u00f3n DENSBAK F40 est\u00e1ndar de Niko es la opci\u00f3n preferida por las empresas de automoci\u00f3n de primer nivel del Reino Unido. Nuestras capas pesadas para automoci\u00f3n est\u00e1n dise\u00f1adas para adaptarse a una amplia gama de condiciones de procesamiento.","breadcrumb":{"@id":"https:\/\/www.nikocoatings.com\/products-solutions\/densbak-automotive\/#breadcrumb"},"inLanguage":"es","potentialAction":[{"@type":"ReadAction","target":["https:\/\/www.nikocoatings.com\/products-solutions\/densbak-automotive\/"]}]},{"@type":"ImageObject","inLanguage":"es","@id":"https:\/\/www.nikocoatings.com\/products-solutions\/densbak-automotive\/#primaryimage","url":"https:\/\/www.nikocoatings.com\/wp-content\/uploads\/2021\/11\/F40-Moulding-Test.jpg","contentUrl":"https:\/\/www.nikocoatings.com\/wp-content\/uploads\/2021\/11\/F40-Moulding-Test.jpg"},{"@type":"BreadcrumbList","@id":"https:\/\/www.nikocoatings.com\/products-solutions\/densbak-automotive\/#breadcrumb","itemListElement":[{"@type":"ListItem","position":1,"name":"Home","item":"https:\/\/www.nikocoatings.com\/"},{"@type":"ListItem","position":2,"name":"Products &#038; Solutions","item":"https:\/\/www.nikocoatings.com\/products-solutions\/"},{"@type":"ListItem","position":3,"name":"DENSBAK AUTOMOTIVE"}]},{"@type":"WebSite","@id":"https:\/\/www.nikocoatings.com\/#website","url":"https:\/\/www.nikocoatings.com\/","name":"Recubrimientos Niko","description":"","publisher":{"@id":"https:\/\/www.nikocoatings.com\/#organization"},"potentialAction":[{"@type":"SearchAction","target":{"@type":"EntryPoint","urlTemplate":"https:\/\/www.nikocoatings.com\/?s={search_term_string}"},"query-input":{"@type":"PropertyValueSpecification","valueRequired":true,"valueName":"search_term_string"}}],"inLanguage":"es"},{"@type":"Organization","@id":"https:\/\/www.nikocoatings.com\/#organization","name":"Recubrimientos Niko","url":"https:\/\/www.nikocoatings.com\/","logo":{"@type":"ImageObject","inLanguage":"es","@id":"https:\/\/www.nikocoatings.com\/#\/schema\/logo\/image\/","url":"https:\/\/www.nikocoatings.com\/wp-content\/uploads\/2021\/08\/niko-coatings-logo-medium.png","contentUrl":"https:\/\/www.nikocoatings.com\/wp-content\/uploads\/2021\/08\/niko-coatings-logo-medium.png","width":151,"height":92,"caption":"Niko Coatings"},"image":{"@id":"https:\/\/www.nikocoatings.com\/#\/schema\/logo\/image\/"},"sameAs":["https:\/\/www.linkedin.com\/company\/niko-coatings-limited"]}]}},"_links":{"self":[{"href":"https:\/\/www.nikocoatings.com\/es_es\/wp-json\/wp\/v2\/pages\/987694","targetHints":{"allow":["GET"]}}],"collection":[{"href":"https:\/\/www.nikocoatings.com\/es_es\/wp-json\/wp\/v2\/pages"}],"about":[{"href":"https:\/\/www.nikocoatings.com\/es_es\/wp-json\/wp\/v2\/types\/page"}],"author":[{"embeddable":true,"href":"https:\/\/www.nikocoatings.com\/es_es\/wp-json\/wp\/v2\/users\/1"}],"replies":[{"embeddable":true,"href":"https:\/\/www.nikocoatings.com\/es_es\/wp-json\/wp\/v2\/comments?post=987694"}],"version-history":[{"count":0,"href":"https:\/\/www.nikocoatings.com\/es_es\/wp-json\/wp\/v2\/pages\/987694\/revisions"}],"up":[{"embeddable":true,"href":"https:\/\/www.nikocoatings.com\/es_es\/wp-json\/wp\/v2\/pages\/13334"}],"wp:attachment":[{"href":"https:\/\/www.nikocoatings.com\/es_es\/wp-json\/wp\/v2\/media?parent=987694"}],"curies":[{"name":"wp","href":"https:\/\/api.w.org\/{rel}","templated":true}]}}