{"id":987737,"date":"2021-11-09T15:11:07","date_gmt":"2021-11-09T15:11:07","guid":{"rendered":"https:\/\/www.nikocoatings.com\/new\/?page_id=987737"},"modified":"2022-01-14T15:50:07","modified_gmt":"2022-01-14T15:50:07","slug":"nuestros-servicios-capacidades","status":"publish","type":"page","link":"https:\/\/www.nikocoatings.com\/es_es\/our-services-capabilities\/","title":{"rendered":"Nuestros servicios y capacidades"},"content":{"rendered":"<div class=\"vgblk-rw-wrapper limit-wrapper\">\r\n\r\n\t<h2>Desarrollo<\/h2>\r\n<p>Nuestro laboratorio interno Niko realiza pruebas de calidad y conformidad de nuestros productos. Adem\u00e1s de nuestras propias pruebas internas, Niko puede proporcionar pruebas externas acreditadas mediante la colaboraci\u00f3n con una serie de laboratorios de terceros.<\/p>\r\n<h2>Laminaci\u00f3n<\/h2>\r\n<p>Laminamos nuestras capas pesadas a una gran variedad de materiales distintos, como pel\u00edculas, l\u00e1minas, telas no tejidas, yutes, alfombras, TPO y autoadhesivos. Estamos orgullosos de nuestra capacidad para laminar productos, a menudo sin adhesivos. Siempre estamos interesados en desarrollar nuevos productos con diferentes laminados, as\u00ed que ponte en contacto con nosotros si tienes alg\u00fan requisito espec\u00edfico.<\/p>\r\n<h2>Opciones de embalaje<\/h2>\r\n<p>Niko se compromete a ayudar a minimizar los residuos. El DENSBAK es intr\u00ednsecamente un material de baja adherencia, por lo que no necesita capas adicionales de entretela ni bolsas de pl\u00e1stico para evitar que los materiales se peguen entre s\u00ed y se bloqueen. Esto significa que podemos recortar los costes de embalaje innecesarios y reducir los residuos, ayudando as\u00ed al medio ambiente.<\/p>\r\n<h3>Embalaje de hojas y rollos<\/h3>\r\n<p><a href=\"https:\/\/www.nikocoatings.com\/wp-content\/uploads\/2021\/11\/Large-Rolls-Heat-Shrinking-Packaging.jpg\"><img loading=\"lazy\" decoding=\"async\" src=\"https:\/\/www.nikocoatings.com\/wp-content\/uploads\/2021\/11\/Large-Rolls-Heat-Shrinking-Packaging-257x300.jpg\" alt=\"\" width=\"257\" height=\"300\" \/><\/a>Fabricamos productos en hojas o en rollos. Los rollos pueden ser peque\u00f1os (hasta 45 kg cada uno) o rollos jumbo (hasta 850 g por rollo). Consulta tus necesidades espec\u00edficas con nuestro equipo.<\/p>\r\n<p>&nbsp;<\/p>\r\n<h2>Troquelado<\/h2>\r\n<p>El troquelado ofrece al cliente la oportunidad de tener tolerancias de corte m\u00e1s exactas y reducir los residuos de recorte en origen, con lo que se ahorran envases y se reducen los costes de distribuci\u00f3n y medioambientales.<\/p>\r\n<p>Dependiendo del tama\u00f1o, la mayor\u00eda de los pal\u00e9s de madera pueden suministrarse con 2 o 4 entradas, con la opci\u00f3n de estar totalmente entablillados y\/o tratados t\u00e9rmicamente bajo pedido. Los clientes pueden optar por reutilizar y\/o devolver los pal\u00e9s a Niko.<\/p>\r\n<p>Los pal\u00e9s suelen estar flejados y envueltos con pel\u00edculas termoselladas de serie para ayudar a minimizar los posibles da\u00f1os durante el transporte.<\/p>\r\n\r\n<\/div><!-- .vgblk-rw-wrapper -->","protected":false},"excerpt":{"rendered":"<p>Desarrollo Nuestro laboratorio interno de Niko realiza pruebas de calidad y conformidad de nuestros productos. Adem\u00e1s de nuestras propias pruebas internas, Niko puede proporcionar pruebas externas acreditadas mediante la colaboraci\u00f3n con una serie de laboratorios de terceros. Laminado Laminamos nuestras capas pesadas a una gran variedad de materiales, como pel\u00edculas, l\u00e1minas, telas no tejidas, yutes, alfombras, TPO y autoadhesivos....<\/p>","protected":false},"author":1,"featured_media":0,"parent":0,"menu_order":0,"comment_status":"closed","ping_status":"closed","template":"","meta":{"inline_featured_image":false,"_monsterinsights_skip_tracking":false,"_monsterinsights_sitenote_active":false,"_monsterinsights_sitenote_note":"","_monsterinsights_sitenote_category":0,"footnotes":""},"class_list":["post-987737","page","type-page","status-publish","hentry"],"yoast_head":"<!-- This site is optimized with the Yoast SEO plugin v27.4 - https:\/\/yoast.com\/product\/yoast-seo-wordpress\/ -->\n<title>Our Services &amp; Capabilities - Niko Coatings<\/title>\n<meta name=\"description\" content=\"Development, Lamination, Packaging Options, Die cutting. Niko is committed to helping to minimise waste.\" \/>\n<meta name=\"robots\" content=\"index, follow, max-snippet:-1, max-image-preview:large, max-video-preview:-1\" \/>\n<link rel=\"canonical\" href=\"https:\/\/www.nikocoatings.com\/es_es\/nuestros-servicios-capacidades\/\" \/>\n<meta property=\"og:locale\" content=\"es_ES\" \/>\n<meta property=\"og:type\" content=\"article\" \/>\n<meta property=\"og:title\" content=\"Our Services &amp; Capabilities - Niko Coatings\" \/>\n<meta property=\"og:description\" content=\"Development, Lamination, Packaging Options, Die cutting. Niko is committed to helping to minimise waste.\" \/>\n<meta property=\"og:url\" content=\"https:\/\/www.nikocoatings.com\/es_es\/nuestros-servicios-capacidades\/\" \/>\n<meta property=\"og:site_name\" content=\"Niko Coatings\" \/>\n<meta property=\"article:modified_time\" content=\"2022-01-14T15:50:07+00:00\" \/>\n<meta property=\"og:image\" content=\"https:\/\/www.nikocoatings.com\/wp-content\/uploads\/2021\/11\/Large-Rolls-Heat-Shrinking-Packaging-257x300.jpg\" \/>\n<meta name=\"twitter:card\" content=\"summary_large_image\" \/>\n<meta name=\"twitter:label1\" content=\"Tiempo de lectura\" \/>\n\t<meta name=\"twitter:data1\" content=\"1 minuto\" \/>\n<script type=\"application\/ld+json\" class=\"yoast-schema-graph\">{\"@context\":\"https:\\\/\\\/schema.org\",\"@graph\":[{\"@type\":\"WebPage\",\"@id\":\"https:\\\/\\\/www.nikocoatings.com\\\/our-services-capabilities\\\/\",\"url\":\"https:\\\/\\\/www.nikocoatings.com\\\/our-services-capabilities\\\/\",\"name\":\"Our Services & Capabilities - Niko Coatings\",\"isPartOf\":{\"@id\":\"https:\\\/\\\/www.nikocoatings.com\\\/#website\"},\"primaryImageOfPage\":{\"@id\":\"https:\\\/\\\/www.nikocoatings.com\\\/our-services-capabilities\\\/#primaryimage\"},\"image\":{\"@id\":\"https:\\\/\\\/www.nikocoatings.com\\\/our-services-capabilities\\\/#primaryimage\"},\"thumbnailUrl\":\"https:\\\/\\\/www.nikocoatings.com\\\/wp-content\\\/uploads\\\/2021\\\/11\\\/Large-Rolls-Heat-Shrinking-Packaging-257x300.jpg\",\"datePublished\":\"2021-11-09T15:11:07+00:00\",\"dateModified\":\"2022-01-14T15:50:07+00:00\",\"description\":\"Development, Lamination, Packaging Options, Die cutting. Niko is committed to helping to minimise waste.\",\"breadcrumb\":{\"@id\":\"https:\\\/\\\/www.nikocoatings.com\\\/our-services-capabilities\\\/#breadcrumb\"},\"inLanguage\":\"es\",\"potentialAction\":[{\"@type\":\"ReadAction\",\"target\":[\"https:\\\/\\\/www.nikocoatings.com\\\/our-services-capabilities\\\/\"]}]},{\"@type\":\"ImageObject\",\"inLanguage\":\"es\",\"@id\":\"https:\\\/\\\/www.nikocoatings.com\\\/our-services-capabilities\\\/#primaryimage\",\"url\":\"https:\\\/\\\/www.nikocoatings.com\\\/wp-content\\\/uploads\\\/2021\\\/11\\\/Large-Rolls-Heat-Shrinking-Packaging-257x300.jpg\",\"contentUrl\":\"https:\\\/\\\/www.nikocoatings.com\\\/wp-content\\\/uploads\\\/2021\\\/11\\\/Large-Rolls-Heat-Shrinking-Packaging-257x300.jpg\"},{\"@type\":\"BreadcrumbList\",\"@id\":\"https:\\\/\\\/www.nikocoatings.com\\\/our-services-capabilities\\\/#breadcrumb\",\"itemListElement\":[{\"@type\":\"ListItem\",\"position\":1,\"name\":\"Home\",\"item\":\"https:\\\/\\\/www.nikocoatings.com\\\/\"},{\"@type\":\"ListItem\",\"position\":2,\"name\":\"Our Services &#038; Capabilities\"}]},{\"@type\":\"WebSite\",\"@id\":\"https:\\\/\\\/www.nikocoatings.com\\\/#website\",\"url\":\"https:\\\/\\\/www.nikocoatings.com\\\/\",\"name\":\"Niko Coatings\",\"description\":\"\",\"publisher\":{\"@id\":\"https:\\\/\\\/www.nikocoatings.com\\\/#organization\"},\"potentialAction\":[{\"@type\":\"SearchAction\",\"target\":{\"@type\":\"EntryPoint\",\"urlTemplate\":\"https:\\\/\\\/www.nikocoatings.com\\\/?s={search_term_string}\"},\"query-input\":{\"@type\":\"PropertyValueSpecification\",\"valueRequired\":true,\"valueName\":\"search_term_string\"}}],\"inLanguage\":\"es\"},{\"@type\":\"Organization\",\"@id\":\"https:\\\/\\\/www.nikocoatings.com\\\/#organization\",\"name\":\"Niko Coatings\",\"url\":\"https:\\\/\\\/www.nikocoatings.com\\\/\",\"logo\":{\"@type\":\"ImageObject\",\"inLanguage\":\"es\",\"@id\":\"https:\\\/\\\/www.nikocoatings.com\\\/#\\\/schema\\\/logo\\\/image\\\/\",\"url\":\"https:\\\/\\\/www.nikocoatings.com\\\/wp-content\\\/uploads\\\/2021\\\/08\\\/niko-coatings-logo-medium.png\",\"contentUrl\":\"https:\\\/\\\/www.nikocoatings.com\\\/wp-content\\\/uploads\\\/2021\\\/08\\\/niko-coatings-logo-medium.png\",\"width\":151,\"height\":92,\"caption\":\"Niko Coatings\"},\"image\":{\"@id\":\"https:\\\/\\\/www.nikocoatings.com\\\/#\\\/schema\\\/logo\\\/image\\\/\"},\"sameAs\":[\"https:\\\/\\\/www.linkedin.com\\\/company\\\/niko-coatings-limited\"]}]}<\/script>\n<!-- \/ Yoast SEO plugin. -->","yoast_head_json":{"title":"Nuestros servicios y capacidades - Niko Coatings","description":"Desarrollo, Laminaci\u00f3n, Opciones de envasado, Troquelado. Niko se compromete a ayudar a minimizar los residuos.","robots":{"index":"index","follow":"follow","max-snippet":"max-snippet:-1","max-image-preview":"max-image-preview:large","max-video-preview":"max-video-preview:-1"},"canonical":"https:\/\/www.nikocoatings.com\/es_es\/nuestros-servicios-capacidades\/","og_locale":"es_ES","og_type":"article","og_title":"Our Services & Capabilities - Niko Coatings","og_description":"Development, Lamination, Packaging Options, Die cutting. Niko is committed to helping to minimise waste.","og_url":"https:\/\/www.nikocoatings.com\/es_es\/nuestros-servicios-capacidades\/","og_site_name":"Niko Coatings","article_modified_time":"2022-01-14T15:50:07+00:00","og_image":[{"url":"https:\/\/www.nikocoatings.com\/wp-content\/uploads\/2021\/11\/Large-Rolls-Heat-Shrinking-Packaging-257x300.jpg","type":"","width":"","height":""}],"twitter_card":"summary_large_image","twitter_misc":{"Tiempo de lectura":"1 minuto"},"schema":{"@context":"https:\/\/schema.org","@graph":[{"@type":"WebPage","@id":"https:\/\/www.nikocoatings.com\/our-services-capabilities\/","url":"https:\/\/www.nikocoatings.com\/our-services-capabilities\/","name":"Nuestros servicios y capacidades - Niko Coatings","isPartOf":{"@id":"https:\/\/www.nikocoatings.com\/#website"},"primaryImageOfPage":{"@id":"https:\/\/www.nikocoatings.com\/our-services-capabilities\/#primaryimage"},"image":{"@id":"https:\/\/www.nikocoatings.com\/our-services-capabilities\/#primaryimage"},"thumbnailUrl":"https:\/\/www.nikocoatings.com\/wp-content\/uploads\/2021\/11\/Large-Rolls-Heat-Shrinking-Packaging-257x300.jpg","datePublished":"2021-11-09T15:11:07+00:00","dateModified":"2022-01-14T15:50:07+00:00","description":"Desarrollo, Laminaci\u00f3n, Opciones de envasado, Troquelado. Niko se compromete a ayudar a minimizar los residuos.","breadcrumb":{"@id":"https:\/\/www.nikocoatings.com\/our-services-capabilities\/#breadcrumb"},"inLanguage":"es","potentialAction":[{"@type":"ReadAction","target":["https:\/\/www.nikocoatings.com\/our-services-capabilities\/"]}]},{"@type":"ImageObject","inLanguage":"es","@id":"https:\/\/www.nikocoatings.com\/our-services-capabilities\/#primaryimage","url":"https:\/\/www.nikocoatings.com\/wp-content\/uploads\/2021\/11\/Large-Rolls-Heat-Shrinking-Packaging-257x300.jpg","contentUrl":"https:\/\/www.nikocoatings.com\/wp-content\/uploads\/2021\/11\/Large-Rolls-Heat-Shrinking-Packaging-257x300.jpg"},{"@type":"BreadcrumbList","@id":"https:\/\/www.nikocoatings.com\/our-services-capabilities\/#breadcrumb","itemListElement":[{"@type":"ListItem","position":1,"name":"Home","item":"https:\/\/www.nikocoatings.com\/"},{"@type":"ListItem","position":2,"name":"Our Services &#038; Capabilities"}]},{"@type":"WebSite","@id":"https:\/\/www.nikocoatings.com\/#website","url":"https:\/\/www.nikocoatings.com\/","name":"Recubrimientos Niko","description":"","publisher":{"@id":"https:\/\/www.nikocoatings.com\/#organization"},"potentialAction":[{"@type":"SearchAction","target":{"@type":"EntryPoint","urlTemplate":"https:\/\/www.nikocoatings.com\/?s={search_term_string}"},"query-input":{"@type":"PropertyValueSpecification","valueRequired":true,"valueName":"search_term_string"}}],"inLanguage":"es"},{"@type":"Organization","@id":"https:\/\/www.nikocoatings.com\/#organization","name":"Recubrimientos Niko","url":"https:\/\/www.nikocoatings.com\/","logo":{"@type":"ImageObject","inLanguage":"es","@id":"https:\/\/www.nikocoatings.com\/#\/schema\/logo\/image\/","url":"https:\/\/www.nikocoatings.com\/wp-content\/uploads\/2021\/08\/niko-coatings-logo-medium.png","contentUrl":"https:\/\/www.nikocoatings.com\/wp-content\/uploads\/2021\/08\/niko-coatings-logo-medium.png","width":151,"height":92,"caption":"Niko Coatings"},"image":{"@id":"https:\/\/www.nikocoatings.com\/#\/schema\/logo\/image\/"},"sameAs":["https:\/\/www.linkedin.com\/company\/niko-coatings-limited"]}]}},"_links":{"self":[{"href":"https:\/\/www.nikocoatings.com\/es_es\/wp-json\/wp\/v2\/pages\/987737","targetHints":{"allow":["GET"]}}],"collection":[{"href":"https:\/\/www.nikocoatings.com\/es_es\/wp-json\/wp\/v2\/pages"}],"about":[{"href":"https:\/\/www.nikocoatings.com\/es_es\/wp-json\/wp\/v2\/types\/page"}],"author":[{"embeddable":true,"href":"https:\/\/www.nikocoatings.com\/es_es\/wp-json\/wp\/v2\/users\/1"}],"replies":[{"embeddable":true,"href":"https:\/\/www.nikocoatings.com\/es_es\/wp-json\/wp\/v2\/comments?post=987737"}],"version-history":[{"count":0,"href":"https:\/\/www.nikocoatings.com\/es_es\/wp-json\/wp\/v2\/pages\/987737\/revisions"}],"wp:attachment":[{"href":"https:\/\/www.nikocoatings.com\/es_es\/wp-json\/wp\/v2\/media?parent=987737"}],"curies":[{"name":"wp","href":"https:\/\/api.w.org\/{rel}","templated":true}]}}