{"id":11412,"date":"2016-12-05T16:27:47","date_gmt":"2016-12-05T16:27:47","guid":{"rendered":"https:\/\/nex.vamtam.com\/?page_id=11412"},"modified":"2023-05-04T10:52:05","modified_gmt":"2023-05-04T09:52:05","slug":"contact","status":"publish","type":"page","link":"https:\/\/www.nikocoatings.com\/fr\/contact\/","title":{"rendered":"Contact"},"content":{"rendered":"<div class=\"vgblk-rw-wrapper limit-wrapper\">\r\n<p><iframe src=\"https:\/\/maps.google.com\/maps?q=Niko+Coatings+Ltd++Unit+D++Springmill+Street++Bradford++BD5+7HF++West+Yorkshire&amp;iwloc=near&amp;output=embed\" height=\"480\" frameborder=\"0\"><\/iframe><\/p>\r\n<h2>Nous appeler<br \/>ou remplir le formulaire<\/h2>\r\n<h4><a title=\"+44 (0)1274 734122\" href=\"tel:+441274734122\" target=\"_self\" rel=\"noopener\"> +44 (0)1274 734122 <\/a><\/h4>\r\n<p>N'h\u00e9site pas \u00e0 nous contacter !<\/p>\r\n<h4>Heures d'ouverture du bureau<\/h4>\r\n<p>07:30 \u00e0 16:00 du lundi au vendredi (ferm\u00e9 les jours f\u00e9ri\u00e9s)<\/p>\r\n<h4>Adresse<\/h4>\r\n<p>Niko Coatings Ltd<br \/>Unit\u00e9 D, rue Springmill<br \/>Bradford, West Yorkshire,<br \/>BD5 7HF, Royaume-Uni<\/p>\r\n<p>&nbsp;<\/p>\r\n<p>Avis : JavaScript est requis pour ce contenu.<\/p>\r\n<!-- TODO: Move to Template File. -->\r\n<h2>Livraisons \/ collectes chez Niko<\/h2>\r\n<p>Notre entrep\u00f4t est ouvert pour le chargement\/d\u00e9chargement entre 06h00 et 20h00 du lundi au vendredi. Les heures pr\u00e9f\u00e9r\u00e9es se situent entre 06h00 et 13h00.<\/p>\r\n<p>Pour nous aider \u00e0 g\u00e9rer efficacement notre quai de chargement et notre cour, toutes les livraisons et collectes de marchandises palettis\u00e9es ou en vrac doivent \u00eatre organis\u00e9es \u00e0 l'avance.<\/p>\r\n<p>Les cr\u00e9neaux horaires peuvent \u00eatre r\u00e9serv\u00e9s en t\u00e9l\u00e9phonant \u00e0 Cathy, au 01274 734122, en choisissant l'option 2, au moins 24 heures \u00e0 l'avance OU en envoyant un e-mail au moins 48 heures \u00e0 l'avance \u00e0 cathy@nikocoatings.com.<\/p>\r\n<p>Si le v\u00e9hicule n'est pas pris en charge \u00e0 l'avance, il peut lui \u00eatre demand\u00e9 de revenir lorsqu'il y a une place disponible.<\/p>\r\n<p>Merci de nous aider \u00e0 assurer le bon d\u00e9roulement des op\u00e9rations de chargement\/d\u00e9chargement \u00e0 Niko en respectant les horaires convenus.<\/p>\r\n<\/div><!-- .vgblk-rw-wrapper -->","protected":false},"excerpt":{"rendered":"<p>Appelle-nousou remplis le formulaire +44 (0)1274 734122 N'h\u00e9site pas \u00e0 nous contacter ! Heures d'ouverture du bureau 07:30 \u00e0 16:00 du lundi au vendredi (Ferm\u00e9 les jours f\u00e9ri\u00e9s) Adresse Niko Coatings LtdUnit D, Springmill StreetBradford, West Yorkshire,BD5 7HF, United Kingdom Notice : JavaScript est requis pour ce contenu. Livraisons \/ collectes chez Niko Notre entrep\u00f4t est ouvert...<\/p>","protected":false},"author":1,"featured_media":0,"parent":0,"menu_order":0,"comment_status":"closed","ping_status":"closed","template":"","meta":{"inline_featured_image":false,"_monsterinsights_skip_tracking":false,"_monsterinsights_sitenote_active":false,"_monsterinsights_sitenote_note":"","_monsterinsights_sitenote_category":0,"footnotes":""},"class_list":["post-11412","page","type-page","status-publish","hentry"],"yoast_head":"<!-- This site is optimized with the Yoast SEO plugin v27.4 - https:\/\/yoast.com\/product\/yoast-seo-wordpress\/ -->\n<title>Contact - Niko Coatings<\/title>\n<meta name=\"robots\" content=\"index, follow, max-snippet:-1, max-image-preview:large, max-video-preview:-1\" \/>\n<link rel=\"canonical\" href=\"https:\/\/www.nikocoatings.com\/fr\/contact\/\" \/>\n<meta property=\"og:locale\" content=\"fr_FR\" \/>\n<meta property=\"og:type\" content=\"article\" \/>\n<meta property=\"og:title\" content=\"Contact - Niko Coatings\" \/>\n<meta property=\"og:description\" content=\"Call Usor fill in the form +44 (0)1274 734122 Don&#8217;t hesitate to contact us! Office opening hours 07:30 to 16:00 Monday to Friday (Closed Bank Holidays) Address Niko Coatings LtdUnit D, Springmill StreetBradford, West Yorkshire,BD5 7HF, United Kingdom &nbsp; Notice: JavaScript is required for this content. Deliveries \/ Collections at Niko Our warehouse is open...\" \/>\n<meta property=\"og:url\" content=\"https:\/\/www.nikocoatings.com\/fr\/contact\/\" \/>\n<meta property=\"og:site_name\" content=\"Niko Coatings\" \/>\n<meta property=\"article:modified_time\" content=\"2023-05-04T09:52:05+00:00\" \/>\n<meta name=\"twitter:card\" content=\"summary_large_image\" \/>\n<meta name=\"twitter:label1\" content=\"Dur\u00e9e de lecture estim\u00e9e\" \/>\n\t<meta name=\"twitter:data1\" content=\"1 minute\" \/>\n<script type=\"application\/ld+json\" class=\"yoast-schema-graph\">{\"@context\":\"https:\\\/\\\/schema.org\",\"@graph\":[{\"@type\":\"WebPage\",\"@id\":\"https:\\\/\\\/www.nikocoatings.com\\\/contact\\\/\",\"url\":\"https:\\\/\\\/www.nikocoatings.com\\\/contact\\\/\",\"name\":\"Contact - Niko Coatings\",\"isPartOf\":{\"@id\":\"https:\\\/\\\/www.nikocoatings.com\\\/#website\"},\"datePublished\":\"2016-12-05T16:27:47+00:00\",\"dateModified\":\"2023-05-04T09:52:05+00:00\",\"breadcrumb\":{\"@id\":\"https:\\\/\\\/www.nikocoatings.com\\\/contact\\\/#breadcrumb\"},\"inLanguage\":\"fr-FR\",\"potentialAction\":[{\"@type\":\"ReadAction\",\"target\":[\"https:\\\/\\\/www.nikocoatings.com\\\/contact\\\/\"]}]},{\"@type\":\"BreadcrumbList\",\"@id\":\"https:\\\/\\\/www.nikocoatings.com\\\/contact\\\/#breadcrumb\",\"itemListElement\":[{\"@type\":\"ListItem\",\"position\":1,\"name\":\"Home\",\"item\":\"https:\\\/\\\/www.nikocoatings.com\\\/\"},{\"@type\":\"ListItem\",\"position\":2,\"name\":\"Contact\"}]},{\"@type\":\"WebSite\",\"@id\":\"https:\\\/\\\/www.nikocoatings.com\\\/#website\",\"url\":\"https:\\\/\\\/www.nikocoatings.com\\\/\",\"name\":\"Niko Coatings\",\"description\":\"\",\"publisher\":{\"@id\":\"https:\\\/\\\/www.nikocoatings.com\\\/#organization\"},\"potentialAction\":[{\"@type\":\"SearchAction\",\"target\":{\"@type\":\"EntryPoint\",\"urlTemplate\":\"https:\\\/\\\/www.nikocoatings.com\\\/?s={search_term_string}\"},\"query-input\":{\"@type\":\"PropertyValueSpecification\",\"valueRequired\":true,\"valueName\":\"search_term_string\"}}],\"inLanguage\":\"fr-FR\"},{\"@type\":\"Organization\",\"@id\":\"https:\\\/\\\/www.nikocoatings.com\\\/#organization\",\"name\":\"Niko Coatings\",\"url\":\"https:\\\/\\\/www.nikocoatings.com\\\/\",\"logo\":{\"@type\":\"ImageObject\",\"inLanguage\":\"fr-FR\",\"@id\":\"https:\\\/\\\/www.nikocoatings.com\\\/#\\\/schema\\\/logo\\\/image\\\/\",\"url\":\"https:\\\/\\\/www.nikocoatings.com\\\/wp-content\\\/uploads\\\/2021\\\/08\\\/niko-coatings-logo-medium.png\",\"contentUrl\":\"https:\\\/\\\/www.nikocoatings.com\\\/wp-content\\\/uploads\\\/2021\\\/08\\\/niko-coatings-logo-medium.png\",\"width\":151,\"height\":92,\"caption\":\"Niko Coatings\"},\"image\":{\"@id\":\"https:\\\/\\\/www.nikocoatings.com\\\/#\\\/schema\\\/logo\\\/image\\\/\"},\"sameAs\":[\"https:\\\/\\\/www.linkedin.com\\\/company\\\/niko-coatings-limited\"]}]}<\/script>\n<!-- \/ Yoast SEO plugin. -->","yoast_head_json":{"title":"Contact - Niko Coatings","robots":{"index":"index","follow":"follow","max-snippet":"max-snippet:-1","max-image-preview":"max-image-preview:large","max-video-preview":"max-video-preview:-1"},"canonical":"https:\/\/www.nikocoatings.com\/fr\/contact\/","og_locale":"fr_FR","og_type":"article","og_title":"Contact - Niko Coatings","og_description":"Call Usor fill in the form +44 (0)1274 734122 Don&#8217;t hesitate to contact us! Office opening hours 07:30 to 16:00 Monday to Friday (Closed Bank Holidays) Address Niko Coatings LtdUnit D, Springmill StreetBradford, West Yorkshire,BD5 7HF, United Kingdom &nbsp; Notice: JavaScript is required for this content. Deliveries \/ Collections at Niko Our warehouse is open...","og_url":"https:\/\/www.nikocoatings.com\/fr\/contact\/","og_site_name":"Niko Coatings","article_modified_time":"2023-05-04T09:52:05+00:00","twitter_card":"summary_large_image","twitter_misc":{"Dur\u00e9e de lecture estim\u00e9e":"1 minute"},"schema":{"@context":"https:\/\/schema.org","@graph":[{"@type":"WebPage","@id":"https:\/\/www.nikocoatings.com\/contact\/","url":"https:\/\/www.nikocoatings.com\/contact\/","name":"Contact - Niko Coatings","isPartOf":{"@id":"https:\/\/www.nikocoatings.com\/#website"},"datePublished":"2016-12-05T16:27:47+00:00","dateModified":"2023-05-04T09:52:05+00:00","breadcrumb":{"@id":"https:\/\/www.nikocoatings.com\/contact\/#breadcrumb"},"inLanguage":"fr-FR","potentialAction":[{"@type":"ReadAction","target":["https:\/\/www.nikocoatings.com\/contact\/"]}]},{"@type":"BreadcrumbList","@id":"https:\/\/www.nikocoatings.com\/contact\/#breadcrumb","itemListElement":[{"@type":"ListItem","position":1,"name":"Home","item":"https:\/\/www.nikocoatings.com\/"},{"@type":"ListItem","position":2,"name":"Contact"}]},{"@type":"WebSite","@id":"https:\/\/www.nikocoatings.com\/#website","url":"https:\/\/www.nikocoatings.com\/","name":"Niko Coatings","description":"","publisher":{"@id":"https:\/\/www.nikocoatings.com\/#organization"},"potentialAction":[{"@type":"SearchAction","target":{"@type":"EntryPoint","urlTemplate":"https:\/\/www.nikocoatings.com\/?s={search_term_string}"},"query-input":{"@type":"PropertyValueSpecification","valueRequired":true,"valueName":"search_term_string"}}],"inLanguage":"fr-FR"},{"@type":"Organization","@id":"https:\/\/www.nikocoatings.com\/#organization","name":"Niko Coatings","url":"https:\/\/www.nikocoatings.com\/","logo":{"@type":"ImageObject","inLanguage":"fr-FR","@id":"https:\/\/www.nikocoatings.com\/#\/schema\/logo\/image\/","url":"https:\/\/www.nikocoatings.com\/wp-content\/uploads\/2021\/08\/niko-coatings-logo-medium.png","contentUrl":"https:\/\/www.nikocoatings.com\/wp-content\/uploads\/2021\/08\/niko-coatings-logo-medium.png","width":151,"height":92,"caption":"Niko Coatings"},"image":{"@id":"https:\/\/www.nikocoatings.com\/#\/schema\/logo\/image\/"},"sameAs":["https:\/\/www.linkedin.com\/company\/niko-coatings-limited"]}]}},"_links":{"self":[{"href":"https:\/\/www.nikocoatings.com\/fr\/wp-json\/wp\/v2\/pages\/11412","targetHints":{"allow":["GET"]}}],"collection":[{"href":"https:\/\/www.nikocoatings.com\/fr\/wp-json\/wp\/v2\/pages"}],"about":[{"href":"https:\/\/www.nikocoatings.com\/fr\/wp-json\/wp\/v2\/types\/page"}],"author":[{"embeddable":true,"href":"https:\/\/www.nikocoatings.com\/fr\/wp-json\/wp\/v2\/users\/1"}],"replies":[{"embeddable":true,"href":"https:\/\/www.nikocoatings.com\/fr\/wp-json\/wp\/v2\/comments?post=11412"}],"version-history":[{"count":0,"href":"https:\/\/www.nikocoatings.com\/fr\/wp-json\/wp\/v2\/pages\/11412\/revisions"}],"wp:attachment":[{"href":"https:\/\/www.nikocoatings.com\/fr\/wp-json\/wp\/v2\/media?parent=11412"}],"curies":[{"name":"wp","href":"https:\/\/api.w.org\/{rel}","templated":true}]}}