{"id":12696,"date":"2017-05-08T17:30:45","date_gmt":"2017-05-08T17:30:45","guid":{"rendered":"https:\/\/nex.vamtam.com\/?page_id=12696"},"modified":"2023-04-19T14:29:55","modified_gmt":"2023-04-19T13:29:55","slug":"densbak-mass-loaded-vinyl-mlv","status":"publish","type":"page","link":"https:\/\/www.nikocoatings.com\/fr\/products-solutions\/densbak-mass-loaded-vinyl-mlv\/","title":{"rendered":"DENSBAK Vinyle charg\u00e9 en masse MLV"},"content":{"rendered":"<div class=\"vgblk-rw-wrapper limit-wrapper\">\r\n<h2>A propos de <br \/><b>DENSBAK VB <\/b><\/h2>\r\n<p>Le vinyle charg\u00e9 en baryum est fabriqu\u00e9 par Niko depuis plus de 30 ans et est fourni sous notre nom commercial DENSBAK VB. Les produits Niko Vinyl sont exclusivement con\u00e7us et fabriqu\u00e9s par Niko Coatings Ltd dans notre usine de Bradford au Royaume-Uni. Les produits DENSBAK VB sont actuellement vendus et fournis sous diff\u00e9rents noms commerciaux au Royaume-Uni et dans le monde entier.<\/p>\r\n<h3>Qu'est-ce que DENSBAK VB MLV ?<\/h3>\r\n<p>DENSBAK VB est un vinyle \u00e0 charge de masse tr\u00e8s dense, plus commun\u00e9ment appel\u00e9 MLV, qui a de multiples utilisations et applications.<\/p>\r\n<p>Il existe d'autres termes et descriptions pour DENSBAK VB - il peut \u00e9galement \u00eatre d\u00e9crit comme une barri\u00e8re acoustique flexible (FNB), une barri\u00e8re acoustique flexible (FAB), une barri\u00e8re de masse molle (LMB) ou une barri\u00e8re charg\u00e9e de sulfate de baryum (BSLB).<\/p>\r\n<p>DENSBAK VB est compos\u00e9 de deux \u00e9l\u00e9ments principaux V signifie qu'il est fabriqu\u00e9 \u00e0 partir de vinyle plastifi\u00e9 recycl\u00e9 100% (ou chlorure de polyvinyle - un homopolym\u00e8re g\u00e9n\u00e9ralement appel\u00e9 PVC). B signifie sulfate de baryum, qui est un compos\u00e9 inorganique issu de la barytine, un min\u00e9ral de haute densit\u00e9. Le sulfate de baryum est inerte, non toxique et sans plomb.<\/p>\r\n<p><img loading=\"lazy\" decoding=\"async\" class=\"alignnone  wp-image-988190\" src=\"https:\/\/www.nikocoatings.com\/wp-content\/uploads\/2023\/04\/DEBSBAK-V5-10-GROUP-300x200.jpg\" alt=\"\" width=\"444\" height=\"296\" srcset=\"https:\/\/www.nikocoatings.com\/wp-content\/uploads\/2023\/04\/DEBSBAK-V5-10-GROUP-300x200.jpg 300w, https:\/\/www.nikocoatings.com\/wp-content\/uploads\/2023\/04\/DEBSBAK-V5-10-GROUP-18x12.jpg 18w, https:\/\/www.nikocoatings.com\/wp-content\/uploads\/2023\/04\/DEBSBAK-V5-10-GROUP-466x310.jpg 466w, https:\/\/www.nikocoatings.com\/wp-content\/uploads\/2023\/04\/DEBSBAK-V5-10-GROUP-350x233.jpg 350w, https:\/\/www.nikocoatings.com\/wp-content\/uploads\/2023\/04\/DEBSBAK-V5-10-GROUP.jpg 524w\" sizes=\"auto, (max-width: 444px) 100vw, 444px\" \/><\/p>\r\n<p>&nbsp;<\/p>\r\n<h2>Caract\u00e9ristiques principales<\/h2>\r\n<p>DENSBAK VB est-il inflammable ?<\/p>\r\n<p>DENSBAK VB a une temp\u00e9rature de service statique recommand\u00e9e de -50\u00b0C \u00e0 100\u00b0C et la propagation de la flamme \u00e0 la surface est test\u00e9e selon ISO 3795 et FMVSS 302, ce qui signifie qu'il est auto-extinguible. Il n'est cependant pas con\u00e7u pour \u00eatre ignifug\u00e9 et une exposition prolong\u00e9e \u00e0 des temp\u00e9ratures suffisamment \u00e9lev\u00e9es pourrait provoquer l'auto-inflammation du mat\u00e9riau.<\/p>\r\n<p>Comment DENSBAK VB est-il fourni ?<\/p>\r\n<p>Les mat\u00e9riaux peuvent \u00eatre produits en fonction des besoins individuels des clients, sous r\u00e9serve de quantit\u00e9s de fabrication minimales.<\/p>\r\n<ul>\r\n<li>en feuilles et en rouleaux<\/li>\r\n<li>dans une gamme de poids allant de 2,5kg\/m2 (\u00bd lb\/ft) \u00e0 15kg\/m2 (3 lb\/ft)<\/li>\r\n<li>dans des largeurs allant jusqu'\u00e0 2000 mm (78 pouces)<\/li>\r\n<\/ul>\r\n<p>Pour plus d'informations, se r\u00e9f\u00e9rer \u00e0 la fiche technique (TDS).<\/p>\r\n<h2>Principales caract\u00e9ristiques et avantages<\/h2>\r\n<p>Sans SVHC<\/p>\r\n<p>Les produits DENSBAK VB sont exempts de substances extr\u00eamement pr\u00e9occupantes (SVHC) telles que le plomb, les halog\u00e8nes et les huiles aromatiques non raffin\u00e9es.<\/p>\r\n<p>R\u00e9sistance \u00e0 la d\u00e9chirure<\/p>\r\n<p><strong>DENSBAK\u00ae VB<\/strong> est fabriqu\u00e9 par un proc\u00e9d\u00e9 d'extrusion qui lui conf\u00e8re une grande r\u00e9sistance m\u00e9canique, ce qui le rend facile \u00e0 manipuler et \u00e0 installer. Certains proc\u00e9d\u00e9s de fabrication qui n'utilisent que le calandrage ou le moulage peuvent entra\u00eener une d\u00e9chirure plus facile des mat\u00e9riaux de la VCP.<\/p>\r\n<p>Flexibilit\u00e9<\/p>\r\n<p>DENSBAK VB est mince et tr\u00e8s flexible, ce qui permet une installation facile autour des coins, des tuyauteries, des gaines carr\u00e9es et des charpentes en acier, sans fissures ni d\u00e9chirures. Bonne tenue \u00e0 plat (forme \u00e0 m\u00e9moire \u00e9lev\u00e9e) m\u00eame \u00e0 des temp\u00e9ratures froides (par exemple, apr\u00e8s un stockage en entrep\u00f4t).<\/p>\r\n<p>Coh\u00e9rence et stabilit\u00e9<\/p>\r\n<p>Le processus de m\u00e9lange \u00e0 grande vitesse associ\u00e9 au super refroidissement signifie que les produits DENSBAK VB sont physiquement stables et robustes. Le DENSBAK VB peut \u00eatre stock\u00e9 dans un entrep\u00f4t frigorifique sans risque de fissuration et de d\u00e9t\u00e9rioration du produit. Dans des conditions environnementales normales d'utilisation, le mat\u00e9riau ne se d\u00e9grade pas chimiquement et ne change pas ses propri\u00e9t\u00e9s physiques au fil du temps.<\/p>\r\n<p>Finition de la surface<\/p>\r\n<p><strong>DENSBAK\u00ae VB<\/strong> a \u00e9t\u00e9 sp\u00e9cialement con\u00e7u pour offrir une meilleure r\u00e9sistance au glissement et contribuer \u00e0 une installation plus s\u00fbre sur les sols. Il est fabriqu\u00e9 avec une face gaufr\u00e9e et une face lisse ou avec deux faces gaufr\u00e9es. La surface gaufr\u00e9e augmente la surface d'adh\u00e9sion \u00e0 d'autres stratifi\u00e9s.<\/p>\r\n<p>Surface propre et exempte d'huile<\/p>\r\n<p>Le processus d'extrusion de Niko signifie que DENSBAK VB n'a pas de r\u00e9sidus huileux ou graisseux (comme les produits \u00e0 base de bitume ou visqueux\/collants) sur les surfaces et donc ne tache pas et emp\u00eache le produit de coller ensemble pendant le stockage et l'installation \u00e0 des temp\u00e9ratures plus chaudes. Cela signifie \u00e9galement que DENSBAK VB ne n\u00e9cessite pas d'intercalaires, ce qui r\u00e9duit les co\u00fbts d'\u00e9limination des d\u00e9chets.<\/p>\r\n<h2>Secteurs d'activit\u00e9<\/h2>\r\n<h4>Automobile<\/h4>\r\n<p>DENSBAK MLV peut \u00eatre combin\u00e9 avec diff\u00e9rents substrats utilis\u00e9s pour fabriquer des kits d'insonorisation r\u00e9trofit utilis\u00e9s dans les bottes et les planchers de cabine qui peuvent aider \u00e0 r\u00e9duire les bruits de la route, des gaz d'\u00e9chappement et des pneus.<\/p>\r\n<h4>Insonorisation domestique<\/h4>\r\n<p>DENSBAK MLV est utilis\u00e9 pour les sous-couches acoustiques et l'insonorisation des murs et des plafonds.<\/p>\r\n<h4>P\u00e9trole et gaz<\/h4>\r\n<p>DENSBAK Vinyl MLV charg\u00e9 de baryum utilis\u00e9 dans les syst\u00e8mes modulaires d'isolation thermique et acoustique autour des tuyauteries et des compresseurs dans les sp\u00e9cifications Shell DEP Class C et ISO 15665.<\/p>\r\n<h4>B\u00e2timent et construction<\/h4>\r\n<p>Insonorisation des studios d'enregistrement avec MLV. Membranes d'\u00e9tanch\u00e9it\u00e9 acoustiques en VCP pour les syst\u00e8mes construits.<\/p>\r\n<h4>Insonorisation industrielle<\/h4>\r\n<p>DENSBAK MLV pour utilisation dans les enceintes acoustiques et les syst\u00e8mes HVAC.<\/p>\r\n<\/div><!-- .vgblk-rw-wrapper -->","protected":false},"excerpt":{"rendered":"<p>A propos de DENSBAK VB Le vinyle charg\u00e9 en baryum est fabriqu\u00e9 par Niko depuis plus de 30 ans et est fourni sous notre nom commercial DENSBAK VB. Les produits Niko Vinyl sont exclusivement con\u00e7us et fabriqu\u00e9s par Niko Coatings Ltd dans notre usine de Bradford au Royaume-Uni. Les produits DENSBAK VB sont actuellement vendus et fournis sous diff\u00e9rents noms commerciaux...<\/p>","protected":false},"author":1,"featured_media":0,"parent":13334,"menu_order":0,"comment_status":"closed","ping_status":"closed","template":"","meta":{"inline_featured_image":false,"_monsterinsights_skip_tracking":false,"_monsterinsights_sitenote_active":false,"_monsterinsights_sitenote_note":"","_monsterinsights_sitenote_category":0,"footnotes":""},"class_list":["post-12696","page","type-page","status-publish","hentry"],"yoast_head":"<!-- This site is optimized with the Yoast SEO plugin v27.5 - https:\/\/yoast.com\/product\/yoast-seo-wordpress\/ -->\n<title>DENSBAK Mass Loaded Vinyl MLV - Niko Coatings<\/title>\n<meta name=\"description\" content=\"Barium Loaded Vinyl has been manufactured by Niko for over 30 years and is supplied under our trade name DENSBAK VB. Niko Vinyl products are exclusively designed and manufactured by Niko Coatings Ltd at our factory in Bradford UK.\" \/>\n<meta name=\"robots\" content=\"index, follow, max-snippet:-1, max-image-preview:large, max-video-preview:-1\" \/>\n<link rel=\"canonical\" href=\"https:\/\/www.nikocoatings.com\/fr\/produits-solutions\/densbak-mass-loaded-vinyl-mlv\/\" \/>\n<meta property=\"og:locale\" content=\"fr_FR\" \/>\n<meta property=\"og:type\" content=\"article\" \/>\n<meta property=\"og:title\" content=\"DENSBAK Mass Loaded Vinyl MLV - Niko Coatings\" \/>\n<meta property=\"og:description\" content=\"Barium Loaded Vinyl has been manufactured by Niko for over 30 years and is supplied under our trade name DENSBAK VB. Niko Vinyl products are exclusively designed and manufactured by Niko Coatings Ltd at our factory in Bradford UK.\" \/>\n<meta property=\"og:url\" content=\"https:\/\/www.nikocoatings.com\/fr\/produits-solutions\/densbak-mass-loaded-vinyl-mlv\/\" \/>\n<meta property=\"og:site_name\" content=\"Niko Coatings\" \/>\n<meta property=\"article:modified_time\" content=\"2023-04-19T13:29:55+00:00\" \/>\n<meta property=\"og:image\" content=\"https:\/\/www.nikocoatings.com\/wp-content\/uploads\/2023\/04\/DEBSBAK-V5-10-GROUP-300x200.jpg\" \/>\n<meta name=\"twitter:card\" content=\"summary_large_image\" \/>\n<meta name=\"twitter:label1\" content=\"Dur\u00e9e de lecture estim\u00e9e\" \/>\n\t<meta name=\"twitter:data1\" content=\"4 minutes\" \/>\n<script type=\"application\/ld+json\" class=\"yoast-schema-graph\">{\"@context\":\"https:\\\/\\\/schema.org\",\"@graph\":[{\"@type\":\"WebPage\",\"@id\":\"https:\\\/\\\/www.nikocoatings.com\\\/products-solutions\\\/densbak-mass-loaded-vinyl-mlv\\\/\",\"url\":\"https:\\\/\\\/www.nikocoatings.com\\\/products-solutions\\\/densbak-mass-loaded-vinyl-mlv\\\/\",\"name\":\"DENSBAK Mass Loaded Vinyl MLV - Niko Coatings\",\"isPartOf\":{\"@id\":\"https:\\\/\\\/www.nikocoatings.com\\\/#website\"},\"primaryImageOfPage\":{\"@id\":\"https:\\\/\\\/www.nikocoatings.com\\\/products-solutions\\\/densbak-mass-loaded-vinyl-mlv\\\/#primaryimage\"},\"image\":{\"@id\":\"https:\\\/\\\/www.nikocoatings.com\\\/products-solutions\\\/densbak-mass-loaded-vinyl-mlv\\\/#primaryimage\"},\"thumbnailUrl\":\"https:\\\/\\\/www.nikocoatings.com\\\/wp-content\\\/uploads\\\/2023\\\/04\\\/DEBSBAK-V5-10-GROUP-300x200.jpg\",\"datePublished\":\"2017-05-08T17:30:45+00:00\",\"dateModified\":\"2023-04-19T13:29:55+00:00\",\"description\":\"Barium Loaded Vinyl has been manufactured by Niko for over 30 years and is supplied under our trade name DENSBAK VB. Niko Vinyl products are exclusively designed and manufactured by Niko Coatings Ltd at our factory in Bradford UK.\",\"breadcrumb\":{\"@id\":\"https:\\\/\\\/www.nikocoatings.com\\\/products-solutions\\\/densbak-mass-loaded-vinyl-mlv\\\/#breadcrumb\"},\"inLanguage\":\"fr-FR\",\"potentialAction\":[{\"@type\":\"ReadAction\",\"target\":[\"https:\\\/\\\/www.nikocoatings.com\\\/products-solutions\\\/densbak-mass-loaded-vinyl-mlv\\\/\"]}]},{\"@type\":\"ImageObject\",\"inLanguage\":\"fr-FR\",\"@id\":\"https:\\\/\\\/www.nikocoatings.com\\\/products-solutions\\\/densbak-mass-loaded-vinyl-mlv\\\/#primaryimage\",\"url\":\"https:\\\/\\\/www.nikocoatings.com\\\/wp-content\\\/uploads\\\/2023\\\/04\\\/DEBSBAK-V5-10-GROUP-300x200.jpg\",\"contentUrl\":\"https:\\\/\\\/www.nikocoatings.com\\\/wp-content\\\/uploads\\\/2023\\\/04\\\/DEBSBAK-V5-10-GROUP-300x200.jpg\"},{\"@type\":\"BreadcrumbList\",\"@id\":\"https:\\\/\\\/www.nikocoatings.com\\\/products-solutions\\\/densbak-mass-loaded-vinyl-mlv\\\/#breadcrumb\",\"itemListElement\":[{\"@type\":\"ListItem\",\"position\":1,\"name\":\"Home\",\"item\":\"https:\\\/\\\/www.nikocoatings.com\\\/\"},{\"@type\":\"ListItem\",\"position\":2,\"name\":\"Products &#038; Solutions\",\"item\":\"https:\\\/\\\/www.nikocoatings.com\\\/products-solutions\\\/\"},{\"@type\":\"ListItem\",\"position\":3,\"name\":\"DENSBAK Mass Loaded Vinyl MLV\"}]},{\"@type\":\"WebSite\",\"@id\":\"https:\\\/\\\/www.nikocoatings.com\\\/#website\",\"url\":\"https:\\\/\\\/www.nikocoatings.com\\\/\",\"name\":\"Niko Coatings\",\"description\":\"\",\"publisher\":{\"@id\":\"https:\\\/\\\/www.nikocoatings.com\\\/#organization\"},\"potentialAction\":[{\"@type\":\"SearchAction\",\"target\":{\"@type\":\"EntryPoint\",\"urlTemplate\":\"https:\\\/\\\/www.nikocoatings.com\\\/?s={search_term_string}\"},\"query-input\":{\"@type\":\"PropertyValueSpecification\",\"valueRequired\":true,\"valueName\":\"search_term_string\"}}],\"inLanguage\":\"fr-FR\"},{\"@type\":\"Organization\",\"@id\":\"https:\\\/\\\/www.nikocoatings.com\\\/#organization\",\"name\":\"Niko Coatings\",\"url\":\"https:\\\/\\\/www.nikocoatings.com\\\/\",\"logo\":{\"@type\":\"ImageObject\",\"inLanguage\":\"fr-FR\",\"@id\":\"https:\\\/\\\/www.nikocoatings.com\\\/#\\\/schema\\\/logo\\\/image\\\/\",\"url\":\"https:\\\/\\\/www.nikocoatings.com\\\/wp-content\\\/uploads\\\/2021\\\/08\\\/niko-coatings-logo-medium.png\",\"contentUrl\":\"https:\\\/\\\/www.nikocoatings.com\\\/wp-content\\\/uploads\\\/2021\\\/08\\\/niko-coatings-logo-medium.png\",\"width\":151,\"height\":92,\"caption\":\"Niko Coatings\"},\"image\":{\"@id\":\"https:\\\/\\\/www.nikocoatings.com\\\/#\\\/schema\\\/logo\\\/image\\\/\"},\"sameAs\":[\"https:\\\/\\\/www.linkedin.com\\\/company\\\/niko-coatings-limited\"]}]}<\/script>\n<!-- \/ Yoast SEO plugin. -->","yoast_head_json":{"title":"DENSBAK Mass Loaded Vinyl MLV - Niko Coatings","description":"Le vinyle charg\u00e9 en baryum est fabriqu\u00e9 par Niko depuis plus de 30 ans et est fourni sous notre nom commercial DENSBAK VB. Les produits Niko Vinyl sont exclusivement con\u00e7us et fabriqu\u00e9s par Niko Coatings Ltd dans notre usine de Bradford au Royaume-Uni.","robots":{"index":"index","follow":"follow","max-snippet":"max-snippet:-1","max-image-preview":"max-image-preview:large","max-video-preview":"max-video-preview:-1"},"canonical":"https:\/\/www.nikocoatings.com\/fr\/produits-solutions\/densbak-mass-loaded-vinyl-mlv\/","og_locale":"fr_FR","og_type":"article","og_title":"DENSBAK Mass Loaded Vinyl MLV - Niko Coatings","og_description":"Barium Loaded Vinyl has been manufactured by Niko for over 30 years and is supplied under our trade name DENSBAK VB. Niko Vinyl products are exclusively designed and manufactured by Niko Coatings Ltd at our factory in Bradford UK.","og_url":"https:\/\/www.nikocoatings.com\/fr\/produits-solutions\/densbak-mass-loaded-vinyl-mlv\/","og_site_name":"Niko Coatings","article_modified_time":"2023-04-19T13:29:55+00:00","og_image":[{"url":"https:\/\/www.nikocoatings.com\/wp-content\/uploads\/2023\/04\/DEBSBAK-V5-10-GROUP-300x200.jpg","type":"","width":"","height":""}],"twitter_card":"summary_large_image","twitter_misc":{"Dur\u00e9e de lecture estim\u00e9e":"4 minutes"},"schema":{"@context":"https:\/\/schema.org","@graph":[{"@type":"WebPage","@id":"https:\/\/www.nikocoatings.com\/products-solutions\/densbak-mass-loaded-vinyl-mlv\/","url":"https:\/\/www.nikocoatings.com\/products-solutions\/densbak-mass-loaded-vinyl-mlv\/","name":"DENSBAK Mass Loaded Vinyl MLV - Niko Coatings","isPartOf":{"@id":"https:\/\/www.nikocoatings.com\/#website"},"primaryImageOfPage":{"@id":"https:\/\/www.nikocoatings.com\/products-solutions\/densbak-mass-loaded-vinyl-mlv\/#primaryimage"},"image":{"@id":"https:\/\/www.nikocoatings.com\/products-solutions\/densbak-mass-loaded-vinyl-mlv\/#primaryimage"},"thumbnailUrl":"https:\/\/www.nikocoatings.com\/wp-content\/uploads\/2023\/04\/DEBSBAK-V5-10-GROUP-300x200.jpg","datePublished":"2017-05-08T17:30:45+00:00","dateModified":"2023-04-19T13:29:55+00:00","description":"Le vinyle charg\u00e9 en baryum est fabriqu\u00e9 par Niko depuis plus de 30 ans et est fourni sous notre nom commercial DENSBAK VB. Les produits Niko Vinyl sont exclusivement con\u00e7us et fabriqu\u00e9s par Niko Coatings Ltd dans notre usine de Bradford au Royaume-Uni.","breadcrumb":{"@id":"https:\/\/www.nikocoatings.com\/products-solutions\/densbak-mass-loaded-vinyl-mlv\/#breadcrumb"},"inLanguage":"fr-FR","potentialAction":[{"@type":"ReadAction","target":["https:\/\/www.nikocoatings.com\/products-solutions\/densbak-mass-loaded-vinyl-mlv\/"]}]},{"@type":"ImageObject","inLanguage":"fr-FR","@id":"https:\/\/www.nikocoatings.com\/products-solutions\/densbak-mass-loaded-vinyl-mlv\/#primaryimage","url":"https:\/\/www.nikocoatings.com\/wp-content\/uploads\/2023\/04\/DEBSBAK-V5-10-GROUP-300x200.jpg","contentUrl":"https:\/\/www.nikocoatings.com\/wp-content\/uploads\/2023\/04\/DEBSBAK-V5-10-GROUP-300x200.jpg"},{"@type":"BreadcrumbList","@id":"https:\/\/www.nikocoatings.com\/products-solutions\/densbak-mass-loaded-vinyl-mlv\/#breadcrumb","itemListElement":[{"@type":"ListItem","position":1,"name":"Home","item":"https:\/\/www.nikocoatings.com\/"},{"@type":"ListItem","position":2,"name":"Products &#038; Solutions","item":"https:\/\/www.nikocoatings.com\/products-solutions\/"},{"@type":"ListItem","position":3,"name":"DENSBAK Mass Loaded Vinyl MLV"}]},{"@type":"WebSite","@id":"https:\/\/www.nikocoatings.com\/#website","url":"https:\/\/www.nikocoatings.com\/","name":"Niko Coatings","description":"","publisher":{"@id":"https:\/\/www.nikocoatings.com\/#organization"},"potentialAction":[{"@type":"SearchAction","target":{"@type":"EntryPoint","urlTemplate":"https:\/\/www.nikocoatings.com\/?s={search_term_string}"},"query-input":{"@type":"PropertyValueSpecification","valueRequired":true,"valueName":"search_term_string"}}],"inLanguage":"fr-FR"},{"@type":"Organization","@id":"https:\/\/www.nikocoatings.com\/#organization","name":"Niko Coatings","url":"https:\/\/www.nikocoatings.com\/","logo":{"@type":"ImageObject","inLanguage":"fr-FR","@id":"https:\/\/www.nikocoatings.com\/#\/schema\/logo\/image\/","url":"https:\/\/www.nikocoatings.com\/wp-content\/uploads\/2021\/08\/niko-coatings-logo-medium.png","contentUrl":"https:\/\/www.nikocoatings.com\/wp-content\/uploads\/2021\/08\/niko-coatings-logo-medium.png","width":151,"height":92,"caption":"Niko Coatings"},"image":{"@id":"https:\/\/www.nikocoatings.com\/#\/schema\/logo\/image\/"},"sameAs":["https:\/\/www.linkedin.com\/company\/niko-coatings-limited"]}]}},"_links":{"self":[{"href":"https:\/\/www.nikocoatings.com\/fr\/wp-json\/wp\/v2\/pages\/12696","targetHints":{"allow":["GET"]}}],"collection":[{"href":"https:\/\/www.nikocoatings.com\/fr\/wp-json\/wp\/v2\/pages"}],"about":[{"href":"https:\/\/www.nikocoatings.com\/fr\/wp-json\/wp\/v2\/types\/page"}],"author":[{"embeddable":true,"href":"https:\/\/www.nikocoatings.com\/fr\/wp-json\/wp\/v2\/users\/1"}],"replies":[{"embeddable":true,"href":"https:\/\/www.nikocoatings.com\/fr\/wp-json\/wp\/v2\/comments?post=12696"}],"version-history":[{"count":0,"href":"https:\/\/www.nikocoatings.com\/fr\/wp-json\/wp\/v2\/pages\/12696\/revisions"}],"up":[{"embeddable":true,"href":"https:\/\/www.nikocoatings.com\/fr\/wp-json\/wp\/v2\/pages\/13334"}],"wp:attachment":[{"href":"https:\/\/www.nikocoatings.com\/fr\/wp-json\/wp\/v2\/media?parent=12696"}],"curies":[{"name":"wp","href":"https:\/\/api.w.org\/{rel}","templated":true}]}}