{"id":3,"date":"2021-08-12T17:34:44","date_gmt":"2021-08-12T16:34:44","guid":{"rendered":"https:\/\/www.nikocoatings.com\/new\/?page_id=3"},"modified":"2021-11-17T11:14:28","modified_gmt":"2021-11-17T11:14:28","slug":"politique-de-confidentialite","status":"publish","type":"page","link":"https:\/\/www.nikocoatings.com\/fr\/privacy-policy\/","title":{"rendered":"Politique de confidentialit\u00e9"},"content":{"rendered":"<div class=\"vgblk-rw-wrapper limit-wrapper\">\n<h2>Que recueillons-nous ?<\/h2>\n<p>Si tu remplis notre formulaire de contact, nous collecterons temporairement les informations suivantes :<\/p>\n<ul>\n<li>nom<\/li>\n<li>les informations de contact, y compris l'adresse \u00e9lectronique<\/li>\n<li>d'autres informations relatives \u00e0 la demande du client<\/li>\n<\/ul>\n<p>Tout message que tu nous envoies et auquel nous ne donnons pas suite ou qui conduit \u00e0 une relation d'affaires avec nous sera supprim\u00e9 apr\u00e8s 30 jours.<\/p>\n<h2>Ce que nous faisons des informations recueillies<\/h2>\n<p>Nous avons besoin de ces informations pour comprendre tes besoins et te fournir un meilleur service, et en particulier pour les raisons suivantes :<\/p>\n<ul>\n<li>Contact avec le client pour r\u00e9pondre \u00e0 sa demande<\/li>\n<li>\n<div>Nous pouvons utiliser ces informations pour am\u00e9liorer nos produits et services et nos relations avec nos clients.<\/div>\n<\/li>\n<li>Nous pourrons te contacter par courrier \u00e9lectronique, par t\u00e9l\u00e9phone, par t\u00e9l\u00e9copie ou par courrier \u00e0 l'avenir si un service appropri\u00e9 te convient. <br \/>Quels sont les droits dont tu disposes sur tes donn\u00e9es ?<\/li>\n<\/ul>\n<p>Les droits des citoyens sont \u00e9nonc\u00e9s au chapitre III du r\u00e8glement g\u00e9n\u00e9ral sur la protection des donn\u00e9es (RGPD). Ils ont le droit d'acc\u00e9der \u00e0 toutes les donn\u00e9es les concernant, de les faire rectifier ou effacer (le \"droit \u00e0 l'oubli\"), de faire cesser la plupart des traitements ou de les bloquer dans la plupart des cas, et enfin d'en emporter ou d'en t\u00e9l\u00e9charger une copie.<\/p>\n<h2>S\u00e9curit\u00e9<\/h2>\n<p>Nous nous engageons \u00e0 garantir la s\u00e9curit\u00e9 des informations. Afin d'emp\u00eacher tout acc\u00e8s ou toute divulgation non autoris\u00e9s, nous avons mis en place des proc\u00e9dures physiques, \u00e9lectroniques et de gestion appropri\u00e9es pour sauvegarder et s\u00e9curiser les informations que nous recueillons en ligne.<\/p>\n<h2>Comment nous utilisons les cookies<\/h2>\n<p>Un cookie est un petit fichier qui est plac\u00e9 sur le disque dur de l'ordinateur en relation avec le navigateur. Le fichier est ajout\u00e9 et le cookie aide \u00e0 analyser le trafic web ou permet de savoir quand on visite un site particulier. Les cookies permettent aux applications web de r\u00e9pondre aux besoins des utilisateurs en tant qu'individus. L'application web peut adapter ses op\u00e9rations \u00e0 tes besoins, tes go\u00fbts et tes aversions en recueillant et en m\u00e9morisant des informations sur tes pr\u00e9f\u00e9rences.<\/p>\n<p>Nous utilisons des cookies de suivi du trafic pour identifier les pages qui sont utilis\u00e9es. Cela nous aide \u00e0 analyser les donn\u00e9es relatives au trafic des pages web et \u00e0 am\u00e9liorer notre site web afin de l'adapter aux besoins des clients. Nous n'utilisons ces informations qu'\u00e0 des fins d'analyse statistique et les donn\u00e9es sont ensuite supprim\u00e9es du syst\u00e8me.<\/p>\n<p>D'une mani\u00e8re g\u00e9n\u00e9rale, les cookies nous aident \u00e0 fournir un meilleur site web, en nous permettant de surveiller les pages que les utilisateurs trouvent utiles et celles qu'ils ne trouvent pas. Un cookie ne nous donne en aucun cas acc\u00e8s \u00e0 ton ordinateur ou \u00e0 des informations te concernant, \u00e0 l'exception des donn\u00e9es que tu choisis de partager avec nous.<\/p>\n<p>Il est possible d'accepter ou de refuser les cookies. La plupart des navigateurs web acceptent automatiquement les cookies, mais il est g\u00e9n\u00e9ralement possible de modifier les param\u00e8tres du navigateur pour refuser les cookies. Cela peut emp\u00eacher de profiter pleinement du site web. Si tu choisis d'accepter les cookies dans ton navigateur, tu acceptes de recevoir des cookies sur notre site \u00e0 des fins de suivi.<\/p>\n<p>&nbsp;<\/p>\n<h2>Liens vers d'autres sites web<\/h2>\n<p>Notre site web contient des liens vers d'autres sites web que nous avons cr\u00e9\u00e9s ou avec lesquels nous entretenons des relations. Cependant, une fois que tu as utilis\u00e9 ces liens pour quitter notre site, tu dois savoir que nous n'avons aucun contr\u00f4le sur cet autre site web et sur son contenu. Par cons\u00e9quent, nous ne pouvons \u00eatre tenus responsables de la protection et de la confidentialit\u00e9 des informations fournies lors de la visite de ces sites, qui ne sont pas r\u00e9gis par la pr\u00e9sente d\u00e9claration de confidentialit\u00e9. Il convient de faire preuve de prudence et de consulter la d\u00e9claration de confidentialit\u00e9 applicable au site web en question.<\/p>\n<h2>Contr\u00f4le des informations<\/h2>\n<p>Nous ne vendrons pas, ne distribuerons pas et ne louerons pas les informations personnelles \u00e0 des tiers.<\/p>\n<p>Tu peux demander des d\u00e9tails sur les informations personnelles que nous pouvons d\u00e9tenir \u00e0 ton sujet en vertu du r\u00e8glement g\u00e9n\u00e9ral sur la protection des donn\u00e9es (RGPD). Si tu souhaites obtenir une copie des informations que nous d\u00e9tenons sur toi, n'h\u00e9site pas \u00e0 nous contacter.<\/p>\n<p>Si tu penses que les informations que nous d\u00e9tenons sur toi sont incorrectes ou incompl\u00e8tes, contacte-nous d\u00e8s que possible. Nous corrigerons rapidement toute information jug\u00e9e incorrecte.<\/p>\n<h2>Que faire si je veux d\u00e9poser une plainte ?<\/h2>\n<p>Si tu as des inqui\u00e9tudes, tu peux nous contacter. Tu peux aussi t'adresser au bureau du commissaire \u00e0 l'information du Royaume-Uni.<\/p>\n<\/div>\n<p><!-- .vgblk-rw-wrapper --><\/p>","protected":false},"excerpt":{"rendered":"<p>Qu'est-ce que nous recueillons ? Si tu remplis notre formulaire de contact, nous recueillerons temporairement les informations suivantes : nom coordonn\u00e9es, y compris l'adresse \u00e9lectronique autres informations relatives \u00e0 ta demande de client Tout message que tu nous envoies et auquel nous ne donnons pas suite ou qui conduit \u00e0 une relation d'affaires avec nous sera supprim\u00e9 apr\u00e8s....<\/p>","protected":false},"author":1,"featured_media":0,"parent":0,"menu_order":0,"comment_status":"closed","ping_status":"open","template":"","meta":{"inline_featured_image":false,"_monsterinsights_skip_tracking":false,"_monsterinsights_sitenote_active":false,"_monsterinsights_sitenote_note":"","_monsterinsights_sitenote_category":0,"footnotes":""},"class_list":["post-3","page","type-page","status-publish","hentry"],"yoast_head":"<!-- This site is optimized with the Yoast SEO plugin v27.4 - https:\/\/yoast.com\/product\/yoast-seo-wordpress\/ -->\n<title>Privacy Policy - Niko Coatings<\/title>\n<meta name=\"robots\" content=\"index, follow, max-snippet:-1, max-image-preview:large, max-video-preview:-1\" \/>\n<link rel=\"canonical\" href=\"https:\/\/www.nikocoatings.com\/fr\/politique-de-confidentialite\/\" \/>\n<meta property=\"og:locale\" content=\"fr_FR\" \/>\n<meta property=\"og:type\" content=\"article\" \/>\n<meta property=\"og:title\" content=\"Privacy Policy - Niko Coatings\" \/>\n<meta property=\"og:description\" content=\"What do we collect? If you fill in our contact form we will temporarily collect the following information: name contact information including email address other information relevant to your customer enquiry Any message you send to us and we do not act upon or leads to a business relationship with us will be deleted after...\" \/>\n<meta property=\"og:url\" content=\"https:\/\/www.nikocoatings.com\/fr\/politique-de-confidentialite\/\" \/>\n<meta property=\"og:site_name\" content=\"Niko Coatings\" \/>\n<meta property=\"article:modified_time\" content=\"2021-11-17T11:14:28+00:00\" \/>\n<meta name=\"twitter:card\" content=\"summary_large_image\" \/>\n<meta name=\"twitter:label1\" content=\"Dur\u00e9e de lecture estim\u00e9e\" \/>\n\t<meta name=\"twitter:data1\" content=\"3 minutes\" \/>\n<script type=\"application\/ld+json\" class=\"yoast-schema-graph\">{\"@context\":\"https:\\\/\\\/schema.org\",\"@graph\":[{\"@type\":\"WebPage\",\"@id\":\"https:\\\/\\\/www.nikocoatings.com\\\/privacy-policy\\\/\",\"url\":\"https:\\\/\\\/www.nikocoatings.com\\\/privacy-policy\\\/\",\"name\":\"Privacy Policy - Niko Coatings\",\"isPartOf\":{\"@id\":\"https:\\\/\\\/www.nikocoatings.com\\\/#website\"},\"datePublished\":\"2021-08-12T16:34:44+00:00\",\"dateModified\":\"2021-11-17T11:14:28+00:00\",\"breadcrumb\":{\"@id\":\"https:\\\/\\\/www.nikocoatings.com\\\/privacy-policy\\\/#breadcrumb\"},\"inLanguage\":\"fr-FR\",\"potentialAction\":[{\"@type\":\"ReadAction\",\"target\":[\"https:\\\/\\\/www.nikocoatings.com\\\/privacy-policy\\\/\"]}]},{\"@type\":\"BreadcrumbList\",\"@id\":\"https:\\\/\\\/www.nikocoatings.com\\\/privacy-policy\\\/#breadcrumb\",\"itemListElement\":[{\"@type\":\"ListItem\",\"position\":1,\"name\":\"Home\",\"item\":\"https:\\\/\\\/www.nikocoatings.com\\\/\"},{\"@type\":\"ListItem\",\"position\":2,\"name\":\"Privacy Policy\"}]},{\"@type\":\"WebSite\",\"@id\":\"https:\\\/\\\/www.nikocoatings.com\\\/#website\",\"url\":\"https:\\\/\\\/www.nikocoatings.com\\\/\",\"name\":\"Niko Coatings\",\"description\":\"\",\"publisher\":{\"@id\":\"https:\\\/\\\/www.nikocoatings.com\\\/#organization\"},\"potentialAction\":[{\"@type\":\"SearchAction\",\"target\":{\"@type\":\"EntryPoint\",\"urlTemplate\":\"https:\\\/\\\/www.nikocoatings.com\\\/?s={search_term_string}\"},\"query-input\":{\"@type\":\"PropertyValueSpecification\",\"valueRequired\":true,\"valueName\":\"search_term_string\"}}],\"inLanguage\":\"fr-FR\"},{\"@type\":\"Organization\",\"@id\":\"https:\\\/\\\/www.nikocoatings.com\\\/#organization\",\"name\":\"Niko Coatings\",\"url\":\"https:\\\/\\\/www.nikocoatings.com\\\/\",\"logo\":{\"@type\":\"ImageObject\",\"inLanguage\":\"fr-FR\",\"@id\":\"https:\\\/\\\/www.nikocoatings.com\\\/#\\\/schema\\\/logo\\\/image\\\/\",\"url\":\"https:\\\/\\\/www.nikocoatings.com\\\/wp-content\\\/uploads\\\/2021\\\/08\\\/niko-coatings-logo-medium.png\",\"contentUrl\":\"https:\\\/\\\/www.nikocoatings.com\\\/wp-content\\\/uploads\\\/2021\\\/08\\\/niko-coatings-logo-medium.png\",\"width\":151,\"height\":92,\"caption\":\"Niko Coatings\"},\"image\":{\"@id\":\"https:\\\/\\\/www.nikocoatings.com\\\/#\\\/schema\\\/logo\\\/image\\\/\"},\"sameAs\":[\"https:\\\/\\\/www.linkedin.com\\\/company\\\/niko-coatings-limited\"]}]}<\/script>\n<!-- \/ Yoast SEO plugin. -->","yoast_head_json":{"title":"Politique de confidentialit\u00e9 - Niko Coatings","robots":{"index":"index","follow":"follow","max-snippet":"max-snippet:-1","max-image-preview":"max-image-preview:large","max-video-preview":"max-video-preview:-1"},"canonical":"https:\/\/www.nikocoatings.com\/fr\/politique-de-confidentialite\/","og_locale":"fr_FR","og_type":"article","og_title":"Privacy Policy - Niko Coatings","og_description":"What do we collect? If you fill in our contact form we will temporarily collect the following information: name contact information including email address other information relevant to your customer enquiry Any message you send to us and we do not act upon or leads to a business relationship with us will be deleted after...","og_url":"https:\/\/www.nikocoatings.com\/fr\/politique-de-confidentialite\/","og_site_name":"Niko Coatings","article_modified_time":"2021-11-17T11:14:28+00:00","twitter_card":"summary_large_image","twitter_misc":{"Dur\u00e9e de lecture estim\u00e9e":"3 minutes"},"schema":{"@context":"https:\/\/schema.org","@graph":[{"@type":"WebPage","@id":"https:\/\/www.nikocoatings.com\/privacy-policy\/","url":"https:\/\/www.nikocoatings.com\/privacy-policy\/","name":"Politique de confidentialit\u00e9 - Niko Coatings","isPartOf":{"@id":"https:\/\/www.nikocoatings.com\/#website"},"datePublished":"2021-08-12T16:34:44+00:00","dateModified":"2021-11-17T11:14:28+00:00","breadcrumb":{"@id":"https:\/\/www.nikocoatings.com\/privacy-policy\/#breadcrumb"},"inLanguage":"fr-FR","potentialAction":[{"@type":"ReadAction","target":["https:\/\/www.nikocoatings.com\/privacy-policy\/"]}]},{"@type":"BreadcrumbList","@id":"https:\/\/www.nikocoatings.com\/privacy-policy\/#breadcrumb","itemListElement":[{"@type":"ListItem","position":1,"name":"Home","item":"https:\/\/www.nikocoatings.com\/"},{"@type":"ListItem","position":2,"name":"Privacy Policy"}]},{"@type":"WebSite","@id":"https:\/\/www.nikocoatings.com\/#website","url":"https:\/\/www.nikocoatings.com\/","name":"Niko Coatings","description":"","publisher":{"@id":"https:\/\/www.nikocoatings.com\/#organization"},"potentialAction":[{"@type":"SearchAction","target":{"@type":"EntryPoint","urlTemplate":"https:\/\/www.nikocoatings.com\/?s={search_term_string}"},"query-input":{"@type":"PropertyValueSpecification","valueRequired":true,"valueName":"search_term_string"}}],"inLanguage":"fr-FR"},{"@type":"Organization","@id":"https:\/\/www.nikocoatings.com\/#organization","name":"Niko Coatings","url":"https:\/\/www.nikocoatings.com\/","logo":{"@type":"ImageObject","inLanguage":"fr-FR","@id":"https:\/\/www.nikocoatings.com\/#\/schema\/logo\/image\/","url":"https:\/\/www.nikocoatings.com\/wp-content\/uploads\/2021\/08\/niko-coatings-logo-medium.png","contentUrl":"https:\/\/www.nikocoatings.com\/wp-content\/uploads\/2021\/08\/niko-coatings-logo-medium.png","width":151,"height":92,"caption":"Niko Coatings"},"image":{"@id":"https:\/\/www.nikocoatings.com\/#\/schema\/logo\/image\/"},"sameAs":["https:\/\/www.linkedin.com\/company\/niko-coatings-limited"]}]}},"_links":{"self":[{"href":"https:\/\/www.nikocoatings.com\/fr\/wp-json\/wp\/v2\/pages\/3","targetHints":{"allow":["GET"]}}],"collection":[{"href":"https:\/\/www.nikocoatings.com\/fr\/wp-json\/wp\/v2\/pages"}],"about":[{"href":"https:\/\/www.nikocoatings.com\/fr\/wp-json\/wp\/v2\/types\/page"}],"author":[{"embeddable":true,"href":"https:\/\/www.nikocoatings.com\/fr\/wp-json\/wp\/v2\/users\/1"}],"replies":[{"embeddable":true,"href":"https:\/\/www.nikocoatings.com\/fr\/wp-json\/wp\/v2\/comments?post=3"}],"version-history":[{"count":0,"href":"https:\/\/www.nikocoatings.com\/fr\/wp-json\/wp\/v2\/pages\/3\/revisions"}],"wp:attachment":[{"href":"https:\/\/www.nikocoatings.com\/fr\/wp-json\/wp\/v2\/media?parent=3"}],"curies":[{"name":"wp","href":"https:\/\/api.w.org\/{rel}","templated":true}]}}