{"id":987694,"date":"2021-09-03T15:29:14","date_gmt":"2021-09-03T14:29:14","guid":{"rendered":"https:\/\/www.nikocoatings.com\/new\/?page_id=987694"},"modified":"2023-04-19T15:42:53","modified_gmt":"2023-04-19T14:42:53","slug":"densbak-automotive","status":"publish","type":"page","link":"https:\/\/www.nikocoatings.com\/it\/products-solutions\/densbak-automotive\/","title":{"rendered":"DENSBAK AUTOMOTIVE"},"content":{"rendered":"<div class=\"vgblk-rw-wrapper limit-wrapper\">\r\n<h2>\r\n\tInformazioni su <br \/><strong>DENSBAK Strati pesanti per autoveicoli<\/strong>\r\n\t<\/h2>\r\n\t<p>Lo strato pesante standard DENSBAK F40 di Niko per il settore automobilistico \u00e8 la scelta preferita dalle aziende automobilistiche Tier 1 del Regno Unito.<\/p>\r\n<p>I nostri strati pesanti per auto sono progettati per adattarsi a un'ampia gamma di condizioni di lavorazione. Gli strati pesanti Niko per auto possono essere combinati e forniti con un'ampia gamma di substrati (ad esempio, film, strati barriera, non tessuti, TPO, adesivi sensibili alla pressione e hotmelt) per formare compositi multistrato in processi di stampaggio a caldo o a freddo.<\/p>\r\n<p>I crescenti requisiti ambientali hanno visto una tendenza verso strati di massa pi\u00f9 leggeri. Le soluzioni Niko per gli strati pesanti sono state al centro di questo cambiamento, con prodotti DENSBAK adatti alla termoformatura a partire da soli 1000 g\/m2. Tuttavia, anche a queste grammature ridotte, gli strati pesanti DENSBAK Automotive sono in grado di fornire le stesse prestazioni chiave di stabilit\u00e0 termica, insieme a benefici di basso odore, basso VOC e basso appannamento.<\/p>\r\n<p>Grazie alla tecnologia di produzione e di processo di Niko, che utilizza le formulazioni proprietarie DENSBAK, Niko \u00e8 in grado di offrire ai suoi clienti opportunit\u00e0 di riduzione delle dimensioni dello spezzone e di migliorare significativamente i tempi dei cicli di polimerizzazione e stampaggio della schiuma.<\/p>\r\n<p>Abbiamo anche sviluppato nuove formulazioni di strati pesanti per il settore automobilistico con livelli di accettazione dello stucco pi\u00f9 elevati, pur mantenendo le stesse caratteristiche prestazionali chiave.<\/p>\r\n<h3>\r\n\tChe cos'\u00e8 la gamma DENSBAK F40?\r\n\t<\/h3>\r\n\t<p>Il nostro strato pesante per auto \u00e8 un materiale elastomerico termoplastico composto da una miscela di polimeri e cariche minerali. \u00c8 progettato per avere un elevato allungamento a temperature elevate ed \u00e8 particolarmente adatto alla termoformatura. La gamma DENSBAK F40 \u00e8 disponibile in diverse grammature e presenta trattamenti superficiali come promotori di adesione.<\/p>\r\n<p>DENSBAK F40 pu\u00f2 essere fornito con un'ampia gamma di substrati per formare compositi multistrato nei processi di stampaggio a caldo o a freddo.<\/p>\r\n\t\t\t\t<a href=\"https:\/\/www.nikocoatings.com\/wp-content\/uploads\/2021\/11\/F40-Moulding-Test.jpg\" target=\"_self\" itemprop=\"url\" title=\"F40-Test di stampaggio\" rel=\"noopener\">\r\n\t\t\t\t\t\t\t<img decoding=\"async\" loading=\"lazy\" src=\"https:\/\/www.nikocoatings.com\/wp-content\/uploads\/2021\/11\/F40-Moulding-Test.jpg\" alt=\"F40-Test di stampaggio\" itemprop=\"image\" height=\"1142\" width=\"1000\" data-link-type=\"lightbox\" title=\"F40-Test di stampaggio\" onerror=\"this.style.display='none'\"  sizes=\"auto, (max-width: 768px) 100vw, 100vw\" srcset=\"https:\/\/www.nikocoatings.com\/wp-content\/uploads\/2021\/11\/F40-Moulding-Test.jpg 1000w, https:\/\/www.nikocoatings.com\/wp-content\/uploads\/2021\/11\/F40-Moulding-Test-263x300.jpg 263w, https:\/\/www.nikocoatings.com\/wp-content\/uploads\/2021\/11\/F40-Moulding-Test-897x1024.jpg 897w, https:\/\/www.nikocoatings.com\/wp-content\/uploads\/2021\/11\/F40-Moulding-Test-768x877.jpg 768w, https:\/\/www.nikocoatings.com\/wp-content\/uploads\/2021\/11\/F40-Moulding-Test-630x719.jpg 630w, https:\/\/www.nikocoatings.com\/wp-content\/uploads\/2021\/11\/F40-Moulding-Test-420x480.jpg 420w, https:\/\/www.nikocoatings.com\/wp-content\/uploads\/2021\/11\/F40-Moulding-Test-840x959.jpg 840w, https:\/\/www.nikocoatings.com\/wp-content\/uploads\/2021\/11\/F40-Moulding-Test-315x360.jpg 315w\" \/>\t\t\t\t\t\t<\/a>\r\n<h2>\r\n\tCaratteristiche e vantaggi principali\r\n\t<\/h2>\r\n\t\t\tQuali sono i pesi disponibili? \r\n\t\t<p>Le soluzioni di strati di massa \"leggeri\" Niko partono da soli 1000gms\/m2 fino a 15.000gms\/m2. Poich\u00e9 le materie prime (in particolare le cariche) hanno densit\u00e0 diverse, vendiamo i nostri strati di massa pesanti in base al peso (kg\/m2) e non allo spessore. Ci\u00f2 significa che produciamo e controlliamo il nostro processo produttivo in base alla massa unitaria, misurata in kg\/m2 o lbs\/ft2.<\/p>\r\n\t\t\tQuanto \u00e8 stabile termicamente DENSBAK F40? Si ritira? \r\n\t\t<p>Una delle caratteristiche principali degli strati pesanti per auto DENSBAK \u00e8 la loro capacit\u00e0 di offrire un elevato allungamento a temperature elevate, il che significa che sono termicamente stabili. A differenza di alcuni strati pesanti alternativi, DENSBAK garantisce un basso ritiro. Ci\u00f2 significa che i prodotti Niko possono creare opportunit\u00e0 di risparmio per i nostri clienti del settore automobilistico grazie alla riduzione delle dimensioni delle lastre (5% - 25% di dimensioni del fustellato).<\/p>\r\n\t\t\tQuali sono le larghezze di produzione e le opzioni di taglio disponibili?\r\n\t\t<p>Tutte e tre le linee di produzione Niko consentono una larghezza del rotolo o del foglio finito di 2000 mm. Sono disponibili anche opzioni di fustellatura, che consentono di risparmiare sul processo e di ridurre i costi di trasporto per i nostri clienti. Ci\u00f2 significa anche che Niko pu\u00f2 offrire opportunit\u00e0 di riciclaggio pre-consumo degli scarti di scheletro e ridurre la sua impronta ambientale.<\/p>\r\n\t\t\tCi sono problemi di delaminazione quando si usa il DENSBAK? \r\n\t\t<p>Alcuni prodotti alternativi a strato pesante possono avere problemi di migrazione degli oli di processo in superficie (la cosiddetta \"fioritura\") che pu\u00f2 causare problemi di laminazione. Tuttavia, il DENSBAK \u00e8 stato progettato per essere privo di oli di superficie, evitando cos\u00ec questi problemi. Come standard, la superficie di tutti i nostri strati pesanti per autoveicoli viene trattata per aumentare l'energia superficiale del prodotto, favorendone l'adesione ad altri materiali.<\/p>\r\n\t\t\tChe tipo di finitura superficiale \u00e8 disponibile? \r\n\t\t<p>I prodotti DENSBAK lisci vengono forniti con una finitura in lino in rilievo su un lato o su entrambi i lati. Questa superficie di DENSBAK \u00e8 ideale per le applicazioni di schiumatura posteriore grazie alla maggiore superficie. Ci\u00f2 significa che il DENSBAK pu\u00f2 migliorare i tempi dei cicli di processo durante le applicazioni di polimerizzazione e stampaggio della schiuma. La finitura superficiale aiuta anche a prevenire l'accumulo di elettricit\u00e0 statica e a evitare il blocco della lastra.<\/p>\r\n\t\t\tQuali sono le credenziali VOC di DENSBAK? \r\n\t\t<p>DENSBAK \u00e8 stato progettato per essere uno strato pesante a basso contenuto di VOC. Il materiale Niko ha ottenuto l'accreditamento esterno Nissan e JLR secondo le norme NES M0402, STJLR.51.5229, VDA277 e VDA278.<\/p>\r\n\t\t\tIl DENSBAK pu\u00f2 essere riciclato? \r\n\t\t<p>S\u00ec, gli strati pesanti DENSBAK possono contenere fino a 80% di peso di materiale riciclato pre- o post-consumo e continuano a funzionare come se fossero prodotti con materiali di prima scelta.<\/p>\r\n\t\t\tDove \u00e8 approvato DENSBAK?\r\n\t\t<p>Gli strati pesanti per auto DENSBAK sono gi\u00e0 stati approvati da molti produttori OEM tra cui: -JLR, Toyota, Ford, BMW, Nissan, Volkswagen, Aston Martin, Mclaren<\/p>\r\n\t\t\tQuali sono le principali applicazioni di DENSBAK?\r\n\t\t<ul><li>Trattini interni\u00a0\u00a0<\/li><li>Interni Tappeti al piano principale\u00a0<\/li><li>Isolatori per pavimenti\u00a0<\/li><li>Isolatori per passaruota\u00a0<\/li><li>Isolatori del pavimento del bagagliaio interno.\u00a0<\/li><\/ul>\r\n\t<p><a href=\"https:\/\/www.nikocoatings.com\/wp-content\/uploads\/2021\/11\/DENSBAK-MPEPA..jpg\"><img loading=\"lazy\" decoding=\"async\" src=\"https:\/\/www.nikocoatings.com\/wp-content\/uploads\/2021\/11\/DENSBAK-MPEPA.-150x150.jpg\" alt=\"\" width=\"150\" height=\"150\" \/><\/a> <a href=\"https:\/\/www.nikocoatings.com\/wp-content\/uploads\/2021\/11\/DENSBAK-F40.jpg\"><img loading=\"lazy\" decoding=\"async\" src=\"https:\/\/www.nikocoatings.com\/wp-content\/uploads\/2021\/11\/DENSBAK-F40-150x150.jpg\" alt=\"\" width=\"150\" height=\"150\" \/>\u00a0<\/a><a href=\"https:\/\/www.nikocoatings.com\/wp-content\/uploads\/2021\/11\/DENSBAK-F5-SCRIM-1.jpg\"><img loading=\"lazy\" decoding=\"async\" src=\"https:\/\/www.nikocoatings.com\/wp-content\/uploads\/2021\/11\/DENSBAK-F5-SCRIM-1-150x150.jpg\" alt=\"\" width=\"150\" height=\"150\" \/><\/a> <a href=\"https:\/\/www.nikocoatings.com\/wp-content\/uploads\/2021\/11\/CARPET-1.jpg\"><img loading=\"lazy\" decoding=\"async\" src=\"https:\/\/www.nikocoatings.com\/wp-content\/uploads\/2021\/11\/CARPET-1-150x150.jpg\" alt=\"\" width=\"150\" height=\"150\" \/><\/a><\/p>\r\n<p>&nbsp;<\/p>\r\n<p>&nbsp;<\/p>\r\n\r\n<\/div><!-- .vgblk-rw-wrapper -->","protected":false},"excerpt":{"rendered":"<p>Informazioni su DENSBAK Strati pesanti per autoveicoli Lo strato pesante standard DENSBAK F40 di Niko \u00e8 la scelta preferita dalle aziende automobilistiche Tier 1 del Regno Unito. I nostri strati pesanti per autoveicoli sono progettati per adattarsi a un'ampia gamma di condizioni di lavorazione. Gli strati pesanti Niko per autoveicoli possono essere combinati e forniti con un'ampia gamma di substrati (per...<\/p>","protected":false},"author":1,"featured_media":0,"parent":13334,"menu_order":0,"comment_status":"closed","ping_status":"closed","template":"","meta":{"inline_featured_image":false,"_monsterinsights_skip_tracking":false,"_monsterinsights_sitenote_active":false,"_monsterinsights_sitenote_note":"","_monsterinsights_sitenote_category":0,"footnotes":""},"class_list":["post-987694","page","type-page","status-publish","hentry"],"yoast_head":"<!-- This site is optimized with the Yoast SEO plugin v27.4 - https:\/\/yoast.com\/product\/yoast-seo-wordpress\/ -->\n<title>DENSBAK AUTOMOTIVE - Niko Coatings<\/title>\n<meta name=\"description\" content=\"Niko\u2019s standard DENSBAK F40 automotive heavy layer is the preferred choice for Tier 1 automotive companies in the UK. Our automotive heavy layers are designed to accommodate a wide range of processing conditions.\" \/>\n<meta name=\"robots\" content=\"index, follow, max-snippet:-1, max-image-preview:large, max-video-preview:-1\" \/>\n<link rel=\"canonical\" href=\"https:\/\/www.nikocoatings.com\/it\/prodotti-soluzioni\/densbak-automotive\/\" \/>\n<meta property=\"og:locale\" content=\"it_IT\" \/>\n<meta property=\"og:type\" content=\"article\" \/>\n<meta property=\"og:title\" content=\"DENSBAK AUTOMOTIVE - Niko Coatings\" \/>\n<meta property=\"og:description\" content=\"Niko\u2019s standard DENSBAK F40 automotive heavy layer is the preferred choice for Tier 1 automotive companies in the UK. Our automotive heavy layers are designed to accommodate a wide range of processing conditions.\" \/>\n<meta property=\"og:url\" content=\"https:\/\/www.nikocoatings.com\/it\/prodotti-soluzioni\/densbak-automotive\/\" \/>\n<meta property=\"og:site_name\" content=\"Niko Coatings\" \/>\n<meta property=\"article:modified_time\" content=\"2023-04-19T14:42:53+00:00\" \/>\n<meta property=\"og:image\" content=\"https:\/\/www.nikocoatings.com\/wp-content\/uploads\/2021\/11\/F40-Moulding-Test.jpg\" \/>\n<meta name=\"twitter:card\" content=\"summary_large_image\" \/>\n<meta name=\"twitter:label1\" content=\"Tempo di lettura stimato\" \/>\n\t<meta name=\"twitter:data1\" content=\"4 minuti\" \/>\n<script type=\"application\/ld+json\" class=\"yoast-schema-graph\">{\"@context\":\"https:\\\/\\\/schema.org\",\"@graph\":[{\"@type\":\"WebPage\",\"@id\":\"https:\\\/\\\/www.nikocoatings.com\\\/products-solutions\\\/densbak-automotive\\\/\",\"url\":\"https:\\\/\\\/www.nikocoatings.com\\\/products-solutions\\\/densbak-automotive\\\/\",\"name\":\"DENSBAK AUTOMOTIVE - Niko Coatings\",\"isPartOf\":{\"@id\":\"https:\\\/\\\/www.nikocoatings.com\\\/#website\"},\"primaryImageOfPage\":{\"@id\":\"https:\\\/\\\/www.nikocoatings.com\\\/products-solutions\\\/densbak-automotive\\\/#primaryimage\"},\"image\":{\"@id\":\"https:\\\/\\\/www.nikocoatings.com\\\/products-solutions\\\/densbak-automotive\\\/#primaryimage\"},\"thumbnailUrl\":\"https:\\\/\\\/www.nikocoatings.com\\\/wp-content\\\/uploads\\\/2021\\\/11\\\/F40-Moulding-Test.jpg\",\"datePublished\":\"2021-09-03T14:29:14+00:00\",\"dateModified\":\"2023-04-19T14:42:53+00:00\",\"description\":\"Niko\u2019s standard DENSBAK F40 automotive heavy layer is the preferred choice for Tier 1 automotive companies in the UK. Our automotive heavy layers are designed to accommodate a wide range of processing conditions.\",\"breadcrumb\":{\"@id\":\"https:\\\/\\\/www.nikocoatings.com\\\/products-solutions\\\/densbak-automotive\\\/#breadcrumb\"},\"inLanguage\":\"it-IT\",\"potentialAction\":[{\"@type\":\"ReadAction\",\"target\":[\"https:\\\/\\\/www.nikocoatings.com\\\/products-solutions\\\/densbak-automotive\\\/\"]}]},{\"@type\":\"ImageObject\",\"inLanguage\":\"it-IT\",\"@id\":\"https:\\\/\\\/www.nikocoatings.com\\\/products-solutions\\\/densbak-automotive\\\/#primaryimage\",\"url\":\"https:\\\/\\\/www.nikocoatings.com\\\/wp-content\\\/uploads\\\/2021\\\/11\\\/F40-Moulding-Test.jpg\",\"contentUrl\":\"https:\\\/\\\/www.nikocoatings.com\\\/wp-content\\\/uploads\\\/2021\\\/11\\\/F40-Moulding-Test.jpg\"},{\"@type\":\"BreadcrumbList\",\"@id\":\"https:\\\/\\\/www.nikocoatings.com\\\/products-solutions\\\/densbak-automotive\\\/#breadcrumb\",\"itemListElement\":[{\"@type\":\"ListItem\",\"position\":1,\"name\":\"Home\",\"item\":\"https:\\\/\\\/www.nikocoatings.com\\\/\"},{\"@type\":\"ListItem\",\"position\":2,\"name\":\"Products &#038; Solutions\",\"item\":\"https:\\\/\\\/www.nikocoatings.com\\\/products-solutions\\\/\"},{\"@type\":\"ListItem\",\"position\":3,\"name\":\"DENSBAK AUTOMOTIVE\"}]},{\"@type\":\"WebSite\",\"@id\":\"https:\\\/\\\/www.nikocoatings.com\\\/#website\",\"url\":\"https:\\\/\\\/www.nikocoatings.com\\\/\",\"name\":\"Niko Coatings\",\"description\":\"\",\"publisher\":{\"@id\":\"https:\\\/\\\/www.nikocoatings.com\\\/#organization\"},\"potentialAction\":[{\"@type\":\"SearchAction\",\"target\":{\"@type\":\"EntryPoint\",\"urlTemplate\":\"https:\\\/\\\/www.nikocoatings.com\\\/?s={search_term_string}\"},\"query-input\":{\"@type\":\"PropertyValueSpecification\",\"valueRequired\":true,\"valueName\":\"search_term_string\"}}],\"inLanguage\":\"it-IT\"},{\"@type\":\"Organization\",\"@id\":\"https:\\\/\\\/www.nikocoatings.com\\\/#organization\",\"name\":\"Niko Coatings\",\"url\":\"https:\\\/\\\/www.nikocoatings.com\\\/\",\"logo\":{\"@type\":\"ImageObject\",\"inLanguage\":\"it-IT\",\"@id\":\"https:\\\/\\\/www.nikocoatings.com\\\/#\\\/schema\\\/logo\\\/image\\\/\",\"url\":\"https:\\\/\\\/www.nikocoatings.com\\\/wp-content\\\/uploads\\\/2021\\\/08\\\/niko-coatings-logo-medium.png\",\"contentUrl\":\"https:\\\/\\\/www.nikocoatings.com\\\/wp-content\\\/uploads\\\/2021\\\/08\\\/niko-coatings-logo-medium.png\",\"width\":151,\"height\":92,\"caption\":\"Niko Coatings\"},\"image\":{\"@id\":\"https:\\\/\\\/www.nikocoatings.com\\\/#\\\/schema\\\/logo\\\/image\\\/\"},\"sameAs\":[\"https:\\\/\\\/www.linkedin.com\\\/company\\\/niko-coatings-limited\"]}]}<\/script>\n<!-- \/ Yoast SEO plugin. -->","yoast_head_json":{"title":"DENSBAK AUTOMOTIVE - Rivestimenti Niko","description":"Lo strato pesante standard DENSBAK F40 di Niko per il settore automobilistico \u00e8 la scelta preferita dalle aziende automobilistiche Tier 1 del Regno Unito. I nostri strati pesanti per auto sono progettati per adattarsi a un'ampia gamma di condizioni di lavorazione.","robots":{"index":"index","follow":"follow","max-snippet":"max-snippet:-1","max-image-preview":"max-image-preview:large","max-video-preview":"max-video-preview:-1"},"canonical":"https:\/\/www.nikocoatings.com\/it\/prodotti-soluzioni\/densbak-automotive\/","og_locale":"it_IT","og_type":"article","og_title":"DENSBAK AUTOMOTIVE - Niko Coatings","og_description":"Niko\u2019s standard DENSBAK F40 automotive heavy layer is the preferred choice for Tier 1 automotive companies in the UK. Our automotive heavy layers are designed to accommodate a wide range of processing conditions.","og_url":"https:\/\/www.nikocoatings.com\/it\/prodotti-soluzioni\/densbak-automotive\/","og_site_name":"Niko Coatings","article_modified_time":"2023-04-19T14:42:53+00:00","og_image":[{"url":"https:\/\/www.nikocoatings.com\/wp-content\/uploads\/2021\/11\/F40-Moulding-Test.jpg","type":"","width":"","height":""}],"twitter_card":"summary_large_image","twitter_misc":{"Tempo di lettura stimato":"4 minuti"},"schema":{"@context":"https:\/\/schema.org","@graph":[{"@type":"WebPage","@id":"https:\/\/www.nikocoatings.com\/products-solutions\/densbak-automotive\/","url":"https:\/\/www.nikocoatings.com\/products-solutions\/densbak-automotive\/","name":"DENSBAK AUTOMOTIVE - Rivestimenti Niko","isPartOf":{"@id":"https:\/\/www.nikocoatings.com\/#website"},"primaryImageOfPage":{"@id":"https:\/\/www.nikocoatings.com\/products-solutions\/densbak-automotive\/#primaryimage"},"image":{"@id":"https:\/\/www.nikocoatings.com\/products-solutions\/densbak-automotive\/#primaryimage"},"thumbnailUrl":"https:\/\/www.nikocoatings.com\/wp-content\/uploads\/2021\/11\/F40-Moulding-Test.jpg","datePublished":"2021-09-03T14:29:14+00:00","dateModified":"2023-04-19T14:42:53+00:00","description":"Lo strato pesante standard DENSBAK F40 di Niko per il settore automobilistico \u00e8 la scelta preferita dalle aziende automobilistiche Tier 1 del Regno Unito. I nostri strati pesanti per auto sono progettati per adattarsi a un'ampia gamma di condizioni di lavorazione.","breadcrumb":{"@id":"https:\/\/www.nikocoatings.com\/products-solutions\/densbak-automotive\/#breadcrumb"},"inLanguage":"it-IT","potentialAction":[{"@type":"ReadAction","target":["https:\/\/www.nikocoatings.com\/products-solutions\/densbak-automotive\/"]}]},{"@type":"ImageObject","inLanguage":"it-IT","@id":"https:\/\/www.nikocoatings.com\/products-solutions\/densbak-automotive\/#primaryimage","url":"https:\/\/www.nikocoatings.com\/wp-content\/uploads\/2021\/11\/F40-Moulding-Test.jpg","contentUrl":"https:\/\/www.nikocoatings.com\/wp-content\/uploads\/2021\/11\/F40-Moulding-Test.jpg"},{"@type":"BreadcrumbList","@id":"https:\/\/www.nikocoatings.com\/products-solutions\/densbak-automotive\/#breadcrumb","itemListElement":[{"@type":"ListItem","position":1,"name":"Home","item":"https:\/\/www.nikocoatings.com\/"},{"@type":"ListItem","position":2,"name":"Products &#038; Solutions","item":"https:\/\/www.nikocoatings.com\/products-solutions\/"},{"@type":"ListItem","position":3,"name":"DENSBAK AUTOMOTIVE"}]},{"@type":"WebSite","@id":"https:\/\/www.nikocoatings.com\/#website","url":"https:\/\/www.nikocoatings.com\/","name":"Rivestimenti Niko","description":"","publisher":{"@id":"https:\/\/www.nikocoatings.com\/#organization"},"potentialAction":[{"@type":"SearchAction","target":{"@type":"EntryPoint","urlTemplate":"https:\/\/www.nikocoatings.com\/?s={search_term_string}"},"query-input":{"@type":"PropertyValueSpecification","valueRequired":true,"valueName":"search_term_string"}}],"inLanguage":"it-IT"},{"@type":"Organization","@id":"https:\/\/www.nikocoatings.com\/#organization","name":"Rivestimenti Niko","url":"https:\/\/www.nikocoatings.com\/","logo":{"@type":"ImageObject","inLanguage":"it-IT","@id":"https:\/\/www.nikocoatings.com\/#\/schema\/logo\/image\/","url":"https:\/\/www.nikocoatings.com\/wp-content\/uploads\/2021\/08\/niko-coatings-logo-medium.png","contentUrl":"https:\/\/www.nikocoatings.com\/wp-content\/uploads\/2021\/08\/niko-coatings-logo-medium.png","width":151,"height":92,"caption":"Niko Coatings"},"image":{"@id":"https:\/\/www.nikocoatings.com\/#\/schema\/logo\/image\/"},"sameAs":["https:\/\/www.linkedin.com\/company\/niko-coatings-limited"]}]}},"_links":{"self":[{"href":"https:\/\/www.nikocoatings.com\/it\/wp-json\/wp\/v2\/pages\/987694","targetHints":{"allow":["GET"]}}],"collection":[{"href":"https:\/\/www.nikocoatings.com\/it\/wp-json\/wp\/v2\/pages"}],"about":[{"href":"https:\/\/www.nikocoatings.com\/it\/wp-json\/wp\/v2\/types\/page"}],"author":[{"embeddable":true,"href":"https:\/\/www.nikocoatings.com\/it\/wp-json\/wp\/v2\/users\/1"}],"replies":[{"embeddable":true,"href":"https:\/\/www.nikocoatings.com\/it\/wp-json\/wp\/v2\/comments?post=987694"}],"version-history":[{"count":0,"href":"https:\/\/www.nikocoatings.com\/it\/wp-json\/wp\/v2\/pages\/987694\/revisions"}],"up":[{"embeddable":true,"href":"https:\/\/www.nikocoatings.com\/it\/wp-json\/wp\/v2\/pages\/13334"}],"wp:attachment":[{"href":"https:\/\/www.nikocoatings.com\/it\/wp-json\/wp\/v2\/media?parent=987694"}],"curies":[{"name":"wp","href":"https:\/\/api.w.org\/{rel}","templated":true}]}}