{"id":12696,"date":"2017-05-08T17:30:45","date_gmt":"2017-05-08T17:30:45","guid":{"rendered":"https:\/\/nex.vamtam.com\/?page_id=12696"},"modified":"2023-04-19T14:29:55","modified_gmt":"2023-04-19T13:29:55","slug":"densbak-massa-geladen-vinyl-mlv","status":"publish","type":"page","link":"https:\/\/www.nikocoatings.com\/nl\/products-solutions\/densbak-mass-loaded-vinyl-mlv\/","title":{"rendered":"DENSBAK Massa Geladen Vinyl MLV"},"content":{"rendered":"<div class=\"vgblk-rw-wrapper limit-wrapper\">\r\n<h2>Over <br \/><b>DENSBAK VB <\/b><\/h2>\r\n<p>Barium Geladen Vinyl wordt al meer dan 30 jaar door Niko geproduceerd en wordt geleverd onder onze handelsnaam DENSBAK VB. Niko Vinyl producten worden exclusief ontworpen en geproduceerd door Niko Coatings Ltd in onze fabriek in Bradford UK. DENSBAK VB producten worden momenteel verkocht en geleverd onder verschillende handelsnamen in het VK en over de hele wereld.<\/p>\r\n<h3>Wat is DENSBAK VB MLV?<\/h3>\r\n<p>DENSBAK VB is een zeer dichte Mass Loaded Vinyl, beter bekend als MLV, en kent vele toepassingen.<\/p>\r\n<p>Er zijn andere termen en beschrijvingen voor DENSBAK VB - het kan ook omschreven worden als een Flexibele Geluidsbarri\u00e8re (FNB), een Flexibele Akoestische Barri\u00e8re (FAB), een Limp Mass Barrier (LMB) of een Bariumsulfaat Beladen Barri\u00e8re (BSLB).<\/p>\r\n<p>DENSBAK VB heeft twee hoofdbestanddelen V betekent dat het gemaakt is van 100% gerecycled geplastificeerd vinyl (of polyvinylchloride - een homopolymeer dat gewoonlijk PVC wordt genoemd). B betekent bariumsulfaat, een anorganische verbinding uit het mineraal bariet met een hoog soortelijk gewicht. Bariumsulfaat is inert, niet giftig en loodvrij.<\/p>\r\n<p><img loading=\"lazy\" decoding=\"async\" class=\"alignnone  wp-image-988190\" src=\"https:\/\/www.nikocoatings.com\/wp-content\/uploads\/2023\/04\/DEBSBAK-V5-10-GROUP-300x200.jpg\" alt=\"\" width=\"444\" height=\"296\" srcset=\"https:\/\/www.nikocoatings.com\/wp-content\/uploads\/2023\/04\/DEBSBAK-V5-10-GROUP-300x200.jpg 300w, https:\/\/www.nikocoatings.com\/wp-content\/uploads\/2023\/04\/DEBSBAK-V5-10-GROUP-18x12.jpg 18w, https:\/\/www.nikocoatings.com\/wp-content\/uploads\/2023\/04\/DEBSBAK-V5-10-GROUP-466x310.jpg 466w, https:\/\/www.nikocoatings.com\/wp-content\/uploads\/2023\/04\/DEBSBAK-V5-10-GROUP-350x233.jpg 350w, https:\/\/www.nikocoatings.com\/wp-content\/uploads\/2023\/04\/DEBSBAK-V5-10-GROUP.jpg 524w\" sizes=\"auto, (max-width: 444px) 100vw, 444px\" \/><\/p>\r\n<p>&nbsp;<\/p>\r\n<h2>Belangrijkste kenmerken<\/h2>\r\n<p>Is DENSBAK VB brandbaar?<\/p>\r\n<p>DENSBAK VB heeft een aanbevolen statische gebruikstemperatuur van -50\u00b0C tot 100\u00b0C en de vlamuitbreiding is getest volgens ISO 3795 en FMVSS 302, wat betekent dat het zelfdovend is. Het is echter niet ontworpen om vuurbestendig te zijn en langdurige blootstelling aan voldoende hoge temperaturen kan leiden tot zelfontbranding van het materiaal.<\/p>\r\n<p>Hoe wordt DENSBAK VB geleverd?<\/p>\r\n<p>Materialen kunnen worden geproduceerd volgens de individuele eisen van de klant met inachtneming van minimale productiehoeveelheden.<\/p>\r\n<ul>\r\n<li>in vellen en rolvorm<\/li>\r\n<li>in een reeks van gewichten van 2,5kg\/m2 tot 15kg\/m2.<\/li>\r\n<li>in breedtes tot 2000 mm (78 inch)<\/li>\r\n<\/ul>\r\n<p>Raadpleeg het technisch informatieblad (TDS) voor meer informatie.<\/p>\r\n<h2>Belangrijkste kenmerken en voordelen<\/h2>\r\n<p>Vrij van SVHC<\/p>\r\n<p>DENSBAK VB producten zijn vrij van zeer zorgwekkende stoffen (SVHC) zoals lood, halogenen en ongeraffineerde aromatische oli\u00ebn.<\/p>\r\n<p>Scheursterkte<\/p>\r\n<p><strong>DENSBAK\u00ae VB<\/strong> wordt vervaardigd door middel van een extrusieproces, waardoor deze MLV een hoge mechanische sterkte heeft en gemakkelijk te hanteren en te installeren is. Sommige fabricageprocessen waarbij alleen gekalanderd of gegoten wordt, kunnen ervoor zorgen dat MLV-materialen gemakkelijker scheuren.<\/p>\r\n<p>Flexibiliteit<\/p>\r\n<p>DENSBAK VB is dun en zeer flexibel, waardoor het gemakkelijk rond hoeken, leidingwerk, vierkante kanalen en stalen frames kan worden aangebracht zonder te scheuren. Goed plat te leggen (hoge geheugenvorm), zelfs bij koude temperaturen (bijvoorbeeld na opslag in een magazijn).<\/p>\r\n<p>Consistentie en stabiliteit<\/p>\r\n<p>Door het snelle mengproces in combinatie met superkoeling zijn DENSBAK VB producten fysiek stabiel en robuust. DENSBAK VB kan in een koelcel worden opgeslagen zonder gevaar voor scheurvorming en achteruitgang van het product. Onder normale gebruiksomstandigheden breekt het materiaal niet chemisch af en verandert het na verloop van tijd niet van fysische eigenschappen.<\/p>\r\n<p>Afwerking van het oppervlak<\/p>\r\n<p><strong>DENSBAK\u00ae VB<\/strong> is speciaal ontworpen voor een betere slipweerstand en een veiliger installatie op vloeren. Het wordt vervaardigd met \u00e9\u00e9n zijde in reli\u00ebf en \u00e9\u00e9n zijde glad of met twee zijden in reli\u00ebf. Het reli\u00ebfoppervlak vergroot het oppervlak om de hechting aan andere laminaten te bevorderen.<\/p>\r\n<p>Schoon en olievrij oppervlak<\/p>\r\n<p>Dankzij het Niko extrusieproces heeft DENSBAK VB geen olieachtige of vettige resten (zoals op bitumen gebaseerde of viskeuze\/plakkerige producten) op de oppervlakken, waardoor het niet vlekt en voorkomt dat het product aan elkaar kleeft tijdens opslag en installatie bij warmere temperaturen. Het betekent ook dat voor DENSBAK VB geen tussenbladen nodig zijn, zodat de afvalverwerkingskosten dalen.<\/p>\r\n<h2>Bediende sectoren<\/h2>\r\n<h4>Automotive<\/h4>\r\n<p>DENSBAK MLV kan worden gecombineerd met diverse substraten om retrofit geluidsisolatiekits te maken voor laarzen en cabinevloeren, die het weg-, uitlaat- en bandengeluid kunnen helpen verminderen.<\/p>\r\n<h4>Huishoudelijke geluidsisolatie<\/h4>\r\n<p>DENSBAK MLV gebruikt voor akoestische onderlaag en geluidsisolatie van wanden en plafondpanelen.<\/p>\r\n<h4>Olie en gas<\/h4>\r\n<p>DENSBAK Barium Geladen Vinyl MLV gebruikt in modulaire thermische en akoestische isolatiesystemen rond leidingen en compressoren in Shell DEP klasse C en ISO 15665 specificaties.<\/p>\r\n<h4>Bouw en constructie<\/h4>\r\n<p>Geluidsisolatie van opnamestudio's met MLV. Akoestische MLV dakbanen voor opgebouwde systemen.<\/p>\r\n<h4>Industri\u00eble geluidsisolatie<\/h4>\r\n<p>DENSBAK MLV voor gebruik in akoestische behuizingen en HVAC-systemen.<\/p>\r\n<\/div><!-- .vgblk-rw-wrapper -->","protected":false},"excerpt":{"rendered":"<p>Over DENSBAK VB Barium Geladen Vinyl wordt al meer dan 30 jaar door Niko geproduceerd en wordt geleverd onder onze handelsnaam DENSBAK VB. Niko Vinyl producten worden exclusief ontworpen en geproduceerd door Niko Coatings Ltd in onze fabriek in Bradford, Verenigd Koninkrijk. DENSBAK VB producten worden momenteel verkocht en geleverd onder verschillende...<\/p>","protected":false},"author":1,"featured_media":0,"parent":13334,"menu_order":0,"comment_status":"closed","ping_status":"closed","template":"","meta":{"inline_featured_image":false,"_monsterinsights_skip_tracking":false,"_monsterinsights_sitenote_active":false,"_monsterinsights_sitenote_note":"","_monsterinsights_sitenote_category":0,"footnotes":""},"class_list":["post-12696","page","type-page","status-publish","hentry"],"yoast_head":"<!-- This site is optimized with the Yoast SEO plugin v27.4 - https:\/\/yoast.com\/product\/yoast-seo-wordpress\/ -->\n<title>DENSBAK Mass Loaded Vinyl MLV - Niko Coatings<\/title>\n<meta name=\"description\" content=\"Barium Loaded Vinyl has been manufactured by Niko for over 30 years and is supplied under our trade name DENSBAK VB. Niko Vinyl products are exclusively designed and manufactured by Niko Coatings Ltd at our factory in Bradford UK.\" \/>\n<meta name=\"robots\" content=\"index, follow, max-snippet:-1, max-image-preview:large, max-video-preview:-1\" \/>\n<link rel=\"canonical\" href=\"https:\/\/www.nikocoatings.com\/nl\/producten-oplossingen\/densbak-massa-geladen-vinyl-mlv\/\" \/>\n<meta property=\"og:locale\" content=\"nl_NL\" \/>\n<meta property=\"og:type\" content=\"article\" \/>\n<meta property=\"og:title\" content=\"DENSBAK Mass Loaded Vinyl MLV - Niko Coatings\" \/>\n<meta property=\"og:description\" content=\"Barium Loaded Vinyl has been manufactured by Niko for over 30 years and is supplied under our trade name DENSBAK VB. Niko Vinyl products are exclusively designed and manufactured by Niko Coatings Ltd at our factory in Bradford UK.\" \/>\n<meta property=\"og:url\" content=\"https:\/\/www.nikocoatings.com\/nl\/producten-oplossingen\/densbak-massa-geladen-vinyl-mlv\/\" \/>\n<meta property=\"og:site_name\" content=\"Niko Coatings\" \/>\n<meta property=\"article:modified_time\" content=\"2023-04-19T13:29:55+00:00\" \/>\n<meta property=\"og:image\" content=\"https:\/\/www.nikocoatings.com\/wp-content\/uploads\/2023\/04\/DEBSBAK-V5-10-GROUP-300x200.jpg\" \/>\n<meta name=\"twitter:card\" content=\"summary_large_image\" \/>\n<meta name=\"twitter:label1\" content=\"Geschatte leestijd\" \/>\n\t<meta name=\"twitter:data1\" content=\"4 minuten\" \/>\n<script type=\"application\/ld+json\" class=\"yoast-schema-graph\">{\"@context\":\"https:\\\/\\\/schema.org\",\"@graph\":[{\"@type\":\"WebPage\",\"@id\":\"https:\\\/\\\/www.nikocoatings.com\\\/products-solutions\\\/densbak-mass-loaded-vinyl-mlv\\\/\",\"url\":\"https:\\\/\\\/www.nikocoatings.com\\\/products-solutions\\\/densbak-mass-loaded-vinyl-mlv\\\/\",\"name\":\"DENSBAK Mass Loaded Vinyl MLV - Niko Coatings\",\"isPartOf\":{\"@id\":\"https:\\\/\\\/www.nikocoatings.com\\\/#website\"},\"primaryImageOfPage\":{\"@id\":\"https:\\\/\\\/www.nikocoatings.com\\\/products-solutions\\\/densbak-mass-loaded-vinyl-mlv\\\/#primaryimage\"},\"image\":{\"@id\":\"https:\\\/\\\/www.nikocoatings.com\\\/products-solutions\\\/densbak-mass-loaded-vinyl-mlv\\\/#primaryimage\"},\"thumbnailUrl\":\"https:\\\/\\\/www.nikocoatings.com\\\/wp-content\\\/uploads\\\/2023\\\/04\\\/DEBSBAK-V5-10-GROUP-300x200.jpg\",\"datePublished\":\"2017-05-08T17:30:45+00:00\",\"dateModified\":\"2023-04-19T13:29:55+00:00\",\"description\":\"Barium Loaded Vinyl has been manufactured by Niko for over 30 years and is supplied under our trade name DENSBAK VB. Niko Vinyl products are exclusively designed and manufactured by Niko Coatings Ltd at our factory in Bradford UK.\",\"breadcrumb\":{\"@id\":\"https:\\\/\\\/www.nikocoatings.com\\\/products-solutions\\\/densbak-mass-loaded-vinyl-mlv\\\/#breadcrumb\"},\"inLanguage\":\"nl-NL\",\"potentialAction\":[{\"@type\":\"ReadAction\",\"target\":[\"https:\\\/\\\/www.nikocoatings.com\\\/products-solutions\\\/densbak-mass-loaded-vinyl-mlv\\\/\"]}]},{\"@type\":\"ImageObject\",\"inLanguage\":\"nl-NL\",\"@id\":\"https:\\\/\\\/www.nikocoatings.com\\\/products-solutions\\\/densbak-mass-loaded-vinyl-mlv\\\/#primaryimage\",\"url\":\"https:\\\/\\\/www.nikocoatings.com\\\/wp-content\\\/uploads\\\/2023\\\/04\\\/DEBSBAK-V5-10-GROUP-300x200.jpg\",\"contentUrl\":\"https:\\\/\\\/www.nikocoatings.com\\\/wp-content\\\/uploads\\\/2023\\\/04\\\/DEBSBAK-V5-10-GROUP-300x200.jpg\"},{\"@type\":\"BreadcrumbList\",\"@id\":\"https:\\\/\\\/www.nikocoatings.com\\\/products-solutions\\\/densbak-mass-loaded-vinyl-mlv\\\/#breadcrumb\",\"itemListElement\":[{\"@type\":\"ListItem\",\"position\":1,\"name\":\"Home\",\"item\":\"https:\\\/\\\/www.nikocoatings.com\\\/\"},{\"@type\":\"ListItem\",\"position\":2,\"name\":\"Products &#038; Solutions\",\"item\":\"https:\\\/\\\/www.nikocoatings.com\\\/products-solutions\\\/\"},{\"@type\":\"ListItem\",\"position\":3,\"name\":\"DENSBAK Mass Loaded Vinyl MLV\"}]},{\"@type\":\"WebSite\",\"@id\":\"https:\\\/\\\/www.nikocoatings.com\\\/#website\",\"url\":\"https:\\\/\\\/www.nikocoatings.com\\\/\",\"name\":\"Niko Coatings\",\"description\":\"\",\"publisher\":{\"@id\":\"https:\\\/\\\/www.nikocoatings.com\\\/#organization\"},\"potentialAction\":[{\"@type\":\"SearchAction\",\"target\":{\"@type\":\"EntryPoint\",\"urlTemplate\":\"https:\\\/\\\/www.nikocoatings.com\\\/?s={search_term_string}\"},\"query-input\":{\"@type\":\"PropertyValueSpecification\",\"valueRequired\":true,\"valueName\":\"search_term_string\"}}],\"inLanguage\":\"nl-NL\"},{\"@type\":\"Organization\",\"@id\":\"https:\\\/\\\/www.nikocoatings.com\\\/#organization\",\"name\":\"Niko Coatings\",\"url\":\"https:\\\/\\\/www.nikocoatings.com\\\/\",\"logo\":{\"@type\":\"ImageObject\",\"inLanguage\":\"nl-NL\",\"@id\":\"https:\\\/\\\/www.nikocoatings.com\\\/#\\\/schema\\\/logo\\\/image\\\/\",\"url\":\"https:\\\/\\\/www.nikocoatings.com\\\/wp-content\\\/uploads\\\/2021\\\/08\\\/niko-coatings-logo-medium.png\",\"contentUrl\":\"https:\\\/\\\/www.nikocoatings.com\\\/wp-content\\\/uploads\\\/2021\\\/08\\\/niko-coatings-logo-medium.png\",\"width\":151,\"height\":92,\"caption\":\"Niko Coatings\"},\"image\":{\"@id\":\"https:\\\/\\\/www.nikocoatings.com\\\/#\\\/schema\\\/logo\\\/image\\\/\"},\"sameAs\":[\"https:\\\/\\\/www.linkedin.com\\\/company\\\/niko-coatings-limited\"]}]}<\/script>\n<!-- \/ Yoast SEO plugin. -->","yoast_head_json":{"title":"DENSBAK Massa Geladen Vinyl MLV - Niko Coatings","description":"Barium Geladen Vinyl wordt al meer dan 30 jaar door Niko geproduceerd en wordt geleverd onder onze handelsnaam DENSBAK VB. Niko Vinyl producten worden exclusief ontworpen en vervaardigd door Niko Coatings Ltd in onze fabriek in Bradford UK.","robots":{"index":"index","follow":"follow","max-snippet":"max-snippet:-1","max-image-preview":"max-image-preview:large","max-video-preview":"max-video-preview:-1"},"canonical":"https:\/\/www.nikocoatings.com\/nl\/producten-oplossingen\/densbak-massa-geladen-vinyl-mlv\/","og_locale":"nl_NL","og_type":"article","og_title":"DENSBAK Mass Loaded Vinyl MLV - Niko Coatings","og_description":"Barium Loaded Vinyl has been manufactured by Niko for over 30 years and is supplied under our trade name DENSBAK VB. Niko Vinyl products are exclusively designed and manufactured by Niko Coatings Ltd at our factory in Bradford UK.","og_url":"https:\/\/www.nikocoatings.com\/nl\/producten-oplossingen\/densbak-massa-geladen-vinyl-mlv\/","og_site_name":"Niko Coatings","article_modified_time":"2023-04-19T13:29:55+00:00","og_image":[{"url":"https:\/\/www.nikocoatings.com\/wp-content\/uploads\/2023\/04\/DEBSBAK-V5-10-GROUP-300x200.jpg","type":"","width":"","height":""}],"twitter_card":"summary_large_image","twitter_misc":{"Geschatte leestijd":"4 minuten"},"schema":{"@context":"https:\/\/schema.org","@graph":[{"@type":"WebPage","@id":"https:\/\/www.nikocoatings.com\/products-solutions\/densbak-mass-loaded-vinyl-mlv\/","url":"https:\/\/www.nikocoatings.com\/products-solutions\/densbak-mass-loaded-vinyl-mlv\/","name":"DENSBAK Massa Geladen Vinyl MLV - Niko Coatings","isPartOf":{"@id":"https:\/\/www.nikocoatings.com\/#website"},"primaryImageOfPage":{"@id":"https:\/\/www.nikocoatings.com\/products-solutions\/densbak-mass-loaded-vinyl-mlv\/#primaryimage"},"image":{"@id":"https:\/\/www.nikocoatings.com\/products-solutions\/densbak-mass-loaded-vinyl-mlv\/#primaryimage"},"thumbnailUrl":"https:\/\/www.nikocoatings.com\/wp-content\/uploads\/2023\/04\/DEBSBAK-V5-10-GROUP-300x200.jpg","datePublished":"2017-05-08T17:30:45+00:00","dateModified":"2023-04-19T13:29:55+00:00","description":"Barium Geladen Vinyl wordt al meer dan 30 jaar door Niko geproduceerd en wordt geleverd onder onze handelsnaam DENSBAK VB. Niko Vinyl producten worden exclusief ontworpen en vervaardigd door Niko Coatings Ltd in onze fabriek in Bradford UK.","breadcrumb":{"@id":"https:\/\/www.nikocoatings.com\/products-solutions\/densbak-mass-loaded-vinyl-mlv\/#breadcrumb"},"inLanguage":"nl-NL","potentialAction":[{"@type":"ReadAction","target":["https:\/\/www.nikocoatings.com\/products-solutions\/densbak-mass-loaded-vinyl-mlv\/"]}]},{"@type":"ImageObject","inLanguage":"nl-NL","@id":"https:\/\/www.nikocoatings.com\/products-solutions\/densbak-mass-loaded-vinyl-mlv\/#primaryimage","url":"https:\/\/www.nikocoatings.com\/wp-content\/uploads\/2023\/04\/DEBSBAK-V5-10-GROUP-300x200.jpg","contentUrl":"https:\/\/www.nikocoatings.com\/wp-content\/uploads\/2023\/04\/DEBSBAK-V5-10-GROUP-300x200.jpg"},{"@type":"BreadcrumbList","@id":"https:\/\/www.nikocoatings.com\/products-solutions\/densbak-mass-loaded-vinyl-mlv\/#breadcrumb","itemListElement":[{"@type":"ListItem","position":1,"name":"Home","item":"https:\/\/www.nikocoatings.com\/"},{"@type":"ListItem","position":2,"name":"Products &#038; Solutions","item":"https:\/\/www.nikocoatings.com\/products-solutions\/"},{"@type":"ListItem","position":3,"name":"DENSBAK Mass Loaded Vinyl MLV"}]},{"@type":"WebSite","@id":"https:\/\/www.nikocoatings.com\/#website","url":"https:\/\/www.nikocoatings.com\/","name":"Niko Coatings","description":"","publisher":{"@id":"https:\/\/www.nikocoatings.com\/#organization"},"potentialAction":[{"@type":"SearchAction","target":{"@type":"EntryPoint","urlTemplate":"https:\/\/www.nikocoatings.com\/?s={search_term_string}"},"query-input":{"@type":"PropertyValueSpecification","valueRequired":true,"valueName":"search_term_string"}}],"inLanguage":"nl-NL"},{"@type":"Organization","@id":"https:\/\/www.nikocoatings.com\/#organization","name":"Niko Coatings","url":"https:\/\/www.nikocoatings.com\/","logo":{"@type":"ImageObject","inLanguage":"nl-NL","@id":"https:\/\/www.nikocoatings.com\/#\/schema\/logo\/image\/","url":"https:\/\/www.nikocoatings.com\/wp-content\/uploads\/2021\/08\/niko-coatings-logo-medium.png","contentUrl":"https:\/\/www.nikocoatings.com\/wp-content\/uploads\/2021\/08\/niko-coatings-logo-medium.png","width":151,"height":92,"caption":"Niko Coatings"},"image":{"@id":"https:\/\/www.nikocoatings.com\/#\/schema\/logo\/image\/"},"sameAs":["https:\/\/www.linkedin.com\/company\/niko-coatings-limited"]}]}},"_links":{"self":[{"href":"https:\/\/www.nikocoatings.com\/nl\/wp-json\/wp\/v2\/pages\/12696","targetHints":{"allow":["GET"]}}],"collection":[{"href":"https:\/\/www.nikocoatings.com\/nl\/wp-json\/wp\/v2\/pages"}],"about":[{"href":"https:\/\/www.nikocoatings.com\/nl\/wp-json\/wp\/v2\/types\/page"}],"author":[{"embeddable":true,"href":"https:\/\/www.nikocoatings.com\/nl\/wp-json\/wp\/v2\/users\/1"}],"replies":[{"embeddable":true,"href":"https:\/\/www.nikocoatings.com\/nl\/wp-json\/wp\/v2\/comments?post=12696"}],"version-history":[{"count":0,"href":"https:\/\/www.nikocoatings.com\/nl\/wp-json\/wp\/v2\/pages\/12696\/revisions"}],"up":[{"embeddable":true,"href":"https:\/\/www.nikocoatings.com\/nl\/wp-json\/wp\/v2\/pages\/13334"}],"wp:attachment":[{"href":"https:\/\/www.nikocoatings.com\/nl\/wp-json\/wp\/v2\/media?parent=12696"}],"curies":[{"name":"wp","href":"https:\/\/api.w.org\/{rel}","templated":true}]}}